{"id":804,"date":"2024-10-14T00:47:17","date_gmt":"2024-10-14T03:47:17","guid":{"rendered":"https:\/\/daudt.com.br\/geb\/?page_id=804"},"modified":"2024-10-16T14:19:40","modified_gmt":"2024-10-16T17:19:40","slug":"zita-brecho","status":"publish","type":"page","link":"https:\/\/daudt.com.br\/geb\/zita-brecho\/","title":{"rendered":"Zita Brech\u00f3"},"content":{"rendered":"\t\t<div data-elementor-type=\"wp-page\" data-elementor-id=\"804\" class=\"elementor elementor-804\">\n\t\t\t\t\t\t<section class=\"elementor-section elementor-top-section elementor-element elementor-element-16110b9 elementor-section-boxed elementor-section-height-default elementor-section-height-default\" data-id=\"16110b9\" data-element_type=\"section\" data-e-type=\"section\">\n\t\t\t\t\t\t<div class=\"elementor-container elementor-column-gap-default\">\n\t\t\t\t\t<div class=\"elementor-column elementor-col-66 elementor-top-column elementor-element elementor-element-5fa341a\" data-id=\"5fa341a\" data-element_type=\"column\" data-e-type=\"column\">\n\t\t\t<div class=\"elementor-widget-wrap elementor-element-populated\">\n\t\t\t\t\t\t<div class=\"elementor-element elementor-element-6d6fd6a elementor-widget elementor-widget-text-editor\" data-id=\"6d6fd6a\" data-element_type=\"widget\" data-e-type=\"widget\" data-widget_type=\"text-editor.default\">\n\t\t\t\t<div class=\"elementor-widget-container\">\n\t\t\t\t\t\t\t\t\t<p>O Zita Brech\u00f3 est\u00e1 localizado na Rua Apinaj\u00e9s, 585, Perdizes.<\/p>\n<p><!-- \/wp:paragraph --><!-- wp:image {\"id\":997,\"width\":\"330px\",\"height\":\"auto\",\"sizeSlug\":\"large\",\"linkDestination\":\"none\",\"align\":\"right\"} --><!-- \/wp:image --><!-- wp:paragraph --><\/p>\n<p>O Zita Brech\u00f3 foi inaugurado em 2024, gra\u00e7as \u00e0 doa\u00e7\u00e3o do im\u00f3vel, onde est\u00e1 instalado, e \u00e0 reforma necess\u00e1ria para adaptar o espa\u00e7o \u2013 antes resid\u00eancia \u2013 em ambiente para venda de artigos diversos.<\/p>\n<p><!-- \/wp:paragraph --><!-- wp:paragraph --><\/p>\n<p>Toda a renda do Zita Brech\u00f3 \u00e9 revertida ao sustento das atividades assistenciais do Grupo Esp\u00edrita Batu\u00edra, em Vila Brasil\u00e2ndia. S\u00e3o roupas e cal\u00e7ados femininos, masculinos e infantis, brinquedos, al\u00e9m de objetos de decora\u00e7\u00e3o e utilidades para o lar. Os artigos comercializados v\u00eam da doa\u00e7\u00e3o dos frequentadores e simpatizantes do GEB.<\/p>\n<p><!-- \/wp:paragraph --><!-- wp:paragraph --><\/p>\n<p>Al\u00e9m de funcion\u00e1rios, conta com uma valorosa equipe de volunt\u00e1rios, que auxilia em todas as etapas do trabalho, desde a triagem dos itens \u00e0 divulga\u00e7\u00e3o das pe\u00e7as \u00e0 venda.<\/p>\n<p><!-- \/wp:paragraph --><!-- wp:paragraph --><\/p>\n<p>O Zita Brech\u00f3 \u00e9 muito importante na manuten\u00e7\u00e3o das atividades da Unidade Dona Aninha, em Vila Brasil\u00e2ndia, onde s\u00e3o atendidas centenas de pessoas com as mais diferentes necessidades, desde alimenta\u00e7\u00e3o, servi\u00e7os de sa\u00fade, cursos profissionalizantes e atividades em contraturno escolar para crian\u00e7as.<\/p>\t\t\t\t\t\t\t\t<\/div>\n\t\t\t\t<\/div>\n\t\t\t\t\t<\/div>\n\t\t<\/div>\n\t\t\t\t<div class=\"elementor-column elementor-col-33 elementor-top-column elementor-element elementor-element-23d1a52\" data-id=\"23d1a52\" data-element_type=\"column\" data-e-type=\"column\">\n\t\t\t<div class=\"elementor-widget-wrap elementor-element-populated\">\n\t\t\t\t\t\t<div class=\"elementor-element elementor-element-fabfe0d elementor-widget elementor-widget-image\" data-id=\"fabfe0d\" data-element_type=\"widget\" data-e-type=\"widget\" data-widget_type=\"image.default\">\n\t\t\t\t<div class=\"elementor-widget-container\">\n\t\t\t\t\t\t\t\t\t\t\t\t\t\t\t<img fetchpriority=\"high\" decoding=\"async\" width=\"640\" height=\"853\" src=\"https:\/\/daudt.com.br\/geb\/wp-content\/uploads\/2024\/10\/Fachada-Zita-Brecho-768x1024.jpeg\" class=\"attachment-large size-large wp-image-997\" alt=\"\" srcset=\"https:\/\/daudt.com.br\/geb\/wp-content\/uploads\/2024\/10\/Fachada-Zita-Brecho-768x1024.jpeg 768w, https:\/\/daudt.com.br\/geb\/wp-content\/uploads\/2024\/10\/Fachada-Zita-Brecho-225x300.jpeg 225w, https:\/\/daudt.com.br\/geb\/wp-content\/uploads\/2024\/10\/Fachada-Zita-Brecho.jpeg 960w\" sizes=\"(max-width: 640px) 100vw, 640px\" \/>\t\t\t\t\t\t\t\t\t\t\t\t\t\t\t<\/div>\n\t\t\t\t<\/div>\n\t\t\t\t\t<\/div>\n\t\t<\/div>\n\t\t\t\t\t<\/div>\n\t\t<\/section>\n\t\t\t\t<section class=\"elementor-section elementor-top-section elementor-element elementor-element-6549940 elementor-section-boxed elementor-section-height-default elementor-section-height-default\" data-id=\"6549940\" data-element_type=\"section\" data-e-type=\"section\">\n\t\t\t\t\t\t<div class=\"elementor-container elementor-column-gap-default\">\n\t\t\t\t\t<div class=\"elementor-column elementor-col-100 elementor-top-column elementor-element elementor-element-5ea8575\" data-id=\"5ea8575\" data-element_type=\"column\" data-e-type=\"column\">\n\t\t\t<div class=\"elementor-widget-wrap elementor-element-populated\">\n\t\t\t\t\t\t<div class=\"elementor-element elementor-element-7b401ff elementor-widget elementor-widget-heading\" data-id=\"7b401ff\" data-element_type=\"widget\" data-e-type=\"widget\" data-widget_type=\"heading.default\">\n\t\t\t\t<div class=\"elementor-widget-container\">\n\t\t\t\t\t<h3 class=\"elementor-heading-title elementor-size-default\">Corrente do Bem<\/h3>\t\t\t\t<\/div>\n\t\t\t\t<\/div>\n\t\t\t\t<div class=\"elementor-element elementor-element-1d52524 elementor-widget elementor-widget-text-editor\" data-id=\"1d52524\" data-element_type=\"widget\" data-e-type=\"widget\" data-widget_type=\"text-editor.default\">\n\t\t\t\t<div class=\"elementor-widget-container\">\n\t\t\t\t\t\t\t\t\t<p>O Zita Brech\u00f3 \u00e9 um dos elos que nos ligam aos assistidos de Vila Brasil\u00e2ndia. Voc\u00ea ajuda quando doa itens em bom estado, que n\u00e3o servem mais \u00e0 sua fam\u00edlia e \u00e0 sua casa, e quando compra aqui o que veio de outros doadores.<\/p>\n<p>Al\u00e9m disso, colabora com Com\u00e9rcio Sustent\u00e1vel, reutilizando o que foi de outras pessoas e reduzindo o uso de recursos naturais despendidos na confec\u00e7\u00e3o de roupas, cal\u00e7ados e objetos novos.<\/p>\n<p>\u00c9 o amor pelo pr\u00f3ximo e o respeito ao meio ambiente impactando a vida de quem doa, de quem compra e dos assistidos, que recebem os atendimentos do GEB gratuitamente.<\/p>\n<p>O brech\u00f3 tem uma p\u00e1gina no Instagram, sempre atualizada com as novas pe\u00e7as que chegam o tempo todo para a venda com excelentes pre\u00e7os.<\/p>\n<p>Siga:\u00a0<a href=\"https:\/\/www.instagram.com\/zitabrecho.geb\/\" target=\"_blank\" rel=\"noreferrer noopener\">@zitabrecho.geb<\/a><\/p>\n<p><strong>Funcionamento:<\/strong><\/p>\n<p>De 2\u00aa. a 6\u00aa. feira: Das 13h \u00e0s 21h<\/p>\t\t\t\t\t\t\t\t<\/div>\n\t\t\t\t<\/div>\n\t\t\t\t\t<\/div>\n\t\t<\/div>\n\t\t\t\t\t<\/div>\n\t\t<\/section>\n\t\t\t\t<\/div>\n\t\t","protected":false},"excerpt":{"rendered":"<p>O Zita Brech\u00f3 est\u00e1 localizado na Rua Apinaj\u00e9s, 585, Perdizes. O Zita Brech\u00f3 foi inaugurado em 2024, gra\u00e7as \u00e0 doa\u00e7\u00e3o do im\u00f3vel, onde est\u00e1 instalado, e \u00e0 reforma necess\u00e1ria para adaptar o espa\u00e7o \u2013 antes resid\u00eancia \u2013 em ambiente para venda de artigos diversos. Toda a renda do Zita Brech\u00f3 \u00e9 revertida ao sustento das [&hellip;]<\/p>\n","protected":false},"author":1,"featured_media":0,"parent":0,"menu_order":0,"comment_status":"closed","ping_status":"closed","template":"","meta":{"footnotes":""},"class_list":["post-804","page","type-page","status-publish","hentry"],"_links":{"self":[{"href":"https:\/\/daudt.com.br\/geb\/wp-json\/wp\/v2\/pages\/804","targetHints":{"allow":["GET"]}}],"collection":[{"href":"https:\/\/daudt.com.br\/geb\/wp-json\/wp\/v2\/pages"}],"about":[{"href":"https:\/\/daudt.com.br\/geb\/wp-json\/wp\/v2\/types\/page"}],"author":[{"embeddable":true,"href":"https:\/\/daudt.com.br\/geb\/wp-json\/wp\/v2\/users\/1"}],"replies":[{"embeddable":true,"href":"https:\/\/daudt.com.br\/geb\/wp-json\/wp\/v2\/comments?post=804"}],"version-history":[{"count":8,"href":"https:\/\/daudt.com.br\/geb\/wp-json\/wp\/v2\/pages\/804\/revisions"}],"predecessor-version":[{"id":1425,"href":"https:\/\/daudt.com.br\/geb\/wp-json\/wp\/v2\/pages\/804\/revisions\/1425"}],"wp:attachment":[{"href":"https:\/\/daudt.com.br\/geb\/wp-json\/wp\/v2\/media?parent=804"}],"curies":[{"name":"wp","href":"https:\/\/api.w.org\/{rel}","templated":true}]}}