{"id":789,"date":"2024-10-13T23:15:10","date_gmt":"2024-10-14T02:15:10","guid":{"rendered":"https:\/\/daudt.com.br\/geb\/?page_id=789"},"modified":"2024-10-16T03:19:54","modified_gmt":"2024-10-16T06:19:54","slug":"certidoes","status":"publish","type":"page","link":"https:\/\/daudt.com.br\/geb\/certidoes\/","title":{"rendered":"Certid\u00f5es"},"content":{"rendered":"\t\t<div data-elementor-type=\"wp-page\" data-elementor-id=\"789\" class=\"elementor elementor-789\">\n\t\t\t\t\t\t<section class=\"elementor-section elementor-top-section elementor-element elementor-element-366519a4 elementor-section-boxed elementor-section-height-default elementor-section-height-default\" data-id=\"366519a4\" data-element_type=\"section\" data-e-type=\"section\">\n\t\t\t\t\t\t<div class=\"elementor-container elementor-column-gap-default\">\n\t\t\t\t\t<div class=\"elementor-column elementor-col-100 elementor-top-column elementor-element elementor-element-429f5d61\" data-id=\"429f5d61\" data-element_type=\"column\" data-e-type=\"column\">\n\t\t\t<div class=\"elementor-widget-wrap elementor-element-populated\">\n\t\t\t\t\t\t<div class=\"elementor-element elementor-element-344dc892 elementor-widget elementor-widget-text-editor\" data-id=\"344dc892\" data-element_type=\"widget\" data-e-type=\"widget\" data-widget_type=\"text-editor.default\">\n\t\t\t\t<div class=\"elementor-widget-container\">\n\t\t\t\t\t\t\t\t\t\n<p>Declara\u00e7\u00e3o Utilidade P\u00fablica Federal: Decreto n\u00b0 90.564 de 27\/11\/1984 &#8211; D.O.U. de 28\/11\/1984.<\/p>\n\n\n\n<p>Declara\u00e7\u00e3o Utilidade P\u00fablica Estadual: Decreto de 14\/11\/1969 &#8211; D.O.E. de 15\/11\/1969.<\/p>\n\n\n\n<p>Declara\u00e7\u00e3o Utilidade P\u00fablica Municipal: Decreto n\u00b0 8.765 de 30\/04\/1970 &#8211; D.O.M. de 1\u00b0\/05\/1970.<\/p>\n\n\n\n<p>Matriz: Rua Caiubi, 1306 \u2013 Perdizes &#8211; S\u00e3o Paulo\/SP, registrada no CNPJ sob o n 61.989.000\/0001-50.<\/p>\n\n\n\n<p>CNAS &#8211; Registro no Conselho Nacional de Assist\u00eancia Social &#8211; CNAS pela Resolu\u00e7\u00e3o n\u00b0 3 de 23\/01\/2009.<\/p>\n\n\n\n<p>CEBAS &#8211; Certifica\u00e7\u00e3o de Entidades Beneficentes de Assist\u00eancia Social.<\/p>\n\n\n\n<p>CNEAS &#8211; Cadastro Nacional de Entidades de Assist\u00eancia Social.<\/p>\n\n\n\n<p>Cadastro Pr\u00f3 Social na Secretaria Estadual de Assist\u00eancia e Desenvolvimento Social sob o n\u00b0 1.667\/1.967.<\/p>\n\n\n\n<p>COMAS-SP &#8211; Conselho Municipal de Assist\u00eancia Social &#8211; COMAS-SP sob o n\u00b0 691\/2023.<\/p>\n\n\n\n<p>SMADS &#8211; Certificado de Matr\u00edcula de Organiza\u00e7\u00e3o Social \u2013 SMADS &#8211; sob o n\u00b0 14.416, de 31\/08\/2012.<\/p>\n\n\n\n<p>CMDCA &#8211; Registrado no Conselho Municipal dos Direitos da Crian\u00e7a e do Adolescente &#8211; CMDCA sob o n\u00b0 358.<\/p>\n\n\n\n<p>CENTS &#8211; Cadastrado no Sistema de Cadastro Municipal \u00danico das Entidades Parceiras do Terceiro Setor.<\/p>\n\n\n\n<p>CRCE &#8211; Certificado de Regularidade Cadastral de Entidades.<\/p>\n\n\n\n<p>Cadastrado no Cadastro Estadual de Entidades \u2013 Matriz n\u00ba: 1101\/2014, CEI Batu\u00edra n\u00ba: 0100\/2015, Lar Transit\u00f3rio Batu\u00edra n\u00ba: 0598\/2015.<\/p>\n\n\n\n<p>Conveniado com a Prefeitura Municipal de S. Paulo desde 1985 com o CEI Batu\u00edra.<\/p>\n\n\n\n<p>Conveniado com a Prefeitura Municipal de S. Paulo desde 2002 com o Lar Transit\u00f3rio Batu\u00edra.<\/p>\n\n\n\n<p><\/p>\n\t\t\t\t\t\t\t\t<\/div>\n\t\t\t\t<\/div>\n\t\t\t\t\t<\/div>\n\t\t<\/div>\n\t\t\t\t\t<\/div>\n\t\t<\/section>\n\t\t\t\t<\/div>\n\t\t","protected":false},"excerpt":{"rendered":"<p>Declara\u00e7\u00e3o Utilidade P\u00fablica Federal: Decreto n\u00b0 90.564 de 27\/11\/1984 &#8211; D.O.U. de 28\/11\/1984. Declara\u00e7\u00e3o Utilidade P\u00fablica Estadual: Decreto de 14\/11\/1969 &#8211; D.O.E. de 15\/11\/1969. Declara\u00e7\u00e3o Utilidade P\u00fablica Municipal: Decreto n\u00b0 8.765 de 30\/04\/1970 &#8211; D.O.M. de 1\u00b0\/05\/1970. Matriz: Rua Caiubi, 1306 \u2013 Perdizes &#8211; S\u00e3o Paulo\/SP, registrada no CNPJ sob o n 61.989.000\/0001-50. CNAS &#8211; [&hellip;]<\/p>\n","protected":false},"author":1,"featured_media":0,"parent":0,"menu_order":0,"comment_status":"closed","ping_status":"closed","template":"","meta":{"footnotes":""},"class_list":["post-789","page","type-page","status-publish","hentry"],"_links":{"self":[{"href":"https:\/\/daudt.com.br\/geb\/wp-json\/wp\/v2\/pages\/789","targetHints":{"allow":["GET"]}}],"collection":[{"href":"https:\/\/daudt.com.br\/geb\/wp-json\/wp\/v2\/pages"}],"about":[{"href":"https:\/\/daudt.com.br\/geb\/wp-json\/wp\/v2\/types\/page"}],"author":[{"embeddable":true,"href":"https:\/\/daudt.com.br\/geb\/wp-json\/wp\/v2\/users\/1"}],"replies":[{"embeddable":true,"href":"https:\/\/daudt.com.br\/geb\/wp-json\/wp\/v2\/comments?post=789"}],"version-history":[{"count":4,"href":"https:\/\/daudt.com.br\/geb\/wp-json\/wp\/v2\/pages\/789\/revisions"}],"predecessor-version":[{"id":1294,"href":"https:\/\/daudt.com.br\/geb\/wp-json\/wp\/v2\/pages\/789\/revisions\/1294"}],"wp:attachment":[{"href":"https:\/\/daudt.com.br\/geb\/wp-json\/wp\/v2\/media?parent=789"}],"curies":[{"name":"wp","href":"https:\/\/api.w.org\/{rel}","templated":true}]}}