{"id":683,"date":"2024-06-18T19:38:14","date_gmt":"2024-06-18T22:38:14","guid":{"rendered":"https:\/\/daudt.com.br\/geb\/?page_id=683"},"modified":"2024-10-16T16:08:25","modified_gmt":"2024-10-16T19:08:25","slug":"unidades","status":"publish","type":"page","link":"https:\/\/daudt.com.br\/geb\/unidades\/","title":{"rendered":"Unidades"},"content":{"rendered":"\t\t<div data-elementor-type=\"wp-page\" data-elementor-id=\"683\" class=\"elementor elementor-683\">\n\t\t\t\t\t\t<section class=\"elementor-section elementor-top-section elementor-element elementor-element-52031c28 elementor-section-boxed elementor-section-height-default elementor-section-height-default\" data-id=\"52031c28\" data-element_type=\"section\" data-e-type=\"section\">\n\t\t\t\t\t\t<div class=\"elementor-container elementor-column-gap-default\">\n\t\t\t\t\t<div class=\"elementor-column elementor-col-100 elementor-top-column elementor-element elementor-element-10ce47d8\" data-id=\"10ce47d8\" data-element_type=\"column\" data-e-type=\"column\">\n\t\t\t<div class=\"elementor-widget-wrap elementor-element-populated\">\n\t\t\t\t\t\t<div class=\"elementor-element elementor-element-190d6968 elementor-widget elementor-widget-text-editor\" data-id=\"190d6968\" data-element_type=\"widget\" data-e-type=\"widget\" data-widget_type=\"text-editor.default\">\n\t\t\t\t<div class=\"elementor-widget-container\">\n\t\t\t\t\t\t\t\t\t\n<p><strong>Conhe\u00e7a as unidades do GEB:<\/strong><\/p>\n\n\n\n<p><a href=\"https:\/\/daudt.com.br\/geb\/unidade-doutrinaria-spartaco\/\" data-type=\"page\" data-id=\"601\">CAIUBI &#8211; Unidade Doutrin\u00e1ria Spartaco<\/a><\/p>\n\n\n\n<p><a href=\"https:\/\/daudt.com.br\/geb\/centro-de-educacao-infantil\/\" data-type=\"page\" data-id=\"609\">Centro de Educa\u00e7\u00e3o Infantil<\/a><\/p>\n\n\n\n<p><a href=\"https:\/\/daudt.com.br\/geb\/espaco-apinages\/\" data-type=\"page\" data-id=\"605\">Espa\u00e7o Apinag\u00e9s<\/a><\/p>\n\n\n\n<p><a href=\"https:\/\/daudt.com.br\/geb\/lar-transitorio\/\" data-type=\"page\" data-id=\"607\">Lar Transit\u00f3rio<\/a><\/p>\n\n\n\n<p><a href=\"https:\/\/daudt.com.br\/geb\/unidade-assistencial-dona-aninha\/\" data-type=\"page\" data-id=\"603\">Unidade Dona Aninha<\/a><\/p>\n\n\n\n<p><a href=\"https:\/\/daudt.com.br\/geb\/zita-brecho\/\" data-type=\"page\" data-id=\"804\">Zita Brech\u00f3<\/a><\/p>\n\n\n\n<p><\/p>\n\t\t\t\t\t\t\t\t<\/div>\n\t\t\t\t<\/div>\n\t\t\t\t\t<\/div>\n\t\t<\/div>\n\t\t\t\t\t<\/div>\n\t\t<\/section>\n\t\t\t\t<\/div>\n\t\t","protected":false},"excerpt":{"rendered":"<p>Conhe\u00e7a as unidades do GEB: CAIUBI &#8211; Unidade Doutrin\u00e1ria Spartaco Centro de Educa\u00e7\u00e3o Infantil Espa\u00e7o Apinag\u00e9s Lar Transit\u00f3rio Unidade Dona Aninha Zita Brech\u00f3<\/p>\n","protected":false},"author":1,"featured_media":0,"parent":0,"menu_order":0,"comment_status":"closed","ping_status":"closed","template":"","meta":{"footnotes":""},"class_list":["post-683","page","type-page","status-publish","hentry"],"_links":{"self":[{"href":"https:\/\/daudt.com.br\/geb\/wp-json\/wp\/v2\/pages\/683","targetHints":{"allow":["GET"]}}],"collection":[{"href":"https:\/\/daudt.com.br\/geb\/wp-json\/wp\/v2\/pages"}],"about":[{"href":"https:\/\/daudt.com.br\/geb\/wp-json\/wp\/v2\/types\/page"}],"author":[{"embeddable":true,"href":"https:\/\/daudt.com.br\/geb\/wp-json\/wp\/v2\/users\/1"}],"replies":[{"embeddable":true,"href":"https:\/\/daudt.com.br\/geb\/wp-json\/wp\/v2\/comments?post=683"}],"version-history":[{"count":6,"href":"https:\/\/daudt.com.br\/geb\/wp-json\/wp\/v2\/pages\/683\/revisions"}],"predecessor-version":[{"id":1419,"href":"https:\/\/daudt.com.br\/geb\/wp-json\/wp\/v2\/pages\/683\/revisions\/1419"}],"wp:attachment":[{"href":"https:\/\/daudt.com.br\/geb\/wp-json\/wp\/v2\/media?parent=683"}],"curies":[{"name":"wp","href":"https:\/\/api.w.org\/{rel}","templated":true}]}}