{"id":665,"date":"2024-06-18T19:22:54","date_gmt":"2024-06-18T22:22:54","guid":{"rendered":"https:\/\/daudt.com.br\/geb\/?page_id=665"},"modified":"2024-10-16T17:20:20","modified_gmt":"2024-10-16T20:20:20","slug":"convenios-e-resultados","status":"publish","type":"page","link":"https:\/\/daudt.com.br\/geb\/convenios-e-resultados\/","title":{"rendered":"Conv\u00eanios e resultados"},"content":{"rendered":"\t\t<div data-elementor-type=\"wp-page\" data-elementor-id=\"665\" class=\"elementor elementor-665\">\n\t\t\t\t\t\t<section class=\"elementor-section elementor-top-section elementor-element elementor-element-4b7f0dd5 elementor-section-boxed elementor-section-height-default elementor-section-height-default\" data-id=\"4b7f0dd5\" data-element_type=\"section\" data-e-type=\"section\">\n\t\t\t\t\t\t<div class=\"elementor-container elementor-column-gap-default\">\n\t\t\t\t\t<div class=\"elementor-column elementor-col-100 elementor-top-column elementor-element elementor-element-758b64f6\" data-id=\"758b64f6\" data-element_type=\"column\" data-e-type=\"column\">\n\t\t\t<div class=\"elementor-widget-wrap elementor-element-populated\">\n\t\t\t\t\t\t<div class=\"elementor-element elementor-element-6cf2f558 elementor-widget elementor-widget-text-editor\" data-id=\"6cf2f558\" data-element_type=\"widget\" data-e-type=\"widget\" data-widget_type=\"text-editor.default\">\n\t\t\t\t<div class=\"elementor-widget-container\">\n\t\t\t\t\t\t\t\t\t\n<p><a href=\"https:\/\/daudt.com.br\/geb\/wp-content\/uploads\/2024\/10\/GEG_CEI_Bauira_Balanco_2015_-Convenio-Despesas-X-Recebimentos-31.05.15.pdf\">BALAN\u00c7O CONV\u00caNIO COM PMSP &#8211; CENTRO DE EDUCA\u00c7\u00c3O INFANTIL BATU\u00cdRA &#8211; 2015<\/a><br \/>Arquivo com o informa\u00e7\u00f5es do conv\u00eanio do CEI Batu\u00edra de 2015 com recebimentos e despesas.<\/p>\n\n<p><a href=\"https:\/\/daudt.com.br\/geb\/wp-content\/uploads\/2024\/10\/GEB_LarTransitorio_Batuira_Convenio_2015.pdf\">BALAN\u00c7O CONV\u00caNIO COM PMSP &#8211; UNIDADE CASA DE CUIDADOS LAR TRANSIT\u00d3RIO &#8211; 2015<\/a><br \/>Arquivo com informa\u00e7\u00f5es do conv\u00eanio do Lar Transit\u00f3rio Batu\u00edra com a Prefeitura Municipal de S\u00e3o Paulo &#8211; 2015, com recebimentos e despesas.<\/p>\n\t\t\t\t\t\t\t\t<\/div>\n\t\t\t\t<\/div>\n\t\t\t\t\t<\/div>\n\t\t<\/div>\n\t\t\t\t\t<\/div>\n\t\t<\/section>\n\t\t\t\t<\/div>\n\t\t","protected":false},"excerpt":{"rendered":"<p>BALAN\u00c7O CONV\u00caNIO COM PMSP &#8211; CENTRO DE EDUCA\u00c7\u00c3O INFANTIL BATU\u00cdRA &#8211; 2015Arquivo com o informa\u00e7\u00f5es do conv\u00eanio do CEI Batu\u00edra de 2015 com recebimentos e despesas. BALAN\u00c7O CONV\u00caNIO COM PMSP &#8211; UNIDADE CASA DE CUIDADOS LAR TRANSIT\u00d3RIO &#8211; 2015Arquivo com informa\u00e7\u00f5es do conv\u00eanio do Lar Transit\u00f3rio Batu\u00edra com a Prefeitura Municipal de S\u00e3o Paulo &#8211; [&hellip;]<\/p>\n","protected":false},"author":1,"featured_media":0,"parent":0,"menu_order":0,"comment_status":"closed","ping_status":"closed","template":"","meta":{"footnotes":""},"class_list":["post-665","page","type-page","status-publish","hentry"],"_links":{"self":[{"href":"https:\/\/daudt.com.br\/geb\/wp-json\/wp\/v2\/pages\/665","targetHints":{"allow":["GET"]}}],"collection":[{"href":"https:\/\/daudt.com.br\/geb\/wp-json\/wp\/v2\/pages"}],"about":[{"href":"https:\/\/daudt.com.br\/geb\/wp-json\/wp\/v2\/types\/page"}],"author":[{"embeddable":true,"href":"https:\/\/daudt.com.br\/geb\/wp-json\/wp\/v2\/users\/1"}],"replies":[{"embeddable":true,"href":"https:\/\/daudt.com.br\/geb\/wp-json\/wp\/v2\/comments?post=665"}],"version-history":[{"count":10,"href":"https:\/\/daudt.com.br\/geb\/wp-json\/wp\/v2\/pages\/665\/revisions"}],"predecessor-version":[{"id":1560,"href":"https:\/\/daudt.com.br\/geb\/wp-json\/wp\/v2\/pages\/665\/revisions\/1560"}],"wp:attachment":[{"href":"https:\/\/daudt.com.br\/geb\/wp-json\/wp\/v2\/media?parent=665"}],"curies":[{"name":"wp","href":"https:\/\/api.w.org\/{rel}","templated":true}]}}