{"id":637,"date":"2024-06-18T19:01:51","date_gmt":"2024-06-18T22:01:51","guid":{"rendered":"https:\/\/daudt.com.br\/geb\/?page_id=637"},"modified":"2024-10-16T21:31:15","modified_gmt":"2024-10-17T00:31:15","slug":"fale-conosco","status":"publish","type":"page","link":"https:\/\/daudt.com.br\/geb\/fale-conosco\/","title":{"rendered":"Fale conosco"},"content":{"rendered":"\t\t<div data-elementor-type=\"wp-page\" data-elementor-id=\"637\" class=\"elementor elementor-637\">\n\t\t\t\t<div class=\"elementor-element elementor-element-b88b128 e-flex e-con-boxed e-con e-parent\" data-id=\"b88b128\" data-element_type=\"container\" data-e-type=\"container\">\n\t\t\t\t\t<div class=\"e-con-inner\">\n\t\t\t\t<div class=\"elementor-element elementor-element-103d74f elementor-widget elementor-widget-wpforms\" data-id=\"103d74f\" data-element_type=\"widget\" data-e-type=\"widget\" data-widget_type=\"wpforms.default\">\n\t\t\t\t<div class=\"elementor-widget-container\">\n\t\t\t\t\t<div class=\"wpforms-container wpforms-container-full wpforms-render-modern\" id=\"wpforms-843\"><form id=\"wpforms-form-843\" class=\"wpforms-validate wpforms-form wpforms-ajax-form\" data-formid=\"843\" method=\"post\" enctype=\"multipart\/form-data\" action=\"\/geb\/wp-json\/wp\/v2\/pages\/637\" data-token=\"6af4fc232e3d94edecb01e28f0dc86f9\" data-token-time=\"1775661991\"><noscript class=\"wpforms-error-noscript\">Ative o JavaScript no seu navegador para preencher este formul\u00e1rio.<\/noscript><div id=\"wpforms-error-noscript\" style=\"display: none;\">Ative o JavaScript no seu navegador para preencher este formul\u00e1rio.<\/div><div class=\"wpforms-field-container\">\t\t<div id=\"wpforms-843-field_1-container\"\n\t\t\tclass=\"wpforms-field wpforms-field-text\"\n\t\t\tdata-field-type=\"text\"\n\t\t\tdata-field-id=\"1\"\n\t\t\t>\n\t\t\t<label class=\"wpforms-field-label\" for=\"wpforms-843-field_1\" >Nome Mensagem E-mail<\/label>\n\t\t\t<input type=\"text\" id=\"wpforms-843-field_1\" class=\"wpforms-field-medium\" name=\"wpforms[fields][1]\" >\n\t\t<\/div>\n\t\t<div id=\"wpforms-843-field_5-container\" class=\"wpforms-field wpforms-field-text\" data-field-id=\"5\"><label class=\"wpforms-field-label\" for=\"wpforms-843-field_5\">Nome <span class=\"wpforms-required-label\" aria-hidden=\"true\">*<\/span><\/label><input type=\"text\" id=\"wpforms-843-field_5\" class=\"wpforms-field-medium wpforms-field-required\" name=\"wpforms[fields][5]\" aria-errormessage=\"wpforms-843-field_5-error\" aria-describedby=\"wpforms-843-field_5-description\" required><div id=\"wpforms-843-field_5-description\" class=\"wpforms-field-description\">Informe o seu nome completo.<\/div><\/div><div id=\"wpforms-843-field_2-container\" class=\"wpforms-field wpforms-field-email\" data-field-id=\"2\"><label class=\"wpforms-field-label\" for=\"wpforms-843-field_2\">E-mail <span class=\"wpforms-required-label\" aria-hidden=\"true\">*<\/span><\/label><input type=\"email\" id=\"wpforms-843-field_2\" class=\"wpforms-field-medium wpforms-field-required\" name=\"wpforms[fields][2]\" spellcheck=\"false\" aria-errormessage=\"wpforms-843-field_2-error\" aria-describedby=\"wpforms-843-field_2-description\" required><div id=\"wpforms-843-field_2-description\" class=\"wpforms-field-description\">Informe o seu endere\u00e7o de e-mail.<\/div><\/div><div id=\"wpforms-843-field_4-container\" class=\"wpforms-field wpforms-field-text\" data-field-id=\"4\"><label class=\"wpforms-field-label\" for=\"wpforms-843-field_4\">Assunto <span class=\"wpforms-required-label\" aria-hidden=\"true\">*<\/span><\/label><input type=\"text\" id=\"wpforms-843-field_4\" class=\"wpforms-field-medium wpforms-field-required\" name=\"wpforms[fields][4]\" aria-errormessage=\"wpforms-843-field_4-error\" aria-describedby=\"wpforms-843-field_4-description\" required><div id=\"wpforms-843-field_4-description\" class=\"wpforms-field-description\">Informe o assunto do contato.<\/div><\/div><div id=\"wpforms-843-field_3-container\" class=\"wpforms-field wpforms-field-textarea\" data-field-id=\"3\"><label class=\"wpforms-field-label\" for=\"wpforms-843-field_3\">Coment\u00e1rio ou Mensagem <span class=\"wpforms-required-label\" aria-hidden=\"true\">*<\/span><\/label><textarea id=\"wpforms-843-field_3\" class=\"wpforms-field-medium wpforms-field-required\" name=\"wpforms[fields][3]\" aria-errormessage=\"wpforms-843-field_3-error\" aria-describedby=\"wpforms-843-field_3-description\" required><\/textarea><div id=\"wpforms-843-field_3-description\" class=\"wpforms-field-description\">Digite seu coment\u00e1rio ou mensagem.<\/div><\/div><script>\n\t\t\t\t( function() {\n\t\t\t\t\tconst style = document.createElement( 'style' );\n\t\t\t\t\tstyle.appendChild( document.createTextNode( '#wpforms-843-field_1-container { position: absolute !important; overflow: hidden !important; display: inline !important; height: 1px !important; width: 1px !important; z-index: -1000 !important; padding: 0 !important; } #wpforms-843-field_1-container input { visibility: hidden; } #wpforms-conversational-form-page #wpforms-843-field_1-container label { counter-increment: none; }' ) );\n\t\t\t\t\tdocument.head.appendChild( style );\n\t\t\t\t\tdocument.currentScript?.remove();\n\t\t\t\t} )();\n\t\t\t<\/script><\/div><!-- .wpforms-field-container --><div class=\"wpforms-submit-container\" ><input type=\"hidden\" name=\"wpforms[id]\" value=\"843\"><input type=\"hidden\" name=\"page_title\" value=\"\"><input type=\"hidden\" name=\"page_url\" value=\"https:\/\/daudt.com.br\/geb\/wp-json\/wp\/v2\/pages\/637\"><input type=\"hidden\" name=\"url_referer\" value=\"\"><button type=\"submit\" name=\"wpforms[submit]\" id=\"wpforms-submit-843\" class=\"wpforms-submit\" data-alt-text=\"Enviando\u2026\" data-submit-text=\"Enviar\" aria-live=\"assertive\" value=\"wpforms-submit\">Enviar<\/button><img decoding=\"async\" src=\"https:\/\/daudt.com.br\/geb\/wp-content\/plugins\/wpforms-lite\/assets\/images\/submit-spin.svg\" class=\"wpforms-submit-spinner\" style=\"display: none;\" width=\"26\" height=\"26\" alt=\"Carregando\"><\/div><\/form><\/div>  <!-- .wpforms-container -->\t\t\t\t<\/div>\n\t\t\t\t<\/div>\n\t\t\t\t<div class=\"elementor-element elementor-element-f10f1ab elementor-widget elementor-widget-heading\" data-id=\"f10f1ab\" data-element_type=\"widget\" data-e-type=\"widget\" data-widget_type=\"heading.default\">\n\t\t\t\t<div class=\"elementor-widget-container\">\n\t\t\t\t\t<h3 class=\"elementor-heading-title elementor-size-default\">Unidades do GEB - GRUPO ESP\u00cdRITA BATU\u00cdRA<\/h3>\t\t\t\t<\/div>\n\t\t\t\t<\/div>\n\t\t\t\t<div class=\"elementor-element elementor-element-1c7599f elementor-widget elementor-widget-text-editor\" data-id=\"1c7599f\" data-element_type=\"widget\" data-e-type=\"widget\" data-widget_type=\"text-editor.default\">\n\t\t\t\t<div class=\"elementor-widget-container\">\n\t\t\t\t\t\t\t\t\t<p><em>(as nomenclaturas abaixo referem-se ao Nome Fantasia conforme cart\u00e3o do CNPJ)<\/em><\/p>\t\t\t\t\t\t\t\t<\/div>\n\t\t\t\t<\/div>\n\t\t\t\t<div class=\"elementor-element elementor-element-3cd9287 elementor-widget elementor-widget-heading\" data-id=\"3cd9287\" data-element_type=\"widget\" data-e-type=\"widget\" data-widget_type=\"heading.default\">\n\t\t\t\t<div class=\"elementor-widget-container\">\n\t\t\t\t\t<h3 class=\"elementor-heading-title elementor-size-default\">Matriz<\/h3>\t\t\t\t<\/div>\n\t\t\t\t<\/div>\n\t\t\t\t<div class=\"elementor-element elementor-element-3e5595a elementor-widget elementor-widget-heading\" data-id=\"3e5595a\" data-element_type=\"widget\" data-e-type=\"widget\" data-widget_type=\"heading.default\">\n\t\t\t\t<div class=\"elementor-widget-container\">\n\t\t\t\t\t<h4 class=\"elementor-heading-title elementor-size-default\">Unidade Doutrin\u00e1ria Spartaco Ghilardi<\/h4>\t\t\t\t<\/div>\n\t\t\t\t<\/div>\n\t\t\t\t<div class=\"elementor-element elementor-element-15b3186 elementor-widget elementor-widget-text-editor\" data-id=\"15b3186\" data-element_type=\"widget\" data-e-type=\"widget\" data-widget_type=\"text-editor.default\">\n\t\t\t\t<div class=\"elementor-widget-container\">\n\t\t\t\t\t\t\t\t\t<p>Rua Caiubi, 1306 &#8211; Perdizes &#8211; S\u00e3o Paulo \/ SP &#8211; CEP 05010-000<br \/>Telefone: (11) 3868-1436 (dias de semana, das 14 \u00e0s 19 horas)<br \/>CNPJ: 61.989.000\/0001-50<br \/>C.C.M. 1.196.939-3<br \/>Inscri\u00e7\u00e3o Estadual: isento<\/p>\t\t\t\t\t\t\t\t<\/div>\n\t\t\t\t<\/div>\n\t\t\t\t<div class=\"elementor-element elementor-element-0fd6799 elementor-widget elementor-widget-heading\" data-id=\"0fd6799\" data-element_type=\"widget\" data-e-type=\"widget\" data-widget_type=\"heading.default\">\n\t\t\t\t<div class=\"elementor-widget-container\">\n\t\t\t\t\t<h3 class=\"elementor-heading-title elementor-size-default\">Filial 02<\/h3>\t\t\t\t<\/div>\n\t\t\t\t<\/div>\n\t\t\t\t<div class=\"elementor-element elementor-element-e56e919 elementor-widget elementor-widget-heading\" data-id=\"e56e919\" data-element_type=\"widget\" data-e-type=\"widget\" data-widget_type=\"heading.default\">\n\t\t\t\t<div class=\"elementor-widget-container\">\n\t\t\t\t\t<h4 class=\"elementor-heading-title elementor-size-default\">Centro de Educa\u00e7\u00e3o Infantil Batu\u00edra<\/h4>\t\t\t\t<\/div>\n\t\t\t\t<\/div>\n\t\t\t\t<div class=\"elementor-element elementor-element-ce79867 elementor-widget elementor-widget-text-editor\" data-id=\"ce79867\" data-element_type=\"widget\" data-e-type=\"widget\" data-widget_type=\"text-editor.default\">\n\t\t\t\t<div class=\"elementor-widget-container\">\n\t\t\t\t\t\t\t\t\t<p>Rua Jorge Pires Ramalho, 70 &#8211; Vila Brasil\u00e2ndia &#8211; S\u00e3o Paulo \/ SP &#8211; CEP 02846-190<br \/>Telefone: (11) 3924-4933<br \/>CNPJ: 61.989.000\/0002-31<br \/>C.C.M. 8.275.435-7<br \/>Inscri\u00e7\u00e3o Estadual: isento<\/p>\t\t\t\t\t\t\t\t<\/div>\n\t\t\t\t<\/div>\n\t\t\t\t<div class=\"elementor-element elementor-element-8734c1f elementor-widget elementor-widget-heading\" data-id=\"8734c1f\" data-element_type=\"widget\" data-e-type=\"widget\" data-widget_type=\"heading.default\">\n\t\t\t\t<div class=\"elementor-widget-container\">\n\t\t\t\t\t<h3 class=\"elementor-heading-title elementor-size-default\">Filial 03<\/h3>\t\t\t\t<\/div>\n\t\t\t\t<\/div>\n\t\t\t\t<div class=\"elementor-element elementor-element-555c9af elementor-widget elementor-widget-heading\" data-id=\"555c9af\" data-element_type=\"widget\" data-e-type=\"widget\" data-widget_type=\"heading.default\">\n\t\t\t\t<div class=\"elementor-widget-container\">\n\t\t\t\t\t<h4 class=\"elementor-heading-title elementor-size-default\">Espa\u00e7o Apinag\u00e9s<\/h4>\t\t\t\t<\/div>\n\t\t\t\t<\/div>\n\t\t\t\t<div class=\"elementor-element elementor-element-cdf5eca elementor-widget elementor-widget-text-editor\" data-id=\"cdf5eca\" data-element_type=\"widget\" data-e-type=\"widget\" data-widget_type=\"text-editor.default\">\n\t\t\t\t<div class=\"elementor-widget-container\">\n\t\t\t\t\t\t\t\t\t<p>Rua Apinaj\u00e9s, 591 &#8211; Perdizes &#8211; S\u00e3o Paulo \/ SP &#8211; CEP 05017-000<br \/>Telefone: (11) 3672-2918<br \/>CNPJ: 61.989.000\/0003-12<br \/>C.C.M. 3.189.575-1<br \/>Inscri\u00e7\u00e3o Estadual: isento<\/p>\t\t\t\t\t\t\t\t<\/div>\n\t\t\t\t<\/div>\n\t\t\t\t<div class=\"elementor-element elementor-element-20358b6 elementor-widget elementor-widget-heading\" data-id=\"20358b6\" data-element_type=\"widget\" data-e-type=\"widget\" data-widget_type=\"heading.default\">\n\t\t\t\t<div class=\"elementor-widget-container\">\n\t\t\t\t\t<h3 class=\"elementor-heading-title elementor-size-default\">Filial 04<\/h3>\t\t\t\t<\/div>\n\t\t\t\t<\/div>\n\t\t\t\t<div class=\"elementor-element elementor-element-1475af1 elementor-widget elementor-widget-heading\" data-id=\"1475af1\" data-element_type=\"widget\" data-e-type=\"widget\" data-widget_type=\"heading.default\">\n\t\t\t\t<div class=\"elementor-widget-container\">\n\t\t\t\t\t<h4 class=\"elementor-heading-title elementor-size-default\">Casa de Cuidados Lar Transit\u00f3rio Batu\u00edra<\/h4>\t\t\t\t<\/div>\n\t\t\t\t<\/div>\n\t\t\t\t<div class=\"elementor-element elementor-element-f0b5ae5 elementor-widget elementor-widget-text-editor\" data-id=\"f0b5ae5\" data-element_type=\"widget\" data-e-type=\"widget\" data-widget_type=\"text-editor.default\">\n\t\t\t\t<div class=\"elementor-widget-container\">\n\t\t\t\t\t\t\t\t\t<p>Rua Maria Jos\u00e9, 311\/313 &#8211; Bela Vista &#8211; S\u00e3o Paulo \/ SP &#8211; CEP 01324-010<br \/>Telefone: (11) 3242-1854<br \/>CNPJ: 61.989.000\/0004-01<br \/>C.C.M. 3.189.562-0<br \/>Inscri\u00e7\u00e3o Estadual: isento<\/p>\t\t\t\t\t\t\t\t<\/div>\n\t\t\t\t<\/div>\n\t\t\t\t<div class=\"elementor-element elementor-element-9bdc64e elementor-widget elementor-widget-heading\" data-id=\"9bdc64e\" data-element_type=\"widget\" data-e-type=\"widget\" data-widget_type=\"heading.default\">\n\t\t\t\t<div class=\"elementor-widget-container\">\n\t\t\t\t\t<h3 class=\"elementor-heading-title elementor-size-default\">Filial 05<\/h3>\t\t\t\t<\/div>\n\t\t\t\t<\/div>\n\t\t\t\t<div class=\"elementor-element elementor-element-74d7d72 elementor-widget elementor-widget-heading\" data-id=\"74d7d72\" data-element_type=\"widget\" data-e-type=\"widget\" data-widget_type=\"heading.default\">\n\t\t\t\t<div class=\"elementor-widget-container\">\n\t\t\t\t\t<h4 class=\"elementor-heading-title elementor-size-default\">Unidade Assistencial Dona Aninha<\/h4>\t\t\t\t<\/div>\n\t\t\t\t<\/div>\n\t\t\t\t<div class=\"elementor-element elementor-element-1e9cf33 elementor-widget elementor-widget-text-editor\" data-id=\"1e9cf33\" data-element_type=\"widget\" data-e-type=\"widget\" data-widget_type=\"text-editor.default\">\n\t\t\t\t<div class=\"elementor-widget-container\">\n\t\t\t\t\t\t\t\t\t<p>Rua Jorge Pires Ramalho, 34 &#8211; Vila Brasil\u00e2ndia &#8211; S\u00e3o Paulo \/ SP &#8211; CEP 02846-190<br \/>Telefone: (11) 3921-2245<br \/>CNPJ: 61.989.000\/0005-84<br \/>C.C.M. 4.642.791-0<br \/>Inscri\u00e7\u00e3o Estadual: isento<\/p>\t\t\t\t\t\t\t\t<\/div>\n\t\t\t\t<\/div>\n\t\t\t\t\t<\/div>\n\t\t\t\t<\/div>\n\t\t\t\t<\/div>\n\t\t","protected":false},"excerpt":{"rendered":"<p>Ative o JavaScript no seu navegador para preencher este formul\u00e1rio.Ative o JavaScript no seu navegador para preencher este formul\u00e1rio.Nome *Informe o seu nome completo.E-mail *Informe o seu endere\u00e7o de e-mail.Assunto *Informe o assunto do contato.Coment\u00e1rio ou Mensagem *Digite seu coment\u00e1rio ou mensagem. Enviar Unidades do GEB &#8211; GRUPO ESP\u00cdRITA BATU\u00cdRA (as nomenclaturas abaixo referem-se ao [&hellip;]<\/p>\n","protected":false},"author":1,"featured_media":0,"parent":0,"menu_order":0,"comment_status":"closed","ping_status":"closed","template":"","meta":{"footnotes":""},"class_list":["post-637","page","type-page","status-publish","hentry"],"_links":{"self":[{"href":"https:\/\/daudt.com.br\/geb\/wp-json\/wp\/v2\/pages\/637","targetHints":{"allow":["GET"]}}],"collection":[{"href":"https:\/\/daudt.com.br\/geb\/wp-json\/wp\/v2\/pages"}],"about":[{"href":"https:\/\/daudt.com.br\/geb\/wp-json\/wp\/v2\/types\/page"}],"author":[{"embeddable":true,"href":"https:\/\/daudt.com.br\/geb\/wp-json\/wp\/v2\/users\/1"}],"replies":[{"embeddable":true,"href":"https:\/\/daudt.com.br\/geb\/wp-json\/wp\/v2\/comments?post=637"}],"version-history":[{"count":15,"href":"https:\/\/daudt.com.br\/geb\/wp-json\/wp\/v2\/pages\/637\/revisions"}],"predecessor-version":[{"id":1708,"href":"https:\/\/daudt.com.br\/geb\/wp-json\/wp\/v2\/pages\/637\/revisions\/1708"}],"wp:attachment":[{"href":"https:\/\/daudt.com.br\/geb\/wp-json\/wp\/v2\/media?parent=637"}],"curies":[{"name":"wp","href":"https:\/\/api.w.org\/{rel}","templated":true}]}}