{"id":628,"date":"2024-06-18T18:58:02","date_gmt":"2024-06-18T21:58:02","guid":{"rendered":"https:\/\/daudt.com.br\/geb\/?page_id=628"},"modified":"2024-10-16T17:31:20","modified_gmt":"2024-10-16T20:31:20","slug":"doacoes","status":"publish","type":"page","link":"https:\/\/daudt.com.br\/geb\/doacoes\/","title":{"rendered":"Doa\u00e7\u00f5es"},"content":{"rendered":"\t\t<div data-elementor-type=\"wp-page\" data-elementor-id=\"628\" class=\"elementor elementor-628\">\n\t\t\t\t\t\t<section class=\"elementor-section elementor-top-section elementor-element elementor-element-34c4c69 elementor-section-boxed elementor-section-height-default elementor-section-height-default\" data-id=\"34c4c69\" data-element_type=\"section\" data-e-type=\"section\">\n\t\t\t\t\t\t<div class=\"elementor-container elementor-column-gap-default\">\n\t\t\t\t\t<div class=\"elementor-column elementor-col-100 elementor-top-column elementor-element elementor-element-b981bfe\" data-id=\"b981bfe\" data-element_type=\"column\" data-e-type=\"column\">\n\t\t\t<div class=\"elementor-widget-wrap elementor-element-populated\">\n\t\t\t\t\t\t<div class=\"elementor-element elementor-element-cf78ba8 elementor-widget elementor-widget-text-editor\" data-id=\"cf78ba8\" data-element_type=\"widget\" data-e-type=\"widget\" data-widget_type=\"text-editor.default\">\n\t\t\t\t<div class=\"elementor-widget-container\">\n\t\t\t\t\t\t\t\t\t<p><strong>O GEB aceita doa\u00e7\u00f5es de pessoas f\u00edsicas ou jur\u00eddicas que desejam ajuda-lo em sua miss\u00e3o de servir o pr\u00f3ximo.<\/strong><\/p>\t\t\t\t\t\t\t\t<\/div>\n\t\t\t\t<\/div>\n\t\t\t\t\t<\/div>\n\t\t<\/div>\n\t\t\t\t\t<\/div>\n\t\t<\/section>\n\t\t\t\t<section class=\"elementor-section elementor-top-section elementor-element elementor-element-d4e046a elementor-section-boxed elementor-section-height-default elementor-section-height-default\" data-id=\"d4e046a\" data-element_type=\"section\" data-e-type=\"section\">\n\t\t\t\t\t\t<div class=\"elementor-container elementor-column-gap-default\">\n\t\t\t\t\t<div class=\"elementor-column elementor-col-100 elementor-top-column elementor-element elementor-element-b09eb05\" data-id=\"b09eb05\" data-element_type=\"column\" data-e-type=\"column\">\n\t\t\t<div class=\"elementor-widget-wrap elementor-element-populated\">\n\t\t\t\t\t\t<div class=\"elementor-element elementor-element-b853a62 elementor-widget elementor-widget-heading\" data-id=\"b853a62\" data-element_type=\"widget\" data-e-type=\"widget\" data-widget_type=\"heading.default\">\n\t\t\t\t<div class=\"elementor-widget-container\">\n\t\t\t\t\t<h2 class=\"elementor-heading-title elementor-size-default\">Doa\u00e7\u00f5es em dinheiro<\/h2>\t\t\t\t<\/div>\n\t\t\t\t<\/div>\n\t\t\t\t<div class=\"elementor-element elementor-element-7b434b5 elementor-widget elementor-widget-heading\" data-id=\"7b434b5\" data-element_type=\"widget\" data-e-type=\"widget\" data-widget_type=\"heading.default\">\n\t\t\t\t<div class=\"elementor-widget-container\">\n\t\t\t\t\t<h3 class=\"elementor-heading-title elementor-size-default\">Dados para doa\u00e7\u00e3o<\/h3>\t\t\t\t<\/div>\n\t\t\t\t<\/div>\n\t\t\t\t<div class=\"elementor-element elementor-element-da6d5d3 elementor-widget elementor-widget-text-editor\" data-id=\"da6d5d3\" data-element_type=\"widget\" data-e-type=\"widget\" data-widget_type=\"text-editor.default\">\n\t\t\t\t<div class=\"elementor-widget-container\">\n\t\t\t\t\t\t\t\t\t<ul>\n<li>Nome: Grupo Esp\u00edrita Batu\u00edra<\/li>\n<li>CNPJ: 61.989.000\/0001-50<\/li>\n<\/ul>\t\t\t\t\t\t\t\t<\/div>\n\t\t\t\t<\/div>\n\t\t\t\t<div class=\"elementor-element elementor-element-50a6ad5 elementor-widget elementor-widget-heading\" data-id=\"50a6ad5\" data-element_type=\"widget\" data-e-type=\"widget\" data-widget_type=\"heading.default\">\n\t\t\t\t<div class=\"elementor-widget-container\">\n\t\t\t\t\t<h3 class=\"elementor-heading-title elementor-size-default\">PIX CNPJ 61.989.000\/0001-50<\/h3>\t\t\t\t<\/div>\n\t\t\t\t<\/div>\n\t\t\t\t<div class=\"elementor-element elementor-element-a83d264 elementor-widget elementor-widget-text-editor\" data-id=\"a83d264\" data-element_type=\"widget\" data-e-type=\"widget\" data-widget_type=\"text-editor.default\">\n\t\t\t\t<div class=\"elementor-widget-container\">\n\t\t\t\t\t\t\t\t\t<p>Ap\u00f3s realizar a doa\u00e7\u00e3o, envie um e-mail para captacao@geb.org.br com seus dados para confirmarmos a doa\u00e7\u00e3o.<\/p>\t\t\t\t\t\t\t\t<\/div>\n\t\t\t\t<\/div>\n\t\t\t\t\t<\/div>\n\t\t<\/div>\n\t\t\t\t\t<\/div>\n\t\t<\/section>\n\t\t\t\t<section class=\"elementor-section elementor-top-section elementor-element elementor-element-c0822b3 elementor-section-boxed elementor-section-height-default elementor-section-height-default\" data-id=\"c0822b3\" data-element_type=\"section\" data-e-type=\"section\">\n\t\t\t\t\t\t<div class=\"elementor-container elementor-column-gap-default\">\n\t\t\t\t\t<div class=\"elementor-column elementor-col-100 elementor-top-column elementor-element elementor-element-5c8db2d\" data-id=\"5c8db2d\" data-element_type=\"column\" data-e-type=\"column\">\n\t\t\t<div class=\"elementor-widget-wrap elementor-element-populated\">\n\t\t\t\t\t\t<div class=\"elementor-element elementor-element-8773478 elementor-widget elementor-widget-heading\" data-id=\"8773478\" data-element_type=\"widget\" data-e-type=\"widget\" data-widget_type=\"heading.default\">\n\t\t\t\t<div class=\"elementor-widget-container\">\n\t\t\t\t\t<h3 class=\"elementor-heading-title elementor-size-default\">Outras doa\u00e7\u00f5es<\/h3>\t\t\t\t<\/div>\n\t\t\t\t<\/div>\n\t\t\t\t<div class=\"elementor-element elementor-element-b3ee5c5 elementor-widget elementor-widget-text-editor\" data-id=\"b3ee5c5\" data-element_type=\"widget\" data-e-type=\"widget\" data-widget_type=\"text-editor.default\">\n\t\t\t\t<div class=\"elementor-widget-container\">\n\t\t\t\t\t\t\t\t\t<p>O GEB aceita\u00a0<strong>somente<\/strong>\u00a0doa\u00e7\u00f5es de roupas, cal\u00e7ados, brinquedos e alimentos n\u00e3o perec\u00edveis (<em>veja nota abaixo<\/em>).<\/p>\n<p><!-- \/wp:paragraph --><\/p>\n<p><!-- wp:paragraph --><\/p>\n<p>O GEB n\u00e3o possui estrutura para buscar\/retirar doa\u00e7\u00f5es.<\/p>\n<p><!-- \/wp:paragraph --><\/p>\n<p><!-- wp:paragraph --><\/p>\n<p>A entrega das doa\u00e7\u00f5es dever\u00e1 ser feita em uma das seguintes unidades das 14 \u00e0s 18 horas:<\/p>\t\t\t\t\t\t\t\t<\/div>\n\t\t\t\t<\/div>\n\t\t\t\t<div class=\"elementor-element elementor-element-10e2a64 elementor-widget elementor-widget-heading\" data-id=\"10e2a64\" data-element_type=\"widget\" data-e-type=\"widget\" data-widget_type=\"heading.default\">\n\t\t\t\t<div class=\"elementor-widget-container\">\n\t\t\t\t\t<h4 class=\"elementor-heading-title elementor-size-default\">Caiubi - Unidade Doutrin\u00e1ria Spartaco Ghilardi<\/h4>\t\t\t\t<\/div>\n\t\t\t\t<\/div>\n\t\t\t\t<div class=\"elementor-element elementor-element-2626570 elementor-widget elementor-widget-text-editor\" data-id=\"2626570\" data-element_type=\"widget\" data-e-type=\"widget\" data-widget_type=\"text-editor.default\">\n\t\t\t\t<div class=\"elementor-widget-container\">\n\t\t\t\t\t\t\t\t\t<p>Rua Caiubi n\u00ba 1306 &#8211; Bairro de Perdizes S\u00e3o Paulo, SP &#8211; CEP 05010-000<br \/>Telefone: (11) 3868-1436<\/p>\n<p><!-- \/wp:paragraph --><\/p>\n<p><!-- wp:heading {\"level\":5} --><\/p>\t\t\t\t\t\t\t\t<\/div>\n\t\t\t\t<\/div>\n\t\t\t\t<div class=\"elementor-element elementor-element-cee6b1f elementor-widget elementor-widget-heading\" data-id=\"cee6b1f\" data-element_type=\"widget\" data-e-type=\"widget\" data-widget_type=\"heading.default\">\n\t\t\t\t<div class=\"elementor-widget-container\">\n\t\t\t\t\t<h4 class=\"elementor-heading-title elementor-size-default\">Apinag\u00e9s - Espa\u00e7o Apinag\u00e9s<\/h4>\t\t\t\t<\/div>\n\t\t\t\t<\/div>\n\t\t\t\t<div class=\"elementor-element elementor-element-3f40c9a elementor-widget elementor-widget-text-editor\" data-id=\"3f40c9a\" data-element_type=\"widget\" data-e-type=\"widget\" data-widget_type=\"text-editor.default\">\n\t\t\t\t<div class=\"elementor-widget-container\">\n\t\t\t\t\t\t\t\t\t<p>Rua Apinag\u00e9s n\u00ba 591- Bairro de Perdizes S\u00e3o Paulo, SP &#8211; CEP 05017-000<br \/>Telefone: (11) 3672-2918<\/p>\t\t\t\t\t\t\t\t<\/div>\n\t\t\t\t<\/div>\n\t\t\t\t\t<\/div>\n\t\t<\/div>\n\t\t\t\t\t<\/div>\n\t\t<\/section>\n\t\t\t\t<section class=\"elementor-section elementor-top-section elementor-element elementor-element-7e31d6db elementor-section-boxed elementor-section-height-default elementor-section-height-default\" data-id=\"7e31d6db\" data-element_type=\"section\" data-e-type=\"section\">\n\t\t\t\t\t\t<div class=\"elementor-container elementor-column-gap-default\">\n\t\t\t\t\t<div class=\"elementor-column elementor-col-100 elementor-top-column elementor-element elementor-element-7c426dd3\" data-id=\"7c426dd3\" data-element_type=\"column\" data-e-type=\"column\">\n\t\t\t<div class=\"elementor-widget-wrap elementor-element-populated\">\n\t\t\t\t\t\t<div class=\"elementor-element elementor-element-329c8a30 elementor-widget elementor-widget-text-editor\" data-id=\"329c8a30\" data-element_type=\"widget\" data-e-type=\"widget\" data-widget_type=\"text-editor.default\">\n\t\t\t\t<div class=\"elementor-widget-container\">\n\t\t\t\t\t\t\t\t\t<p><!-- wp:paragraph --><\/p>\n<p><!-- \/wp:paragraph --><\/p>\n<p><!-- wp:heading --><\/p>\n<p><!-- \/wp:list-item --><\/p>\n<p><!-- \/wp:list --><\/p>\n<p><!-- wp:heading {\"level\":3} --><\/p>\n<p><!-- \/wp:paragraph --><\/p>\n<p><!-- wp:heading --><\/p>\n<p><!-- \/wp:heading --><\/p>\n<p><!-- wp:paragraph --><\/p>\n<p><!-- \/wp:paragraph --><\/p>\n<p><!-- wp:paragraph --><\/p>\n<p><strong>Nota<\/strong>:\u00a0As doa\u00e7\u00f5es como m\u00f3veis em geral, mesas, camas, arm\u00e1rios, colch\u00f5es, computadores, teclados, impressoras etc. sugerimos sejam encaminhadas para as Casas Andr\u00e9 Luiz. Telefones: 11 2459 7000 ou 0800 773 4066. Se preferir, acesse o link: http:\/\/casasandreluiz.org.br\/mercatudo\/formulario_doacoes.php<\/p>\n<p><!-- \/wp:paragraph --><\/p>\t\t\t\t\t\t\t\t<\/div>\n\t\t\t\t<\/div>\n\t\t\t\t\t<\/div>\n\t\t<\/div>\n\t\t\t\t\t<\/div>\n\t\t<\/section>\n\t\t\t\t<\/div>\n\t\t","protected":false},"excerpt":{"rendered":"<p>O GEB aceita doa\u00e7\u00f5es de pessoas f\u00edsicas ou jur\u00eddicas que desejam ajuda-lo em sua miss\u00e3o de servir o pr\u00f3ximo. Doa\u00e7\u00f5es em dinheiro Dados para doa\u00e7\u00e3o Nome: Grupo Esp\u00edrita Batu\u00edra CNPJ: 61.989.000\/0001-50 PIX CNPJ 61.989.000\/0001-50 Ap\u00f3s realizar a doa\u00e7\u00e3o, envie um e-mail para captacao@geb.org.br com seus dados para confirmarmos a doa\u00e7\u00e3o. Outras doa\u00e7\u00f5es O GEB aceita\u00a0somente\u00a0doa\u00e7\u00f5es [&hellip;]<\/p>\n","protected":false},"author":1,"featured_media":0,"parent":0,"menu_order":0,"comment_status":"closed","ping_status":"closed","template":"","meta":{"footnotes":""},"class_list":["post-628","page","type-page","status-publish","hentry"],"_links":{"self":[{"href":"https:\/\/daudt.com.br\/geb\/wp-json\/wp\/v2\/pages\/628","targetHints":{"allow":["GET"]}}],"collection":[{"href":"https:\/\/daudt.com.br\/geb\/wp-json\/wp\/v2\/pages"}],"about":[{"href":"https:\/\/daudt.com.br\/geb\/wp-json\/wp\/v2\/types\/page"}],"author":[{"embeddable":true,"href":"https:\/\/daudt.com.br\/geb\/wp-json\/wp\/v2\/users\/1"}],"replies":[{"embeddable":true,"href":"https:\/\/daudt.com.br\/geb\/wp-json\/wp\/v2\/comments?post=628"}],"version-history":[{"count":10,"href":"https:\/\/daudt.com.br\/geb\/wp-json\/wp\/v2\/pages\/628\/revisions"}],"predecessor-version":[{"id":1568,"href":"https:\/\/daudt.com.br\/geb\/wp-json\/wp\/v2\/pages\/628\/revisions\/1568"}],"wp:attachment":[{"href":"https:\/\/daudt.com.br\/geb\/wp-json\/wp\/v2\/media?parent=628"}],"curies":[{"name":"wp","href":"https:\/\/api.w.org\/{rel}","templated":true}]}}