{"id":624,"date":"2024-06-18T18:51:45","date_gmt":"2024-06-18T21:51:45","guid":{"rendered":"https:\/\/daudt.com.br\/geb\/?page_id=624"},"modified":"2024-10-16T17:25:23","modified_gmt":"2024-10-16T20:25:23","slug":"batuira-jornal","status":"publish","type":"page","link":"https:\/\/daudt.com.br\/geb\/batuira-jornal\/","title":{"rendered":"Batu\u00edra Jornal"},"content":{"rendered":"\t\t<div data-elementor-type=\"wp-page\" data-elementor-id=\"624\" class=\"elementor elementor-624\">\n\t\t\t\t\t\t<section class=\"elementor-section elementor-top-section elementor-element elementor-element-cca6323 elementor-section-boxed elementor-section-height-default elementor-section-height-default\" data-id=\"cca6323\" data-element_type=\"section\" data-e-type=\"section\">\n\t\t\t\t\t\t<div class=\"elementor-container elementor-column-gap-default\">\n\t\t\t\t\t<div class=\"elementor-column elementor-col-66 elementor-top-column elementor-element elementor-element-f666994\" data-id=\"f666994\" data-element_type=\"column\" data-e-type=\"column\">\n\t\t\t<div class=\"elementor-widget-wrap elementor-element-populated\">\n\t\t\t\t\t\t<div class=\"elementor-element elementor-element-42aa9e3 elementor-widget elementor-widget-text-editor\" data-id=\"42aa9e3\" data-element_type=\"widget\" data-e-type=\"widget\" data-widget_type=\"text-editor.default\">\n\t\t\t\t<div class=\"elementor-widget-container\">\n\t\t\t\t\t\t\t\t\t<p>Um \u00f3rg\u00e3o do Grupo Esp\u00edrita Batu\u00edra.<\/p>\n<p><!-- \/wp:paragraph --><!-- wp:image {\"id\":767,\"sizeSlug\":\"full\",\"linkDestination\":\"none\",\"align\":\"right\"} --><!-- \/wp:image --><!-- wp:paragraph --><\/p>\n<p>Em um grupo com tantas atividades, centenas de volunt\u00e1rios, frequentadores e assistidos, \u00e9 fundamental a exist\u00eancia de instrumentos de comunica\u00e7\u00e3o que possam servir de elo entre as pessoas.<\/p>\n<p><!-- \/wp:paragraph --><!-- wp:paragraph --><\/p>\n<p>Por este motivo, em 1997, foi criado o <strong>BATU\u00cdRA JORNAL<\/strong>, como publica\u00e7\u00e3o bimestral e de distribui\u00e7\u00e3o gratuita.\u00a0Neste informativo, que chegou a ter tiragem de 1600 exemplares, sempre se destacaram as realiza\u00e7\u00f5es da casa, com a publica\u00e7\u00e3o de entrevistas com pessoas representativas da nossa comunidade, divulga\u00e7\u00e3o de campanhas e do trabalho dos diversos departamentos, al\u00e9m de not\u00edcias de interesse do movimento esp\u00edrita.\u00a0<br \/>\u00a0<br \/>Durante o per\u00edodo de restri\u00e7\u00f5es da pandemia de Covid, quando as atividades coletivas precisaram ser suspensas em respeito \u00e0s determina\u00e7\u00f5es das autoridades de sa\u00fade, o GEB passou a oferecer a edi\u00e7\u00e3o eletr\u00f4nica. Com a dissemina\u00e7\u00e3o crescente dos meios digitais, atualmente concentramos as not\u00edcias e informa\u00e7\u00f5es importantes sobre o Grupo Esp\u00edrita Batu\u00edra neste site e no nosso perfil no Instagram.<\/p>\n<p><!-- \/wp:paragraph --><!-- wp:paragraph --><\/p>\n<p>Siga: <a href=\"https:\/\/www.instagram.com\/geb_batuira\/\" target=\"_blank\" rel=\"noreferrer noopener\">@geb_batuira<\/a><\/p>\n<p><!-- \/wp:paragraph --><!-- wp:separator {\"className\":\"is-style-dots\"} --><\/p>\t\t\t\t\t\t\t\t<\/div>\n\t\t\t\t<\/div>\n\t\t\t\t\t<\/div>\n\t\t<\/div>\n\t\t\t\t<div class=\"elementor-column elementor-col-33 elementor-top-column elementor-element elementor-element-9a28bed\" data-id=\"9a28bed\" data-element_type=\"column\" data-e-type=\"column\">\n\t\t\t<div class=\"elementor-widget-wrap elementor-element-populated\">\n\t\t\t\t\t\t<div class=\"elementor-element elementor-element-a44d1b3 elementor-widget__width-initial elementor-widget elementor-widget-image\" data-id=\"a44d1b3\" data-element_type=\"widget\" data-e-type=\"widget\" data-widget_type=\"image.default\">\n\t\t\t\t<div class=\"elementor-widget-container\">\n\t\t\t\t\t\t\t\t\t\t\t\t\t\t\t<img fetchpriority=\"high\" decoding=\"async\" width=\"469\" height=\"417\" src=\"https:\/\/daudt.com.br\/geb\/wp-content\/uploads\/2024\/10\/img-jornal-batuira.jpg\" class=\"attachment-full size-full wp-image-1562\" alt=\"\" srcset=\"https:\/\/daudt.com.br\/geb\/wp-content\/uploads\/2024\/10\/img-jornal-batuira.jpg 469w, https:\/\/daudt.com.br\/geb\/wp-content\/uploads\/2024\/10\/img-jornal-batuira-300x267.jpg 300w\" sizes=\"(max-width: 469px) 100vw, 469px\" \/>\t\t\t\t\t\t\t\t\t\t\t\t\t\t\t<\/div>\n\t\t\t\t<\/div>\n\t\t\t\t\t<\/div>\n\t\t<\/div>\n\t\t\t\t\t<\/div>\n\t\t<\/section>\n\t\t\t\t<section class=\"elementor-section elementor-top-section elementor-element elementor-element-134d422 elementor-section-boxed elementor-section-height-default elementor-section-height-default\" data-id=\"134d422\" data-element_type=\"section\" data-e-type=\"section\">\n\t\t\t\t\t\t<div class=\"elementor-container elementor-column-gap-default\">\n\t\t\t\t\t<div class=\"elementor-column elementor-col-100 elementor-top-column elementor-element elementor-element-4f52b8e\" data-id=\"4f52b8e\" data-element_type=\"column\" data-e-type=\"column\">\n\t\t\t<div class=\"elementor-widget-wrap elementor-element-populated\">\n\t\t\t\t\t\t<div class=\"elementor-element elementor-element-bbc5cb8 elementor-widget elementor-widget-heading\" data-id=\"bbc5cb8\" data-element_type=\"widget\" data-e-type=\"widget\" data-widget_type=\"heading.default\">\n\t\t\t\t<div class=\"elementor-widget-container\">\n\t\t\t\t\t<h2 class=\"elementor-heading-title elementor-size-default\">Edi\u00e7\u00f5es<\/h2>\t\t\t\t<\/div>\n\t\t\t\t<\/div>\n\t\t\t\t<div class=\"elementor-element elementor-element-f41194f elementor-widget elementor-widget-text-editor\" data-id=\"f41194f\" data-element_type=\"widget\" data-e-type=\"widget\" data-widget_type=\"text-editor.default\">\n\t\t\t\t<div class=\"elementor-widget-container\">\n\t\t\t\t\t\t\t\t\t<p>Confira as edi\u00e7\u00f5es do Batu\u00edra Jornal em PDF.<\/p>\n<p><!-- \/wp:paragraph --><!-- wp:paragraph --><\/p>\n<p>Batuira Jornal numero 39 &#8211; maio e junho de 2003<br \/>Batuira Jornal numero 40 &#8211; julho e agosto de 2003<br \/>Batuira Jornal numero 42 &#8211; novembro e dezembro de 2003<br \/>Batuira Jornal numero 44 &#8211; edicao especia 40 anos<br \/>Batuira Jornal numero 45 &#8211; maio e junho de 2004<br \/>Batuira Jornal numero 47 &#8211; setembro e outubro de 2004<br \/>Batuira Jornal numero 49 &#8211; janeiro e fevereiro de 2005<br \/>Batuira Jornal numero 50 &#8211; marco e abril 2005<br \/>Batuira Jornal numero 51 &#8211; maio e junho de 2005<br \/>Batuira Jornal numero 53 &#8211; setembro e outubro de 2005<br \/>Batuira Jornal numero 54 &#8211; novembro e dezembro de 2005<br \/>Batuira Jornal numero 55 &#8211; janeiro e fevereiro de 2006<br \/>Batuira Jornal numero 56 &#8211; marco e abril 2006<br \/>Batuira Jornal numero 58 &#8211; julho e agosto de 2006<br \/>Batuira Jornal numero 59 &#8211; setembro e outubro de 2006<br \/>Batuira Jornal numero 60 &#8211; novembro e dezembro de 2006<br \/>Batuira Jornal numero 61 &#8211; janeiro e fevereiro de 2007<br \/>Batuira Jornal numero 63 &#8211; maio e junho de 2007<br \/>Batuira Jornal numero 64 &#8211; julho e agosto de 2007<br \/>Batuira Jornal numero 65 &#8211; setembro e outubro de 2007<br \/>Batuira Jornal numero 66 &#8211; novembro e dezembro de 2007<br \/>Batuira Jornal numero 68 &#8211; marco e abril 2008<br \/>Batuira Jornal numero 69 &#8211; maio e junho de 2008<br \/>Batuira Jornal numero 70 &#8211; julho e agosto de 2008<br \/>Batuira Jornal numero 71 &#8211; setembro e outubro de 2008<br \/>Batuira Jornal numero 72 &#8211; novembro e dezembro de 2008<br \/>Batuira Jornal numero 73 &#8211; janeiro e fevereiro de 2009<br \/>Batuira Jornal numero 74 &#8211; marco e abril 2009<br \/>Batuira Jornal numero 75 &#8211; maio e junho de 2009<br \/>Batuira Jornal numero 76 &#8211; julho e agosto de 2009<br \/>Batuira Jornal numero 77 &#8211; setembro e outubro de 2009<br \/>Batuira Jornal numero 79 &#8211; janeiro e fevereiro de 2010<br \/>Batuira Jornal numero 80 &#8211; marco e abril 2010<br \/>Batuira Jornal numero 81 &#8211; maio e junho de 2010<br \/>Batuira Jornal numero 82 &#8211; julho e agosto de 2010<br \/>Batuira Jornal numero 83 &#8211; setembro e outubro de 2010<br \/>Batuira Jornal numero 84 &#8211; novembro e dezembro de 2010<br \/>Batuira Jornal numero 85 &#8211; janeiro e fevereiro de 2011<br \/>Batuira Jornal numero 86 &#8211; marco e abril 2011<br \/>Batuira Jornal numero 87 &#8211; maio e junho de 2011<br \/>Batuira Jornal numero 88 &#8211; julho e agosto de 2011<\/p>\t\t\t\t\t\t\t\t<\/div>\n\t\t\t\t<\/div>\n\t\t\t\t\t<\/div>\n\t\t<\/div>\n\t\t\t\t\t<\/div>\n\t\t<\/section>\n\t\t\t\t<\/div>\n\t\t","protected":false},"excerpt":{"rendered":"<p>Um \u00f3rg\u00e3o do Grupo Esp\u00edrita Batu\u00edra. Em um grupo com tantas atividades, centenas de volunt\u00e1rios, frequentadores e assistidos, \u00e9 fundamental a exist\u00eancia de instrumentos de comunica\u00e7\u00e3o que possam servir de elo entre as pessoas. Por este motivo, em 1997, foi criado o BATU\u00cdRA JORNAL, como publica\u00e7\u00e3o bimestral e de distribui\u00e7\u00e3o gratuita.\u00a0Neste informativo, que chegou a [&hellip;]<\/p>\n","protected":false},"author":1,"featured_media":0,"parent":0,"menu_order":0,"comment_status":"closed","ping_status":"closed","template":"","meta":{"footnotes":""},"class_list":["post-624","page","type-page","status-publish","hentry"],"_links":{"self":[{"href":"https:\/\/daudt.com.br\/geb\/wp-json\/wp\/v2\/pages\/624","targetHints":{"allow":["GET"]}}],"collection":[{"href":"https:\/\/daudt.com.br\/geb\/wp-json\/wp\/v2\/pages"}],"about":[{"href":"https:\/\/daudt.com.br\/geb\/wp-json\/wp\/v2\/types\/page"}],"author":[{"embeddable":true,"href":"https:\/\/daudt.com.br\/geb\/wp-json\/wp\/v2\/users\/1"}],"replies":[{"embeddable":true,"href":"https:\/\/daudt.com.br\/geb\/wp-json\/wp\/v2\/comments?post=624"}],"version-history":[{"count":27,"href":"https:\/\/daudt.com.br\/geb\/wp-json\/wp\/v2\/pages\/624\/revisions"}],"predecessor-version":[{"id":1565,"href":"https:\/\/daudt.com.br\/geb\/wp-json\/wp\/v2\/pages\/624\/revisions\/1565"}],"wp:attachment":[{"href":"https:\/\/daudt.com.br\/geb\/wp-json\/wp\/v2\/media?parent=624"}],"curies":[{"name":"wp","href":"https:\/\/api.w.org\/{rel}","templated":true}]}}