{"id":622,"date":"2024-06-18T18:50:31","date_gmt":"2024-06-18T21:50:31","guid":{"rendered":"https:\/\/daudt.com.br\/geb\/?page_id=622"},"modified":"2024-10-16T17:41:45","modified_gmt":"2024-10-16T20:41:45","slug":"doutrina-espirita","status":"publish","type":"page","link":"https:\/\/daudt.com.br\/geb\/doutrina-espirita\/","title":{"rendered":"Doutrina Esp\u00edrita"},"content":{"rendered":"\t\t<div data-elementor-type=\"wp-page\" data-elementor-id=\"622\" class=\"elementor elementor-622\">\n\t\t\t\t\t\t<section class=\"elementor-section elementor-top-section elementor-element elementor-element-e2e2ad3 elementor-section-boxed elementor-section-height-default elementor-section-height-default\" data-id=\"e2e2ad3\" data-element_type=\"section\" data-e-type=\"section\">\n\t\t\t\t\t\t<div class=\"elementor-container elementor-column-gap-default\">\n\t\t\t\t\t<div class=\"elementor-column elementor-col-100 elementor-top-column elementor-element elementor-element-2612d0a\" data-id=\"2612d0a\" data-element_type=\"column\" data-e-type=\"column\">\n\t\t\t<div class=\"elementor-widget-wrap elementor-element-populated\">\n\t\t\t\t\t\t<div class=\"elementor-element elementor-element-4278eba elementor-widget elementor-widget-text-editor\" data-id=\"4278eba\" data-element_type=\"widget\" data-e-type=\"widget\" data-widget_type=\"text-editor.default\">\n\t\t\t\t<div class=\"elementor-widget-container\">\n\t\t\t\t\t\t\t\t\t<blockquote>\n<p><strong>&#8220;O Espiritismo \u00e9, ao mesmo tempo, uma ci\u00eancia de observa\u00e7\u00e3o e uma doutrina filos\u00f3fica. Como ci\u00eancia pr\u00e1tica, ele consiste nas rela\u00e7\u00f5es que se estabelecem entre n\u00f3s [encarnados] e os esp\u00edritos [desencarnados ou alma dos mortos]; como filosofia, compreende todas as consequ\u00eancias morais que procedem dessas mesmas rela\u00e7\u00f5es\u201d (1) &#8211;&nbsp;<\/strong>defini\u00e7\u00e3o de Allan Kardec.<\/p>\n<\/blockquote>\t\t\t\t\t\t\t\t<\/div>\n\t\t\t\t<\/div>\n\t\t\t\t\t<\/div>\n\t\t<\/div>\n\t\t\t\t\t<\/div>\n\t\t<\/section>\n\t\t\t\t<section class=\"elementor-section elementor-top-section elementor-element elementor-element-8cdb7d0 elementor-section-boxed elementor-section-height-default elementor-section-height-default\" data-id=\"8cdb7d0\" data-element_type=\"section\" data-e-type=\"section\">\n\t\t\t\t\t\t<div class=\"elementor-container elementor-column-gap-default\">\n\t\t\t\t\t<div class=\"elementor-column elementor-col-100 elementor-top-column elementor-element elementor-element-b4df004\" data-id=\"b4df004\" data-element_type=\"column\" data-e-type=\"column\">\n\t\t\t<div class=\"elementor-widget-wrap elementor-element-populated\">\n\t\t\t\t\t\t<div class=\"elementor-element elementor-element-42125c9 elementor-widget elementor-widget-text-editor\" data-id=\"42125c9\" data-element_type=\"widget\" data-e-type=\"widget\" data-widget_type=\"text-editor.default\">\n\t\t\t\t<div class=\"elementor-widget-container\">\n\t\t\t\t\t\t\t\t\t<p>A Doutrina dos Esp\u00edritos foi inicialmente codificada em 1857, em Paris, Fran\u00e7a, e pode ser definida como \u201cuma ci\u00eancia que trata da natureza, origem e destino dos Esp\u00edritos, bem como de suas rela\u00e7\u00f5es com o mundo corporal\u201d (1).<\/p>\n<p><!-- \/wp:paragraph --><!-- wp:paragraph --><\/p>\n<p>Allan Kardec \u00e9 considerado o codificador dos ensinamentos dos Esp\u00edritos e compilou o Espiritismo nos seguintes livros:<\/p>\n<p><!-- \/wp:paragraph --><!-- wp:list --><\/p>\n<ul><!-- wp:list-item -->\n<li><strong>O Livro dos Esp\u00edritos<\/strong>: princ\u00edpios da doutrina esp\u00edrita \u2014 &#8220;sobre a imortalidade da alma , a natureza dos esp\u00edritos e suas rela\u00e7\u00f5es com os homens, as leis morais, a vida presente, a vida futura e o porvir da humanidade \u2013 segundo os ensinos dados por esp\u00edritos superiores com o concurso de diversos m\u00e9diuns&#8221; (2).<\/li>\n<!-- \/wp:list-item --><!-- wp:list-item -->\n<li><strong>O Livro dos M\u00e9diuns<\/strong>: guia dos m\u00e9diuns e dos evocadores \u2014 &#8220;ensino especial dos esp\u00edritos sobre a teoria de todos os g\u00eaneros de manifesta\u00e7\u00f5es, os meios de comunica\u00e7\u00e3o com o mundo invis\u00edvel, o desenvolvimento da mediunidade, as dificuldades e os trope\u00e7os que se podem encontrar no Espiritismo&#8221; (3).<\/li>\n<!-- \/wp:list-item --><!-- wp:list-item -->\n<li><strong>O Evangelho Segundo o Espiritismo<\/strong>: &#8220;a explica\u00e7\u00e3o das m\u00e1ximas morais do [Jesus] Cristo em concord\u00e2ncia com o Espiritismo e suas aplica\u00e7\u00f5es \u00e0s diversas circunst\u00e2ncias da vida&#8221; (4).<\/li>\n<!-- \/wp:list-item --><!-- wp:list-item -->\n<li><strong>O C\u00e9u e o Inferno<\/strong>: a justi\u00e7a divina segundo o Espiritismo \u2014 &#8220;exame comparado das doutrinas sobre a passagem da vida corporal \u00e0 vida espiritual , sobre as penalidades e recompensas futuras, sobre os anjos e dem\u00f4nios, sobre as penas, etc; seguido de numerosos exemplos acerca da situa\u00e7\u00e3o real da alma durante e depois da morte&#8221; (5).<\/li>\n<!-- \/wp:list-item --><!-- wp:list-item -->\n<li><strong>A G\u00eanese<\/strong>: os milagres e as predi\u00e7\u00f5es segundo o Espiritismo \u2014 &#8220;a Doutrina Esp\u00edrita h\u00e1 resultado do ensino coletivo e Concordante dos esp\u00edritos. A ci\u00eancia \u00e9 chamada a constituir a g\u00eanese de acordo com as Leis da Natureza. Deus prova a sua grandeza e seu poder pela imutabilidade das suas leis e n\u00e3o pela abroga\u00e7\u00e3o delas. Para deus , o passado e o futuro s\u00e3o o presente&#8221; (6).<\/li>\n<\/ul>\t\t\t\t\t\t\t\t<\/div>\n\t\t\t\t<\/div>\n\t\t\t\t\t<\/div>\n\t\t<\/div>\n\t\t\t\t\t<\/div>\n\t\t<\/section>\n\t\t\t\t<section class=\"elementor-section elementor-top-section elementor-element elementor-element-1ac3623 elementor-section-boxed elementor-section-height-default elementor-section-height-default\" data-id=\"1ac3623\" data-element_type=\"section\" data-e-type=\"section\">\n\t\t\t\t\t\t<div class=\"elementor-container elementor-column-gap-default\">\n\t\t\t\t\t<div class=\"elementor-column elementor-col-100 elementor-top-column elementor-element elementor-element-2de8d09\" data-id=\"2de8d09\" data-element_type=\"column\" data-e-type=\"column\">\n\t\t\t<div class=\"elementor-widget-wrap elementor-element-populated\">\n\t\t\t\t\t\t<div class=\"elementor-element elementor-element-8cddcdb elementor-widget elementor-widget-heading\" data-id=\"8cddcdb\" data-element_type=\"widget\" data-e-type=\"widget\" data-widget_type=\"heading.default\">\n\t\t\t\t<div class=\"elementor-widget-container\">\n\t\t\t\t\t<h3 class=\"elementor-heading-title elementor-size-default\">Refer\u00eancias bibliogr\u00e1ficas<\/h3>\t\t\t\t<\/div>\n\t\t\t\t<\/div>\n\t\t\t\t\t<\/div>\n\t\t<\/div>\n\t\t\t\t\t<\/div>\n\t\t<\/section>\n\t\t\t\t<section class=\"elementor-section elementor-top-section elementor-element elementor-element-2978e260 elementor-section-boxed elementor-section-height-default elementor-section-height-default\" data-id=\"2978e260\" data-element_type=\"section\" data-e-type=\"section\">\n\t\t\t\t\t\t<div class=\"elementor-container elementor-column-gap-default\">\n\t\t\t\t\t<div class=\"elementor-column elementor-col-100 elementor-top-column elementor-element elementor-element-57378935\" data-id=\"57378935\" data-element_type=\"column\" data-e-type=\"column\">\n\t\t\t<div class=\"elementor-widget-wrap elementor-element-populated\">\n\t\t\t\t\t\t<div class=\"elementor-element elementor-element-2a4d61a6 elementor-widget elementor-widget-text-editor\" data-id=\"2a4d61a6\" data-element_type=\"widget\" data-e-type=\"widget\" data-widget_type=\"text-editor.default\">\n\t\t\t\t<div class=\"elementor-widget-container\">\n\t\t\t\t\t\t\t\t\t<!-- wp:paragraph --><!-- \/wp:heading --><!-- wp:list {\"ordered\":true} -->\n<ol><!-- wp:list-item -->\n<li>KARDEC, A. <strong>O que \u00e9 o Espiritismo<\/strong>, Pre\u00e2mbulo. Editora FEB.<\/li>\n<!-- \/wp:list-item --><!-- wp:list-item -->\n<li>KARDEC, A. <strong>O Livro dos Esp\u00edritos<\/strong>, folha de rosto. Editora FEB.<\/li>\n<!-- \/wp:list-item --><!-- wp:list-item -->\n<li>KARDEC, A. <strong>O Livro dos M\u00e9diuns<\/strong>, folha de rosto. Editora FEB.<\/li>\n<!-- \/wp:list-item --><!-- wp:list-item -->\n<li>KARDEC, A. <strong>O Evangelho Segundo o Espiritismo<\/strong>, folha de rosto. Editora FEB.<\/li>\n<!-- \/wp:list-item --><!-- wp:list-item -->\n<li>KARDEC, A. <strong>O C\u00e9u e o Inferno<\/strong>, folha de rosto. Editora FEB.<\/li>\n<!-- \/wp:list-item --><!-- wp:list-item -->\n<li>KARDEC, A. <strong>A G\u00eanese<\/strong>, folha de rosto. Editora FEB.<\/li>\n<!-- \/wp:list-item --><\/ol>\n<!-- \/wp:list -->\t\t\t\t\t\t\t\t<\/div>\n\t\t\t\t<\/div>\n\t\t\t\t\t<\/div>\n\t\t<\/div>\n\t\t\t\t\t<\/div>\n\t\t<\/section>\n\t\t\t\t<\/div>\n\t\t","protected":false},"excerpt":{"rendered":"<p>&#8220;O Espiritismo \u00e9, ao mesmo tempo, uma ci\u00eancia de observa\u00e7\u00e3o e uma doutrina filos\u00f3fica. Como ci\u00eancia pr\u00e1tica, ele consiste nas rela\u00e7\u00f5es que se estabelecem entre n\u00f3s [encarnados] e os esp\u00edritos [desencarnados ou alma dos mortos]; como filosofia, compreende todas as consequ\u00eancias morais que procedem dessas mesmas rela\u00e7\u00f5es\u201d (1) &#8211;&nbsp;defini\u00e7\u00e3o de Allan Kardec. A Doutrina dos [&hellip;]<\/p>\n","protected":false},"author":1,"featured_media":0,"parent":0,"menu_order":0,"comment_status":"closed","ping_status":"closed","template":"","meta":{"footnotes":""},"class_list":["post-622","page","type-page","status-publish","hentry"],"_links":{"self":[{"href":"https:\/\/daudt.com.br\/geb\/wp-json\/wp\/v2\/pages\/622","targetHints":{"allow":["GET"]}}],"collection":[{"href":"https:\/\/daudt.com.br\/geb\/wp-json\/wp\/v2\/pages"}],"about":[{"href":"https:\/\/daudt.com.br\/geb\/wp-json\/wp\/v2\/types\/page"}],"author":[{"embeddable":true,"href":"https:\/\/daudt.com.br\/geb\/wp-json\/wp\/v2\/users\/1"}],"replies":[{"embeddable":true,"href":"https:\/\/daudt.com.br\/geb\/wp-json\/wp\/v2\/comments?post=622"}],"version-history":[{"count":13,"href":"https:\/\/daudt.com.br\/geb\/wp-json\/wp\/v2\/pages\/622\/revisions"}],"predecessor-version":[{"id":1580,"href":"https:\/\/daudt.com.br\/geb\/wp-json\/wp\/v2\/pages\/622\/revisions\/1580"}],"wp:attachment":[{"href":"https:\/\/daudt.com.br\/geb\/wp-json\/wp\/v2\/media?parent=622"}],"curies":[{"name":"wp","href":"https:\/\/api.w.org\/{rel}","templated":true}]}}