{"id":619,"date":"2024-06-18T18:49:01","date_gmt":"2024-06-18T21:49:01","guid":{"rendered":"https:\/\/daudt.com.br\/geb\/?page_id=619"},"modified":"2024-06-18T18:49:01","modified_gmt":"2024-06-18T21:49:01","slug":"atividades","status":"publish","type":"page","link":"https:\/\/daudt.com.br\/geb\/atividades\/","title":{"rendered":"Atividades"},"content":{"rendered":"\n<p>Lista dos grupos de atividades do GEB:<\/p>\n\n\n\n<ul class=\"wp-block-list\">\n<li>Doutrina Esp\u00edrita<\/li>\n\n\n\n<li>Assist\u00eancia e Promo\u00e7\u00e3o Social<\/li>\n\n\n\n<li>Educa\u00e7\u00e3o &amp; Cultura<\/li>\n\n\n\n<li>Sa\u00fade<\/li>\n<\/ul>\n","protected":false},"excerpt":{"rendered":"<p>Lista dos grupos de atividades do GEB:<\/p>\n","protected":false},"author":1,"featured_media":0,"parent":0,"menu_order":0,"comment_status":"closed","ping_status":"closed","template":"","meta":{"footnotes":""},"class_list":["post-619","page","type-page","status-publish","hentry"],"_links":{"self":[{"href":"https:\/\/daudt.com.br\/geb\/wp-json\/wp\/v2\/pages\/619","targetHints":{"allow":["GET"]}}],"collection":[{"href":"https:\/\/daudt.com.br\/geb\/wp-json\/wp\/v2\/pages"}],"about":[{"href":"https:\/\/daudt.com.br\/geb\/wp-json\/wp\/v2\/types\/page"}],"author":[{"embeddable":true,"href":"https:\/\/daudt.com.br\/geb\/wp-json\/wp\/v2\/users\/1"}],"replies":[{"embeddable":true,"href":"https:\/\/daudt.com.br\/geb\/wp-json\/wp\/v2\/comments?post=619"}],"version-history":[{"count":1,"href":"https:\/\/daudt.com.br\/geb\/wp-json\/wp\/v2\/pages\/619\/revisions"}],"predecessor-version":[{"id":620,"href":"https:\/\/daudt.com.br\/geb\/wp-json\/wp\/v2\/pages\/619\/revisions\/620"}],"wp:attachment":[{"href":"https:\/\/daudt.com.br\/geb\/wp-json\/wp\/v2\/media?parent=619"}],"curies":[{"name":"wp","href":"https:\/\/api.w.org\/{rel}","templated":true}]}}