{"id":609,"date":"2024-06-18T14:13:28","date_gmt":"2024-06-18T17:13:28","guid":{"rendered":"https:\/\/daudt.com.br\/geb\/?page_id=609"},"modified":"2024-10-17T23:04:46","modified_gmt":"2024-10-18T02:04:46","slug":"centro-de-educacao-infantil","status":"publish","type":"page","link":"https:\/\/daudt.com.br\/geb\/centro-de-educacao-infantil\/","title":{"rendered":"Centro de Educa\u00e7\u00e3o Infantil Batu\u00edra"},"content":{"rendered":"\t\t<div data-elementor-type=\"wp-page\" data-elementor-id=\"609\" class=\"elementor elementor-609\">\n\t\t\t\t<div class=\"elementor-element elementor-element-1909a30 e-flex e-con-boxed e-con e-parent\" data-id=\"1909a30\" data-element_type=\"container\" data-e-type=\"container\">\n\t\t\t\t\t<div class=\"e-con-inner\">\n\t\t<div class=\"elementor-element elementor-element-ca16960 e-con-full e-flex e-con e-child\" data-id=\"ca16960\" data-element_type=\"container\" data-e-type=\"container\">\n\t\t\t\t<div class=\"elementor-element elementor-element-cf7ded8 elementor-widget elementor-widget-image\" data-id=\"cf7ded8\" data-element_type=\"widget\" data-e-type=\"widget\" data-widget_type=\"image.default\">\n\t\t\t\t<div class=\"elementor-widget-container\">\n\t\t\t\t\t\t\t\t\t\t\t\t\t\t\t<img fetchpriority=\"high\" decoding=\"async\" width=\"640\" height=\"853\" src=\"https:\/\/daudt.com.br\/geb\/wp-content\/uploads\/2024\/10\/1-768x1024.jpg\" class=\"attachment-medium_large size-medium_large wp-image-2090\" alt=\"\" srcset=\"https:\/\/daudt.com.br\/geb\/wp-content\/uploads\/2024\/10\/1-768x1024.jpg 768w, https:\/\/daudt.com.br\/geb\/wp-content\/uploads\/2024\/10\/1-225x300.jpg 225w, https:\/\/daudt.com.br\/geb\/wp-content\/uploads\/2024\/10\/1-1152x1536.jpg 1152w, https:\/\/daudt.com.br\/geb\/wp-content\/uploads\/2024\/10\/1-1536x2048.jpg 1536w, https:\/\/daudt.com.br\/geb\/wp-content\/uploads\/2024\/10\/1-scaled.jpg 1920w\" sizes=\"(max-width: 640px) 100vw, 640px\" \/>\t\t\t\t\t\t\t\t\t\t\t\t\t\t\t<\/div>\n\t\t\t\t<\/div>\n\t\t\t\t<\/div>\n\t\t<div class=\"elementor-element elementor-element-117c818 e-con-full e-flex e-con e-child\" data-id=\"117c818\" data-element_type=\"container\" data-e-type=\"container\">\n\t\t\t\t<div class=\"elementor-element elementor-element-ae9965b elementor-widget elementor-widget-text-editor\" data-id=\"ae9965b\" data-element_type=\"widget\" data-e-type=\"widget\" data-widget_type=\"text-editor.default\">\n\t\t\t\t<div class=\"elementor-widget-container\">\n\t\t\t\t\t\t\t\t\t<p>O Centro de Educac\u0327a\u0303o Infantil Batui\u0301ra desenvolve atividades educacionais de segunda a sexta, das 7h30 a\u0300s 17h30. Fundada em 3 de outubro de 1984, a creche vem contribuindo para a construc\u0327a\u0303o da identidade social e cultural das crianc\u0327as de Vila Brasila\u0302ndia. Nos primeiros 25 anos, atendeu crianc\u0327as de 2 a 6 anos e 11 meses. Desde 2011, passou a atender as da faixa entre 2 e 4 anos, a chamada PRE\u0301\/INFANTIL UNIFICADO, que encaminha para a rede de ensino municipal.<\/p><p>Nossa missa\u0303o \u00e9: Educar e Cuidar, alimentando Virtudes, numa ac\u0327a\u0303o complementar a\u0300s fami\u0301lias, proporcionando a\u0300s crian\u00e7as educac\u0327a\u0303o, protec\u0327a\u0303o, seguranc\u0327a, alimentac\u0327a\u0303o, cultura, sau\u0301de e lazer, com vistas a\u0300 inserc\u0327a\u0303o, prevenc\u0327a\u0303o, promoc\u0327a\u0303o e protec\u0327a\u0303o a\u0300 infa\u0302ncia, atrave\u0301s de atividades planejadas, de forma continuada e totalmente gratuita.<\/p><p>Desde agosto de 1985, o CEI Batu\u00edra mant\u00e9m conve\u0302nio com a Secretaria Municipal da Educac\u0327a\u0303o de Sa\u0303o Paulo \u2013 SME\/DRE-FB, que subsidia 100% dos custos de manutenc\u0327a\u0303o, atendendo atualmente 142 crian\u00e7as.<\/p><p>Adotamos como eixo orientador de nosso trabalho conceitos retirados do \u201c Plano proposto para a melhoria da Educac\u0327a\u0303o Pu\u0301blica\u201d, redigido, em 1828, por Hippolyte L\u00e9on\u00a0Denizard Rivail ( Allan Kardec \/ 1804-1869 ). Rivail era Diretor da escola da Academia de Paris e disci\u0301pulo de Pestalozzi (1746- 1827) , considerado o maior pedagogo na transic\u0327a\u0303o dos se\u0301culos XVIII &#8211; XIX.<\/p>\t\t\t\t\t\t\t\t<\/div>\n\t\t\t\t<\/div>\n\t\t\t\t<\/div>\n\t\t\t\t\t<\/div>\n\t\t\t\t<\/div>\n\t\t<div class=\"elementor-element elementor-element-a8ccf1a e-flex e-con-boxed e-con e-parent\" data-id=\"a8ccf1a\" data-element_type=\"container\" data-e-type=\"container\">\n\t\t\t\t\t<div class=\"e-con-inner\">\n\t\t\t\t<div class=\"elementor-element elementor-element-37fd963 elementor-widget elementor-widget-text-editor\" data-id=\"37fd963\" data-element_type=\"widget\" data-e-type=\"widget\" data-widget_type=\"text-editor.default\">\n\t\t\t\t<div class=\"elementor-widget-container\">\n\t\t\t\t\t\t\t\t\t<blockquote>\n<p><em>\u201cA Educac\u0327a\u0303o e\u0301 a arte de formar os homens; isto e\u0301, a arte de fazer eclodir neles os germes da virtude e abafar os do vi\u0301cio; de desenvolver sua intelige\u0302ncia e lhes dar instruc\u0327a\u0303o pro\u0301pria a\u0300s suas necessidades; enfim de formar o corpo e de lhe dar forc\u0327a e sau\u0301de. Numa palavra, a meta de educac\u0327a\u0303o consiste no desenvolvimento simulta\u0302neo das faculdades morais, fi\u0301sicas e intelectuais.&#8221;<\/em> (Textos Pedago\u0301gicos, pa\u0301g.15, da 2a edic\u0327a\u0303o, dezembro 1999, Editora Comenius)<\/p>\n<\/blockquote>\t\t\t\t\t\t\t\t<\/div>\n\t\t\t\t<\/div>\n\t\t\t\t<div class=\"elementor-element elementor-element-82cd9da elementor-widget elementor-widget-heading\" data-id=\"82cd9da\" data-element_type=\"widget\" data-e-type=\"widget\" data-widget_type=\"heading.default\">\n\t\t\t\t<div class=\"elementor-widget-container\">\n\t\t\t\t\t<h3 class=\"elementor-heading-title elementor-size-default\">Vamos continuar transportando crianc\u0327as... para o futuro!<\/h3>\t\t\t\t<\/div>\n\t\t\t\t<\/div>\n\t\t\t\t<div class=\"elementor-element elementor-element-34109e4 elementor-widget elementor-widget-text-editor\" data-id=\"34109e4\" data-element_type=\"widget\" data-e-type=\"widget\" data-widget_type=\"text-editor.default\">\n\t\t\t\t<div class=\"elementor-widget-container\">\n\t\t\t\t\t\t\t\t\t<p>A frase acima, slogan da nossa escola, refere-se ao maior objetivo do CEI Batui\u0301ra: conduzir as crian\u00e7as na presente vida a novas oportunidades de conhecimento e vive\u0302ncias, tomando como base o projeto de evolu\u00e7\u00e3o ensinado pela Doutrina Espi\u0301rita.<\/p>\t\t\t\t\t\t\t\t<\/div>\n\t\t\t\t<\/div>\n\t\t\t\t\t<\/div>\n\t\t\t\t<\/div>\n\t\t<div class=\"elementor-element elementor-element-9a85467 e-flex e-con-boxed e-con e-parent\" data-id=\"9a85467\" data-element_type=\"container\" data-e-type=\"container\">\n\t\t\t\t\t<div class=\"e-con-inner\">\n\t\t<div class=\"elementor-element elementor-element-caf96c3 e-con-full e-flex e-con e-child\" data-id=\"caf96c3\" data-element_type=\"container\" data-e-type=\"container\">\n\t\t\t\t<div class=\"elementor-element elementor-element-4ad4fe2 elementor-widget elementor-widget-image\" data-id=\"4ad4fe2\" data-element_type=\"widget\" data-e-type=\"widget\" data-widget_type=\"image.default\">\n\t\t\t\t<div class=\"elementor-widget-container\">\n\t\t\t\t\t\t\t\t\t\t\t\t\t\t\t<img decoding=\"async\" width=\"230\" height=\"150\" src=\"https:\/\/daudt.com.br\/geb\/wp-content\/uploads\/2024\/10\/CEI_caminhao.jpeg\" class=\"attachment-full size-full wp-image-1866\" alt=\"\" \/>\t\t\t\t\t\t\t\t\t\t\t\t\t\t\t<\/div>\n\t\t\t\t<\/div>\n\t\t\t\t<\/div>\n\t\t<div class=\"elementor-element elementor-element-1ee9869 e-con-full e-flex e-con e-child\" data-id=\"1ee9869\" data-element_type=\"container\" data-e-type=\"container\">\n\t\t\t\t<div class=\"elementor-element elementor-element-ffd148b elementor-widget elementor-widget-text-editor\" data-id=\"ffd148b\" data-element_type=\"widget\" data-e-type=\"widget\" data-widget_type=\"text-editor.default\">\n\t\t\t\t<div class=\"elementor-widget-container\">\n\t\t\t\t\t\t\t\t\t<p>Em O Evangelho Segundo o Espiritismo, Allan Kardec afirma: <em>\u201cA crianc\u0327a e\u0301 o Espi\u0301rito eterno que reinicia sua aprendizagem no mundo, trazendo consigo ao renascer uma bagagem de experie\u0302ncias multimilena\u0301rias, ao mesmo tempo, carregando consigo o germe da perfeic\u0327a\u0303o. Seu objetivo e\u0301 evoluir, desenvolver suas potencialidades interiores, o germe da perfeic\u0327a\u0303o que carrega em si mesma, como heranc\u0327a divina\u201d<\/em>.<\/p><p>Para que a ideia ganhasse uma imagem, recorremos \u00e0 imagina\u00e7\u00e3o de nossas crian\u00e7as. \u00c9 delas o tra\u00e7o do caminh\u00e3o desenhado para a Mostra Pedago\u0301gica de 2009.<\/p>\t\t\t\t\t\t\t\t<\/div>\n\t\t\t\t<\/div>\n\t\t\t\t<\/div>\n\t\t\t\t\t<\/div>\n\t\t\t\t<\/div>\n\t\t<div class=\"elementor-element elementor-element-924dddd e-flex e-con-boxed e-con e-parent\" data-id=\"924dddd\" data-element_type=\"container\" data-e-type=\"container\">\n\t\t\t\t\t<div class=\"e-con-inner\">\n\t\t\t\t<div class=\"elementor-element elementor-element-3d90a4c elementor-widget elementor-widget-heading\" data-id=\"3d90a4c\" data-element_type=\"widget\" data-e-type=\"widget\" data-widget_type=\"heading.default\">\n\t\t\t\t<div class=\"elementor-widget-container\">\n\t\t\t\t\t<h3 class=\"elementor-heading-title elementor-size-default\">Atividades dia\u0301rias<\/h3>\t\t\t\t<\/div>\n\t\t\t\t<\/div>\n\t\t\t\t<div class=\"elementor-element elementor-element-e0f1954 elementor-widget elementor-widget-text-editor\" data-id=\"e0f1954\" data-element_type=\"widget\" data-e-type=\"widget\" data-widget_type=\"text-editor.default\">\n\t\t\t\t<div class=\"elementor-widget-container\">\n\t\t\t\t\t\t\t\t\t<p>As crianc\u0327as recebem 5 refeic\u0327o\u0303es ( cafe\u0301 da manha\u0303, almoc\u0327o, jantar e lanches). Todas s\u00e3o ensinadas sobre h\u00e1bitos de higiene das ma\u0303os e do rosto, e escovac\u0327a\u0303o dental. Quando necessa\u0301rio, e\u0301 oferecido banho completo, com troca de roupa.<\/p>\n<p>As atividades pedago\u0301gicas obedecem ao Referencial Curricular Nacional, do Ministe\u0301rio da Educac\u0327a\u0303o, que define os conteu\u0301dos e objetivos para o desenvolvimento integral das identidades das crianc\u0327as, a ser alcanc\u0327ado atrave\u0301s do trabalho em diversos eixos educativos nos a\u0302mbitos de: Conhecimento de Mundo \/ Formac\u0327a\u0303o pessoal e social e Sau\u0301de. Todas as atividades pedago\u0301gicas combinam o Brincar e o Aprender, com uso de brinquedos, histo\u0301rias, fantasia, teatro, desenho, massinha e artes em geral. Espac\u0327os pedago\u0301gicos especi\u0301ficos como Cantinho de Leitura e Sala de Artes, aumentam as oportunidades educativas para as crianc\u0327as.<\/p>\n<p>Quanto ao eixo educativo do Movimento, sa\u0303o programados jogos ao ar livre e brincadeiras orientadas e \/ou livres no playground .<\/p>\n<p>As crianc\u0327as sa\u0303o divididas em 6 salas, e recebem atividades pedago\u0301gicas segundo seu ni\u0301vel de maturidade mental, fi\u0301sico e emocional.<\/p>\t\t\t\t\t\t\t\t<\/div>\n\t\t\t\t<\/div>\n\t\t\t\t<div class=\"elementor-element elementor-element-89bb76a elementor-widget elementor-widget-heading\" data-id=\"89bb76a\" data-element_type=\"widget\" data-e-type=\"widget\" data-widget_type=\"heading.default\">\n\t\t\t\t<div class=\"elementor-widget-container\">\n\t\t\t\t\t<h3 class=\"elementor-heading-title elementor-size-default\">Equipe de Trabalho<\/h3>\t\t\t\t<\/div>\n\t\t\t\t<\/div>\n\t\t\t\t<div class=\"elementor-element elementor-element-6a20520 elementor-widget elementor-widget-text-editor\" data-id=\"6a20520\" data-element_type=\"widget\" data-e-type=\"widget\" data-widget_type=\"text-editor.default\">\n\t\t\t\t<div class=\"elementor-widget-container\">\n\t\t\t\t\t\t\t\t\t<p>A equipe do CEI Batui\u0301ra e\u0301 composta de 19 funciona\u0301rios, entre Diretora, Coordenadora Pedago\u0301gica, professoras, ale\u0301m das equipes de Higiene e Alimentac\u0327a\u0303o.<\/p>\n<p>Na a\u0301rea de Sau\u0301de, contamos com uma 1 me\u0301dica pediatra volunta\u0301ria, que garante um atendimento ao longo do ano.<\/p>\n<p>Responsa\u0301veis (Organograma do CEI Batui\u0301ra):<\/p>\n<ul>\n<li>Diretora: Sandra Maria Ramos<\/li>\n<li>Coordenadora Pedago\u0301gica: Iara Mendes da Silva<\/li>\n<\/ul>\n<p>Corpo de Educadores:<\/p>\n<ul>\n<li>8 Professoras<\/li>\n<li>1 Auxiliar de Sala<\/li>\n<li>1 Assistente da Diretora<\/li>\n<li>1 Cozinheira<\/li>\n<li>3 Auxiliares de Cozinha<\/li>\n<li>3 Auxiliares de Limpeza<\/li>\n<\/ul>\n<p>Contratos de servic\u0327os:<\/p>\n<ul>\n<li>1 Nutricionista: Caliane Novaes de Souza<\/li>\n<li>Manutenc\u0327a\u0303o\/pequenas reformas: diversos profissionais auto\u0302nomos<\/li>\n<\/ul>\n<p>Grupo de Gesta\u0303o do CEI Batui\u0301ra (no Organograma da entidade GEB \/ todos volunt\u00e1rios):<\/p>\n<ul>\n<li>Diretora estatuta\u0301ria: Sonia Judite Lopes (mandato de 21\/03\/2024 a 20\/03\/2027)<\/li>\n<li>Elena Roquette (Nutric\u0327a\u0303o, Higiene e Sau\u0301de)<\/li>\n<li>Sandra Lu\u0301cia Salvitti (A\u0301rea Pedago\u0301gica)<\/li>\n<li>Ronaldo Martins Lopes (Gesta\u0303o de Financ\u0327as do Conve\u0302nio com PMSP\/SME\/DRE-FB)<\/li>\n<\/ul>\n<p>Atividades desenvolvidas em parceria por funciona\u0301rios CLT da Entidade GEB:<\/p>\n<ul>\n<li>Fernanda Kloppel: Recursos Humanos (selec\u0327a\u0303o, captac\u0327a\u0303o de recursos), programac\u0327a\u0303o de pagamentos na conta corrente do CEI no Banco do Brasil e prestac\u0327a\u0303o de contas SIGEP do CEI junto a\u0300 DRE-FB<\/li>\n<li>Portaria 24 horas nas unidades do GEB em Brasila\u0302ndia<\/li>\n<\/ul>\t\t\t\t\t\t\t\t<\/div>\n\t\t\t\t<\/div>\n\t\t\t\t<div class=\"elementor-element elementor-element-22aa96b elementor-widget elementor-widget-heading\" data-id=\"22aa96b\" data-element_type=\"widget\" data-e-type=\"widget\" data-widget_type=\"heading.default\">\n\t\t\t\t<div class=\"elementor-widget-container\">\n\t\t\t\t\t<h3 class=\"elementor-heading-title elementor-size-default\">Uma histo\u0301ria feliz que comec\u0327ou em 1984<\/h3>\t\t\t\t<\/div>\n\t\t\t\t<\/div>\n\t\t\t\t<div class=\"elementor-element elementor-element-deb767d elementor-widget elementor-widget-text-editor\" data-id=\"deb767d\" data-element_type=\"widget\" data-e-type=\"widget\" data-widget_type=\"text-editor.default\">\n\t\t\t\t<div class=\"elementor-widget-container\">\n\t\t\t\t\t\t\t\t\t<p>A fundac\u0327a\u0303o da Creche Batui\u0301ra, em homenagem Antonio Gonc\u0327alves da Silva, Batui\u0301ra, se deu no dia 3 de outubro de 1984, quando se comemora o nascimento de Allan Kardec.<\/p>\n<p>Meses antes, por sugest\u00e3o do enta\u0303o vice-presidente Sr. Douglas Musset Bellini, em 08\/05\/1984, a Diretoria do Grupo Espi\u0301rita Batui\u0301ra aprovou a criac\u0327a\u0303o de uma Comissa\u0303o Pro\u0301-Creche para estudar sua implantac\u0327a\u0303o, na Unidade Assistencial de Vila Brasila\u0302ndia.<\/p>\n<p>A comissa\u0303o, formada pelos casais Orlando e Aldina, Marco Antonio e Cristina, Hermo\u0301genes e Diva, Nabor e Vale\u0301ria, Ronaldo e Sonia, sob o comando de Douglas, visitou 3 creches, de diferentes estruturas, para colher informa\u00e7\u00f5es e estabelecer o projeto de implantac\u0327a\u0303o.<\/p>\n<p>Desde enta\u0303o a creche ocupa o 1\u00b0 andar do pre\u0301dio principal de nossa unidade em Vila Brasila\u0302ndia, ale\u0301m de 2 a\u0301reas externas, descobertas, de playground, totalizando cerca de 800 m2 no total. Na inaugurac\u0327a\u0303o, t\u00ednhamos somente duas crianc\u0327as, um me\u0302s depois j\u00e1 eram 24, chegando a 40 gra\u00e7as ao conve\u0302nio assinado com a Prefeitura de Sa\u0303o Paulo em 12\/08\/1985, e renovado a cada 3 anos.<\/p>\n<p>Em 2024, quando Grupo Espi\u0301rita Batui\u0301ra completa 60 anos de fundac\u0327a\u0303o, o CEI Batu\u00edra, comemora 40 anos de atividades, com atendimento em 4 d\u00e9cadas a 2.500 crianc\u0327as.<\/p>\t\t\t\t\t\t\t\t<\/div>\n\t\t\t\t<\/div>\n\t\t\t\t<div class=\"elementor-element elementor-element-ef65262 elementor-widget elementor-widget-text-editor\" data-id=\"ef65262\" data-element_type=\"widget\" data-e-type=\"widget\" data-widget_type=\"text-editor.default\">\n\t\t\t\t<div class=\"elementor-widget-container\">\n\t\t\t\t\t\t\t\t\t<p>\u00a0 <img decoding=\"async\" class=\"alignnone wp-image-378 size-medium\" src=\"https:\/\/daudt.com.br\/geb\/wp-content\/uploads\/2024\/04\/cropped-logo_transparente-300x115.png\" alt=\"\" width=\"300\" height=\"115\" srcset=\"https:\/\/daudt.com.br\/geb\/wp-content\/uploads\/2024\/04\/cropped-logo_transparente-300x115.png 300w, https:\/\/daudt.com.br\/geb\/wp-content\/uploads\/2024\/04\/cropped-logo_transparente-1024x394.png 1024w, https:\/\/daudt.com.br\/geb\/wp-content\/uploads\/2024\/04\/cropped-logo_transparente-768x295.png 768w, https:\/\/daudt.com.br\/geb\/wp-content\/uploads\/2024\/04\/cropped-logo_transparente.png 1223w\" sizes=\"(max-width: 300px) 100vw, 300px\" \/><\/p>\n<p><img loading=\"lazy\" decoding=\"async\" class=\"alignnone wp-image-1042\" src=\"https:\/\/daudt.com.br\/geb\/wp-content\/uploads\/2024\/10\/Logo-CEI-B-276x300.jpeg\" alt=\"\" width=\"200\" height=\"217\" srcset=\"https:\/\/daudt.com.br\/geb\/wp-content\/uploads\/2024\/10\/Logo-CEI-B-276x300.jpeg 276w, https:\/\/daudt.com.br\/geb\/wp-content\/uploads\/2024\/10\/Logo-CEI-B-943x1024.jpeg 943w, https:\/\/daudt.com.br\/geb\/wp-content\/uploads\/2024\/10\/Logo-CEI-B-768x834.jpeg 768w, https:\/\/daudt.com.br\/geb\/wp-content\/uploads\/2024\/10\/Logo-CEI-B.jpeg 1170w\" sizes=\"(max-width: 200px) 100vw, 200px\" \/><\/p>\n<p>Conveniados desde agosto\/1985 com:<\/p>\n<p>\u00a0 \u00a0 \u00a0 \u00a0 \u00a0<img loading=\"lazy\" decoding=\"async\" class=\"alignnone wp-image-1880\" src=\"https:\/\/daudt.com.br\/geb\/wp-content\/uploads\/2024\/10\/logo_prefeitura_SP.jpeg\" alt=\"\" width=\"140\" height=\"108\" \/><\/p>\n<p>\u00a0<\/p>\n<p><strong>Grupo Espi\u0301rita Batui\u0301ra<\/strong><br \/><strong>Filial 02: Centro de Educac\u0327a\u0303o Infantil Batui\u0301ra \/ CNPJ 61.989.000\/0002-31<\/strong><br \/>Rua Jorge Pires Ramalho, no 70 &#8211; Brasila\u0302ndia \u2013 Sa\u0303o Paulo &#8211; CEP 02.846-190<br \/>Fone Contato oficial: Telefone: 3925-6851 \/ Celular :96779-01077<br \/>E-mail: <a href=\"mailto:ceibatuira@geb.org.br\">ceibatuira@geb.org.br<\/a><\/p>\t\t\t\t\t\t\t\t<\/div>\n\t\t\t\t<\/div>\n\t\t\t\t\t<\/div>\n\t\t\t\t<\/div>\n\t\t\t\t<\/div>\n\t\t","protected":false},"excerpt":{"rendered":"<p>O Centro de Educac\u0327a\u0303o Infantil Batui\u0301ra desenvolve atividades educacionais de segunda a sexta, das 7h30 a\u0300s 17h30. Fundada em 3 de outubro de 1984, a creche vem contribuindo para a construc\u0327a\u0303o da identidade social e cultural das crianc\u0327as de Vila Brasila\u0302ndia. Nos primeiros 25 anos, atendeu crianc\u0327as de 2 a 6 anos e 11 meses. [&hellip;]<\/p>\n","protected":false},"author":1,"featured_media":0,"parent":0,"menu_order":0,"comment_status":"closed","ping_status":"closed","template":"","meta":{"footnotes":""},"class_list":["post-609","page","type-page","status-publish","hentry"],"_links":{"self":[{"href":"https:\/\/daudt.com.br\/geb\/wp-json\/wp\/v2\/pages\/609","targetHints":{"allow":["GET"]}}],"collection":[{"href":"https:\/\/daudt.com.br\/geb\/wp-json\/wp\/v2\/pages"}],"about":[{"href":"https:\/\/daudt.com.br\/geb\/wp-json\/wp\/v2\/types\/page"}],"author":[{"embeddable":true,"href":"https:\/\/daudt.com.br\/geb\/wp-json\/wp\/v2\/users\/1"}],"replies":[{"embeddable":true,"href":"https:\/\/daudt.com.br\/geb\/wp-json\/wp\/v2\/comments?post=609"}],"version-history":[{"count":95,"href":"https:\/\/daudt.com.br\/geb\/wp-json\/wp\/v2\/pages\/609\/revisions"}],"predecessor-version":[{"id":2130,"href":"https:\/\/daudt.com.br\/geb\/wp-json\/wp\/v2\/pages\/609\/revisions\/2130"}],"wp:attachment":[{"href":"https:\/\/daudt.com.br\/geb\/wp-json\/wp\/v2\/media?parent=609"}],"curies":[{"name":"wp","href":"https:\/\/api.w.org\/{rel}","templated":true}]}}