{"id":607,"date":"2024-06-18T14:12:09","date_gmt":"2024-06-18T17:12:09","guid":{"rendered":"https:\/\/daudt.com.br\/geb\/?page_id=607"},"modified":"2024-10-17T23:26:00","modified_gmt":"2024-10-18T02:26:00","slug":"lar-transitorio","status":"publish","type":"page","link":"https:\/\/daudt.com.br\/geb\/lar-transitorio\/","title":{"rendered":"Lar Transit\u00f3rio"},"content":{"rendered":"\t\t<div data-elementor-type=\"wp-page\" data-elementor-id=\"607\" class=\"elementor elementor-607\">\n\t\t\t\t\t\t<section class=\"elementor-section elementor-top-section elementor-element elementor-element-790d809 elementor-section-boxed elementor-section-height-default elementor-section-height-default\" data-id=\"790d809\" data-element_type=\"section\" data-e-type=\"section\">\n\t\t\t\t\t\t<div class=\"elementor-container elementor-column-gap-default\">\n\t\t\t\t\t<div class=\"elementor-column elementor-col-66 elementor-top-column elementor-element elementor-element-2781d0e\" data-id=\"2781d0e\" data-element_type=\"column\" data-e-type=\"column\">\n\t\t\t<div class=\"elementor-widget-wrap elementor-element-populated\">\n\t\t\t\t\t\t<div class=\"elementor-element elementor-element-63b94d1 elementor-widget elementor-widget-text-editor\" data-id=\"63b94d1\" data-element_type=\"widget\" data-e-type=\"widget\" data-widget_type=\"text-editor.default\">\n\t\t\t\t<div class=\"elementor-widget-container\">\n\t\t\t\t\t\t\t\t\t<p><strong>Fundada em 2002, a Casa de Cuidados Lar Transit\u00f3rio Batu\u00edra atende homens em situa\u00e7\u00e3o de vulnerabilidade social, que ap\u00f3s submetidos a cirurgias hospitalares, necessitam de cuidados para se recuperarem.<\/strong><\/p>\n<p>O Lar Transit\u00f3rio tem uma linda e inspiradora hist\u00f3ria, que come\u00e7a muito antes da coloca\u00e7\u00e3o do primeiro tijolo. Pensada e arquitetada no plano espiritual.<\/p>\n<p><!-- \/wp:paragraph --><!-- wp:paragraph --><\/p>\n<p>Os treze leitos dispon\u00edveis recebem assistidos que n\u00e3o t\u00eam onde passar o per\u00edodo de convalescen\u00e7a, quando saem do hospital.<\/p>\n<p><!-- \/wp:paragraph --><!-- wp:paragraph --><\/p>\n<p><!-- \/wp:paragraph --><!-- wp:paragraph --><\/p>\t\t\t\t\t\t\t\t<\/div>\n\t\t\t\t<\/div>\n\t\t\t\t\t<\/div>\n\t\t<\/div>\n\t\t\t\t<div class=\"elementor-column elementor-col-33 elementor-top-column elementor-element elementor-element-323fa67\" data-id=\"323fa67\" data-element_type=\"column\" data-e-type=\"column\">\n\t\t\t<div class=\"elementor-widget-wrap elementor-element-populated\">\n\t\t\t\t\t\t<div class=\"elementor-element elementor-element-c91e031 elementor-widget elementor-widget-image\" data-id=\"c91e031\" data-element_type=\"widget\" data-e-type=\"widget\" data-widget_type=\"image.default\">\n\t\t\t\t<div class=\"elementor-widget-container\">\n\t\t\t\t\t\t\t\t\t\t\t\t\t\t\t<img fetchpriority=\"high\" decoding=\"async\" width=\"400\" height=\"266\" src=\"https:\/\/daudt.com.br\/geb\/wp-content\/uploads\/2024\/06\/7aa0940e-a6e2-49ab-b40e-d64829d780c9.jpeg\" class=\"attachment-large size-large wp-image-459\" alt=\"\" srcset=\"https:\/\/daudt.com.br\/geb\/wp-content\/uploads\/2024\/06\/7aa0940e-a6e2-49ab-b40e-d64829d780c9.jpeg 400w, https:\/\/daudt.com.br\/geb\/wp-content\/uploads\/2024\/06\/7aa0940e-a6e2-49ab-b40e-d64829d780c9-300x200.jpeg 300w\" sizes=\"(max-width: 400px) 100vw, 400px\" \/>\t\t\t\t\t\t\t\t\t\t\t\t\t\t\t<\/div>\n\t\t\t\t<\/div>\n\t\t\t\t\t<\/div>\n\t\t<\/div>\n\t\t\t\t\t<\/div>\n\t\t<\/section>\n\t\t<div class=\"elementor-element elementor-element-f9603fa e-flex e-con-boxed e-con e-parent\" data-id=\"f9603fa\" data-element_type=\"container\" data-e-type=\"container\">\n\t\t\t\t\t<div class=\"e-con-inner\">\n\t\t<div class=\"elementor-element elementor-element-f2ccf33 e-con-full e-flex e-con e-child\" data-id=\"f2ccf33\" data-element_type=\"container\" data-e-type=\"container\">\n\t\t\t\t<div class=\"elementor-element elementor-element-409418d elementor-widget elementor-widget-image\" data-id=\"409418d\" data-element_type=\"widget\" data-e-type=\"widget\" data-widget_type=\"image.default\">\n\t\t\t\t<div class=\"elementor-widget-container\">\n\t\t\t\t\t\t\t\t\t\t\t\t\t\t\t<img decoding=\"async\" width=\"225\" height=\"300\" src=\"https:\/\/daudt.com.br\/geb\/wp-content\/uploads\/2024\/10\/Artesanato-no-Lar-Transitorio--225x300.jpg\" class=\"attachment-medium size-medium wp-image-1990\" alt=\"\" srcset=\"https:\/\/daudt.com.br\/geb\/wp-content\/uploads\/2024\/10\/Artesanato-no-Lar-Transitorio--225x300.jpg 225w, https:\/\/daudt.com.br\/geb\/wp-content\/uploads\/2024\/10\/Artesanato-no-Lar-Transitorio-.jpg 768w\" sizes=\"(max-width: 225px) 100vw, 225px\" \/>\t\t\t\t\t\t\t\t\t\t\t\t\t\t\t<\/div>\n\t\t\t\t<\/div>\n\t\t\t\t<\/div>\n\t\t<div class=\"elementor-element elementor-element-be827f6 e-con-full e-flex e-con e-child\" data-id=\"be827f6\" data-element_type=\"container\" data-e-type=\"container\">\n\t\t\t\t<div class=\"elementor-element elementor-element-5e0d442 elementor-widget elementor-widget-text-editor\" data-id=\"5e0d442\" data-element_type=\"widget\" data-e-type=\"widget\" data-widget_type=\"text-editor.default\">\n\t\t\t\t<div class=\"elementor-widget-container\">\n\t\t\t\t\t\t\t\t\t<p>Quando chegam \u00e0 Casa, os assistidos recebem um kit de higiene, com sabonete, desodorante, creme, escova e fio dental, a fim de resgatar h\u00e1bitos saud\u00e1veis desprezados pela crueza das ruas, agravada muitas vezes pelo v\u00edcio em \u00e1lcool e, principalmente, em drogas, como o crack.<\/p>\n<p>S\u00e3o vistos sob um olhar global. Recebem, al\u00e9m dos cuidados f\u00edsicos, acompanhamento psicol\u00f3gico, jur\u00eddico e social. Assim, quando deixam a unidade, t\u00eam maior preparo para enfrentar a vida aqui fora outra vez. \u00a0Al\u00e9m disso, s\u00e3o beneficiados pelos trabalhos espirituais desenvolvidos pela Casa, como a fluidoterapia e as sess\u00f5es de desobsess\u00e3o.<\/p>\t\t\t\t\t\t\t\t<\/div>\n\t\t\t\t<\/div>\n\t\t\t\t<\/div>\n\t\t\t\t\t<\/div>\n\t\t\t\t<\/div>\n\t\t\t\t<section class=\"elementor-section elementor-top-section elementor-element elementor-element-6f241c9 elementor-section-boxed elementor-section-height-default elementor-section-height-default\" data-id=\"6f241c9\" data-element_type=\"section\" data-e-type=\"section\">\n\t\t\t\t\t\t<div class=\"elementor-container elementor-column-gap-default\">\n\t\t\t\t\t<div class=\"elementor-column elementor-col-100 elementor-top-column elementor-element elementor-element-1be6d9d\" data-id=\"1be6d9d\" data-element_type=\"column\" data-e-type=\"column\">\n\t\t\t<div class=\"elementor-widget-wrap elementor-element-populated\">\n\t\t\t\t\t\t<div class=\"elementor-element elementor-element-bab2bf0 elementor-widget elementor-widget-heading\" data-id=\"bab2bf0\" data-element_type=\"widget\" data-e-type=\"widget\" data-widget_type=\"heading.default\">\n\t\t\t\t<div class=\"elementor-widget-container\">\n\t\t\t\t\t<h2 class=\"elementor-heading-title elementor-size-default\">Uma linda hist\u00f3ria<\/h2>\t\t\t\t<\/div>\n\t\t\t\t<\/div>\n\t\t\t\t<div class=\"elementor-element elementor-element-59b593c elementor-widget elementor-widget-text-editor\" data-id=\"59b593c\" data-element_type=\"widget\" data-e-type=\"widget\" data-widget_type=\"text-editor.default\">\n\t\t\t\t<div class=\"elementor-widget-container\">\n\t\t\t\t\t\t\t\t\t<p>Quando Chico Xavier orientou Spartaco Ghilardi, principal fundador do Grupo Esp\u00edrita Batu\u00edra, sobre a cria\u00e7\u00e3o da casa esp\u00edrita, tendo Batu\u00edra como patrono, indicou tamb\u00e9m que deveria ser erguida uma unidade assistencial para atendimento aos pobres e necessitados.<\/p>\n<p><!-- \/wp:paragraph --><!-- wp:paragraph --><\/p>\n<p>Assim, foi plantada a semente do Lar Transit\u00f3rio, que floresceria com a ajuda material de v\u00e1rias pessoas: uma doou o terreno, outras a m\u00e3o-de-obra e o material para constru\u00e7\u00e3o do pr\u00e9dio.\u00a0A cada conquista, o plano espiritual ia orientando e ajudando para uma nova vit\u00f3ria.<\/p>\n<p><!-- \/wp:paragraph --><!-- wp:paragraph --><\/p>\n<p>O Lar ficou pronto em seis meses, em 2002. Apenas quatro anos ap\u00f3s a sua funda\u00e7\u00e3o, o terreno ao lado foi adquirido pelo GEB, o que permitiu a amplia\u00e7\u00e3o das instala\u00e7\u00f5es e a oferta de mais leitos com mais conforto.<\/p>\n<p><!-- \/wp:paragraph --><!-- wp:heading --><\/p>\t\t\t\t\t\t\t\t<\/div>\n\t\t\t\t<\/div>\n\t\t\t\t\t<\/div>\n\t\t<\/div>\n\t\t\t\t\t<\/div>\n\t\t<\/section>\n\t\t\t\t<section class=\"elementor-section elementor-top-section elementor-element elementor-element-608cc0e elementor-section-boxed elementor-section-height-default elementor-section-height-default\" data-id=\"608cc0e\" data-element_type=\"section\" data-e-type=\"section\">\n\t\t\t\t\t\t<div class=\"elementor-container elementor-column-gap-default\">\n\t\t\t\t\t<div class=\"elementor-column elementor-col-100 elementor-top-column elementor-element elementor-element-27b5227\" data-id=\"27b5227\" data-element_type=\"column\" data-e-type=\"column\">\n\t\t\t<div class=\"elementor-widget-wrap elementor-element-populated\">\n\t\t\t\t\t\t<div class=\"elementor-element elementor-element-b255044 elementor-widget elementor-widget-heading\" data-id=\"b255044\" data-element_type=\"widget\" data-e-type=\"widget\" data-widget_type=\"heading.default\">\n\t\t\t\t<div class=\"elementor-widget-container\">\n\t\t\t\t\t<h2 class=\"elementor-heading-title elementor-size-default\">Reinser\u00e7\u00e3o social<\/h2>\t\t\t\t<\/div>\n\t\t\t\t<\/div>\n\t\t\t\t\t<\/div>\n\t\t<\/div>\n\t\t\t\t\t<\/div>\n\t\t<\/section>\n\t\t<div class=\"elementor-element elementor-element-a016a3f e-flex e-con-boxed e-con e-parent\" data-id=\"a016a3f\" data-element_type=\"container\" data-e-type=\"container\">\n\t\t\t\t\t<div class=\"e-con-inner\">\n\t\t<div class=\"elementor-element elementor-element-ad9bdd4 e-con-full e-flex e-con e-child\" data-id=\"ad9bdd4\" data-element_type=\"container\" data-e-type=\"container\">\n\t\t\t\t<div class=\"elementor-element elementor-element-fe1e96f elementor-widget__width-initial elementor-widget elementor-widget-text-editor\" data-id=\"fe1e96f\" data-element_type=\"widget\" data-e-type=\"widget\" data-widget_type=\"text-editor.default\">\n\t\t\t\t<div class=\"elementor-widget-container\">\n\t\t\t\t\t\t\t\t\t<p>A socializa\u00e7\u00e3o dos assistidos \u00e9 trabalhada diariamente por meio de v\u00e1rios tipos de terapias, que resgatam a autoestima, as lembran\u00e7as boas do passado, exercitam a paci\u00eancia, o perd\u00e3o, a criatividade. E ajudam a planejar um futuro melhor.<\/p>\n<p><!-- \/wp:paragraph --><!-- wp:paragraph --><\/p>\n<p>A Casa de Cuidados Lar Transit\u00f3rio, desde 2003, mant\u00e9m conv\u00eanio com a Prefeitura de S\u00e3o Paulo, atrav\u00e9s da Secretaria Municipal de Assist\u00eancia e Desenvolvimento Social. O contrato, que \u00e9 de fundamental ajuda, no entanto, cobre parcialmente os custos totais de opera\u00e7\u00e3o da unidade.<\/p>\t\t\t\t\t\t\t\t<\/div>\n\t\t\t\t<\/div>\n\t\t\t\t<\/div>\n\t\t<div class=\"elementor-element elementor-element-42bbfc9 e-con-full e-flex e-con e-child\" data-id=\"42bbfc9\" data-element_type=\"container\" data-e-type=\"container\">\n\t\t\t\t<div class=\"elementor-element elementor-element-7c30375 elementor-widget elementor-widget-image\" data-id=\"7c30375\" data-element_type=\"widget\" data-e-type=\"widget\" data-widget_type=\"image.default\">\n\t\t\t\t<div class=\"elementor-widget-container\">\n\t\t\t\t\t\t\t\t\t\t\t\t\t\t\t<img decoding=\"async\" width=\"225\" height=\"300\" src=\"https:\/\/daudt.com.br\/geb\/wp-content\/uploads\/2024\/10\/Assistido-lar-transitorio--225x300.jpg\" class=\"attachment-medium size-medium wp-image-1986\" alt=\"\" srcset=\"https:\/\/daudt.com.br\/geb\/wp-content\/uploads\/2024\/10\/Assistido-lar-transitorio--225x300.jpg 225w, https:\/\/daudt.com.br\/geb\/wp-content\/uploads\/2024\/10\/Assistido-lar-transitorio--768x1024.jpg 768w, https:\/\/daudt.com.br\/geb\/wp-content\/uploads\/2024\/10\/Assistido-lar-transitorio--1152x1536.jpg 1152w, https:\/\/daudt.com.br\/geb\/wp-content\/uploads\/2024\/10\/Assistido-lar-transitorio--1536x2048.jpg 1536w, https:\/\/daudt.com.br\/geb\/wp-content\/uploads\/2024\/10\/Assistido-lar-transitorio--scaled.jpg 1920w\" sizes=\"(max-width: 225px) 100vw, 225px\" \/>\t\t\t\t\t\t\t\t\t\t\t\t\t\t\t<\/div>\n\t\t\t\t<\/div>\n\t\t\t\t<\/div>\n\t\t\t\t\t<\/div>\n\t\t\t\t<\/div>\n\t\t\t\t<\/div>\n\t\t","protected":false},"excerpt":{"rendered":"<p>Fundada em 2002, a Casa de Cuidados Lar Transit\u00f3rio Batu\u00edra atende homens em situa\u00e7\u00e3o de vulnerabilidade social, que ap\u00f3s submetidos a cirurgias hospitalares, necessitam de cuidados para se recuperarem. O Lar Transit\u00f3rio tem uma linda e inspiradora hist\u00f3ria, que come\u00e7a muito antes da coloca\u00e7\u00e3o do primeiro tijolo. Pensada e arquitetada no plano espiritual. Os treze [&hellip;]<\/p>\n","protected":false},"author":1,"featured_media":0,"parent":0,"menu_order":0,"comment_status":"closed","ping_status":"closed","template":"","meta":{"footnotes":""},"class_list":["post-607","page","type-page","status-publish","hentry"],"_links":{"self":[{"href":"https:\/\/daudt.com.br\/geb\/wp-json\/wp\/v2\/pages\/607","targetHints":{"allow":["GET"]}}],"collection":[{"href":"https:\/\/daudt.com.br\/geb\/wp-json\/wp\/v2\/pages"}],"about":[{"href":"https:\/\/daudt.com.br\/geb\/wp-json\/wp\/v2\/types\/page"}],"author":[{"embeddable":true,"href":"https:\/\/daudt.com.br\/geb\/wp-json\/wp\/v2\/users\/1"}],"replies":[{"embeddable":true,"href":"https:\/\/daudt.com.br\/geb\/wp-json\/wp\/v2\/comments?post=607"}],"version-history":[{"count":48,"href":"https:\/\/daudt.com.br\/geb\/wp-json\/wp\/v2\/pages\/607\/revisions"}],"predecessor-version":[{"id":2160,"href":"https:\/\/daudt.com.br\/geb\/wp-json\/wp\/v2\/pages\/607\/revisions\/2160"}],"wp:attachment":[{"href":"https:\/\/daudt.com.br\/geb\/wp-json\/wp\/v2\/media?parent=607"}],"curies":[{"name":"wp","href":"https:\/\/api.w.org\/{rel}","templated":true}]}}