{"id":605,"date":"2024-06-18T14:10:09","date_gmt":"2024-06-18T17:10:09","guid":{"rendered":"https:\/\/daudt.com.br\/geb\/?page_id=605"},"modified":"2024-10-17T16:38:03","modified_gmt":"2024-10-17T19:38:03","slug":"espaco-apinages","status":"publish","type":"page","link":"https:\/\/daudt.com.br\/geb\/espaco-apinages\/","title":{"rendered":"Espa\u00e7o Apinag\u00e9s"},"content":{"rendered":"\t\t<div data-elementor-type=\"wp-page\" data-elementor-id=\"605\" class=\"elementor elementor-605\">\n\t\t\t\t\t\t<section class=\"elementor-section elementor-top-section elementor-element elementor-element-5f58dba0 elementor-section-boxed elementor-section-height-default elementor-section-height-default\" data-id=\"5f58dba0\" data-element_type=\"section\" data-e-type=\"section\">\n\t\t\t\t\t\t<div class=\"elementor-container elementor-column-gap-default\">\n\t\t\t\t\t<div class=\"elementor-column elementor-col-100 elementor-top-column elementor-element elementor-element-47b37c7d\" data-id=\"47b37c7d\" data-element_type=\"column\" data-e-type=\"column\">\n\t\t\t<div class=\"elementor-widget-wrap elementor-element-populated\">\n\t\t\t\t\t\t<div class=\"elementor-element elementor-element-72882cc6 elementor-widget elementor-widget-text-editor\" data-id=\"72882cc6\" data-element_type=\"widget\" data-e-type=\"widget\" data-widget_type=\"text-editor.default\">\n\t\t\t\t<div class=\"elementor-widget-container\">\n\t\t\t\t\t\t\t\t\t\n<p><img fetchpriority=\"high\" decoding=\"async\" class=\"alignright wp-image-458 size-full\" src=\"https:\/\/daudt.com.br\/geb\/wp-content\/uploads\/2024\/06\/476d4b09-5ec4-4f85-94eb-75efbeca4e05.jpeg\" alt=\"\" width=\"267\" height=\"400\" srcset=\"https:\/\/daudt.com.br\/geb\/wp-content\/uploads\/2024\/06\/476d4b09-5ec4-4f85-94eb-75efbeca4e05.jpeg 267w, https:\/\/daudt.com.br\/geb\/wp-content\/uploads\/2024\/06\/476d4b09-5ec4-4f85-94eb-75efbeca4e05-200x300.jpeg 200w\" sizes=\"(max-width: 267px) 100vw, 267px\" \/>No Espa\u00e7o Apinag\u00e9s funciona uma verdadeira \u201coficina\u201d de trabalho onde s\u00e3o feitas triagens e recupera\u00e7\u00e3o das doa\u00e7\u00f5es feitas por frequentadores e simpatizantes de nossa institui\u00e7\u00e3o.<\/p>\n\n<p>Dezenas de volunt\u00e1rios se revezam durante a semana para reformar pe\u00e7as de roupas, cal\u00e7ados e brinquedos, que depois s\u00e3o destinadas \u00e0s fam\u00edlias assistidas.<\/p>\n\n<figure class=\"wp-block-table\">\n<table>\n<tbody>\n<tr>\n<th>Recep\u00e7\u00e3o, Triagem e Encaminhamento de Doa\u00e7\u00f5es<\/th>\n<th>Hor\u00e1rio<\/th>\n<\/tr>\n<tr>\n<td>Segunda, Quartas e Sextas-Feiras<\/td>\n<td>Das 13h \u00e0s 18h<\/td>\n<\/tr>\n<\/tbody>\n<\/table>\n<\/figure>\n\n<figure class=\"wp-block-table\">\n<table>\n<tbody>\n<tr>\n<th>Oficina de Recupera\u00e7\u00e3o \u00a0&#8211; Corte &amp; Costura<\/th>\n<th>Hor\u00e1rio<\/th>\n<\/tr>\n<tr>\n<td>\u00a0<\/td>\n<td>Das 13h \u00e0s 18h<\/td>\n<\/tr>\n<\/tbody>\n<\/table>\n<\/figure>\n\n<p>\u00c9 nesta unidade que ocorrem os ensaios do Coral Interl\u00fadio, composto de frequentadores do Grupo Esp\u00edrita Batu\u00edra. Foi iniciado sob o nome de Coral Allegro, em 2004, depois assumindo nova denomina\u00e7\u00e3o. M\u00fasicas eruditas e populares fazem parte do repert\u00f3rio, executado n\u00e3o s\u00f3 em atividades comemorativas de nossa casa, como tamb\u00e9m em outras institui\u00e7\u00f5es que reconhecem o poder da m\u00fasica na harmoniza\u00e7\u00e3o do ambiente, elevando os pensamentos e enchendo nossos cora\u00e7\u00f5es de emo\u00e7\u00e3o.<\/p>\n\n<p>A reg\u00eancia do Coral Interl\u00fadio \u00e9 de Eliana Corazza Galassi<\/p>\n\n<figure class=\"wp-block-table\">\n<table>\n<tbody>\n<tr>\n<th>Coral Interl\u00fadio &#8211; Ensaio<\/th>\n<th>Hor\u00e1rio<\/th>\n<\/tr>\n<tr>\n<td>Ter\u00e7as e Sextas-Feiras<\/td>\n<td>Das 18h30 \u00e0s 20h30<\/td>\n<\/tr>\n<\/tbody>\n<\/table>\n<\/figure>\n\t\t\t\t\t\t\t\t<\/div>\n\t\t\t\t<\/div>\n\t\t\t\t\t<\/div>\n\t\t<\/div>\n\t\t\t\t\t<\/div>\n\t\t<\/section>\n\t\t\t\t<section class=\"elementor-section elementor-top-section elementor-element elementor-element-f683f77 elementor-section-boxed elementor-section-height-default elementor-section-height-default\" data-id=\"f683f77\" data-element_type=\"section\" data-e-type=\"section\">\n\t\t\t\t\t\t<div class=\"elementor-container elementor-column-gap-default\">\n\t\t\t\t\t<div class=\"elementor-column elementor-col-100 elementor-top-column elementor-element elementor-element-1818e1b\" data-id=\"1818e1b\" data-element_type=\"column\" data-e-type=\"column\">\n\t\t\t<div class=\"elementor-widget-wrap elementor-element-populated\">\n\t\t\t\t\t\t<div class=\"elementor-element elementor-element-a001ed1 elementor-widget elementor-widget-heading\" data-id=\"a001ed1\" data-element_type=\"widget\" data-e-type=\"widget\" data-widget_type=\"heading.default\">\n\t\t\t\t<div class=\"elementor-widget-container\">\n\t\t\t\t\t<h3 class=\"elementor-heading-title elementor-size-default\">Local:<\/h3>\t\t\t\t<\/div>\n\t\t\t\t<\/div>\n\t\t\t\t<div class=\"elementor-element elementor-element-2b5da92 elementor-widget elementor-widget-text-editor\" data-id=\"2b5da92\" data-element_type=\"widget\" data-e-type=\"widget\" data-widget_type=\"text-editor.default\">\n\t\t\t\t<div class=\"elementor-widget-container\">\n\t\t\t\t\t\t\t\t\t<figure class=\"wp-block-table\">\n<table>\n<tbody>\n<tr>\n<th>Espa\u00e7o Apinag\u00e9s &#8211; Filial 3 &#8211; GEB<\/th>\n<\/tr>\n<tr>\n<td>Rua Apinag\u00e9s n\u00ba 591 &#8211; Perdizes<br \/>S\u00e3o Paulo, SP CEP<\/td>\n<\/tr>\n<\/tbody>\n<\/table>\n<\/figure>\n<p><!-- \/wp:table --><\/p>\t\t\t\t\t\t\t\t<\/div>\n\t\t\t\t<\/div>\n\t\t\t\t\t<\/div>\n\t\t<\/div>\n\t\t\t\t\t<\/div>\n\t\t<\/section>\n\t\t\t\t<\/div>\n\t\t","protected":false},"excerpt":{"rendered":"<p>No Espa\u00e7o Apinag\u00e9s funciona uma verdadeira \u201coficina\u201d de trabalho onde s\u00e3o feitas triagens e recupera\u00e7\u00e3o das doa\u00e7\u00f5es feitas por frequentadores e simpatizantes de nossa institui\u00e7\u00e3o. Dezenas de volunt\u00e1rios se revezam durante a semana para reformar pe\u00e7as de roupas, cal\u00e7ados e brinquedos, que depois s\u00e3o destinadas \u00e0s fam\u00edlias assistidas. Recep\u00e7\u00e3o, Triagem e Encaminhamento de Doa\u00e7\u00f5es Hor\u00e1rio [&hellip;]<\/p>\n","protected":false},"author":1,"featured_media":0,"parent":0,"menu_order":0,"comment_status":"closed","ping_status":"closed","template":"","meta":{"footnotes":""},"class_list":["post-605","page","type-page","status-publish","hentry"],"_links":{"self":[{"href":"https:\/\/daudt.com.br\/geb\/wp-json\/wp\/v2\/pages\/605","targetHints":{"allow":["GET"]}}],"collection":[{"href":"https:\/\/daudt.com.br\/geb\/wp-json\/wp\/v2\/pages"}],"about":[{"href":"https:\/\/daudt.com.br\/geb\/wp-json\/wp\/v2\/types\/page"}],"author":[{"embeddable":true,"href":"https:\/\/daudt.com.br\/geb\/wp-json\/wp\/v2\/users\/1"}],"replies":[{"embeddable":true,"href":"https:\/\/daudt.com.br\/geb\/wp-json\/wp\/v2\/comments?post=605"}],"version-history":[{"count":11,"href":"https:\/\/daudt.com.br\/geb\/wp-json\/wp\/v2\/pages\/605\/revisions"}],"predecessor-version":[{"id":2072,"href":"https:\/\/daudt.com.br\/geb\/wp-json\/wp\/v2\/pages\/605\/revisions\/2072"}],"wp:attachment":[{"href":"https:\/\/daudt.com.br\/geb\/wp-json\/wp\/v2\/media?parent=605"}],"curies":[{"name":"wp","href":"https:\/\/api.w.org\/{rel}","templated":true}]}}