{"id":603,"date":"2024-06-18T14:08:39","date_gmt":"2024-06-18T17:08:39","guid":{"rendered":"https:\/\/daudt.com.br\/geb\/?page_id=603"},"modified":"2025-02-03T21:20:11","modified_gmt":"2025-02-04T00:20:11","slug":"unidade-assistencial-dona-aninha","status":"publish","type":"page","link":"https:\/\/daudt.com.br\/geb\/unidade-assistencial-dona-aninha\/","title":{"rendered":"Unidade Assistencial Dona Aninha"},"content":{"rendered":"\t\t<div data-elementor-type=\"wp-page\" data-elementor-id=\"603\" class=\"elementor elementor-603\">\n\t\t\t\t<div class=\"elementor-element elementor-element-b6ea2be e-flex e-con-boxed e-con e-parent\" data-id=\"b6ea2be\" data-element_type=\"container\" data-e-type=\"container\">\n\t\t\t\t\t<div class=\"e-con-inner\">\n\t\t\t\t<div class=\"elementor-element elementor-element-260a2e1 elementor-widget elementor-widget-image\" data-id=\"260a2e1\" data-element_type=\"widget\" data-e-type=\"widget\" data-widget_type=\"image.default\">\n\t\t\t\t<div class=\"elementor-widget-container\">\n\t\t\t\t\t\t\t\t\t\t\t\t\t\t\t<img fetchpriority=\"high\" decoding=\"async\" width=\"300\" height=\"276\" src=\"https:\/\/daudt.com.br\/geb\/wp-content\/uploads\/2024\/10\/D-300x276.jpeg\" class=\"attachment-medium size-medium wp-image-1942\" alt=\"\" srcset=\"https:\/\/daudt.com.br\/geb\/wp-content\/uploads\/2024\/10\/D-300x276.jpeg 300w, https:\/\/daudt.com.br\/geb\/wp-content\/uploads\/2024\/10\/D-1024x941.jpeg 1024w, https:\/\/daudt.com.br\/geb\/wp-content\/uploads\/2024\/10\/D-768x706.jpeg 768w, https:\/\/daudt.com.br\/geb\/wp-content\/uploads\/2024\/10\/D.jpeg 1170w\" sizes=\"(max-width: 300px) 100vw, 300px\" \/>\t\t\t\t\t\t\t\t\t\t\t\t\t\t\t<\/div>\n\t\t\t\t<\/div>\n\t\t\t\t\t<\/div>\n\t\t\t\t<\/div>\n\t\t\t\t<section class=\"elementor-section elementor-top-section elementor-element elementor-element-2a30171 elementor-section-boxed elementor-section-height-default elementor-section-height-default\" data-id=\"2a30171\" data-element_type=\"section\" data-e-type=\"section\">\n\t\t\t\t\t\t<div class=\"elementor-container elementor-column-gap-default\">\n\t\t\t\t\t<div class=\"elementor-column elementor-col-100 elementor-top-column elementor-element elementor-element-38d6231\" data-id=\"38d6231\" data-element_type=\"column\" data-e-type=\"column\">\n\t\t\t<div class=\"elementor-widget-wrap elementor-element-populated\">\n\t\t\t\t\t\t<div class=\"elementor-element elementor-element-8c0c5b9 elementor-widget elementor-widget-text-editor\" data-id=\"8c0c5b9\" data-element_type=\"widget\" data-e-type=\"widget\" data-widget_type=\"text-editor.default\">\n\t\t\t\t<div class=\"elementor-widget-container\">\n\t\t\t\t\t\t\t\t\t<p><strong>Na Unidade Assistencial Dona Aninha, em Vila Brasil\u00e2ndia, o Grupo Esp\u00edrita Batu\u00edra promove atividades doutrin\u00e1rias, de assist\u00eancia e promo\u00e7\u00e3o social, e de forma\u00e7\u00e3o profissional.<\/strong><\/p>\t\t\t\t\t\t\t\t<\/div>\n\t\t\t\t<\/div>\n\t\t\t\t\t<\/div>\n\t\t<\/div>\n\t\t\t\t\t<\/div>\n\t\t<\/section>\n\t\t\t\t<section class=\"elementor-section elementor-top-section elementor-element elementor-element-bf95f8f elementor-section-boxed elementor-section-height-default elementor-section-height-default\" data-id=\"bf95f8f\" data-element_type=\"section\" data-e-type=\"section\">\n\t\t\t\t\t\t<div class=\"elementor-container elementor-column-gap-default\">\n\t\t\t\t\t<div class=\"elementor-column elementor-col-100 elementor-top-column elementor-element elementor-element-9442ea1\" data-id=\"9442ea1\" data-element_type=\"column\" data-e-type=\"column\">\n\t\t\t<div class=\"elementor-widget-wrap elementor-element-populated\">\n\t\t\t\t\t\t<div class=\"elementor-element elementor-element-007c174 elementor-widget elementor-widget-heading\" data-id=\"007c174\" data-element_type=\"widget\" data-e-type=\"widget\" data-widget_type=\"heading.default\">\n\t\t\t\t<div class=\"elementor-widget-container\">\n\t\t\t\t\t<h3 class=\"elementor-heading-title elementor-size-default\">Atividades Assistenciais Oferecidas<\/h3>\t\t\t\t<\/div>\n\t\t\t\t<\/div>\n\t\t\t\t<div class=\"elementor-element elementor-element-4e9060f elementor-widget elementor-widget-text-editor\" data-id=\"4e9060f\" data-element_type=\"widget\" data-e-type=\"widget\" data-widget_type=\"text-editor.default\">\n\t\t\t\t<div class=\"elementor-widget-container\">\n\t\t\t\t\t\t\t\t\t<figure class=\"wp-block-table\">\n<table>\n<tbody>\n<tr>\n<th>Atividade<\/th>\n<th>Dias da semana<\/th>\n<th>Hor\u00e1rio<\/th>\n<th>Observa\u00e7\u00e3o<\/th>\n<\/tr>\n<tr>\n<td>Sopa Fraterna<\/td>\n<td>De Segundas-Feiras aos S\u00e1bados<\/td>\n<td>Das 11h \u00e0s 12h30<\/td>\n<td>Aberta ao p\u00fablico<\/td>\n<\/tr>\n<tr>\n<td>Suco e lanche<\/td>\n<td>Domingos<\/td>\n<td>Das 9h \u00e0s 9h30<\/td>\n<td>Para crian\u00e7as da EEIJ<\/td>\n<\/tr>\n<tr>\n<td>Fam\u00edlia Assistida<\/td>\n<td>S\u00e1bados<\/td>\n<td>\n<p>Das 8h30 \u00e0s 12h30<\/p>\n<p>Das 8h30 \u00e0s 12h30<\/p>\n<\/td>\n<td>\n<p>Reuni\u00f5es Internas no 1\u00ba. e 3\u00ba. s\u00e1bados do m\u00eas.<\/p>\n<p>Visita\u00e7\u00e3o Externa no 2\u00ba. e 4\u00ba. s\u00e1bados do m\u00eas.<\/p>\n<p>Triagem e Acompanhamento &#8211; 1\u00ba. e 3\u00ba. s\u00e1bados do m\u00eas.<\/p>\n<p>EEI Grupo de Apoio Dona Aninha para as crian\u00e7as dos assistidos.<\/p>\n<\/td>\n<\/tr>\n<tr>\n<td>Distribui\u00e7\u00e3o Semestral<\/td>\n<td>Domingo<\/td>\n<td>Das 8h \u00e0s 12h<\/td>\n<td>\n<p>2\u00ba. Domingo do m\u00eas de Junho.<\/p>\n<p>2\u00ba. Domingo do m\u00eas de Dezembro.<\/p>\n<\/td>\n<\/tr>\n<tr>\n<td>Atendimento M\u00e9dico Assistencial &#8211; AME<\/td>\n<td>\n<p>Segundas-feiras<\/p>\n<p>Quintas-feiras<\/p>\n<p>S\u00e1bados<\/p>\n<\/td>\n<td>\n<p>14h \u00e0s 16h<\/p>\n<p>14h30 \u00e0s 16h<\/p>\n<p>8h \u00e0s 12h<\/p>\n<\/td>\n<td>Agendamento de Consulta M\u00e9dica e Dentista<br \/>Atendimento M\u00e9dico com Agendamento<br \/>Atendimento nos 2\u00ba. e 4\u00ba. s\u00e1bados do m\u00eas<\/td>\n<\/tr>\n<tr>\n<td>Atendimento odontol\u00f3gico e pr\u00f3teses dent\u00e1rias<\/td>\n<td>\n<p>Segundas-feiras<\/p>\n<p>Quartas e Quintas Feiras<\/p>\n<p>Sextas-feiras<\/p>\n<p>S\u00e1bados<\/p>\n<\/td>\n<td>\n<p>14h \u00e0s 16h<\/p>\n<p>14h \u00e0s 16h<\/p>\n<p>14h \u00e0s 15h30<\/p>\n<p>8h \u00e0s 9h<\/p>\n<\/td>\n<td>\n<p>Agendamento Consultas<\/p>\n<p>Atendimento<\/p>\n<p>Crian\u00e7as do CEI Batu\u00edra<\/p>\n<p>Pr\u00f3teses Dent\u00e1rias<\/p>\n<\/td>\n<\/tr>\n<tr>\n<td>Corte de cabelo<\/td>\n<td>S\u00e1bados<\/td>\n<td>Das 11h \u00e0s 14h30<\/td>\n<td>Atendimento no 2\u00ba. e 4\u00ba s\u00e1bados do m\u00eas.<\/td>\n<\/tr>\n<tr>\n<td>Orienta\u00e7\u00e3o Jur\u00eddica<\/td>\n<td>S\u00e1bados<\/td>\n<td>Das 9h \u00e0s 11h30<\/td>\n<td>Atendimento no 1\u00ba. e 3\u00ba. s\u00e1bados do m\u00eas.<\/td>\n<\/tr>\n<tr>\n<td>Apanha de alimentos no CEAGESP<\/td>\n<td>Quintas-feiras<\/td>\n<td>Das 15h \u00e0s 21h<\/td>\n<td>\u00a0<\/td>\n<\/tr>\n<tr>\n<td>Reuni\u00e3o de m\u00e3es e entrega de leite<\/td>\n<td>Ter\u00e7as-Feiras<\/td>\n<td>Das 14h \u00e0s 16h<\/td>\n<td>\n<p>Reuni\u00e3o Semanal<\/p>\n<p>Entrega de Leite quinzenal<\/p>\n<\/td>\n<\/tr>\n<tr>\n<td>AA &#8211; Alco\u00f3licos An\u00f4nimos<\/td>\n<td>\n<p>Ter\u00e7as-Feiras<\/p>\n<p>S\u00e1bados<\/p>\n<\/td>\n<td>\n<p>Das 19h \u00e0s 21h<\/p>\n<p>Das 16h \u00e0s 18h<\/p>\n<\/td>\n<td>\u00a0<\/td>\n<\/tr>\n<tr>\n<td>NA &#8211; Narc\u00f3ticos An\u00f4nimos<\/td>\n<td>Domingos<\/td>\n<td>Das 19h \u00e0s 21h<\/td>\n<td>\u00a0<\/td>\n<\/tr>\n<tr>\n<td>ALA NON &#8211; Tratamento familiar dos alco\u00f3licos<\/td>\n<td>S\u00e1bado<\/td>\n<td>Das 10h \u00e0s 12h<\/td>\n<td>\u00a0<\/td>\n<\/tr>\n<\/tbody>\n<\/table>\n<\/figure>\t\t\t\t\t\t\t\t<\/div>\n\t\t\t\t<\/div>\n\t\t\t\t\t<\/div>\n\t\t<\/div>\n\t\t\t\t\t<\/div>\n\t\t<\/section>\n\t\t\t\t<section class=\"elementor-section elementor-top-section elementor-element elementor-element-5e02bcb elementor-section-boxed elementor-section-height-default elementor-section-height-default\" data-id=\"5e02bcb\" data-element_type=\"section\" data-e-type=\"section\">\n\t\t\t\t\t\t<div class=\"elementor-container elementor-column-gap-default\">\n\t\t\t\t\t<div class=\"elementor-column elementor-col-100 elementor-top-column elementor-element elementor-element-36c31e7\" data-id=\"36c31e7\" data-element_type=\"column\" data-e-type=\"column\">\n\t\t\t<div class=\"elementor-widget-wrap elementor-element-populated\">\n\t\t\t\t\t\t<div class=\"elementor-element elementor-element-f5beb34 elementor-widget elementor-widget-heading\" data-id=\"f5beb34\" data-element_type=\"widget\" data-e-type=\"widget\" data-widget_type=\"heading.default\">\n\t\t\t\t<div class=\"elementor-widget-container\">\n\t\t\t\t\t<h3 class=\"elementor-heading-title elementor-size-default\">Atividades Educacionais Oferecidas<\/h3>\t\t\t\t<\/div>\n\t\t\t\t<\/div>\n\t\t\t\t<div class=\"elementor-element elementor-element-b8abdc5 elementor-widget elementor-widget-text-editor\" data-id=\"b8abdc5\" data-element_type=\"widget\" data-e-type=\"widget\" data-widget_type=\"text-editor.default\">\n\t\t\t\t<div class=\"elementor-widget-container\">\n\t\t\t\t\t\t\t\t\t<figure class=\"wp-block-table\">\n<table>\n<tbody>\n<tr>\n<th>CENTRO DE EDUCA\u00c7\u00c3O INFANTIL BATU\u00cdRA<\/th>\n<th>Hor\u00e1rio<\/th>\n<th>Atividade<\/th>\n<\/tr>\n<tr>\n<td>De Segundas-Feiras a Sextas-Feiras<\/td>\n<td>7h30 \u00e0s 17h30<\/td>\n<td>Educa\u00e7\u00e3o, prote\u00e7\u00e3o, seguran\u00e7a, alimenta\u00e7\u00e3o, cultura, sa\u00fade e lazer, com vistas \u00e0 inser\u00e7\u00e3o, preven\u00e7\u00e3o, promo\u00e7\u00e3o e prote\u00e7\u00e3o \u00e0 inf\u00e2ncia<\/td>\n<\/tr>\n<\/tbody>\n<\/table>\n<\/figure>\n<p><!-- \/wp:table --><!-- wp:table {\"hasFixedLayout\":false} --><\/p>\n<figure class=\"wp-block-table\">\n<table>\n<tbody>\n<tr>\n<th>CURSO DE ORIENTA\u00c7\u00c3O MATERNAL &#8211; GESTANTES<\/th>\n<th>Hor\u00e1rio<\/th>\n<th>Observa\u00e7\u00e3o<\/th>\n<\/tr>\n<tr>\n<td>Segundas-Feiras<\/td>\n<td>14h \u00e0s 16h<\/td>\n<td>Puericultura, higiene e cuidados ginecol\u00f3gicos. \u00c9 servido lanche. Para as gestantes adolescentes, h\u00e1 turma especial: Vou ser Mam\u00e3e. Durante o per\u00edodo de perman\u00eancia das gestantes que j\u00e1 s\u00e3o m\u00e3es, os filhos s\u00e3o atendidos pelas volunt\u00e1rias do Grupo de Apoio Meimei.<\/td>\n<\/tr>\n<\/tbody>\n<\/table>\n<\/figure>\n<p><!-- \/wp:table --><!-- wp:table {\"hasFixedLayout\":false} --><\/p>\n<figure class=\"wp-block-table\">\n<table>\n<tbody>\n<tr>\n<th>OFICINA DE ARTESANATO<\/th>\n<th>Hor\u00e1rio<\/th>\n<\/tr>\n<tr>\n<td>Quartas-Feiras<\/td>\n<td>Das 14h \u00e0s 16h<\/td>\n<\/tr>\n<\/tbody>\n<\/table>\n<\/figure>\t\t\t\t\t\t\t\t<\/div>\n\t\t\t\t<\/div>\n\t\t\t\t\t<\/div>\n\t\t<\/div>\n\t\t\t\t\t<\/div>\n\t\t<\/section>\n\t\t\t\t<section class=\"elementor-section elementor-top-section elementor-element elementor-element-9994701 elementor-section-boxed elementor-section-height-default elementor-section-height-default\" data-id=\"9994701\" data-element_type=\"section\" data-e-type=\"section\">\n\t\t\t\t\t\t<div class=\"elementor-container elementor-column-gap-default\">\n\t\t\t\t\t<div class=\"elementor-column elementor-col-100 elementor-top-column elementor-element elementor-element-c88e4e8\" data-id=\"c88e4e8\" data-element_type=\"column\" data-e-type=\"column\">\n\t\t\t<div class=\"elementor-widget-wrap elementor-element-populated\">\n\t\t\t\t\t\t<div class=\"elementor-element elementor-element-3effc4c elementor-widget elementor-widget-heading\" data-id=\"3effc4c\" data-element_type=\"widget\" data-e-type=\"widget\" data-widget_type=\"heading.default\">\n\t\t\t\t<div class=\"elementor-widget-container\">\n\t\t\t\t\t<h2 class=\"elementor-heading-title elementor-size-default\">Atividades Doutrin\u00e1rias<\/h2>\t\t\t\t<\/div>\n\t\t\t\t<\/div>\n\t\t\t\t<div class=\"elementor-element elementor-element-fd2c0ea elementor-widget elementor-widget-text-editor\" data-id=\"fd2c0ea\" data-element_type=\"widget\" data-e-type=\"widget\" data-widget_type=\"text-editor.default\">\n\t\t\t\t<div class=\"elementor-widget-container\">\n\t\t\t\t\t\t\t\t\t<p>As atividades da \u00e1rea doutrin\u00e1ria procuram despertar nas pessoas a motiva\u00e7\u00e3o para a aquisi\u00e7\u00e3o de novos valores morais, calcados nos ensinamentos e no evangelho de Jesus, tendo como base os ensinamentos da Codifica\u00e7\u00e3o Esp\u00edrita, elaborada por Allan Kardec. Essas atividades s\u00e3o realizadas em todos os dias da semana por volunt\u00e1rios.<\/p>\t\t\t\t\t\t\t\t<\/div>\n\t\t\t\t<\/div>\n\t\t\t\t\t<\/div>\n\t\t<\/div>\n\t\t\t\t\t<\/div>\n\t\t<\/section>\n\t\t\t\t<section class=\"elementor-section elementor-top-section elementor-element elementor-element-21a228e elementor-section-boxed elementor-section-height-default elementor-section-height-default\" data-id=\"21a228e\" data-element_type=\"section\" data-e-type=\"section\">\n\t\t\t\t\t\t<div class=\"elementor-container elementor-column-gap-default\">\n\t\t\t\t\t<div class=\"elementor-column elementor-col-100 elementor-top-column elementor-element elementor-element-be45703\" data-id=\"be45703\" data-element_type=\"column\" data-e-type=\"column\">\n\t\t\t<div class=\"elementor-widget-wrap elementor-element-populated\">\n\t\t\t\t\t\t<div class=\"elementor-element elementor-element-9784f8a elementor-widget elementor-widget-heading\" data-id=\"9784f8a\" data-element_type=\"widget\" data-e-type=\"widget\" data-widget_type=\"heading.default\">\n\t\t\t\t<div class=\"elementor-widget-container\">\n\t\t\t\t\t<h3 class=\"elementor-heading-title elementor-size-default\">Atividades P\u00fablicas Oferecidas<\/h3>\t\t\t\t<\/div>\n\t\t\t\t<\/div>\n\t\t\t\t<div class=\"elementor-element elementor-element-a3a7689 elementor-widget elementor-widget-text-editor\" data-id=\"a3a7689\" data-element_type=\"widget\" data-e-type=\"widget\" data-widget_type=\"text-editor.default\">\n\t\t\t\t<div class=\"elementor-widget-container\">\n\t\t\t\t\t\t\t\t\t<figure class=\"wp-block-table\">\n<table>\n<tbody>\n<tr>\n<th>PASSES<\/th>\n<th>Hor\u00e1rio<\/th>\n<th>Observa\u00e7\u00f5es<\/th>\n<\/tr>\n<tr>\n<td>S\u00e1bados<\/td>\n<td>Das 11h \u00e0s 12h<\/td>\n<td>\u00a0<\/td>\n<\/tr>\n<tr>\n<td>Domingos<\/td>\n<td>Das 9h15 \u00e0s 9h45<\/td>\n<td>Crian\u00e7as\/EEIJ<\/td>\n<\/tr>\n<tr>\n<td>Domingos (Palestra P\u00fablica)<\/td>\n<td>Das 10h \u00e0s 11h<\/td>\n<td>Adultos e Crian\u00e7as<\/td>\n<\/tr>\n<\/tbody>\n<\/table>\n<\/figure>\n<p><!-- \/wp:table -->\n\n<!-- wp:table {\"hasFixedLayout\":false} --><\/p>\n<figure class=\"wp-block-table\">\n<table>\n<tbody>\n<tr>\n<th>FLUIDOTERAPIA<\/th>\n<th>Hor\u00e1rio<\/th>\n<\/tr>\n<tr>\n<td>S\u00e1bados<\/td>\n<td>Das 15h30 \u00e0s 16h20<\/td>\n<\/tr>\n<\/tbody>\n<\/table>\n<\/figure>\n<p><!-- \/wp:table -->\n\n<!-- wp:table {\"hasFixedLayout\":false} --><\/p>\n<figure class=\"wp-block-table\">\n<table>\n<tbody>\n<tr>\n<th>BIBLIOTECA ESP\u00cdRITA CIRCULANTE<\/th>\n<th>Hor\u00e1rio<\/th>\n<\/tr>\n<tr>\n<td>S\u00e1bados<br \/>Domingos<\/td>\n<td>Das 15h30 \u00e0s 17h<br \/>Das 9h30 \u00e0s 10h<\/td>\n<\/tr>\n<\/tbody>\n<\/table>\n<\/figure>\n<p><!-- \/wp:table -->\n\n<!-- wp:table {\"hasFixedLayout\":false} --><\/p>\n<figure class=\"wp-block-table\">\n<table>\n<tbody>\n<tr>\n<th>GRUPO DE ESTUDO DE LIVROS &#8211; ESE<\/th>\n<th>Hor\u00e1rio<\/th>\n<\/tr>\n<tr>\n<td>Quintas-Feiras<\/td>\n<td>Das 14h30 \u00e0s 15h30<\/td>\n<\/tr>\n<\/tbody>\n<\/table>\n<\/figure>\n<p><!-- \/wp:table -->\n\n<!-- wp:table {\"hasFixedLayout\":false} --><\/p>\n<figure class=\"wp-block-table\">\n<table>\n<tbody>\n<tr>\n<th>PALESTRA EVANG\u00c9LICO-DOUTRIN\u00c1RIA<\/th>\n<th>Hor\u00e1rio<\/th>\n<\/tr>\n<tr>\n<td>Domingos<\/td>\n<td>Das 10h \u00e0s 11h15<\/td>\n<\/tr>\n<\/tbody>\n<\/table>\n<\/figure>\n<p><!-- \/wp:table -->\n\n<!-- wp:table {\"hasFixedLayout\":false} --><\/p>\n<figure class=\"wp-block-table\">\n<table>\n<tbody>\n<tr>\n<th>UNIDADE DE TERAPIA ESPIRITUAL &#8211; UTE<\/th>\n<th>Hor\u00e1rios<\/th>\n<th>Periodicidade<\/th>\n<\/tr>\n<tr>\n<td>S\u00e1bados<\/td>\n<td>Das 13h30 \u00e0s 15h30<\/td>\n<td>2\u00ba e 4\u00ba s\u00e1bados do m\u00eas<\/td>\n<\/tr>\n<\/tbody>\n<\/table>\n<p>&nbsp;<\/p>\n<\/figure>\t\t\t\t\t\t\t\t<\/div>\n\t\t\t\t<\/div>\n\t\t\t\t\t<\/div>\n\t\t<\/div>\n\t\t\t\t\t<\/div>\n\t\t<\/section>\n\t\t\t\t<section class=\"elementor-section elementor-top-section elementor-element elementor-element-a4ffa3b elementor-section-boxed elementor-section-height-default elementor-section-height-default\" data-id=\"a4ffa3b\" data-element_type=\"section\" data-e-type=\"section\">\n\t\t\t\t\t\t<div class=\"elementor-container elementor-column-gap-default\">\n\t\t\t\t\t<div class=\"elementor-column elementor-col-100 elementor-top-column elementor-element elementor-element-52ccda5\" data-id=\"52ccda5\" data-element_type=\"column\" data-e-type=\"column\">\n\t\t\t<div class=\"elementor-widget-wrap elementor-element-populated\">\n\t\t\t\t\t\t<div class=\"elementor-element elementor-element-1c76565 elementor-widget elementor-widget-heading\" data-id=\"1c76565\" data-element_type=\"widget\" data-e-type=\"widget\" data-widget_type=\"heading.default\">\n\t\t\t\t<div class=\"elementor-widget-container\">\n\t\t\t\t\t<h3 class=\"elementor-heading-title elementor-size-default\">Atividades Privativas<\/h3>\t\t\t\t<\/div>\n\t\t\t\t<\/div>\n\t\t\t\t<div class=\"elementor-element elementor-element-79a0318 elementor-widget elementor-widget-text-editor\" data-id=\"79a0318\" data-element_type=\"widget\" data-e-type=\"widget\" data-widget_type=\"text-editor.default\">\n\t\t\t\t<div class=\"elementor-widget-container\">\n\t\t\t\t\t\t\t\t\t<figure class=\"wp-block-table\">\n<table>\n<tbody>\n<tr>\n<th>REUNI\u00c3O DE EDUCA\u00c7\u00c3O MEDI\u00daNICA<\/th>\n<th>Hor\u00e1rio<\/th>\n<\/tr>\n<tr>\n<td>S\u00e1bados<\/td>\n<td>Das 13h30 \u00e0s 15h<\/td>\n<\/tr>\n<\/tbody>\n<\/table>\n<\/figure>\n<p><!-- \/wp:table -->\n\n<!-- wp:table {\"hasFixedLayout\":false} --><\/p>\n<figure class=\"wp-block-table\">\n<table>\n<tbody>\n<tr>\n<th>CURSO B\u00c1SICO DE ESPIRITISMO<\/th>\n<th>Hor\u00e1rio<\/th>\n<\/tr>\n<tr>\n<td>S\u00e1bados<\/td>\n<td>Das 16h \u00e0s 17h<\/td>\n<\/tr>\n<\/tbody>\n<\/table>\n<\/figure>\n<p><!-- \/wp:table -->\n\n<!-- wp:table {\"hasFixedLayout\":false} --><\/p>\n<figure class=\"wp-block-table\">\n<table>\n<tbody>\n<tr>\n<th>CENTRO DE ORIENTA\u00c7\u00c3O, ESTUDOS E EDUCA\u00c7\u00c3O DA MEDIUNIDADE &#8211; COEEM<\/th>\n<th>Hor\u00e1rio<\/th>\n<\/tr>\n<tr>\n<td>S\u00e1bados<\/td>\n<td>Das 14h \u00e0s 16h<\/td>\n<\/tr>\n<\/tbody>\n<\/table>\n<\/figure>\t\t\t\t\t\t\t\t<\/div>\n\t\t\t\t<\/div>\n\t\t\t\t\t<\/div>\n\t\t<\/div>\n\t\t\t\t\t<\/div>\n\t\t<\/section>\n\t\t\t\t<\/div>\n\t\t","protected":false},"excerpt":{"rendered":"<p>Na Unidade Assistencial Dona Aninha, em Vila Brasil\u00e2ndia, o Grupo Esp\u00edrita Batu\u00edra promove atividades doutrin\u00e1rias, de assist\u00eancia e promo\u00e7\u00e3o social, e de forma\u00e7\u00e3o profissional. Atividades Assistenciais Oferecidas Atividade Dias da semana Hor\u00e1rio Observa\u00e7\u00e3o Sopa Fraterna De Segundas-Feiras aos S\u00e1bados Das 11h \u00e0s 12h30 Aberta ao p\u00fablico Suco e lanche Domingos Das 9h \u00e0s 9h30 Para [&hellip;]<\/p>\n","protected":false},"author":1,"featured_media":0,"parent":0,"menu_order":0,"comment_status":"closed","ping_status":"closed","template":"","meta":{"footnotes":""},"class_list":["post-603","page","type-page","status-publish","hentry"],"_links":{"self":[{"href":"https:\/\/daudt.com.br\/geb\/wp-json\/wp\/v2\/pages\/603","targetHints":{"allow":["GET"]}}],"collection":[{"href":"https:\/\/daudt.com.br\/geb\/wp-json\/wp\/v2\/pages"}],"about":[{"href":"https:\/\/daudt.com.br\/geb\/wp-json\/wp\/v2\/types\/page"}],"author":[{"embeddable":true,"href":"https:\/\/daudt.com.br\/geb\/wp-json\/wp\/v2\/users\/1"}],"replies":[{"embeddable":true,"href":"https:\/\/daudt.com.br\/geb\/wp-json\/wp\/v2\/comments?post=603"}],"version-history":[{"count":38,"href":"https:\/\/daudt.com.br\/geb\/wp-json\/wp\/v2\/pages\/603\/revisions"}],"predecessor-version":[{"id":2235,"href":"https:\/\/daudt.com.br\/geb\/wp-json\/wp\/v2\/pages\/603\/revisions\/2235"}],"wp:attachment":[{"href":"https:\/\/daudt.com.br\/geb\/wp-json\/wp\/v2\/media?parent=603"}],"curies":[{"name":"wp","href":"https:\/\/api.w.org\/{rel}","templated":true}]}}