{"id":601,"date":"2024-06-18T14:06:16","date_gmt":"2024-06-18T17:06:16","guid":{"rendered":"https:\/\/daudt.com.br\/geb\/?page_id=601"},"modified":"2025-02-03T21:10:01","modified_gmt":"2025-02-04T00:10:01","slug":"unidade-doutrinaria-spartaco","status":"publish","type":"page","link":"https:\/\/daudt.com.br\/geb\/unidade-doutrinaria-spartaco\/","title":{"rendered":"Caiubi &#8211; Unidade Doutrin\u00e1ria Spartaco"},"content":{"rendered":"\t\t<div data-elementor-type=\"wp-page\" data-elementor-id=\"601\" class=\"elementor elementor-601\">\n\t\t\t\t\t\t<section class=\"elementor-section elementor-top-section elementor-element elementor-element-cd22113 elementor-section-boxed elementor-section-height-default elementor-section-height-default\" data-id=\"cd22113\" data-element_type=\"section\" data-e-type=\"section\">\n\t\t\t\t\t\t<div class=\"elementor-container elementor-column-gap-default\">\n\t\t\t\t\t<div class=\"elementor-column elementor-col-66 elementor-top-column elementor-element elementor-element-7ea2998\" data-id=\"7ea2998\" data-element_type=\"column\" data-e-type=\"column\">\n\t\t\t<div class=\"elementor-widget-wrap elementor-element-populated\">\n\t\t\t\t\t\t<div class=\"elementor-element elementor-element-4451269 elementor-widget elementor-widget-text-editor\" data-id=\"4451269\" data-element_type=\"widget\" data-e-type=\"widget\" data-widget_type=\"text-editor.default\">\n\t\t\t\t<div class=\"elementor-widget-container\">\n\t\t\t\t\t\t\t\t\t<p><strong>Unidade Doutrin\u00e1ria Spartaco Ghillardi est\u00e1 localizada na Rua Caiubi 1306, Perdizes, S\u00e3o Paulo, SP, CEP 05010-000.<\/strong><\/p>\n<p>Na unidade doutrin\u00e1ria funcionam atividades de divulga\u00e7\u00e3o e estudo da Doutrina Esp\u00edrita, al\u00e9m da Diretoria, Administra\u00e7\u00e3o, Recep\u00e7\u00e3o, Livraria e Secretaria. Abriga tamb\u00e9m uma atividade de assist\u00eancia social, a Ronda Noturna.<\/p>\t\t\t\t\t\t\t\t<\/div>\n\t\t\t\t<\/div>\n\t\t\t\t<div class=\"elementor-element elementor-element-04c6310 elementor-widget elementor-widget-heading\" data-id=\"04c6310\" data-element_type=\"widget\" data-e-type=\"widget\" data-widget_type=\"heading.default\">\n\t\t\t\t<div class=\"elementor-widget-container\">\n\t\t\t\t\t<h3 class=\"elementor-heading-title elementor-size-default\">Diretoria e Administra\u00e7\u00e3o<\/h3>\t\t\t\t<\/div>\n\t\t\t\t<\/div>\n\t\t\t\t<div class=\"elementor-element elementor-element-e50b220 elementor-widget elementor-widget-text-editor\" data-id=\"e50b220\" data-element_type=\"widget\" data-e-type=\"widget\" data-widget_type=\"text-editor.default\">\n\t\t\t\t<div class=\"elementor-widget-container\">\n\t\t\t\t\t\t\t\t\t<p>Atividades de secretaria e de administra\u00e7\u00e3o.<\/p>\t\t\t\t\t\t\t\t<\/div>\n\t\t\t\t<\/div>\n\t\t\t\t<div class=\"elementor-element elementor-element-fd8a656 elementor-widget elementor-widget-heading\" data-id=\"fd8a656\" data-element_type=\"widget\" data-e-type=\"widget\" data-widget_type=\"heading.default\">\n\t\t\t\t<div class=\"elementor-widget-container\">\n\t\t\t\t\t<h3 class=\"elementor-heading-title elementor-size-default\">Recep\u00e7\u00e3o<\/h3>\t\t\t\t<\/div>\n\t\t\t\t<\/div>\n\t\t\t\t<div class=\"elementor-element elementor-element-7937619 elementor-widget elementor-widget-text-editor\" data-id=\"7937619\" data-element_type=\"widget\" data-e-type=\"widget\" data-widget_type=\"text-editor.default\">\n\t\t\t\t<div class=\"elementor-widget-container\">\n\t\t\t\t\t\t\t\t\t<p>A recep\u00e7\u00e3o de nossa casa abre os bra\u00e7os para acolher a todos que chegam. A equipe de recepcionistas est\u00e1 apta a dar informa\u00e7\u00f5es sobre todas as atividades desenvolvidas nas diferentes unidades. Um mural eletr\u00f4nico oferece o tempo todo informa\u00e7\u00f5es sobre trabalhos, cursos e grupos de estudo, e tamb\u00e9m mensagens que ajudam na promo\u00e7\u00e3o de um ambiente mais harmonioso e do equil\u00edbrio dos presentes.<\/p>\t\t\t\t\t\t\t\t<\/div>\n\t\t\t\t<\/div>\n\t\t\t\t\t<\/div>\n\t\t<\/div>\n\t\t\t\t<div class=\"elementor-column elementor-col-33 elementor-top-column elementor-element elementor-element-2145113\" data-id=\"2145113\" data-element_type=\"column\" data-e-type=\"column\">\n\t\t\t<div class=\"elementor-widget-wrap elementor-element-populated\">\n\t\t\t\t\t\t<div class=\"elementor-element elementor-element-977defe elementor-widget elementor-widget-image\" data-id=\"977defe\" data-element_type=\"widget\" data-e-type=\"widget\" data-widget_type=\"image.default\">\n\t\t\t\t<div class=\"elementor-widget-container\">\n\t\t\t\t\t\t\t\t\t\t\t\t\t\t\t<img fetchpriority=\"high\" decoding=\"async\" width=\"266\" height=\"400\" src=\"https:\/\/daudt.com.br\/geb\/wp-content\/uploads\/2024\/10\/caiubi1.jpeg\" class=\"attachment-large size-large wp-image-1032\" alt=\"\" srcset=\"https:\/\/daudt.com.br\/geb\/wp-content\/uploads\/2024\/10\/caiubi1.jpeg 266w, https:\/\/daudt.com.br\/geb\/wp-content\/uploads\/2024\/10\/caiubi1-200x300.jpeg 200w\" sizes=\"(max-width: 266px) 100vw, 266px\" \/>\t\t\t\t\t\t\t\t\t\t\t\t\t\t\t<\/div>\n\t\t\t\t<\/div>\n\t\t\t\t\t<\/div>\n\t\t<\/div>\n\t\t\t\t\t<\/div>\n\t\t<\/section>\n\t\t\t\t<section class=\"elementor-section elementor-top-section elementor-element elementor-element-587362d elementor-section-boxed elementor-section-height-default elementor-section-height-default\" data-id=\"587362d\" data-element_type=\"section\" data-e-type=\"section\">\n\t\t\t\t\t\t<div class=\"elementor-container elementor-column-gap-default\">\n\t\t\t\t\t<div class=\"elementor-column elementor-col-33 elementor-top-column elementor-element elementor-element-fa8ac5b\" data-id=\"fa8ac5b\" data-element_type=\"column\" data-e-type=\"column\">\n\t\t\t<div class=\"elementor-widget-wrap elementor-element-populated\">\n\t\t\t\t\t\t<div class=\"elementor-element elementor-element-6d65d39 elementor-widget elementor-widget-image\" data-id=\"6d65d39\" data-element_type=\"widget\" data-e-type=\"widget\" data-widget_type=\"image.default\">\n\t\t\t\t<div class=\"elementor-widget-container\">\n\t\t\t\t\t\t\t\t\t\t\t\t\t\t\t<img decoding=\"async\" width=\"300\" height=\"200\" src=\"https:\/\/daudt.com.br\/geb\/wp-content\/uploads\/2024\/10\/caiubi2-300x200.jpeg\" class=\"attachment-medium size-medium wp-image-1034\" alt=\"\" srcset=\"https:\/\/daudt.com.br\/geb\/wp-content\/uploads\/2024\/10\/caiubi2-300x200.jpeg 300w, https:\/\/daudt.com.br\/geb\/wp-content\/uploads\/2024\/10\/caiubi2.jpeg 400w\" sizes=\"(max-width: 300px) 100vw, 300px\" \/>\t\t\t\t\t\t\t\t\t\t\t\t\t\t\t<\/div>\n\t\t\t\t<\/div>\n\t\t\t\t\t<\/div>\n\t\t<\/div>\n\t\t\t\t<div class=\"elementor-column elementor-col-66 elementor-top-column elementor-element elementor-element-8e9348f\" data-id=\"8e9348f\" data-element_type=\"column\" data-e-type=\"column\">\n\t\t\t<div class=\"elementor-widget-wrap elementor-element-populated\">\n\t\t\t\t\t\t<div class=\"elementor-element elementor-element-782c0f8 elementor-widget elementor-widget-heading\" data-id=\"782c0f8\" data-element_type=\"widget\" data-e-type=\"widget\" data-widget_type=\"heading.default\">\n\t\t\t\t<div class=\"elementor-widget-container\">\n\t\t\t\t\t<h3 class=\"elementor-heading-title elementor-size-default\">Hor\u00e1rios da Livraria Novos Caminhos<\/h3>\t\t\t\t<\/div>\n\t\t\t\t<\/div>\n\t\t\t\t<div class=\"elementor-element elementor-element-f8eb99c elementor-widget elementor-widget-text-editor\" data-id=\"f8eb99c\" data-element_type=\"widget\" data-e-type=\"widget\" data-widget_type=\"text-editor.default\">\n\t\t\t\t<div class=\"elementor-widget-container\">\n\t\t\t\t\t\t\t\t\t<p>De 2\u00aa \u00e0 5\u00aa: das 13h30 \u00e0s 19h45<br \/>\u00c0s 6\u00aa: das 13h30h \u00e0s 19h00<br \/>Domingos: das 9h \u00e0s 11h<\/p>\t\t\t\t\t\t\t\t<\/div>\n\t\t\t\t<\/div>\n\t\t\t\t\t<\/div>\n\t\t<\/div>\n\t\t\t\t\t<\/div>\n\t\t<\/section>\n\t\t\t\t<section class=\"elementor-section elementor-top-section elementor-element elementor-element-79c517b elementor-section-boxed elementor-section-height-default elementor-section-height-default\" data-id=\"79c517b\" data-element_type=\"section\" data-e-type=\"section\">\n\t\t\t\t\t\t<div class=\"elementor-container elementor-column-gap-default\">\n\t\t\t\t\t<div class=\"elementor-column elementor-col-100 elementor-top-column elementor-element elementor-element-002eedb\" data-id=\"002eedb\" data-element_type=\"column\" data-e-type=\"column\">\n\t\t\t<div class=\"elementor-widget-wrap elementor-element-populated\">\n\t\t\t\t\t\t<div class=\"elementor-element elementor-element-0b5b911 elementor-widget elementor-widget-heading\" data-id=\"0b5b911\" data-element_type=\"widget\" data-e-type=\"widget\" data-widget_type=\"heading.default\">\n\t\t\t\t<div class=\"elementor-widget-container\">\n\t\t\t\t\t<h2 class=\"elementor-heading-title elementor-size-default\">Atividades Doutrin\u00e1rias<\/h2>\t\t\t\t<\/div>\n\t\t\t\t<\/div>\n\t\t\t\t<div class=\"elementor-element elementor-element-6248065 elementor-widget elementor-widget-text-editor\" data-id=\"6248065\" data-element_type=\"widget\" data-e-type=\"widget\" data-widget_type=\"text-editor.default\">\n\t\t\t\t<div class=\"elementor-widget-container\">\n\t\t\t\t\t\t\t\t\t<p><!-- \/wp:paragraph --><!-- wp:heading --><\/p>\n<p>As atividades da \u00e1rea doutrin\u00e1ria visam despertar nas pessoas a motiva\u00e7\u00e3o para a aquisi\u00e7\u00e3o de novos valores morais, calcados nos ensinamentos do Evangelho de Jesus, \u00e0 luz do Espiritismo, codificado por Allan Kardec. Essas atividades s\u00e3o realizadas todos os dias da semana, integralmente por volunt\u00e1rios.<\/p>\n<h2 class=\"wp-block-heading\"><!-- \/wp:paragraph --><!-- wp:heading --><\/h2>\t\t\t\t\t\t\t\t<\/div>\n\t\t\t\t<\/div>\n\t\t\t\t\t<\/div>\n\t\t<\/div>\n\t\t\t\t\t<\/div>\n\t\t<\/section>\n\t\t\t\t<section class=\"elementor-section elementor-top-section elementor-element elementor-element-c1548b1 elementor-section-boxed elementor-section-height-default elementor-section-height-default\" data-id=\"c1548b1\" data-element_type=\"section\" data-e-type=\"section\">\n\t\t\t\t\t\t<div class=\"elementor-container elementor-column-gap-default\">\n\t\t\t\t\t<div class=\"elementor-column elementor-col-100 elementor-top-column elementor-element elementor-element-5398f17\" data-id=\"5398f17\" data-element_type=\"column\" data-e-type=\"column\">\n\t\t\t<div class=\"elementor-widget-wrap elementor-element-populated\">\n\t\t\t\t\t\t<div class=\"elementor-element elementor-element-7c0f8a8 elementor-widget elementor-widget-heading\" data-id=\"7c0f8a8\" data-element_type=\"widget\" data-e-type=\"widget\" data-widget_type=\"heading.default\">\n\t\t\t\t<div class=\"elementor-widget-container\">\n\t\t\t\t\t<h2 class=\"elementor-heading-title elementor-size-default\">Atividades P\u00fablicas Oferecidas<\/h2>\t\t\t\t<\/div>\n\t\t\t\t<\/div>\n\t\t\t\t<div class=\"elementor-element elementor-element-ba54d8b elementor-widget elementor-widget-text-editor\" data-id=\"ba54d8b\" data-element_type=\"widget\" data-e-type=\"widget\" data-widget_type=\"text-editor.default\">\n\t\t\t\t<div class=\"elementor-widget-container\">\n\t\t\t\t\t\t\t\t\t<figure class=\"wp-block-table\">\n<table>\n<tbody>\n<tr>\n<th><strong>PASSES<\/strong><\/th>\n<th><strong>HOR\u00c1RIOS<\/strong><\/th>\n<\/tr>\n<tr>\n<td>De 2\u00aa. a 5\u00aa. feiras<\/td>\n<td>Das 16h \u00e0s 19h45<\/td>\n<\/tr>\n<tr>\n<td>6\u00aa. feiras<\/td>\n<td>Das 15h \u00e0s 19h<\/td>\n<\/tr>\n<tr>\n<td>Domingos<\/td>\n<td>Das 9h \u00e0s 9h50 \u2013 Crian\u00e7as e Adultos<\/td>\n<\/tr>\n<\/tbody>\n<\/table>\n<\/figure>\n<p><!-- \/wp:table --><!-- wp:table {\"hasFixedLayout\":false} --><\/p>\n<figure class=\"wp-block-table\">\n<table>\n<tbody>\n<tr>\n<th>SAMARITANOS &#8211; PASSES EM DOMIC\u00cdLIO<\/th>\n<th>Hor\u00e1rio<\/th>\n<\/tr>\n<tr>\n<td>4\u00aa. feiras<\/td>\n<td>Das 14h \u00e0s 17h<\/td>\n<\/tr>\n<\/tbody>\n<\/table>\n<\/figure>\n<p><!-- \/wp:table --><!-- wp:table {\"hasFixedLayout\":false} --><\/p>\n<figure class=\"wp-block-table\">\n<table>\n<tbody>\n<tr>\n<th>FLUIDOTERAPIA<\/th>\n<th>Hor\u00e1rio<\/th>\n<\/tr>\n<tr>\n<td>2\u00aa. 4\u00aa. e 5\u00aa. feiras<\/td>\n<td>Das 18h \u00e0s 19h<\/td>\n<\/tr>\n<\/tbody>\n<\/table>\n<\/figure>\n<p><!-- \/wp:table --><!-- wp:table {\"hasFixedLayout\":false} --><\/p>\n<figure class=\"wp-block-table\">\n<table>\n<tbody>\n<tr>\n<th>ORIENTA\u00c7\u00c3O FRATERNA<\/th>\n<th>Hor\u00e1rios<\/th>\n<\/tr>\n<tr>\n<td>2\u00aa. 3\u00aa. e 4\u00aa. feiras<\/td>\n<td>A partir das 14h &#8211; Atendimento de 10 pessoas agendadas<br \/>A partir das 18h &#8211;\u00a0Atendimento de 5 pessoas agendadas<\/td>\n<\/tr>\n<tr>\n<td>6\u00aa. feiras<\/td>\n<td>A partir das 14h &#8211; Atendimento de 10 pessoas agendadas<\/td>\n<\/tr>\n<\/tbody>\n<\/table>\n<\/figure>\n<p><!-- \/wp:table --><!-- wp:table {\"hasFixedLayout\":false} --><\/p>\n<figure class=\"wp-block-table\">\n<table>\n<tbody>\n<tr>\n<th>PALESTRAS E REUNI\u00d5ES EVANG\u00c9LICO-DOUTRIN\u00c1RIAS<\/th>\n<th>Hor\u00e1rios<\/th>\n<\/tr>\n<tr>\n<td>4\u00aa. feiras<\/td>\n<td>Tarde: das 14h30 \u00e0s 15h45<br \/>Noite: \u00a0das 20h \u00e0s 21h15<\/td>\n<\/tr>\n<tr>\n<td>6\u00aa. feiras<\/td>\n<td>Das 14h30 \u00e0s 15h45<\/td>\n<\/tr>\n<tr>\n<td>Domingos<\/td>\n<td>Das 10h \u00e0s 11h<\/td>\n<\/tr>\n<\/tbody>\n<\/table>\n<\/figure>\n<p><!-- \/wp:table --><!-- wp:table {\"hasFixedLayout\":false} --><\/p>\n<figure class=\"wp-block-table\">\n<table>\n<tbody>\n<tr>\n<th>EDUCA\u00c7\u00c3O ESP\u00cdRITA INFANTOJUVENIL &#8211; EEIJ &#8211; ESCOLA DE MORAL CRIST\u00c3 PEDRO DE CAMARGO &#8211; &#8220;VINICIUS&#8217;<\/th>\n<th>Hor\u00e1rios<\/th>\n<\/tr>\n<tr>\n<td>S\u00e1bados<\/td>\n<td>Das 9h \u00e0s 10h30<\/td>\n<\/tr>\n<tr>\n<td>Domingos<\/td>\n<td>Das 10h \u00e0s 11h30<\/td>\n<\/tr>\n<\/tbody>\n<\/table>\n<\/figure>\n<p><!-- \/wp:table --><!-- wp:table {\"hasFixedLayout\":false} --><\/p>\n<figure class=\"wp-block-table\">\n<table>\n<tbody>\n<tr>\n<th>REUNI\u00c3O DE PAIS &#8211; EEIJ<\/th>\n<th>Hor\u00e1rios<\/th>\n<\/tr>\n<tr>\n<td>S\u00e1bados<\/td>\n<td>Das 9h \u00e0s 10h30<\/td>\n<\/tr>\n<tr>\n<td>Domingos<\/td>\n<td>Das 10h \u00e0s 11h30<\/td>\n<\/tr>\n<\/tbody>\n<\/table>\n<\/figure>\t\t\t\t\t\t\t\t<\/div>\n\t\t\t\t<\/div>\n\t\t\t\t\t<\/div>\n\t\t<\/div>\n\t\t\t\t\t<\/div>\n\t\t<\/section>\n\t\t\t\t<section class=\"elementor-section elementor-top-section elementor-element elementor-element-c97f203 elementor-section-boxed elementor-section-height-default elementor-section-height-default\" data-id=\"c97f203\" data-element_type=\"section\" data-e-type=\"section\">\n\t\t\t\t\t\t<div class=\"elementor-container elementor-column-gap-default\">\n\t\t\t\t\t<div class=\"elementor-column elementor-col-100 elementor-top-column elementor-element elementor-element-835fb84\" data-id=\"835fb84\" data-element_type=\"column\" data-e-type=\"column\">\n\t\t\t<div class=\"elementor-widget-wrap elementor-element-populated\">\n\t\t\t\t\t\t<div class=\"elementor-element elementor-element-2138627 elementor-widget elementor-widget-heading\" data-id=\"2138627\" data-element_type=\"widget\" data-e-type=\"widget\" data-widget_type=\"heading.default\">\n\t\t\t\t<div class=\"elementor-widget-container\">\n\t\t\t\t\t<h3 class=\"elementor-heading-title elementor-size-default\">Atividades Privativas<\/h3>\t\t\t\t<\/div>\n\t\t\t\t<\/div>\n\t\t\t\t<div class=\"elementor-element elementor-element-163be3b elementor-widget elementor-widget-text-editor\" data-id=\"163be3b\" data-element_type=\"widget\" data-e-type=\"widget\" data-widget_type=\"text-editor.default\">\n\t\t\t\t<div class=\"elementor-widget-container\">\n\t\t\t\t\t\t\t\t\t<figure class=\"wp-block-table\">\n<table>\n<tbody>\n<tr>\n<th>REUNI\u00d5ES DE EDUCA\u00c7\u00c3O MEDI\u00daNICA<\/th>\n<th>Hor\u00e1rios<\/th>\n<\/tr>\n<tr>\n<td>2\u00aa. e 3\u00aa. feiras<\/td>\n<td>Tarde: das 14h30 \u00e0s 16h<br \/>Noite: Das 20h \u00e0s 21h30<\/td>\n<\/tr>\n<\/tbody>\n<\/table>\n<\/figure>\n<p><!-- \/wp:table --><!-- wp:table {\"hasFixedLayout\":false} --><\/p>\n<figure class=\"wp-block-table\">\n<table>\n<tbody>\n<tr>\n<th>REUNI\u00d5ES DE ESTUDO<\/th>\n<th>Dias<\/th>\n<th>Tarde<\/th>\n<th>Noite<\/th>\n<\/tr>\n<tr>\n<td>O Livro dos M\u00e9diuns<\/td>\n<td>2\u00aa. feiras<\/td>\n<td>Das 14h30 \u00e0s 16h<\/td>\n<td>Das 20h \u00e0s 21h30<\/td>\n<\/tr>\n<tr>\n<td>O Livro dos Esp\u00edritos<\/td>\n<td>2\u00aa. feiras<\/td>\n<td>Das 14h30 \u00e0s 16h<\/td>\n<td>Das 20h \u00e0s 21h30<\/td>\n<\/tr>\n<tr>\n<td>O C\u00e9u e Inferno<\/td>\n<td>2\u00aa. feiras<\/td>\n<td>Das 14h30 \u00e0s 16h<\/td>\n<td>Das 20h \u00e0s 21h30<\/td>\n<\/tr>\n<tr>\n<td>O que \u00e9 o Espiritismo<\/td>\n<td>3\u00aa. feiras<\/td>\n<td>&#8211;<\/td>\n<td>Das 20h \u00e0s 21h30<\/td>\n<\/tr>\n<tr>\n<td>Introdu\u00e7\u00e3o \u00e0 Doutrina<\/td>\n<td>3\u00aa. feiras<\/td>\n<td>&#8211;<\/td>\n<td>Das 18h45 \u00e0s 19h45<\/td>\n<\/tr>\n<tr>\n<td>O Evangelho Segundo Espiritismo<\/td>\n<td>3\u00aa. feiras<\/td>\n<td>Das 14h30 \u00e0s 16h<\/td>\n<td>Das 20h \u00e0s 21h30<\/td>\n<\/tr>\n<tr>\n<td>A G\u00eanese<\/td>\n<td>3\u00aa. feiras<\/td>\n<td>Das 14h30 \u00e0s 16h<\/td>\n<td>Das 20h \u00e0s 21h30<\/td>\n<\/tr>\n<tr>\n<td>A Caminho da Luz<\/td>\n<td>4\u00aa. feiras<\/td>\n<td>&#8211;<\/td>\n<td>Das 20h \u00e0s 21h30<\/td>\n<\/tr>\n<tr>\n<td>Evolu\u00e7\u00e3o em Dois Mundos<\/td>\n<td>5\u00aa. feiras<\/td>\n<td>&#8211;<\/td>\n<td>Das 20h \u00e0s 21h30<\/td>\n<\/tr>\n<tr>\n<td>Paulo e Estev\u00e3o<\/td>\n<td>5\u00aa. feiras<\/td>\n<td>&#8211;<\/td>\n<td>Das 20h \u00e0s 21h30<\/td>\n<\/tr>\n<tr>\n<td>H\u00e1 2 mil anos<\/td>\n<td>5\u00aa. feiras<\/td>\n<td>&#8211;<\/td>\n<td>Das 20h \u00e0s 21h30<\/td>\n<\/tr>\n<tr>\n<td>50 anos depois<\/td>\n<td>5\u00aa. feiras<\/td>\n<td>&#8211;<\/td>\n<td>Das 20h \u00e0s 21h30<\/td>\n<\/tr>\n<tr>\n<td>Ave Cristo<\/td>\n<td>5\u00aa. feiras<\/td>\n<td>&#8211;<\/td>\n<td>Das 20h \u00e0s 21h30<\/td>\n<\/tr>\n<tr>\n<td>Ren\u00fancia<\/td>\n<td>5\u00aa. feiras<\/td>\n<td>&#8211;<\/td>\n<td>Das 20h \u00e0s 21h30<\/td>\n<\/tr>\n<\/tbody>\n<\/table>\n<\/figure>\n<p><!-- \/wp:table --><!-- wp:table {\"hasFixedLayout\":false} --><\/p>\n<figure class=\"wp-block-table\">\n<table>\n<tbody>\n<tr>\n<th>CURSO B\u00c1SICO DE ESPIRITISMO<\/th>\n<th>Hor\u00e1rios<\/th>\n<\/tr>\n<tr>\n<td>4\u00aa. feiras<\/td>\n<td>Tarde: das 14h30 \u00e0s 16h<br \/>Noite: das 20h \u00e0s 21h30<\/td>\n<\/tr>\n<\/tbody>\n<\/table>\n<\/figure>\n<p><!-- \/wp:table --><!-- wp:table {\"hasFixedLayout\":false} --><\/p>\n<figure class=\"wp-block-table\">\n<table>\n<tbody>\n<tr>\n<th>COEEM &#8211; CENTRO DE ORIENTA\u00c7\u00c3O, ESTUDOS E EDUCA\u00c7\u00c3O MEDI\u00daNICA<\/th>\n<th>Hor\u00e1rios<\/th>\n<\/tr>\n<tr>\n<td>5\u00aa. feiras<\/td>\n<td>Tarde: das 14h30 \u00e0s 16h<br \/>Noite: das 20h \u00e0s 21h30<\/td>\n<\/tr>\n<\/tbody>\n<\/table>\n<\/figure>\n<p><!-- \/wp:table --><!-- wp:table {\"hasFixedLayout\":false} --><\/p>\n<figure class=\"wp-block-table\">\n<table>\n<tbody>\n<tr>\n<th>TREINAMENTO E REUNI\u00c3O MEDI\u00daNICA DE PSICOGRAFIA<\/th>\n<th>Hor\u00e1rio<\/th>\n<\/tr>\n<tr>\n<td>S\u00e1bados<\/td>\n<td>Das 14h30 \u00e0s 16h<\/td>\n<\/tr>\n<\/tbody>\n<\/table>\n<\/figure>\n<p><!-- \/wp:table --><!-- wp:table {\"hasFixedLayout\":false} --><\/p>\n<figure class=\"wp-block-table\">\n<table>\n<tbody>\n<tr>\n<th>REUNI\u00c3O DE DESOBESSESS\u00c3O<\/th>\n<th>Hor\u00e1rio<\/th>\n<\/tr>\n<tr>\n<td>6\u00aa. feiras<\/td>\n<td>Restrita<\/td>\n<\/tr>\n<\/tbody>\n<\/table>\n<\/figure>\t\t\t\t\t\t\t\t<\/div>\n\t\t\t\t<\/div>\n\t\t\t\t\t<\/div>\n\t\t<\/div>\n\t\t\t\t\t<\/div>\n\t\t<\/section>\n\t\t\t\t<section class=\"elementor-section elementor-top-section elementor-element elementor-element-66521ba elementor-section-boxed elementor-section-height-default elementor-section-height-default\" data-id=\"66521ba\" data-element_type=\"section\" data-e-type=\"section\">\n\t\t\t\t\t\t<div class=\"elementor-container elementor-column-gap-default\">\n\t\t\t\t\t<div class=\"elementor-column elementor-col-100 elementor-top-column elementor-element elementor-element-55a072c\" data-id=\"55a072c\" data-element_type=\"column\" data-e-type=\"column\">\n\t\t\t<div class=\"elementor-widget-wrap elementor-element-populated\">\n\t\t\t\t\t\t<div class=\"elementor-element elementor-element-e5f0a2d elementor-widget elementor-widget-heading\" data-id=\"e5f0a2d\" data-element_type=\"widget\" data-e-type=\"widget\" data-widget_type=\"heading.default\">\n\t\t\t\t<div class=\"elementor-widget-container\">\n\t\t\t\t\t<h3 class=\"elementor-heading-title elementor-size-default\">Atividade Assist\u00eancial<\/h3>\t\t\t\t<\/div>\n\t\t\t\t<\/div>\n\t\t\t\t<div class=\"elementor-element elementor-element-186f17f elementor-widget elementor-widget-text-editor\" data-id=\"186f17f\" data-element_type=\"widget\" data-e-type=\"widget\" data-widget_type=\"text-editor.default\">\n\t\t\t\t<div class=\"elementor-widget-container\">\n\t\t\t\t\t\t\t\t\t<table>\n<tbody>\n<tr>\n<th>RONDA NOTURNA<\/th>\n<th>Hor\u00e1rio<\/th>\n<\/tr>\n<tr>\n<td>De 2\u00aa. feira a S\u00e1bados.<\/td>\n<td>A consultar<\/td>\n<\/tr>\n<\/tbody>\n<\/table>\t\t\t\t\t\t\t\t<\/div>\n\t\t\t\t<\/div>\n\t\t\t\t\t<\/div>\n\t\t<\/div>\n\t\t\t\t\t<\/div>\n\t\t<\/section>\n\t\t\t\t<\/div>\n\t\t","protected":false},"excerpt":{"rendered":"<p>Unidade Doutrin\u00e1ria Spartaco Ghillardi est\u00e1 localizada na Rua Caiubi 1306, Perdizes, S\u00e3o Paulo, SP, CEP 05010-000. Na unidade doutrin\u00e1ria funcionam atividades de divulga\u00e7\u00e3o e estudo da Doutrina Esp\u00edrita, al\u00e9m da Diretoria, Administra\u00e7\u00e3o, Recep\u00e7\u00e3o, Livraria e Secretaria. Abriga tamb\u00e9m uma atividade de assist\u00eancia social, a Ronda Noturna. Diretoria e Administra\u00e7\u00e3o Atividades de secretaria e de administra\u00e7\u00e3o. [&hellip;]<\/p>\n","protected":false},"author":1,"featured_media":0,"parent":0,"menu_order":0,"comment_status":"closed","ping_status":"closed","template":"","meta":{"footnotes":""},"class_list":["post-601","page","type-page","status-publish","hentry"],"_links":{"self":[{"href":"https:\/\/daudt.com.br\/geb\/wp-json\/wp\/v2\/pages\/601","targetHints":{"allow":["GET"]}}],"collection":[{"href":"https:\/\/daudt.com.br\/geb\/wp-json\/wp\/v2\/pages"}],"about":[{"href":"https:\/\/daudt.com.br\/geb\/wp-json\/wp\/v2\/types\/page"}],"author":[{"embeddable":true,"href":"https:\/\/daudt.com.br\/geb\/wp-json\/wp\/v2\/users\/1"}],"replies":[{"embeddable":true,"href":"https:\/\/daudt.com.br\/geb\/wp-json\/wp\/v2\/comments?post=601"}],"version-history":[{"count":32,"href":"https:\/\/daudt.com.br\/geb\/wp-json\/wp\/v2\/pages\/601\/revisions"}],"predecessor-version":[{"id":2228,"href":"https:\/\/daudt.com.br\/geb\/wp-json\/wp\/v2\/pages\/601\/revisions\/2228"}],"wp:attachment":[{"href":"https:\/\/daudt.com.br\/geb\/wp-json\/wp\/v2\/media?parent=601"}],"curies":[{"name":"wp","href":"https:\/\/api.w.org\/{rel}","templated":true}]}}