{"id":591,"date":"2024-06-18T13:57:53","date_gmt":"2024-06-18T16:57:53","guid":{"rendered":"https:\/\/daudt.com.br\/geb\/?page_id=591"},"modified":"2024-10-17T12:14:05","modified_gmt":"2024-10-17T15:14:05","slug":"privacidade-e-cookies","status":"publish","type":"page","link":"https:\/\/daudt.com.br\/geb\/privacidade-e-cookies\/","title":{"rendered":"Privacidade e Cookies"},"content":{"rendered":"\t\t<div data-elementor-type=\"wp-page\" data-elementor-id=\"591\" class=\"elementor elementor-591\">\n\t\t\t\t\t\t<section class=\"elementor-section elementor-top-section elementor-element elementor-element-45697ae elementor-section-boxed elementor-section-height-default elementor-section-height-default\" data-id=\"45697ae\" data-element_type=\"section\" data-e-type=\"section\">\n\t\t\t\t\t\t<div class=\"elementor-container elementor-column-gap-default\">\n\t\t\t\t\t<div class=\"elementor-column elementor-col-100 elementor-top-column elementor-element elementor-element-4866761\" data-id=\"4866761\" data-element_type=\"column\" data-e-type=\"column\">\n\t\t\t<div class=\"elementor-widget-wrap elementor-element-populated\">\n\t\t\t\t\t\t<div class=\"elementor-element elementor-element-29c8f35 elementor-widget elementor-widget-text-editor\" data-id=\"29c8f35\" data-element_type=\"widget\" data-e-type=\"widget\" data-widget_type=\"text-editor.default\">\n\t\t\t\t<div class=\"elementor-widget-container\">\n\t\t\t\t\t\t\t\t\t<p>N\u00f3s do GRUPO ESP\u00cdRITA BATU\u00cdRA, uma associa\u00e7\u00e3o sem fins lucrativos e\/ou econ\u00f4micos, com sede na Rua Caiubi, 1.306, Perdizes, S\u00e3o Paulo\/SP, CEP 05010-000, inscrita no CNPJ sob o n\u00ba 61.989.000\/0001-50, temos o compromisso de respeitar a sua privacidade e assim criamos a nossa Pol\u00edtica de Privacidade e a nossa Pol\u00edtica de Cookies de nosso&nbsp;<em>Website<\/em>.<br><\/p>\t\t\t\t\t\t\t\t<\/div>\n\t\t\t\t<\/div>\n\t\t\t\t<div class=\"elementor-element elementor-element-8d4de1c elementor-widget-divider--view-line elementor-widget elementor-widget-divider\" data-id=\"8d4de1c\" data-element_type=\"widget\" data-e-type=\"widget\" data-widget_type=\"divider.default\">\n\t\t\t\t<div class=\"elementor-widget-container\">\n\t\t\t\t\t\t\t<div class=\"elementor-divider\">\n\t\t\t<span class=\"elementor-divider-separator\">\n\t\t\t\t\t\t<\/span>\n\t\t<\/div>\n\t\t\t\t\t\t<\/div>\n\t\t\t\t<\/div>\n\t\t\t\t<div class=\"elementor-element elementor-element-16040cc elementor-widget elementor-widget-heading\" data-id=\"16040cc\" data-element_type=\"widget\" data-e-type=\"widget\" data-widget_type=\"heading.default\">\n\t\t\t\t<div class=\"elementor-widget-container\">\n\t\t\t\t\t<h2 class=\"elementor-heading-title elementor-size-default\">POL\u00cdTICA DE PRIVACIDADE<\/h2>\t\t\t\t<\/div>\n\t\t\t\t<\/div>\n\t\t\t\t<div class=\"elementor-element elementor-element-336edcf elementor-widget elementor-widget-text-editor\" data-id=\"336edcf\" data-element_type=\"widget\" data-e-type=\"widget\" data-widget_type=\"text-editor.default\">\n\t\t\t\t<div class=\"elementor-widget-container\">\n\t\t\t\t\t\t\t\t\t<p>A\u00a0<span style=\"font-weight: bolder;\">Pol\u00edtica de Privacidade<\/span>\u00a0explica como o\u00a0<span style=\"font-weight: bolder;\">GEB<\/span>\u00a0coleta, utiliza e trata dados pessoais de usu\u00e1rios que visitam e navegam em nosso Website, que realizam doa\u00e7\u00f5es ao\u00a0<span style=\"font-weight: bolder;\">GEB<\/span>\u00a0pelo nosso\u00a0<em>Website<\/em>, que realizam cadastro e mant\u00e9m a qualidade de associado, que se inscrevem em nosso processo seletivo e\/ou que se aplicam em finalidades institucionais, al\u00e9m de indicar com quem eles podem ser compartilhados.<\/p>\n<p>Leia a nossa\u00a0<span style=\"font-weight: bolder;\">Pol\u00edtica de Privacidade<\/span>, na \u00edntegra,\u00a0<a href=\"http:\/\/geb.org.br\/quem-somos\/privacidade-e-cookies\/politica-de-privacidade\">clicando aqui<\/a>.<\/p>\t\t\t\t\t\t\t\t<\/div>\n\t\t\t\t<\/div>\n\t\t\t\t<div class=\"elementor-element elementor-element-7dfdba7 elementor-widget-divider--view-line elementor-widget elementor-widget-divider\" data-id=\"7dfdba7\" data-element_type=\"widget\" data-e-type=\"widget\" data-widget_type=\"divider.default\">\n\t\t\t\t<div class=\"elementor-widget-container\">\n\t\t\t\t\t\t\t<div class=\"elementor-divider\">\n\t\t\t<span class=\"elementor-divider-separator\">\n\t\t\t\t\t\t<\/span>\n\t\t<\/div>\n\t\t\t\t\t\t<\/div>\n\t\t\t\t<\/div>\n\t\t\t\t<div class=\"elementor-element elementor-element-3d524e3 elementor-widget elementor-widget-heading\" data-id=\"3d524e3\" data-element_type=\"widget\" data-e-type=\"widget\" data-widget_type=\"heading.default\">\n\t\t\t\t<div class=\"elementor-widget-container\">\n\t\t\t\t\t<h2 class=\"elementor-heading-title elementor-size-default\">POL\u00cdTICA DE COOKIES<\/h2>\t\t\t\t<\/div>\n\t\t\t\t<\/div>\n\t\t\t\t<div class=\"elementor-element elementor-element-f609dbe elementor-widget elementor-widget-text-editor\" data-id=\"f609dbe\" data-element_type=\"widget\" data-e-type=\"widget\" data-widget_type=\"text-editor.default\">\n\t\t\t\t<div class=\"elementor-widget-container\">\n\t\t\t\t\t\t\t\t\t<p>A\u00a0<span style=\"font-weight: bolder;\">Pol\u00edtica de Cookies<\/span>\u00a0explica ao usu\u00e1rio e visitantes do website do\u00a0<span style=\"font-weight: bolder;\">GEB<\/span>, de maneira simples, objetiva e transparente: (i) o conceito e a classifica\u00e7\u00e3o de cookies; (ii) quais cookies o\u00a0<span style=\"font-weight: bolder;\">GEB<\/span>\u00a0utiliza e para quais finalidades; e; (iii) como gerenciar os cookies, habilitando-os ou desabilitando-os.<\/p>\n<p>Leia a nossa\u00a0<span style=\"font-weight: bolder;\">Pol\u00edtica de Cookies<\/span>, na \u00edntegra,\u00a0<a href=\"http:\/\/geb.org.br\/quem-somos\/privacidade-e-cookies\/politica-de-cookies\">clicando aqui<\/a>.<\/p>\t\t\t\t\t\t\t\t<\/div>\n\t\t\t\t<\/div>\n\t\t\t\t\t<\/div>\n\t\t<\/div>\n\t\t\t\t\t<\/div>\n\t\t<\/section>\n\t\t<div class=\"elementor-element elementor-element-6e7371a e-flex e-con-boxed e-con e-parent\" data-id=\"6e7371a\" data-element_type=\"container\" data-e-type=\"container\">\n\t\t\t\t\t<div class=\"e-con-inner\">\n\t\t\t\t<div class=\"elementor-element elementor-element-ac133c4 elementor-widget elementor-widget-video\" data-id=\"ac133c4\" data-element_type=\"widget\" data-e-type=\"widget\" data-settings=\"{&quot;video_type&quot;:&quot;hosted&quot;,&quot;controls&quot;:&quot;yes&quot;}\" data-widget_type=\"video.default\">\n\t\t\t\t<div class=\"elementor-widget-container\">\n\t\t\t\t\t\t\t<div class=\"e-hosted-video elementor-wrapper elementor-open-inline\">\n\t\t\t\t\t<video class=\"elementor-video\" src=\"https:\/\/daudt.com.br\/geb\/wp-content\/uploads\/2024\/10\/video_LGPD.mp4\" controls=\"\" preload=\"metadata\" controlsList=\"nodownload\"><\/video>\n\t\t\t\t<\/div>\n\t\t\t\t\t\t<\/div>\n\t\t\t\t<\/div>\n\t\t\t\t\t<\/div>\n\t\t\t\t<\/div>\n\t\t\t\t<\/div>\n\t\t","protected":false},"excerpt":{"rendered":"<p>N\u00f3s do GRUPO ESP\u00cdRITA BATU\u00cdRA, uma associa\u00e7\u00e3o sem fins lucrativos e\/ou econ\u00f4micos, com sede na Rua Caiubi, 1.306, Perdizes, S\u00e3o Paulo\/SP, CEP 05010-000, inscrita no CNPJ sob o n\u00ba 61.989.000\/0001-50, temos o compromisso de respeitar a sua privacidade e assim criamos a nossa Pol\u00edtica de Privacidade e a nossa Pol\u00edtica de Cookies de nosso&nbsp;Website. POL\u00cdTICA [&hellip;]<\/p>\n","protected":false},"author":1,"featured_media":0,"parent":0,"menu_order":0,"comment_status":"closed","ping_status":"closed","template":"","meta":{"footnotes":""},"class_list":["post-591","page","type-page","status-publish","hentry"],"_links":{"self":[{"href":"https:\/\/daudt.com.br\/geb\/wp-json\/wp\/v2\/pages\/591","targetHints":{"allow":["GET"]}}],"collection":[{"href":"https:\/\/daudt.com.br\/geb\/wp-json\/wp\/v2\/pages"}],"about":[{"href":"https:\/\/daudt.com.br\/geb\/wp-json\/wp\/v2\/types\/page"}],"author":[{"embeddable":true,"href":"https:\/\/daudt.com.br\/geb\/wp-json\/wp\/v2\/users\/1"}],"replies":[{"embeddable":true,"href":"https:\/\/daudt.com.br\/geb\/wp-json\/wp\/v2\/comments?post=591"}],"version-history":[{"count":7,"href":"https:\/\/daudt.com.br\/geb\/wp-json\/wp\/v2\/pages\/591\/revisions"}],"predecessor-version":[{"id":1920,"href":"https:\/\/daudt.com.br\/geb\/wp-json\/wp\/v2\/pages\/591\/revisions\/1920"}],"wp:attachment":[{"href":"https:\/\/daudt.com.br\/geb\/wp-json\/wp\/v2\/media?parent=591"}],"curies":[{"name":"wp","href":"https:\/\/api.w.org\/{rel}","templated":true}]}}