{"id":589,"date":"2024-06-18T13:56:45","date_gmt":"2024-06-18T16:56:45","guid":{"rendered":"https:\/\/daudt.com.br\/geb\/?page_id=589"},"modified":"2024-10-16T16:49:20","modified_gmt":"2024-10-16T19:49:20","slug":"sustentabilidade","status":"publish","type":"page","link":"https:\/\/daudt.com.br\/geb\/sustentabilidade\/","title":{"rendered":"Sustentabilidade"},"content":{"rendered":"\t\t<div data-elementor-type=\"wp-page\" data-elementor-id=\"589\" class=\"elementor elementor-589\">\n\t\t\t\t\t\t<section class=\"elementor-section elementor-top-section elementor-element elementor-element-2c5ed32 elementor-section-boxed elementor-section-height-default elementor-section-height-default\" data-id=\"2c5ed32\" data-element_type=\"section\" data-e-type=\"section\">\n\t\t\t\t\t\t<div class=\"elementor-container elementor-column-gap-default\">\n\t\t\t\t\t<div class=\"elementor-column elementor-col-100 elementor-top-column elementor-element elementor-element-918f538\" data-id=\"918f538\" data-element_type=\"column\" data-e-type=\"column\">\n\t\t\t<div class=\"elementor-widget-wrap elementor-element-populated\">\n\t\t\t\t\t\t<div class=\"elementor-element elementor-element-147e963 elementor-widget elementor-widget-text-editor\" data-id=\"147e963\" data-element_type=\"widget\" data-e-type=\"widget\" data-widget_type=\"text-editor.default\">\n\t\t\t\t<div class=\"elementor-widget-container\">\n\t\t\t\t\t\t\t\t\t<p><strong>Projeto Nosso Futuro comum: as atividades do Grupo Esp\u00edrita Batu\u00edra cumprem praticamente todos os requisitos do programa 8 Jeitos de Mudar o Mundo.<\/strong><\/p>\t\t\t\t\t\t\t\t<\/div>\n\t\t\t\t<\/div>\n\t\t\t\t\t<\/div>\n\t\t<\/div>\n\t\t\t\t\t<\/div>\n\t\t<\/section>\n\t\t\t\t<section class=\"elementor-section elementor-top-section elementor-element elementor-element-e590ecd elementor-section-boxed elementor-section-height-default elementor-section-height-default\" data-id=\"e590ecd\" data-element_type=\"section\" data-e-type=\"section\">\n\t\t\t\t\t\t<div class=\"elementor-container elementor-column-gap-default\">\n\t\t\t\t\t<div class=\"elementor-column elementor-col-33 elementor-top-column elementor-element elementor-element-211d2ba\" data-id=\"211d2ba\" data-element_type=\"column\" data-e-type=\"column\">\n\t\t\t<div class=\"elementor-widget-wrap elementor-element-populated\">\n\t\t\t\t\t\t<div class=\"elementor-element elementor-element-b8addc1 elementor-widget elementor-widget-image\" data-id=\"b8addc1\" data-element_type=\"widget\" data-e-type=\"widget\" data-widget_type=\"image.default\">\n\t\t\t\t<div class=\"elementor-widget-container\">\n\t\t\t\t\t\t\t\t\t\t\t\t\t\t\t<img fetchpriority=\"high\" decoding=\"async\" width=\"400\" height=\"312\" src=\"https:\/\/daudt.com.br\/geb\/wp-content\/uploads\/2024\/10\/sustentabilidade2.jpeg\" class=\"attachment-full size-full wp-image-983\" alt=\"\" srcset=\"https:\/\/daudt.com.br\/geb\/wp-content\/uploads\/2024\/10\/sustentabilidade2.jpeg 400w, https:\/\/daudt.com.br\/geb\/wp-content\/uploads\/2024\/10\/sustentabilidade2-300x234.jpeg 300w\" sizes=\"(max-width: 400px) 100vw, 400px\" \/>\t\t\t\t\t\t\t\t\t\t\t\t\t\t\t<\/div>\n\t\t\t\t<\/div>\n\t\t\t\t\t<\/div>\n\t\t<\/div>\n\t\t\t\t<div class=\"elementor-column elementor-col-66 elementor-top-column elementor-element elementor-element-585a0f0\" data-id=\"585a0f0\" data-element_type=\"column\" data-e-type=\"column\">\n\t\t\t<div class=\"elementor-widget-wrap elementor-element-populated\">\n\t\t\t\t\t\t<div class=\"elementor-element elementor-element-7e09a28 elementor-widget elementor-widget-text-editor\" data-id=\"7e09a28\" data-element_type=\"widget\" data-e-type=\"widget\" data-widget_type=\"text-editor.default\">\n\t\t\t\t<div class=\"elementor-widget-container\">\n\t\t\t\t\t\t\t\t\t<p>Nosso Futuro Comum \u00e9 a tradu\u00e7\u00e3o literal do nome do Relat\u00f3rio da Comiss\u00e3o Mundial sobre Meio Ambiente e Desenvolvimento, divulgado em 1987 sob o t\u00edtulo\u00a0<em>Our Common Future<\/em>, que definiu uma agenda de a\u00e7\u00e3o mundial e apontou o desenvolvimento sustent\u00e1vel como sa\u00edda para a grave crise ambiental diagnosticada. Destacou 3 componentes fundamentais: crescimento econ\u00f4mico, equidade social e prote\u00e7\u00e3o ambiental.<\/p>\t\t\t\t\t\t\t\t<\/div>\n\t\t\t\t<\/div>\n\t\t\t\t\t<\/div>\n\t\t<\/div>\n\t\t\t\t\t<\/div>\n\t\t<\/section>\n\t\t\t\t<section class=\"elementor-section elementor-top-section elementor-element elementor-element-667be34 elementor-section-boxed elementor-section-height-default elementor-section-height-default\" data-id=\"667be34\" data-element_type=\"section\" data-e-type=\"section\">\n\t\t\t\t\t\t<div class=\"elementor-container elementor-column-gap-default\">\n\t\t\t\t\t<div class=\"elementor-column elementor-col-66 elementor-top-column elementor-element elementor-element-1bcff12\" data-id=\"1bcff12\" data-element_type=\"column\" data-e-type=\"column\">\n\t\t\t<div class=\"elementor-widget-wrap elementor-element-populated\">\n\t\t\t\t\t\t<div class=\"elementor-element elementor-element-688db48 elementor-widget elementor-widget-text-editor\" data-id=\"688db48\" data-element_type=\"widget\" data-e-type=\"widget\" data-widget_type=\"text-editor.default\">\n\t\t\t\t<div class=\"elementor-widget-container\">\n\t\t\t\t\t\t\t\t\t<p>Essa \u00e9 a nova a\u00e7\u00e3o de Responsabilidade Social do GEB iniciada em Agosto de 2011: uma original campanha educativa de conscientiza\u00e7\u00e3o sobre a responsabilidade no desenvolvimento sustent\u00e1vel, com alternativas saud\u00e1veis aos nossos padr\u00f5es de consumo e estilo de vida, inspirada basicamente nas Leis Morais do Livro dos Esp\u00edritos.<\/p>\n<p><!-- \/wp:paragraph --><!-- wp:paragraph --><\/p>\n<p><img decoding=\"async\" src=\"http:\/\/geb.org.br\/quem-somos\/sustentabilidade\/FolderGEBImgNossoFuturoComum2.jpg\/@@images\/81629dd7-5b4e-4595-8437-c055093c5a59.jpeg\" alt=\"\" \/>Desde sua funda\u00e7\u00e3o, em 1964, as atividades do GEB cumprem praticamente todos os requisitos do programa 8 JEITOS DE MUDAR O MUNDO, da ONU, lan\u00e7ado em 2000 e firmados por 191 pa\u00edses membros, com exce\u00e7\u00e3o do objetivo 7: QUALIDADE DE VIDA E MEIO AMBIENTE. Com o projeto NOSSO FUTURO COMUM o GEB atender\u00e1 a todos os requisitos da ONU!<\/p>\t\t\t\t\t\t\t\t<\/div>\n\t\t\t\t<\/div>\n\t\t\t\t\t<\/div>\n\t\t<\/div>\n\t\t\t\t<div class=\"elementor-column elementor-col-33 elementor-top-column elementor-element elementor-element-c950ac1\" data-id=\"c950ac1\" data-element_type=\"column\" data-e-type=\"column\">\n\t\t\t<div class=\"elementor-widget-wrap elementor-element-populated\">\n\t\t\t\t\t\t<div class=\"elementor-element elementor-element-6dbc837 elementor-widget__width-initial elementor-widget elementor-widget-image\" data-id=\"6dbc837\" data-element_type=\"widget\" data-e-type=\"widget\" data-widget_type=\"image.default\">\n\t\t\t\t<div class=\"elementor-widget-container\">\n\t\t\t\t\t\t\t\t\t\t\t\t\t\t\t<img decoding=\"async\" width=\"400\" height=\"302\" src=\"https:\/\/daudt.com.br\/geb\/wp-content\/uploads\/2024\/10\/sustentabilidade3.jpeg\" class=\"attachment-large size-large wp-image-984\" alt=\"\" srcset=\"https:\/\/daudt.com.br\/geb\/wp-content\/uploads\/2024\/10\/sustentabilidade3.jpeg 400w, https:\/\/daudt.com.br\/geb\/wp-content\/uploads\/2024\/10\/sustentabilidade3-300x227.jpeg 300w\" sizes=\"(max-width: 400px) 100vw, 400px\" \/>\t\t\t\t\t\t\t\t\t\t\t\t\t\t\t<\/div>\n\t\t\t\t<\/div>\n\t\t\t\t\t<\/div>\n\t\t<\/div>\n\t\t\t\t\t<\/div>\n\t\t<\/section>\n\t\t\t\t<section class=\"elementor-section elementor-top-section elementor-element elementor-element-d70aa30 elementor-section-boxed elementor-section-height-default elementor-section-height-default\" data-id=\"d70aa30\" data-element_type=\"section\" data-e-type=\"section\">\n\t\t\t\t\t\t<div class=\"elementor-container elementor-column-gap-default\">\n\t\t\t\t\t<div class=\"elementor-column elementor-col-33 elementor-top-column elementor-element elementor-element-4a60496\" data-id=\"4a60496\" data-element_type=\"column\" data-e-type=\"column\">\n\t\t\t<div class=\"elementor-widget-wrap elementor-element-populated\">\n\t\t\t\t\t\t<div class=\"elementor-element elementor-element-1df581a elementor-widget__width-initial elementor-widget elementor-widget-image\" data-id=\"1df581a\" data-element_type=\"widget\" data-e-type=\"widget\" data-widget_type=\"image.default\">\n\t\t\t\t<div class=\"elementor-widget-container\">\n\t\t\t\t\t\t\t\t\t\t\t\t\t\t\t<img decoding=\"async\" width=\"197\" height=\"230\" src=\"https:\/\/daudt.com.br\/geb\/wp-content\/uploads\/2024\/10\/sustentabilidade1.jpeg\" class=\"attachment-medium size-medium wp-image-981\" alt=\"\" \/>\t\t\t\t\t\t\t\t\t\t\t\t\t\t\t<\/div>\n\t\t\t\t<\/div>\n\t\t\t\t\t<\/div>\n\t\t<\/div>\n\t\t\t\t<div class=\"elementor-column elementor-col-66 elementor-top-column elementor-element elementor-element-ece219f\" data-id=\"ece219f\" data-element_type=\"column\" data-e-type=\"column\">\n\t\t\t<div class=\"elementor-widget-wrap elementor-element-populated\">\n\t\t\t\t\t\t<div class=\"elementor-element elementor-element-542378b elementor-widget elementor-widget-text-editor\" data-id=\"542378b\" data-element_type=\"widget\" data-e-type=\"widget\" data-widget_type=\"text-editor.default\">\n\t\t\t\t<div class=\"elementor-widget-container\">\n\t\t\t\t\t\t\t\t\t<p>Dentro dessa Plataforma de SUSTENTABILIDADE entram tamb\u00e9m mais duas componentes, ambas voltadas para o ser humano, que \u00e9 maior causa da exist\u00eancia do GEB: por um lado, a\u00e7\u00f5es visando a prepara\u00e7\u00e3o cont\u00ednua de novas lideran\u00e7as (Projeto Transfus\u00e3o de Sangue) e, por outro, n\u00e3o menos importante, a integra\u00e7\u00e3o dos trabalhadores da casa em torno de um N\u00facleo de Volunt\u00e1rios, visando a melhoria cont\u00ednua do GEB.<\/p>\n<p><!-- \/wp:paragraph --><!-- wp:image {\"id\":983,\"sizeSlug\":\"full\",\"linkDestination\":\"none\",\"align\":\"center\"} --><\/p>\n<figure class=\"wp-block-image aligncenter size-full\"><\/figure>\n<p><!-- \/wp:image --><!-- wp:paragraph --><\/p>\n<p>\u00a0<\/p>\t\t\t\t\t\t\t\t<\/div>\n\t\t\t\t<\/div>\n\t\t\t\t\t<\/div>\n\t\t<\/div>\n\t\t\t\t\t<\/div>\n\t\t<\/section>\n\t\t\t\t<\/div>\n\t\t","protected":false},"excerpt":{"rendered":"<p>Projeto Nosso Futuro comum: as atividades do Grupo Esp\u00edrita Batu\u00edra cumprem praticamente todos os requisitos do programa 8 Jeitos de Mudar o Mundo. Nosso Futuro Comum \u00e9 a tradu\u00e7\u00e3o literal do nome do Relat\u00f3rio da Comiss\u00e3o Mundial sobre Meio Ambiente e Desenvolvimento, divulgado em 1987 sob o t\u00edtulo\u00a0Our Common Future, que definiu uma agenda de [&hellip;]<\/p>\n","protected":false},"author":1,"featured_media":0,"parent":0,"menu_order":0,"comment_status":"closed","ping_status":"closed","template":"elementor_theme","meta":{"footnotes":""},"class_list":["post-589","page","type-page","status-publish","hentry"],"_links":{"self":[{"href":"https:\/\/daudt.com.br\/geb\/wp-json\/wp\/v2\/pages\/589","targetHints":{"allow":["GET"]}}],"collection":[{"href":"https:\/\/daudt.com.br\/geb\/wp-json\/wp\/v2\/pages"}],"about":[{"href":"https:\/\/daudt.com.br\/geb\/wp-json\/wp\/v2\/types\/page"}],"author":[{"embeddable":true,"href":"https:\/\/daudt.com.br\/geb\/wp-json\/wp\/v2\/users\/1"}],"replies":[{"embeddable":true,"href":"https:\/\/daudt.com.br\/geb\/wp-json\/wp\/v2\/comments?post=589"}],"version-history":[{"count":35,"href":"https:\/\/daudt.com.br\/geb\/wp-json\/wp\/v2\/pages\/589\/revisions"}],"predecessor-version":[{"id":1509,"href":"https:\/\/daudt.com.br\/geb\/wp-json\/wp\/v2\/pages\/589\/revisions\/1509"}],"wp:attachment":[{"href":"https:\/\/daudt.com.br\/geb\/wp-json\/wp\/v2\/media?parent=589"}],"curies":[{"name":"wp","href":"https:\/\/api.w.org\/{rel}","templated":true}]}}