{"id":587,"date":"2024-06-18T13:55:53","date_gmt":"2024-06-18T16:55:53","guid":{"rendered":"https:\/\/daudt.com.br\/geb\/?page_id=587"},"modified":"2024-10-16T16:57:05","modified_gmt":"2024-10-16T19:57:05","slug":"transparencia-de-gestao","status":"publish","type":"page","link":"https:\/\/daudt.com.br\/geb\/transparencia-de-gestao\/","title":{"rendered":"Transpar\u00eancia de Gest\u00e3o"},"content":{"rendered":"\t\t<div data-elementor-type=\"wp-page\" data-elementor-id=\"587\" class=\"elementor elementor-587\">\n\t\t\t\t\t\t<section class=\"elementor-section elementor-top-section elementor-element elementor-element-6baf806a elementor-section-boxed elementor-section-height-default elementor-section-height-default\" data-id=\"6baf806a\" data-element_type=\"section\" data-e-type=\"section\">\n\t\t\t\t\t\t<div class=\"elementor-container elementor-column-gap-default\">\n\t\t\t\t\t<div class=\"elementor-column elementor-col-100 elementor-top-column elementor-element elementor-element-7b09ba39\" data-id=\"7b09ba39\" data-element_type=\"column\" data-e-type=\"column\">\n\t\t\t<div class=\"elementor-widget-wrap elementor-element-populated\">\n\t\t\t\t\t\t<div class=\"elementor-element elementor-element-d53fcce elementor-widget elementor-widget-text-editor\" data-id=\"d53fcce\" data-element_type=\"widget\" data-e-type=\"widget\" data-widget_type=\"text-editor.default\">\n\t\t\t\t<div class=\"elementor-widget-container\">\n\t\t\t\t\t\t\t\t\t\n<p><a href=\"https:\/\/daudt.com.br\/geb\/relatorio-de-atividades\/\">Relat\u00f3rio de atividades<\/a><\/p>\n\n<p><a href=\"https:\/\/daudt.com.br\/geb\/balancos-contabeis-e-resultados-do-exercicio\/\">Balan\u00e7os cont\u00e1beis e resultados do exerc\u00edcio<\/a><\/p>\n\n<p><a href=\"https:\/\/daudt.com.br\/geb\/convenios-e-resultados\/\">Conv\u00eanios e resultados<\/a><\/p>\n\t\t\t\t\t\t\t\t<\/div>\n\t\t\t\t<\/div>\n\t\t\t\t\t<\/div>\n\t\t<\/div>\n\t\t\t\t\t<\/div>\n\t\t<\/section>\n\t\t\t\t<\/div>\n\t\t","protected":false},"excerpt":{"rendered":"<p>Relat\u00f3rio de atividades Balan\u00e7os cont\u00e1beis e resultados do exerc\u00edcio Conv\u00eanios e resultados<\/p>\n","protected":false},"author":1,"featured_media":0,"parent":0,"menu_order":0,"comment_status":"closed","ping_status":"closed","template":"","meta":{"footnotes":""},"class_list":["post-587","page","type-page","status-publish","hentry"],"_links":{"self":[{"href":"https:\/\/daudt.com.br\/geb\/wp-json\/wp\/v2\/pages\/587","targetHints":{"allow":["GET"]}}],"collection":[{"href":"https:\/\/daudt.com.br\/geb\/wp-json\/wp\/v2\/pages"}],"about":[{"href":"https:\/\/daudt.com.br\/geb\/wp-json\/wp\/v2\/types\/page"}],"author":[{"embeddable":true,"href":"https:\/\/daudt.com.br\/geb\/wp-json\/wp\/v2\/users\/1"}],"replies":[{"embeddable":true,"href":"https:\/\/daudt.com.br\/geb\/wp-json\/wp\/v2\/comments?post=587"}],"version-history":[{"count":7,"href":"https:\/\/daudt.com.br\/geb\/wp-json\/wp\/v2\/pages\/587\/revisions"}],"predecessor-version":[{"id":1512,"href":"https:\/\/daudt.com.br\/geb\/wp-json\/wp\/v2\/pages\/587\/revisions\/1512"}],"wp:attachment":[{"href":"https:\/\/daudt.com.br\/geb\/wp-json\/wp\/v2\/media?parent=587"}],"curies":[{"name":"wp","href":"https:\/\/api.w.org\/{rel}","templated":true}]}}