{"id":583,"date":"2024-06-18T13:54:30","date_gmt":"2024-06-18T16:54:30","guid":{"rendered":"https:\/\/daudt.com.br\/geb\/?page_id=583"},"modified":"2024-10-16T03:20:32","modified_gmt":"2024-10-16T06:20:32","slug":"conselho-fiscal","status":"publish","type":"page","link":"https:\/\/daudt.com.br\/geb\/conselho-fiscal\/","title":{"rendered":"Conselho Fiscal"},"content":{"rendered":"\t\t<div data-elementor-type=\"wp-page\" data-elementor-id=\"583\" class=\"elementor elementor-583\">\n\t\t\t\t\t\t<section class=\"elementor-section elementor-top-section elementor-element elementor-element-299bb68b elementor-section-boxed elementor-section-height-default elementor-section-height-default\" data-id=\"299bb68b\" data-element_type=\"section\" data-e-type=\"section\">\n\t\t\t\t\t\t<div class=\"elementor-container elementor-column-gap-default\">\n\t\t\t\t\t<div class=\"elementor-column elementor-col-100 elementor-top-column elementor-element elementor-element-64544066\" data-id=\"64544066\" data-element_type=\"column\" data-e-type=\"column\">\n\t\t\t<div class=\"elementor-widget-wrap elementor-element-populated\">\n\t\t\t\t\t\t<div class=\"elementor-element elementor-element-fa40a42 elementor-widget elementor-widget-text-editor\" data-id=\"fa40a42\" data-element_type=\"widget\" data-e-type=\"widget\" data-widget_type=\"text-editor.default\">\n\t\t\t\t<div class=\"elementor-widget-container\">\n\t\t\t\t\t\t\t\t\t\n<p>Conselho Fiscal eleito no dia 06 de fevereiro de 2024, durante a 81\u00aa Assembleia Geral Ordin\u00e1ria do Grupo Esp\u00edrita Batu\u00edra, para o tri\u00eanio de 2024\/2027.<\/p>\n\n\n\n<figure class=\"wp-block-table\"><table><tbody><tr><th>Cargos<\/th><th>Conselho Fiscal &#8211; Tri\u00eanio 2024 a 2027<\/th><\/tr><tr><td>Presidente<\/td><td>Robson Ferreira<\/td><\/tr><tr><td>Conselheiro Efetivo<\/td><td>Ronaldo Martins Lopes<\/td><\/tr><tr><td>Conselheiro Efetivo<\/td><td>Elias de Souza Neto<\/td><\/tr><tr><td>Conselheiro Suplente<\/td><td>Roberto Garcia Filho<\/td><\/tr><tr><td>Conselheiro Suplente<\/td><td>Daniel Branchini da Silva<\/td><\/tr><tr><td>Conselheiro Suplente<\/td><td>Jorge Chrypko.<\/td><\/tr><\/tbody><\/table><\/figure>\n\t\t\t\t\t\t\t\t<\/div>\n\t\t\t\t<\/div>\n\t\t\t\t\t<\/div>\n\t\t<\/div>\n\t\t\t\t\t<\/div>\n\t\t<\/section>\n\t\t\t\t<\/div>\n\t\t","protected":false},"excerpt":{"rendered":"<p>Conselho Fiscal eleito no dia 06 de fevereiro de 2024, durante a 81\u00aa Assembleia Geral Ordin\u00e1ria do Grupo Esp\u00edrita Batu\u00edra, para o tri\u00eanio de 2024\/2027. Cargos Conselho Fiscal &#8211; Tri\u00eanio 2024 a 2027 Presidente Robson Ferreira Conselheiro Efetivo Ronaldo Martins Lopes Conselheiro Efetivo Elias de Souza Neto Conselheiro Suplente Roberto Garcia Filho Conselheiro Suplente Daniel [&hellip;]<\/p>\n","protected":false},"author":1,"featured_media":0,"parent":0,"menu_order":0,"comment_status":"closed","ping_status":"closed","template":"","meta":{"footnotes":""},"class_list":["post-583","page","type-page","status-publish","hentry"],"_links":{"self":[{"href":"https:\/\/daudt.com.br\/geb\/wp-json\/wp\/v2\/pages\/583","targetHints":{"allow":["GET"]}}],"collection":[{"href":"https:\/\/daudt.com.br\/geb\/wp-json\/wp\/v2\/pages"}],"about":[{"href":"https:\/\/daudt.com.br\/geb\/wp-json\/wp\/v2\/types\/page"}],"author":[{"embeddable":true,"href":"https:\/\/daudt.com.br\/geb\/wp-json\/wp\/v2\/users\/1"}],"replies":[{"embeddable":true,"href":"https:\/\/daudt.com.br\/geb\/wp-json\/wp\/v2\/comments?post=583"}],"version-history":[{"count":4,"href":"https:\/\/daudt.com.br\/geb\/wp-json\/wp\/v2\/pages\/583\/revisions"}],"predecessor-version":[{"id":1300,"href":"https:\/\/daudt.com.br\/geb\/wp-json\/wp\/v2\/pages\/583\/revisions\/1300"}],"wp:attachment":[{"href":"https:\/\/daudt.com.br\/geb\/wp-json\/wp\/v2\/media?parent=583"}],"curies":[{"name":"wp","href":"https:\/\/api.w.org\/{rel}","templated":true}]}}