{"id":562,"date":"2024-06-18T13:38:59","date_gmt":"2024-06-18T16:38:59","guid":{"rendered":"https:\/\/daudt.com.br\/geb\/?page_id=562"},"modified":"2024-10-16T03:11:38","modified_gmt":"2024-10-16T06:11:38","slug":"espartaco-entrevista-ano-1997","status":"publish","type":"page","link":"https:\/\/daudt.com.br\/geb\/espartaco-entrevista-ano-1997\/","title":{"rendered":"Entrevista &#8211; Ano 1997"},"content":{"rendered":"\t\t<div data-elementor-type=\"wp-page\" data-elementor-id=\"562\" class=\"elementor elementor-562\">\n\t\t\t\t\t\t<section class=\"elementor-section elementor-top-section elementor-element elementor-element-0385ddd elementor-section-boxed elementor-section-height-default elementor-section-height-default\" data-id=\"0385ddd\" data-element_type=\"section\" data-e-type=\"section\">\n\t\t\t\t\t\t<div class=\"elementor-container elementor-column-gap-default\">\n\t\t\t\t\t<div class=\"elementor-column elementor-col-100 elementor-top-column elementor-element elementor-element-24cce90\" data-id=\"24cce90\" data-element_type=\"column\" data-e-type=\"column\">\n\t\t\t<div class=\"elementor-widget-wrap elementor-element-populated\">\n\t\t\t\t\t\t<div class=\"elementor-element elementor-element-65b25c8 elementor-widget elementor-widget-heading\" data-id=\"65b25c8\" data-element_type=\"widget\" data-e-type=\"widget\" data-widget_type=\"heading.default\">\n\t\t\t\t<div class=\"elementor-widget-container\">\n\t\t\t\t\t<h2 class=\"elementor-heading-title elementor-size-default\">Um nome que se confunde com a hist\u00f3ria do Grupo Esp\u00edrita Batu\u00edra<\/h2>\t\t\t\t<\/div>\n\t\t\t\t<\/div>\n\t\t\t\t\t<\/div>\n\t\t<\/div>\n\t\t\t\t\t<\/div>\n\t\t<\/section>\n\t\t\t\t<section class=\"elementor-section elementor-top-section elementor-element elementor-element-9da04b9 elementor-section-boxed elementor-section-height-default elementor-section-height-default\" data-id=\"9da04b9\" data-element_type=\"section\" data-e-type=\"section\">\n\t\t\t\t\t\t<div class=\"elementor-container elementor-column-gap-default\">\n\t\t\t\t\t<div class=\"elementor-column elementor-col-100 elementor-top-column elementor-element elementor-element-38b36e77\" data-id=\"38b36e77\" data-element_type=\"column\" data-e-type=\"column\">\n\t\t\t<div class=\"elementor-widget-wrap elementor-element-populated\">\n\t\t\t\t\t\t<div class=\"elementor-element elementor-element-13311440 elementor-widget elementor-widget-text-editor\" data-id=\"13311440\" data-element_type=\"widget\" data-e-type=\"widget\" data-widget_type=\"text-editor.default\">\n\t\t\t\t<div class=\"elementor-widget-container\">\n\t\t\t\t\t\t\t\t\t<p><\/p>\n<p><\/p>\n<p><\/p>\n<p><em>Neste n\u00famero do\u00a0<strong>BJ<\/strong>, o entrevistado \u00e9 o sr.\u00a0<strong>Spartaco Ghilardi<\/strong>, diretor do Departamento de Doutrina e o principal idealizador do Grupo Esp\u00edrita Batu\u00edra. Apoiando por um grupo de companheiros de boa vontade, n\u00e3o mediu esfor\u00e7os para fundar uma das institui\u00e7\u00f5es esp\u00edritas que mais se destaca no campo da divulga\u00e7\u00e3o da doutrina kardecista e assistencial. Spartaco \u00e9 uma dessas pessoas, cujo carisma consegue atrair para o Grupo Batu\u00edra criaturas que se disp\u00f5em a se reformar intimamente e ser \u00fateis no servi\u00e7o do bem. Muitos s\u00e3o as pessoas que descobriram no Spartaco a alegria de viver e servir a Jesus, atrav\u00e9s da pr\u00e1tica da caridade. Conversar com ele \u00e9 gratificante. Ele tem sempre uma palavra de est\u00edmulo \u00e0quele que se encontra no mundo sem esperan\u00e7a.<\/em><\/p>\n<p><\/p>\n<p><\/p>\n<p><em>Outra caracter\u00edstica do Spartaco, n\u00e3o obstante sua idade, \u00e9 sua capacidade fant\u00e1stica de memorizar nomes de pessoas, datas, fatos, cita\u00e7\u00f5es de textos etc, deixando admirados seus interlocutores. Junte-se a isso, sua intelig\u00eancia ao analisar as quest\u00f5es sociais e espirituais com extrema habilidade.<\/em><\/p>\n<p><\/p>\n<p><\/p>\n<p><em>Como m\u00e9dium, Spartaco \u00e9 sempre procurado por pessoas de todas as localidades do Brasil, inclusive do exterior, para dar uma palavra de orienta\u00e7\u00e3o ou de consolo. Nele voc\u00ea encontra diversos tipos de mediunidade como, por exemplo: audi\u00eancia, vid\u00eancia, psicofonia, psicografia e outros. Revela\u00e7\u00f5es feitas pela espiritualidade, usando seus recursos medi\u00fanicos, t\u00eam ajudado aos que lhes buscam a orienta\u00e7\u00e3o, a encontrar a paz interior desejada.<\/em><\/p>\n<p><\/p>\n<p><\/p>\n<p><em>No dia 17 de fevereiro de 1997, quando fomos entrevist\u00e1-lo em sua resid\u00eancia, sua postura aos seus quase 83 anos de idade era a de um jovem disposto a encarar a vida com todo o dinamismo que lhe \u00e9 peculiar.<\/em><\/p>\n<p><\/p>\n<p><\/p>\n<p><strong>BJ<\/strong>\u00a0&#8211; Onde o senhor nasceu?<\/p>\n<p><\/p>\n<p><\/p>\n<p><strong>SPARTACO<\/strong>\u00a0&#8211; Nasci na cidade de Viareggio, na It\u00e1lia. Meus pais eram italianos e residiam em S\u00e3o Paulo quando decidiram fazer um passeio na Europa. Foi nessa viagem que, atrav\u00e9s de minha m\u00e3e, retornei ao mundo.<\/p>\n<p><\/p>\n<p><\/p>\n<p><strong>BJ<\/strong>\u00a0&#8211; Quando o senhor nasceu?<\/p>\n<p><\/p>\n<p><\/p>\n<p><strong>SPARTACO\u00a0<\/strong>&#8211; Nasci no dia 12 de maio de 1914. Embora eu tenha nacionalidade italiana, resido no Brasil h\u00e1 82 anos.<\/p>\n<p><\/p>\n<p><\/p>\n<p><strong>BJ<\/strong>\u00a0&#8211; Por que o nome Spartaco?<\/p>\n<p><\/p>\n<p><\/p>\n<p><strong>SPARTACO<\/strong>\u00a0&#8211; Na verdade meu pai n\u00e3o sabia o nome que deveria me dar. Num dos passeios pela cidade ele observou que estava passando um filme de nome Spartacus. Foi a\u00ed que ele teve a ideia de colocar o meu nome de Spartaco.<\/p>\n<p><\/p>\n<p><\/p>\n<p><strong>BJ<\/strong>\u00a0&#8211; Como ocorreu o seu ingresso no Espiritismo?<\/p>\n<p><\/p>\n<p><\/p>\n<p><strong>SPARTACO<\/strong>\u00a0&#8211; Meu ingresso no Espiritismo, como s\u00f3i acontecer, deu-se atrav\u00e9s do sofrimento, da dor e dos in\u00fameros problemas que surgem e que n\u00e3o t\u00eam explica\u00e7\u00e3o, nem um diagn\u00f3stico convincente. Eu vivia, como costuma-se dizer, por a\u00ed, perturbado e desequilibrado. Era impulsivo, impaciente e intolerante. Na \u00e9poca, eu era cat\u00f3lico apost\u00f3lico romano e militava, \u00e0s vezes, na Igreja. Mas isso n\u00e3o dava resultado nenhum na solu\u00e7\u00e3o dos meus problemas. Foi quando em 1943 eu conheci a Zita que \u00e9 minha esposa. O pai dela era m\u00e9dium e realizava algumas reuni\u00f5es esp\u00edritas em sua resid\u00eancia. E eu, como amava e amo muito minha esposa, para agrad\u00e1-la eu ia (contra a minha vontade) a essas reuni\u00f5es. E o fen\u00f4meno medi\u00fanico come\u00e7ou a despontar, exigindo de mim algo mais. A partir da\u00ed, comecei a aceitar a Doutrina Esp\u00edrita.\u00a0<\/p>\n<p><\/p>\n<p><\/p>\n<p><strong>BJ<\/strong>\u00a0&#8211; Logo que o senhor tomou contato com o fen\u00f4meno medi\u00fanico, j\u00e1 come\u00e7ou a estudar a Doutrina?<\/p>\n<p><\/p>\n<p><\/p>\n<p><strong>SPARTACO<\/strong>\u00a0&#8211; Quando o fen\u00f4meno come\u00e7ou a despontar em mim, imediatamente procurei a Federa\u00e7\u00e3o Esp\u00edrita do Estado de S\u00e3o Paulo (FEESP), onde me coloquei \u00e0 disposi\u00e7\u00e3o daquela casa para o trabalho. E uma ou duas vezes por semana, era recebido na FEESP por um grupo de pessoas dirigidas pela nossa querida irm\u00e3 Nair Ambra Ferreira. Nessas reuni\u00f5es , eu comecei a desenvolver e educar a minha mediunidade. At\u00e9 aquele instante, eu n\u00e3o lia nada. A partir da\u00ed, comecei a ler e a me interessar pela Doutrina. Primeiro, li &#8220;O Evangelho Segundo o Espiritismo&#8221;, que me foi agraciado, em 1945, por um confrade muito querido. Depois, passei a ler &#8220;O Livro dos Esp\u00edritos&#8221;, seguidos de outras obras da codifica\u00e7\u00e3o, mas sempre a passos lentos, porque eu ainda acreditava que s\u00f3 o contato com o fen\u00f4meno era a solu\u00e7\u00e3o para os meus problemas, quando na verdade n\u00e3o era.<\/p>\n<p><\/p>\n<p><\/p>\n<p><\/p>\n<p><strong>BJ &#8211;<\/strong>\u00a0H\u00e1 quanto tempo o senhor atua no campo medi\u00fanico?<\/p>\n<p><\/p>\n<p><\/p>\n<p><strong>SPARTACO<\/strong>\u00a0&#8211; Bem, eu confesso que h\u00e1 53 anos venho me colocando a servi\u00e7o da Espiritualidade Maior, da qual espero ser um servidor \u00fatil e fiel.<\/p>\n<p><\/p>\n<p><\/p>\n<p><strong>BJ<\/strong>\u00a0&#8211; Como surgiu o Batu\u00edra (Esp\u00edrito) na sua vida?<\/p>\n<p><\/p>\n<p><\/p>\n<p><strong>SPARTACO<\/strong>\u00a0&#8211; Eu sempre fui muito curioso e muito interessado pela Doutrina. Tive conhecimento que existia um m\u00e9dium , em Pedro Leopoldo, de nome Francisco C\u00e2ndido Xavier. E, por volta de 1954, fui at\u00e9 l\u00e1, com minha esposa, visitar o Chico que nos recebeu com muito carinho e aten\u00e7\u00e3o. At\u00e9 aquele ano, eu me encontrava numa instabilidade muito grande, com grandes dificuldades, sem saber para onde me dirigir e o que fazer. Foi no contato com o Chico que comecei a pisar em terreno firme. Senti nele a bondade, o carinho, a humildade, o exemplo e sobretudo a Doutrina Esp\u00edrita que me fizera acreditar no futuro. A cada dois meses ia a Pedro Leopoldo participar das reuni\u00f5es como Chico Xavier. Certo dia, ele me convidou para fazer uso da palavra na reuni\u00e3o que organizava, \u00e0s sextas-feiras, no Centro Esp\u00edrita Luiz Gonzaga. Fui pego de surpresa. Confesso ter ficado tenso diante da responsabilidade que me foi confiada. Quando terminei a explana\u00e7\u00e3o, que por sinal foi boa, perguntei ao Chico, no final da reuni\u00e3o, &#8220;Como \u00e9 que isso aconteceu?&#8221; Ele me disse: &#8220;Meu filho, fique tranquilo porque quem o inspirou, quem orientou voc\u00ea foi Batu\u00edra.&#8221;<\/p>\n<p><\/p>\n<p><\/p>\n<p><strong>BJ<\/strong>\u00a0&#8211; E foi a\u00ed que Batu\u00edra passou a fazer parte de sua vida?<\/p>\n<p><\/p>\n<p><\/p>\n<p><strong>SPARTACO<\/strong>\u00a0&#8211; N\u00e3o posso fazer esta afirma\u00e7\u00e3o. Chico s\u00f3 disse isso. Continuei com minhas tarefas porque outras entidades espirituais manifestavam-se, por meu interm\u00e9dio, e eu n\u00e3o me preocupei com Antonio Gon\u00e7alves da Silva Batu\u00edra. Somente em 31 de janeiro de 1964, em Uberaba, eu recebi uma carta de Dr. Bezerra de Menezes atrav\u00e9s da mediunidade do nosso querido Chico, onde ele manifestava ent\u00e3o a alegria de que Batu\u00edra seria realmente o mentor espiritual de nossa casa.<\/p>\n<p><\/p>\n<p><\/p>\n<p><strong>BJ<\/strong>\u00a0&#8211; \u00c9 verdade que Dr. Bezerra de Menezes (Esp\u00edrito) sugeriu o nome Grupo Esp\u00edrita Batu\u00edra?<\/p>\n<p><\/p>\n<p><\/p>\n<p><strong>SPARTACO<\/strong>\u00a0&#8211; Sim, \u00e9 verdade.<\/p>\n<p><\/p>\n<p><\/p>\n<p><strong>BJ<\/strong>\u00a0&#8211; E como isso se deu?<\/p>\n<p><\/p>\n<p><\/p>\n<p><strong>SPARTACO<\/strong>\u00a0&#8211; Isso ocorreu no ida 31 de janeiro de 1964, quando procuramos o Chico e ele apenas nos disse &#8220;Aguardemos os acontecimentos.&#8221; Terminada a reuni\u00e3o ele entregou \u00e0 presidente da Comunh\u00e3o Esp\u00edrita Crist\u00e3 de Uberaba, dona Dalva Borges, uma mensagem de 53 p\u00e1ginas para ser entregue a mim. Era uma carta de Bezerra nos informando que ningu\u00e9m melhor do que o ap\u00f3stolo paulistano Batu\u00edra para dirigir o Grupo Esp\u00edrito Batu\u00edra. C\u00f3pia dessa comunica\u00e7\u00e3o est\u00e1 nos arquivos da secretaria de nossa institui\u00e7\u00e3o.<\/p>\n<p><\/p>\n<p><\/p>\n<p><strong>BJ<\/strong>\u00a0&#8211; O que representa Chico Xavier na sua atividade medi\u00fanica?<\/p>\n<p><\/p>\n<p><\/p>\n<p><strong>SPARTACO<\/strong>\u00a0&#8211; Deus \u00e9 justo e misericordioso. Esta pergunta para mim \u00e9 muito importante e exige uma resposta crist\u00e3. Chico Xavier na minha vida representa um mestre, um exemplo vivo de um ser humano crist\u00e3o, que nos deu e nos d\u00e1 sempre os melhores ensinamentos. Nesse meio s\u00e9culo que o conhecemos, para mim, ele tem sido uma escola onde sempre aprendo. Se hoje, sou o que sou, devo muito a esse m\u00e9dium, a esse homem id\u00f4neo, esse que \u00e9 uma estrela cadente que veio a este mundo para iluminar o caminho de todos n\u00f3s. Tenho por ele todo apre\u00e7o e toda amizade que n\u00e3o d\u00e3o para traduzir em palavras o que sinto no cora\u00e7\u00e3o.<\/p>\n<p><\/p>\n<p><\/p>\n<p><strong>BJ<\/strong>\u00a0&#8211; E o senhor ainda mant\u00e9m contato com o Chico, apesar da sa\u00fade dele ser prec\u00e1ria?<\/p>\n<p><\/p>\n<p><\/p>\n<p><strong>SPARTACO<\/strong>\u00a0&#8211; Sim. A nossa amizade, como ele pr\u00f3prio diz, vem do passado e quando t\u00ednhamos melhores condi\u00e7\u00f5es f\u00edsicas, ia quase que mensalmente a Uberaba dar minha modest\u00edssima contribui\u00e7\u00e3o aos trabalhos do Grupo Esp\u00edrita da Prece. L\u00e1, eu costumava ficar ao lado do Chico, enquanto ele conversava com todas as pessoas que o procuravam , porque cada frase dele &#8211; eu observava &#8211; era um ensinamento.<\/p>\n<p><\/p>\n<p><\/p>\n<p><strong>BJ<\/strong>\u00a0&#8211; Qual a finalidade desse contato com ele?<\/p>\n<p><\/p>\n<p><\/p>\n<p><strong>SPARTACO<\/strong>\u00a0&#8211; \u00c9 para manter a amizade, o carinho e receber dele os flu\u00eddos de que necessito para me fortalecer na tarefa que prometi realizar.<\/p>\n<p><\/p>\n<p><\/p>\n<p><strong>BJ<\/strong>\u00a0&#8211; Como o senhor define o Spartaco, como ser humano, fora do campo esp\u00edrita? O p\u00fablico geralmente est\u00e1 acostumado com o senhor no centro, naquela atividade medi\u00fanica constante. E fora do centro como \u00e9 o Spartaco?<\/p>\n<p><\/p>\n<p><\/p>\n<p><strong>SPARTACO<\/strong>\u00a0&#8211; Bem, o Spartaco, plagiando o nosso querido Chico Xavier, fora da atividade medi\u00fanica, fora do Grupo Esp\u00edrita Batu\u00edra, fora da Doutrina codificada por Kardec, \u00e9 um p\u00e1ssaro que voa sem dire\u00e7\u00e3o. Luto bastante para me corrigir para um dia me transformar. Acredito que com perseveran\u00e7a, com toda a certeza me tornarei um dia aquele esp\u00edrita, que s\u00f3 o Chico eu sinto que \u00e9. Eu sigo a orienta\u00e7\u00e3o de Jesus quando nos afirma que &#8220;Aquele que perseverar at\u00e9 o fim ser\u00e1 salvo&#8221;. Quero dizer que sou, na vida particular, um ser humano como outro qualquer. Passeio, visito os amigos e participo de eventos festivos quando posso. Agora eu tenho uma bisneta e minhas netinhas,quando elas v\u00eam aqui em casa, eu as abra\u00e7o como se estivesse abra\u00e7ando todas as crian\u00e7as que existem no nosso planeta.<\/p>\n<p><\/p>\n<p><\/p>\n<p><strong>BJ<\/strong>\u00a0&#8211; O que o senhor acha da cria\u00e7\u00e3o deste jornal?<\/p>\n<p><\/p>\n<p><\/p>\n<p><strong>SPARTACO<\/strong>\u00a0&#8211; Os mandamentos esp\u00edritas s\u00e3o dois: o primeiro \u00e9 amai-vos e o segundo, instrui-vos. O que importa dizer que a divulga\u00e7\u00e3o est\u00e1 contida no segundo mandamento. Sem a divulga\u00e7\u00e3o da Doutrina dos Esp\u00edritos atrav\u00e9s da imprensa escrita e falada, o que seria dela? Se ela est\u00e1 se desenvolvendo assim, \u00e9 porque finalmente, acordou do corpo de carne um grupo expressivo de esp\u00edritos com responsabilidade pela divulga\u00e7\u00e3o da Doutrina. Nada melhor do que a imprensa escrita, uma vez que ela mantem registrado os fatos. Na minha opini\u00e3o acredito que o Batu\u00edra Jornal \u00e9 mais um ve\u00edculo a servi\u00e7o da divulga\u00e7\u00e3o da Doutrina, especialmente para os esp\u00edritas que frequentam a nossa &#8220;Casa de Pedras&#8221;, como costumamos dizer na intimidade.<\/p>\n<p><\/p>\n<p><\/p>\n<p><strong>BJ<\/strong>\u00a0&#8211; Qual a mensagem que o senhor gostaria de transmitir aos leitores do Batu\u00edra Jornal?<\/p>\n<p><\/p>\n<p><\/p>\n<p><strong>SPARTACO<\/strong>\u00a0&#8211; Coitando de mim! Se eu pudesse , eu n\u00e3o limitaria a circula\u00e7\u00e3o deste jornal ao Grupo Esp\u00edrita Batu\u00edra. Acredito que o Batu\u00edra Jornal, com a colabora\u00e7\u00e3o dos companheiros de boa vontade, levar\u00e1 aos frequentadores, colaboradores, volunt\u00e1rios da nossa institui\u00e7\u00e3o , not\u00edcias de seu interesse e mensagens doutrin\u00e1rias de grande valor para a forma\u00e7\u00e3o da consci\u00eancia esp\u00edrita crist\u00e3. Confesso aos leitores do deste jornal que o Spartaco, hoje, com seus quase 83 anos de idade f\u00edsica, ficaria muito grato a Deus se todos os que lessem esta entrevista, na somat\u00f3ria de tudo, pudessem aproveitar o que nela exista de bom, independentemente, da figura do entrevistado.<\/p>\n<p><\/p>\n<p><\/p>\n<p><strong>BJ<\/strong>\u00a0&#8211; Muito obrigado , senhor Spartaco, pela entrevista. Gostaria de acrescentar mais alguma coisa?<\/p>\n<p><\/p>\n<p><\/p>\n<p><strong>SPARTACO<\/strong>\u00a0&#8211; Gostaria apenas de juntar o meu cora\u00e7\u00e3o \u00e0s minhas palavras para agradecer, mas agradecer muito o carinho, a paci\u00eancia, a toler\u00e2ncia e a humildade de Batu\u00edra para com sua &#8220;Casa de Pedras&#8221; e dizer a ele, neste instante, que continue confiando em n\u00f3s, porque estamos lutando contra nossas imperfei\u00e7\u00f5es, para corresponder em toda a plenitude ao voto de confian\u00e7a que nos depositou. Confesso que nos momentos mais dif\u00edceis da minha caminhada sempre sinto uma sensa\u00e7\u00e3o agrad\u00e1vel que me envolve com muito carinho e tenho a impress\u00e3o de que \u00e9 a presen\u00e7a de Batu\u00edra. Agrade\u00e7o de cora\u00e7\u00e3o a todos os leitores e pe\u00e7o a Deus, a Jesus e \u00e0 Espiritualidade Maior que continue sempre nos aben\u00e7oando sempre.<\/p>\n<p><\/p>\n<p><\/p>\n<ul class=\"wp-block-list\">\n<li style=\"list-style-type: none;\">\n<ul><\/ul>\n<\/li>\n<\/ul>\n<p><\/p>\t\t\t\t\t\t\t\t<\/div>\n\t\t\t\t<\/div>\n\t\t\t\t<div class=\"elementor-element elementor-element-d2f3670 elementor-widget-divider--view-line elementor-widget elementor-widget-divider\" data-id=\"d2f3670\" data-element_type=\"widget\" data-e-type=\"widget\" data-widget_type=\"divider.default\">\n\t\t\t\t<div class=\"elementor-widget-container\">\n\t\t\t\t\t\t\t<div class=\"elementor-divider\">\n\t\t\t<span class=\"elementor-divider-separator\">\n\t\t\t\t\t\t<\/span>\n\t\t<\/div>\n\t\t\t\t\t\t<\/div>\n\t\t\t\t<\/div>\n\t\t\t\t<div class=\"elementor-element elementor-element-7d3f796 elementor-widget elementor-widget-text-editor\" data-id=\"7d3f796\" data-element_type=\"widget\" data-e-type=\"widget\" data-widget_type=\"text-editor.default\">\n\t\t\t\t<div class=\"elementor-widget-container\">\n\t\t\t\t\t\t\t\t\t<p><em style=\"color: var( --e-global-color-text ); font-family: var( --e-global-typography-text-font-family ), Sans-serif; font-weight: var( --e-global-typography-text-font-weight );\">Entrevista concedida a Geraldo Ribeiro da Silva.<\/em><\/p>\n<p><\/p>\n<p><!-- \/wp:list --><\/p>\n<p><!-- wp:paragraph --><\/p>\n<p><strong>Reproduzido do Batu\u00edra Jornal n\u00ba 01 &#8211; Ano 1 &#8211; Janeiro-Fevereiro de 1997<\/strong><\/p>\t\t\t\t\t\t\t\t<\/div>\n\t\t\t\t<\/div>\n\t\t\t\t\t<\/div>\n\t\t<\/div>\n\t\t\t\t\t<\/div>\n\t\t<\/section>\n\t\t\t\t<\/div>\n\t\t","protected":false},"excerpt":{"rendered":"<p>Um nome que se confunde com a hist\u00f3ria do Grupo Esp\u00edrita Batu\u00edra Neste n\u00famero do\u00a0BJ, o entrevistado \u00e9 o sr.\u00a0Spartaco Ghilardi, diretor do Departamento de Doutrina e o principal idealizador do Grupo Esp\u00edrita Batu\u00edra. Apoiando por um grupo de companheiros de boa vontade, n\u00e3o mediu esfor\u00e7os para fundar uma das institui\u00e7\u00f5es esp\u00edritas que mais se [&hellip;]<\/p>\n","protected":false},"author":1,"featured_media":0,"parent":0,"menu_order":0,"comment_status":"closed","ping_status":"closed","template":"","meta":{"footnotes":""},"class_list":["post-562","page","type-page","status-publish","hentry"],"_links":{"self":[{"href":"https:\/\/daudt.com.br\/geb\/wp-json\/wp\/v2\/pages\/562","targetHints":{"allow":["GET"]}}],"collection":[{"href":"https:\/\/daudt.com.br\/geb\/wp-json\/wp\/v2\/pages"}],"about":[{"href":"https:\/\/daudt.com.br\/geb\/wp-json\/wp\/v2\/types\/page"}],"author":[{"embeddable":true,"href":"https:\/\/daudt.com.br\/geb\/wp-json\/wp\/v2\/users\/1"}],"replies":[{"embeddable":true,"href":"https:\/\/daudt.com.br\/geb\/wp-json\/wp\/v2\/comments?post=562"}],"version-history":[{"count":4,"href":"https:\/\/daudt.com.br\/geb\/wp-json\/wp\/v2\/pages\/562\/revisions"}],"predecessor-version":[{"id":1270,"href":"https:\/\/daudt.com.br\/geb\/wp-json\/wp\/v2\/pages\/562\/revisions\/1270"}],"wp:attachment":[{"href":"https:\/\/daudt.com.br\/geb\/wp-json\/wp\/v2\/media?parent=562"}],"curies":[{"name":"wp","href":"https:\/\/api.w.org\/{rel}","templated":true}]}}