{"id":556,"date":"2024-06-18T13:33:18","date_gmt":"2024-06-18T16:33:18","guid":{"rendered":"https:\/\/daudt.com.br\/geb\/?page_id=556"},"modified":"2024-10-16T03:15:41","modified_gmt":"2024-10-16T06:15:41","slug":"saverio","status":"publish","type":"page","link":"https:\/\/daudt.com.br\/geb\/saverio\/","title":{"rendered":"Sav\u00e9rio"},"content":{"rendered":"\t\t<div data-elementor-type=\"wp-page\" data-elementor-id=\"556\" class=\"elementor elementor-556\">\n\t\t\t\t\t\t<section class=\"elementor-section elementor-top-section elementor-element elementor-element-3cdc032 elementor-section-boxed elementor-section-height-default elementor-section-height-default\" data-id=\"3cdc032\" data-element_type=\"section\" data-e-type=\"section\">\n\t\t\t\t\t\t<div class=\"elementor-container elementor-column-gap-default\">\n\t\t\t\t\t<div class=\"elementor-column elementor-col-100 elementor-top-column elementor-element elementor-element-68dd6ff\" data-id=\"68dd6ff\" data-element_type=\"column\" data-e-type=\"column\">\n\t\t\t<div class=\"elementor-widget-wrap elementor-element-populated\">\n\t\t\t\t\t\t<div class=\"elementor-element elementor-element-7c72430 elementor-widget elementor-widget-heading\" data-id=\"7c72430\" data-element_type=\"widget\" data-e-type=\"widget\" data-widget_type=\"heading.default\">\n\t\t\t\t<div class=\"elementor-widget-container\">\n\t\t\t\t\t<h2 class=\"elementor-heading-title elementor-size-default\">Sav\u00e9rio Latorre<\/h2>\t\t\t\t<\/div>\n\t\t\t\t<\/div>\n\t\t\t\t\t<\/div>\n\t\t<\/div>\n\t\t\t\t\t<\/div>\n\t\t<\/section>\n\t\t\t\t<section class=\"elementor-section elementor-top-section elementor-element elementor-element-e155086 elementor-section-boxed elementor-section-height-default elementor-section-height-default\" data-id=\"e155086\" data-element_type=\"section\" data-e-type=\"section\">\n\t\t\t\t\t\t<div class=\"elementor-container elementor-column-gap-default\">\n\t\t\t\t\t<div class=\"elementor-column elementor-col-33 elementor-top-column elementor-element elementor-element-ba9f3bb\" data-id=\"ba9f3bb\" data-element_type=\"column\" data-e-type=\"column\">\n\t\t\t<div class=\"elementor-widget-wrap elementor-element-populated\">\n\t\t\t\t\t\t<div class=\"elementor-element elementor-element-f500f19 elementor-widget elementor-widget-image\" data-id=\"f500f19\" data-element_type=\"widget\" data-e-type=\"widget\" data-widget_type=\"image.default\">\n\t\t\t\t<div class=\"elementor-widget-container\">\n\t\t\t\t\t\t\t\t\t\t\t\t\t\t\t<img fetchpriority=\"high\" decoding=\"async\" width=\"245\" height=\"300\" src=\"https:\/\/daudt.com.br\/geb\/wp-content\/uploads\/2024\/10\/saverio.jpg\" class=\"attachment-large size-large wp-image-971\" alt=\"\" \/>\t\t\t\t\t\t\t\t\t\t\t\t\t\t\t<\/div>\n\t\t\t\t<\/div>\n\t\t\t\t\t<\/div>\n\t\t<\/div>\n\t\t\t\t<div class=\"elementor-column elementor-col-66 elementor-top-column elementor-element elementor-element-0a8c894\" data-id=\"0a8c894\" data-element_type=\"column\" data-e-type=\"column\">\n\t\t\t<div class=\"elementor-widget-wrap elementor-element-populated\">\n\t\t\t\t\t\t<div class=\"elementor-element elementor-element-baf7e68 elementor-widget elementor-widget-text-editor\" data-id=\"baf7e68\" data-element_type=\"widget\" data-e-type=\"widget\" data-widget_type=\"text-editor.default\">\n\t\t\t\t<div class=\"elementor-widget-container\">\n\t\t\t\t\t\t\t\t\t<p>Sav\u00e9rio Latorre nasceu em 08 de mar\u00e7o de 1924, na cidade de Bari, It\u00e1lia. Chegou ao Brasil em 1925, com quase dois anos de idade. Retornou \u00e0 P\u00e1tria espiritual em 16 de mar\u00e7o de 2018.<\/p><p>Casou-se com Carmen Galves Latorre, com quem teve uma filha, Ana M\u00e1dia. Sua esposa Carminha, como era chamada, veio a desencarnar em 1979. Sav\u00e9rio casou-se em segundas n\u00fapcias com Ana Garcia Segundo, a Dona Aninha, que tamb\u00e9m desencarnou anos depois. Desde ent\u00e3o residia com a filha e netos.<\/p>\t\t\t\t\t\t\t\t<\/div>\n\t\t\t\t<\/div>\n\t\t\t\t\t<\/div>\n\t\t<\/div>\n\t\t\t\t\t<\/div>\n\t\t<\/section>\n\t\t\t\t<section class=\"elementor-section elementor-top-section elementor-element elementor-element-87654ca elementor-section-boxed elementor-section-height-default elementor-section-height-default\" data-id=\"87654ca\" data-element_type=\"section\" data-e-type=\"section\">\n\t\t\t\t\t\t<div class=\"elementor-container elementor-column-gap-default\">\n\t\t\t\t\t<div class=\"elementor-column elementor-col-100 elementor-top-column elementor-element elementor-element-8018d2f\" data-id=\"8018d2f\" data-element_type=\"column\" data-e-type=\"column\">\n\t\t\t<div class=\"elementor-widget-wrap elementor-element-populated\">\n\t\t\t\t\t\t<div class=\"elementor-element elementor-element-403d90f elementor-widget elementor-widget-heading\" data-id=\"403d90f\" data-element_type=\"widget\" data-e-type=\"widget\" data-widget_type=\"heading.default\">\n\t\t\t\t<div class=\"elementor-widget-container\">\n\t\t\t\t\t<h2 class=\"elementor-heading-title elementor-size-default\">Primeiro presidente<\/h2>\t\t\t\t<\/div>\n\t\t\t\t<\/div>\n\t\t\t\t<div class=\"elementor-element elementor-element-28d2ead elementor-widget elementor-widget-text-editor\" data-id=\"28d2ead\" data-element_type=\"widget\" data-e-type=\"widget\" data-widget_type=\"text-editor.default\">\n\t\t\t\t<div class=\"elementor-widget-container\">\n\t\t\t\t\t\t\t\t\t<p>Sav\u00e9rio foi um dos fundadores e o primeiro presidente do Grupo Esp\u00edrita Batu\u00edra. Um homem simples, objetivo, bom cora\u00e7\u00e3o e diligente na arte de administrar, foi eleito em 21 de mar\u00e7o de 1964 e presidiu o GEB por 36 anos.<\/p>\n<p>Na presid\u00eancia do GEB, comportou-se de maneira sensata, colocando o papel efetivo de administrador, delegando aos diretores as tarefas que lhes competiam executar.<\/p>\n<p><img decoding=\"async\" src=\"http:\/\/geb.org.br\/quem-somos\/historia\/spartaco\/SpartacoZitaDouglasSavrio.jpg\/@@images\/5c02e766-45b8-4851-8812-4143a89edeef.jpeg\" alt=\"\" \/>Quando foi eleito presidente da diretoria executiva do Grupo Esp\u00edrita Batu\u00edra, em 21 de mar\u00e7o de 1964, Sav\u00e9rio jamais imaginava que o presidiria por 36 anos.\u00a0<\/p>\n<p>Sua dedica\u00e7\u00e3o sempre foi digna de nota. N\u00e3o relaxou em nenhum instante com seus compromissos. Sempre muito atento \u00e0 sa\u00fade financeira do GEB, mantendo-a rigorosamente em ordem.<\/p>\n<p>Devido a problemas de sa\u00fade, Sav\u00e9rio deixou a presid\u00eancia no ano 2000. Por\u00e9m, permaneceu atuante, at\u00e9 os seus \u00faltimos dias em vida, na diretoria executiva, desempenhando o papel de segundo tesoureiro.<\/p>\n<p>Nunca gostou de ficar distante da Casa de Pedra de Batu\u00edra, que viu nascer e tanto amou.<\/p>\n<p><em>Um homem simples, objetivo e de bom cora\u00e7\u00e3o, fez da Brasil\u00e2ndia uma de suas paix\u00f5es no GEB.<\/em><\/p>\n<p>Certa vez, perguntado sobre qual a maior dificuldade em administrar o GEB, respondeu:\u00a0<em>O que acho mais dif\u00edcil \u00e9 unir as pessoas, j\u00e1 que o GEB \u00e9 um grupo grande e meu trabalho, juntamente com o Spartaco, e os demais companheiros de diretoria, \u00e9 tentar conciliar esse grupo todo, para que possamos viver em harmonia, ajudando as pessoas que nos procuram.<\/em><\/p>\n<p>E completou:\u00a0<em>Sinto-me feliz por ser \u00fatil ao Grupo Esp\u00edrita Batu\u00edra<\/em>. Esta declara\u00e7\u00e3o resume bem o seu sentimento pela Casa a que serviu desde a sua funda\u00e7\u00e3o.<\/p>\t\t\t\t\t\t\t\t<\/div>\n\t\t\t\t<\/div>\n\t\t\t\t<div class=\"elementor-element elementor-element-654e2d9 elementor-widget-divider--view-line elementor-widget elementor-widget-divider\" data-id=\"654e2d9\" data-element_type=\"widget\" data-e-type=\"widget\" data-widget_type=\"divider.default\">\n\t\t\t\t<div class=\"elementor-widget-container\">\n\t\t\t\t\t\t\t<div class=\"elementor-divider\">\n\t\t\t<span class=\"elementor-divider-separator\">\n\t\t\t\t\t\t<\/span>\n\t\t<\/div>\n\t\t\t\t\t\t<\/div>\n\t\t\t\t<\/div>\n\t\t\t\t<div class=\"elementor-element elementor-element-29e3269 elementor-widget elementor-widget-text-editor\" data-id=\"29e3269\" data-element_type=\"widget\" data-e-type=\"widget\" data-widget_type=\"text-editor.default\">\n\t\t\t\t<div class=\"elementor-widget-container\">\n\t\t\t\t\t\t\t\t\t<ul class=\"wp-block-list\" style=\"margin-bottom: 0px;\">\n<li><em>Extra\u00eddo da obra \u201cGrupo Esp\u00edrita Batuira \u2013 50 Anos de Mais Luz\u201d, p\u00e1gina 92, de autoria de Geraldo Ribeiro da Silva.<\/em><\/li>\n<\/ul>\t\t\t\t\t\t\t\t<\/div>\n\t\t\t\t<\/div>\n\t\t\t\t\t<\/div>\n\t\t<\/div>\n\t\t\t\t\t<\/div>\n\t\t<\/section>\n\t\t\t\t<\/div>\n\t\t","protected":false},"excerpt":{"rendered":"<p>Sav\u00e9rio Latorre Sav\u00e9rio Latorre nasceu em 08 de mar\u00e7o de 1924, na cidade de Bari, It\u00e1lia. Chegou ao Brasil em 1925, com quase dois anos de idade. Retornou \u00e0 P\u00e1tria espiritual em 16 de mar\u00e7o de 2018. Casou-se com Carmen Galves Latorre, com quem teve uma filha, Ana M\u00e1dia. Sua esposa Carminha, como era chamada, [&hellip;]<\/p>\n","protected":false},"author":1,"featured_media":0,"parent":0,"menu_order":0,"comment_status":"closed","ping_status":"closed","template":"","meta":{"footnotes":""},"class_list":["post-556","page","type-page","status-publish","hentry"],"_links":{"self":[{"href":"https:\/\/daudt.com.br\/geb\/wp-json\/wp\/v2\/pages\/556","targetHints":{"allow":["GET"]}}],"collection":[{"href":"https:\/\/daudt.com.br\/geb\/wp-json\/wp\/v2\/pages"}],"about":[{"href":"https:\/\/daudt.com.br\/geb\/wp-json\/wp\/v2\/types\/page"}],"author":[{"embeddable":true,"href":"https:\/\/daudt.com.br\/geb\/wp-json\/wp\/v2\/users\/1"}],"replies":[{"embeddable":true,"href":"https:\/\/daudt.com.br\/geb\/wp-json\/wp\/v2\/comments?post=556"}],"version-history":[{"count":23,"href":"https:\/\/daudt.com.br\/geb\/wp-json\/wp\/v2\/pages\/556\/revisions"}],"predecessor-version":[{"id":1282,"href":"https:\/\/daudt.com.br\/geb\/wp-json\/wp\/v2\/pages\/556\/revisions\/1282"}],"wp:attachment":[{"href":"https:\/\/daudt.com.br\/geb\/wp-json\/wp\/v2\/media?parent=556"}],"curies":[{"name":"wp","href":"https:\/\/api.w.org\/{rel}","templated":true}]}}