{"id":554,"date":"2024-06-18T13:32:26","date_gmt":"2024-06-18T16:32:26","guid":{"rendered":"https:\/\/daudt.com.br\/geb\/?page_id=554"},"modified":"2024-10-16T03:14:40","modified_gmt":"2024-10-16T06:14:40","slug":"maria-pia","status":"publish","type":"page","link":"https:\/\/daudt.com.br\/geb\/maria-pia\/","title":{"rendered":"Maria Pia"},"content":{"rendered":"\t\t<div data-elementor-type=\"wp-page\" data-elementor-id=\"554\" class=\"elementor elementor-554\">\n\t\t\t\t\t\t<section class=\"elementor-section elementor-top-section elementor-element elementor-element-a3aeca4 elementor-section-boxed elementor-section-height-default elementor-section-height-default\" data-id=\"a3aeca4\" data-element_type=\"section\" data-e-type=\"section\">\n\t\t\t\t\t\t<div class=\"elementor-container elementor-column-gap-default\">\n\t\t\t\t\t<div class=\"elementor-column elementor-col-100 elementor-top-column elementor-element elementor-element-509b89c\" data-id=\"509b89c\" data-element_type=\"column\" data-e-type=\"column\">\n\t\t\t<div class=\"elementor-widget-wrap elementor-element-populated\">\n\t\t\t\t\t\t<div class=\"elementor-element elementor-element-1411c94 elementor-widget elementor-widget-heading\" data-id=\"1411c94\" data-element_type=\"widget\" data-e-type=\"widget\" data-widget_type=\"heading.default\">\n\t\t\t\t<div class=\"elementor-widget-container\">\n\t\t\t\t\t<h2 class=\"elementor-heading-title elementor-size-default\">Maria Pia Brito de Macedo<\/h2>\t\t\t\t<\/div>\n\t\t\t\t<\/div>\n\t\t\t\t\t<\/div>\n\t\t<\/div>\n\t\t\t\t\t<\/div>\n\t\t<\/section>\n\t\t\t\t<section class=\"elementor-section elementor-top-section elementor-element elementor-element-9a91ce5 elementor-section-boxed elementor-section-height-default elementor-section-height-default\" data-id=\"9a91ce5\" data-element_type=\"section\" data-e-type=\"section\">\n\t\t\t\t\t\t<div class=\"elementor-container elementor-column-gap-default\">\n\t\t\t\t\t<div class=\"elementor-column elementor-col-33 elementor-top-column elementor-element elementor-element-df904ed\" data-id=\"df904ed\" data-element_type=\"column\" data-e-type=\"column\">\n\t\t\t<div class=\"elementor-widget-wrap elementor-element-populated\">\n\t\t\t\t\t\t<div class=\"elementor-element elementor-element-b7ce889 elementor-widget elementor-widget-image\" data-id=\"b7ce889\" data-element_type=\"widget\" data-e-type=\"widget\" data-widget_type=\"image.default\">\n\t\t\t\t<div class=\"elementor-widget-container\">\n\t\t\t\t\t\t\t\t\t\t\t\t\t\t\t<img fetchpriority=\"high\" decoding=\"async\" width=\"342\" height=\"501\" src=\"https:\/\/daudt.com.br\/geb\/wp-content\/uploads\/2024\/10\/maria_pia.jpg\" class=\"attachment-medium_large size-medium_large wp-image-966\" alt=\"\" srcset=\"https:\/\/daudt.com.br\/geb\/wp-content\/uploads\/2024\/10\/maria_pia.jpg 342w, https:\/\/daudt.com.br\/geb\/wp-content\/uploads\/2024\/10\/maria_pia-205x300.jpg 205w\" sizes=\"(max-width: 342px) 100vw, 342px\" \/>\t\t\t\t\t\t\t\t\t\t\t\t\t\t\t<\/div>\n\t\t\t\t<\/div>\n\t\t\t\t\t<\/div>\n\t\t<\/div>\n\t\t\t\t<div class=\"elementor-column elementor-col-66 elementor-top-column elementor-element elementor-element-fe557ec\" data-id=\"fe557ec\" data-element_type=\"column\" data-e-type=\"column\">\n\t\t\t<div class=\"elementor-widget-wrap elementor-element-populated\">\n\t\t\t\t\t\t<div class=\"elementor-element elementor-element-f299104 elementor-widget elementor-widget-text-editor\" data-id=\"f299104\" data-element_type=\"widget\" data-e-type=\"widget\" data-widget_type=\"text-editor.default\">\n\t\t\t\t<div class=\"elementor-widget-container\">\n\t\t\t\t\t\t\t\t\t<p>No dia 25 de agosto de 2016, \u00e0s 5h da manh\u00e3, retornou \u00e0 p\u00e1tria espiritual D. Maria Pia Brito de Macedo, que teve participa\u00e7\u00e3o marcante na \u00e1rea doutrin\u00e1ria do Grupo Esp\u00edrita Batu\u00edra. L\u00edder e trabalhadora respeitada n\u00e3o s\u00f3\u00a0pelos seus conhecimentos esp\u00edritas, mas tamb\u00e9m pelo seu carisma. Impressionava a todos sua intelig\u00eancia e suas observa\u00e7\u00f5es justas, calcadas no pensamento de Kardec.<\/p>\n<p>Maria Pia nasceu em 15 de dezembro de 1921. Ela contava que, quando procurou o m\u00e9dium Spartaco Ghilardi pela primeira vez, para uma consulta espiritual, ele lhe mostrou o caminho do estudo da Doutrina Esp\u00edrita. No ano seguinte, quando o fez pela segunda vez, ele lhe apresentou o caminho da persist\u00eancia. Depois que recebeu essas orienta\u00e7\u00f5es, passou a estudar o Espiritismo com m\u00e9todo, seriedade e persist\u00eancia, tendo se tornado em pouco tempo, uma refer\u00eancia no Grupo Esp\u00edrita Batu\u00edra.<\/p>\n<p>Iniciou o estudo da Doutrina Esp\u00edrita, \u201ccome\u00e7ando pelo come\u00e7o\u201d, isto \u00e9, pelo O Livro dos Esp\u00edritos, a primeira e a principal obra do pentateuco esp\u00edrita. Por quase dez anos estudou sistematicamente O Livro dos Esp\u00edritos, ao\u00a0lado de Sav\u00e9rio Latorre, Spartaco, Claudio de Florio, Orlando Carvalho, Janet Duncan, entre outros.<\/p>\t\t\t\t\t\t\t\t<\/div>\n\t\t\t\t<\/div>\n\t\t\t\t\t<\/div>\n\t\t<\/div>\n\t\t\t\t\t<\/div>\n\t\t<\/section>\n\t\t\t\t<section class=\"elementor-section elementor-top-section elementor-element elementor-element-1233bb7 elementor-section-boxed elementor-section-height-default elementor-section-height-default\" data-id=\"1233bb7\" data-element_type=\"section\" data-e-type=\"section\">\n\t\t\t\t\t\t<div class=\"elementor-container elementor-column-gap-default\">\n\t\t\t\t\t<div class=\"elementor-column elementor-col-100 elementor-top-column elementor-element elementor-element-6f46593\" data-id=\"6f46593\" data-element_type=\"column\" data-e-type=\"column\">\n\t\t\t<div class=\"elementor-widget-wrap elementor-element-populated\">\n\t\t\t\t\t\t<div class=\"elementor-element elementor-element-cd89e49 elementor-widget elementor-widget-text-editor\" data-id=\"cd89e49\" data-element_type=\"widget\" data-e-type=\"widget\" data-widget_type=\"text-editor.default\">\n\t\t\t\t<div class=\"elementor-widget-container\">\n\t\t\t\t\t\t\t\t\t<p>Formada em Letras Cl\u00e1ssicas e Portugu\u00eas, foi professora de Portugu\u00eas e Inspetora Federal do Minist\u00e9rio da Educa\u00e7\u00e3o e Cultura. No G. E. Batu\u00edra, Maria Pia participou participou ativamente na implanta\u00e7\u00e3o do COEEM. Foi membro da comiss\u00e3o que criou o Curso B\u00e1sico de Espiritismo. Coordenou o trabalho de Fluidoterapia de 1985 a 2000. Entretanto, mesmo fora da coordena\u00e7\u00e3o, nunca deixou de cooperar com essa frente de trabalho, pela qual nutria extremo carinho. Foi uma expositora brilhante, suas palestras eram de uma precis\u00e3o \u00edmpar. Poucos sabiam expor um tema t\u00e3o bem ordenado e com seguran\u00e7a quanto ela.<\/p>\n<p>Maria Pia foi membro do Conselho de Administra\u00e7\u00e3o do GEB na gest\u00e3o 2006\/2009. Com seu retorno para o plano espiritual, um grande vazio se instalou na alma de todos n\u00f3s. O mundo espiritual est\u00e1 em festa, ganhou uma figura not\u00e1vel, enquanto aqui sua mem\u00f3ria permanece viva. Deixa filhos, netos e bisnetos&#8230; e muita saudade.<\/p>\t\t\t\t\t\t\t\t<\/div>\n\t\t\t\t<\/div>\n\t\t\t\t<div class=\"elementor-element elementor-element-b080874 elementor-widget-divider--view-line elementor-widget elementor-widget-divider\" data-id=\"b080874\" data-element_type=\"widget\" data-e-type=\"widget\" data-widget_type=\"divider.default\">\n\t\t\t\t<div class=\"elementor-widget-container\">\n\t\t\t\t\t\t\t<div class=\"elementor-divider\">\n\t\t\t<span class=\"elementor-divider-separator\">\n\t\t\t\t\t\t<\/span>\n\t\t<\/div>\n\t\t\t\t\t\t<\/div>\n\t\t\t\t<\/div>\n\t\t\t\t<div class=\"elementor-element elementor-element-a2caba0 elementor-widget elementor-widget-text-editor\" data-id=\"a2caba0\" data-element_type=\"widget\" data-e-type=\"widget\" data-widget_type=\"text-editor.default\">\n\t\t\t\t<div class=\"elementor-widget-container\">\n\t\t\t\t\t\t\t\t\t<p><em>Texto de Geraldo Ribeiro publicado no Batu\u00edra Jornal n\u00ba 119<\/em><\/p>\t\t\t\t\t\t\t\t<\/div>\n\t\t\t\t<\/div>\n\t\t\t\t\t<\/div>\n\t\t<\/div>\n\t\t\t\t\t<\/div>\n\t\t<\/section>\n\t\t\t\t<\/div>\n\t\t","protected":false},"excerpt":{"rendered":"<p>Maria Pia Brito de Macedo No dia 25 de agosto de 2016, \u00e0s 5h da manh\u00e3, retornou \u00e0 p\u00e1tria espiritual D. Maria Pia Brito de Macedo, que teve participa\u00e7\u00e3o marcante na \u00e1rea doutrin\u00e1ria do Grupo Esp\u00edrita Batu\u00edra. L\u00edder e trabalhadora respeitada n\u00e3o s\u00f3\u00a0pelos seus conhecimentos esp\u00edritas, mas tamb\u00e9m pelo seu carisma. Impressionava a todos sua [&hellip;]<\/p>\n","protected":false},"author":1,"featured_media":0,"parent":0,"menu_order":0,"comment_status":"closed","ping_status":"closed","template":"","meta":{"footnotes":""},"class_list":["post-554","page","type-page","status-publish","hentry"],"_links":{"self":[{"href":"https:\/\/daudt.com.br\/geb\/wp-json\/wp\/v2\/pages\/554","targetHints":{"allow":["GET"]}}],"collection":[{"href":"https:\/\/daudt.com.br\/geb\/wp-json\/wp\/v2\/pages"}],"about":[{"href":"https:\/\/daudt.com.br\/geb\/wp-json\/wp\/v2\/types\/page"}],"author":[{"embeddable":true,"href":"https:\/\/daudt.com.br\/geb\/wp-json\/wp\/v2\/users\/1"}],"replies":[{"embeddable":true,"href":"https:\/\/daudt.com.br\/geb\/wp-json\/wp\/v2\/comments?post=554"}],"version-history":[{"count":17,"href":"https:\/\/daudt.com.br\/geb\/wp-json\/wp\/v2\/pages\/554\/revisions"}],"predecessor-version":[{"id":1279,"href":"https:\/\/daudt.com.br\/geb\/wp-json\/wp\/v2\/pages\/554\/revisions\/1279"}],"wp:attachment":[{"href":"https:\/\/daudt.com.br\/geb\/wp-json\/wp\/v2\/media?parent=554"}],"curies":[{"name":"wp","href":"https:\/\/api.w.org\/{rel}","templated":true}]}}