{"id":552,"date":"2024-06-18T13:31:47","date_gmt":"2024-06-18T16:31:47","guid":{"rendered":"https:\/\/daudt.com.br\/geb\/?page_id=552"},"modified":"2024-10-16T03:12:56","modified_gmt":"2024-10-16T06:12:56","slug":"dona-aninha","status":"publish","type":"page","link":"https:\/\/daudt.com.br\/geb\/dona-aninha\/","title":{"rendered":"Dona Aninha"},"content":{"rendered":"\t\t<div data-elementor-type=\"wp-page\" data-elementor-id=\"552\" class=\"elementor elementor-552\">\n\t\t\t\t\t\t<section class=\"elementor-section elementor-top-section elementor-element elementor-element-66043ef elementor-section-boxed elementor-section-height-default elementor-section-height-default\" data-id=\"66043ef\" data-element_type=\"section\" data-e-type=\"section\">\n\t\t\t\t\t\t<div class=\"elementor-container elementor-column-gap-default\">\n\t\t\t\t\t<div class=\"elementor-column elementor-col-100 elementor-top-column elementor-element elementor-element-6e87494\" data-id=\"6e87494\" data-element_type=\"column\" data-e-type=\"column\">\n\t\t\t<div class=\"elementor-widget-wrap elementor-element-populated\">\n\t\t\t\t\t\t<div class=\"elementor-element elementor-element-ba8b6e1 elementor-widget elementor-widget-heading\" data-id=\"ba8b6e1\" data-element_type=\"widget\" data-e-type=\"widget\" data-widget_type=\"heading.default\">\n\t\t\t\t<div class=\"elementor-widget-container\">\n\t\t\t\t\t<h2 class=\"elementor-heading-title elementor-size-default\">Ana Garcia Santos Segundo (Aninha)<\/h2>\t\t\t\t<\/div>\n\t\t\t\t<\/div>\n\t\t\t\t\t<\/div>\n\t\t<\/div>\n\t\t\t\t\t<\/div>\n\t\t<\/section>\n\t\t\t\t<section class=\"elementor-section elementor-top-section elementor-element elementor-element-310e7f2 elementor-section-boxed elementor-section-height-default elementor-section-height-default\" data-id=\"310e7f2\" data-element_type=\"section\" data-e-type=\"section\">\n\t\t\t\t\t\t<div class=\"elementor-container elementor-column-gap-default\">\n\t\t\t\t\t<div class=\"elementor-column elementor-col-33 elementor-top-column elementor-element elementor-element-1ffa9b9\" data-id=\"1ffa9b9\" data-element_type=\"column\" data-e-type=\"column\">\n\t\t\t<div class=\"elementor-widget-wrap elementor-element-populated\">\n\t\t\t\t\t\t<div class=\"elementor-element elementor-element-ed2690a elementor-widget elementor-widget-image\" data-id=\"ed2690a\" data-element_type=\"widget\" data-e-type=\"widget\" data-widget_type=\"image.default\">\n\t\t\t\t<div class=\"elementor-widget-container\">\n\t\t\t\t\t\t\t\t\t\t\t\t\t\t\t<img fetchpriority=\"high\" decoding=\"async\" width=\"300\" height=\"245\" src=\"https:\/\/daudt.com.br\/geb\/wp-content\/uploads\/2024\/10\/dona_aninha-300x245.png\" class=\"attachment-medium size-medium wp-image-950\" alt=\"\" srcset=\"https:\/\/daudt.com.br\/geb\/wp-content\/uploads\/2024\/10\/dona_aninha-300x245.png 300w, https:\/\/daudt.com.br\/geb\/wp-content\/uploads\/2024\/10\/dona_aninha.png 400w\" sizes=\"(max-width: 300px) 100vw, 300px\" \/>\t\t\t\t\t\t\t\t\t\t\t\t\t\t\t<\/div>\n\t\t\t\t<\/div>\n\t\t\t\t\t<\/div>\n\t\t<\/div>\n\t\t\t\t<div class=\"elementor-column elementor-col-66 elementor-top-column elementor-element elementor-element-b213cff\" data-id=\"b213cff\" data-element_type=\"column\" data-e-type=\"column\">\n\t\t\t<div class=\"elementor-widget-wrap elementor-element-populated\">\n\t\t\t\t\t\t<div class=\"elementor-element elementor-element-05e39d3 elementor-widget elementor-widget-text-editor\" data-id=\"05e39d3\" data-element_type=\"widget\" data-e-type=\"widget\" data-widget_type=\"text-editor.default\">\n\t\t\t\t<div class=\"elementor-widget-container\">\n\t\t\t\t\t\t\t\t\t<p><span style=\"font-weight: bolder;\">Ana Segundo<\/span>\u00a0foi por muitos anos diretora do departamento de assist\u00eancia e promo\u00e7\u00e3o social do Grupo Esp\u00edrita Batu\u00edra, onde se tornou conhecida dos assistidos pelo carinhoso apelido de &#8220;Dona Aninha&#8221;.<\/p>\n<p>Nascida na cidade de S\u00e3o Paulo, no dia 19 de setembro de 1924, foi sempre uma pessoa alegre, amoroso e disposta para ajudar ao pr\u00f3ximo em dificuldade.<\/p>\n<p>Casou-se com Gino Segundo, que tamb\u00e9m, mais tarde, faria parte da diretoria do GEB, no departamento financeiro. O casal teve tr\u00eas filhos: Luiz Carlos, Paulo Roberto e Nauzide (pelos la\u00e7os do cora\u00e7\u00e3o).<\/p>\t\t\t\t\t\t\t\t<\/div>\n\t\t\t\t<\/div>\n\t\t\t\t\t<\/div>\n\t\t<\/div>\n\t\t\t\t\t<\/div>\n\t\t<\/section>\n\t\t\t\t<section class=\"elementor-section elementor-top-section elementor-element elementor-element-77f0a51 elementor-section-boxed elementor-section-height-default elementor-section-height-default\" data-id=\"77f0a51\" data-element_type=\"section\" data-e-type=\"section\">\n\t\t\t\t\t\t<div class=\"elementor-container elementor-column-gap-default\">\n\t\t\t\t\t<div class=\"elementor-column elementor-col-100 elementor-top-column elementor-element elementor-element-ed22dac\" data-id=\"ed22dac\" data-element_type=\"column\" data-e-type=\"column\">\n\t\t\t<div class=\"elementor-widget-wrap elementor-element-populated\">\n\t\t\t\t\t\t<div class=\"elementor-element elementor-element-54a329b elementor-widget elementor-widget-text-editor\" data-id=\"54a329b\" data-element_type=\"widget\" data-e-type=\"widget\" data-widget_type=\"text-editor.default\">\n\t\t\t\t<div class=\"elementor-widget-container\">\n\t\t\t\t\t\t\t\t\t<p>Ana foi fundadora do GEB. Fez parte da diretoria por nove gest\u00f5es, ou seja, participou da dire\u00e7\u00e3o da casa por vinte e cinco anos. Na primeira gest\u00e3o ocupou o cargo de terceira vogal. Da segunda em diante, desempenhou a fun\u00e7\u00e3o de diretora do departamento de assist\u00eancia e promo\u00e7\u00e3o social.<\/p>\n<p>Com a desencarna\u00e7\u00e3o do esposo, contraiu segundas n\u00fapcias com Sav\u00e9rio Latorre, que tamb\u00e9m havia ficado vi\u00favo de Carmen Galves Latorre. Carminha foi sua grande amiga e companheira de trabalho no departamento de assist\u00eancia e promo\u00e7\u00e3o social. Ana desencarnou na cidade de S\u00e3o Paulo, aos 65 anos de idade, em 21 de novembro de 1989.<\/p>\n<p>Em sua homenagem, a unidade da Vila Brasil\u00e2ndia denomina-se Unidade Assistencial Dona Aninha.<\/p>\t\t\t\t\t\t\t\t<\/div>\n\t\t\t\t<\/div>\n\t\t\t\t\t<\/div>\n\t\t<\/div>\n\t\t\t\t\t<\/div>\n\t\t<\/section>\n\t\t\t\t<section class=\"elementor-section elementor-top-section elementor-element elementor-element-751227d elementor-section-boxed elementor-section-height-default elementor-section-height-default\" data-id=\"751227d\" data-element_type=\"section\" data-e-type=\"section\">\n\t\t\t\t\t\t<div class=\"elementor-container elementor-column-gap-default\">\n\t\t\t\t\t<div class=\"elementor-column elementor-col-100 elementor-top-column elementor-element elementor-element-6882a89\" data-id=\"6882a89\" data-element_type=\"column\" data-e-type=\"column\">\n\t\t\t<div class=\"elementor-widget-wrap elementor-element-populated\">\n\t\t\t\t\t\t<div class=\"elementor-element elementor-element-0edde44 elementor-widget elementor-widget-heading\" data-id=\"0edde44\" data-element_type=\"widget\" data-e-type=\"widget\" data-widget_type=\"heading.default\">\n\t\t\t\t<div class=\"elementor-widget-container\">\n\t\t\t\t\t<h2 class=\"elementor-heading-title elementor-size-default\"><h3>Poema (imagin\u00e1rio) sem p\u00e9 nem cabe\u00e7a<span style=\"color: var( --e-global-color-primary );font-family: var( --e-global-typography-primary-font-family ), Sans-serif;font-size: 32px;font-weight: var( --e-global-typography-primary-font-weight );letter-spacing: -0.05em\"><\/span><\/h3><\/h2>\t\t\t\t<\/div>\n\t\t\t\t<\/div>\n\t\t\t\t\t<\/div>\n\t\t<\/div>\n\t\t\t\t\t<\/div>\n\t\t<\/section>\n\t\t\t\t<section class=\"elementor-section elementor-top-section elementor-element elementor-element-5b16a0f elementor-section-boxed elementor-section-height-default elementor-section-height-default\" data-id=\"5b16a0f\" data-element_type=\"section\" data-e-type=\"section\">\n\t\t\t\t\t\t<div class=\"elementor-container elementor-column-gap-default\">\n\t\t\t\t\t<div class=\"elementor-column elementor-col-100 elementor-top-column elementor-element elementor-element-2b6add5\" data-id=\"2b6add5\" data-element_type=\"column\" data-e-type=\"column\">\n\t\t\t<div class=\"elementor-widget-wrap elementor-element-populated\">\n\t\t\t\t\t\t<div class=\"elementor-element elementor-element-cb1c02f elementor-widget elementor-widget-text-editor\" data-id=\"cb1c02f\" data-element_type=\"widget\" data-e-type=\"widget\" data-widget_type=\"text-editor.default\">\n\t\t\t\t<div class=\"elementor-widget-container\">\n\t\t\t\t\t\t\t\t\t<p>Vi, hoje, linda crian\u00e7a, que embalou meu cora\u00e7\u00e3o.<br \/>Trazia a pureza dos anjos e as asas doces do amor!<\/p>\n<p>Se pudesse embalaria a vida toda este ser,<br \/>Pois, no crep\u00fasculo da vida, quando sorrir \u00e9 pensar,<br \/>Doce seria o calor deste anjo a me amparar.<\/p>\n<p>Na vida tantas pesquisas,<br \/>Tantas lutas ao poder,<br \/>No sorriso da pureza haver\u00e1 maior prazer?<\/p>\n<p>Beijo-lhe querido meu,<br \/>Pequenino, para mim gigante,<br \/>Pois deste ao meu cora\u00e7\u00e3o,<br \/>Alento t\u00e3o radiante!<\/p>\n<p>Quando um dia te lembrares de mim,<br \/>Como foto descolorida<br \/>Guardar\u00e1s sempre a lembra\u00e7a da sua vov\u00f3 querida!<\/p>\n<p style=\"box-sizing: border-box; margin-top: 0px; margin-bottom: 1rem; color: #7a7a7a; font-family: Roboto, sans-serif; font-size: 16px; font-style: normal; font-variant-ligatures: normal; font-variant-caps: normal; font-weight: 400; letter-spacing: normal; orphans: 2; text-align: left; text-indent: 0px; text-transform: none; widows: 2; word-spacing: 0px; -webkit-text-stroke-width: 0px; white-space: normal; background-color: #ffffff; text-decoration-thickness: initial; text-decoration-style: initial; text-decoration-color: initial;\">(A vov\u00f3 oferece com todo amor, ao seu netinho Leonardo, filho de Paulo Segundo e Maria F\u00e1tima).<\/p>\t\t\t\t\t\t\t\t<\/div>\n\t\t\t\t<\/div>\n\t\t\t\t\t<\/div>\n\t\t<\/div>\n\t\t\t\t\t<\/div>\n\t\t<\/section>\n\t\t\t\t<section class=\"elementor-section elementor-top-section elementor-element elementor-element-c54d623 elementor-section-boxed elementor-section-height-default elementor-section-height-default\" data-id=\"c54d623\" data-element_type=\"section\" data-e-type=\"section\">\n\t\t\t\t\t\t<div class=\"elementor-container elementor-column-gap-default\">\n\t\t\t\t\t<div class=\"elementor-column elementor-col-100 elementor-top-column elementor-element elementor-element-45a5116\" data-id=\"45a5116\" data-element_type=\"column\" data-e-type=\"column\">\n\t\t\t<div class=\"elementor-widget-wrap elementor-element-populated\">\n\t\t\t\t\t\t<div class=\"elementor-element elementor-element-3d8a81c elementor-widget-divider--view-line elementor-widget elementor-widget-divider\" data-id=\"3d8a81c\" data-element_type=\"widget\" data-e-type=\"widget\" data-widget_type=\"divider.default\">\n\t\t\t\t<div class=\"elementor-widget-container\">\n\t\t\t\t\t\t\t<div class=\"elementor-divider\">\n\t\t\t<span class=\"elementor-divider-separator\">\n\t\t\t\t\t\t<\/span>\n\t\t<\/div>\n\t\t\t\t\t\t<\/div>\n\t\t\t\t<\/div>\n\t\t\t\t<div class=\"elementor-element elementor-element-e989b38 elementor-widget elementor-widget-text-editor\" data-id=\"e989b38\" data-element_type=\"widget\" data-e-type=\"widget\" data-widget_type=\"text-editor.default\">\n\t\t\t\t<div class=\"elementor-widget-container\">\n\t\t\t\t\t\t\t\t\t<p><em><b>Texto: Paulo Segundo<\/b><\/em><\/p>\t\t\t\t\t\t\t\t<\/div>\n\t\t\t\t<\/div>\n\t\t\t\t\t<\/div>\n\t\t<\/div>\n\t\t\t\t\t<\/div>\n\t\t<\/section>\n\t\t\t\t<\/div>\n\t\t","protected":false},"excerpt":{"rendered":"<p>Ana Garcia Santos Segundo (Aninha) Ana Segundo\u00a0foi por muitos anos diretora do departamento de assist\u00eancia e promo\u00e7\u00e3o social do Grupo Esp\u00edrita Batu\u00edra, onde se tornou conhecida dos assistidos pelo carinhoso apelido de &#8220;Dona Aninha&#8221;. Nascida na cidade de S\u00e3o Paulo, no dia 19 de setembro de 1924, foi sempre uma pessoa alegre, amoroso e disposta [&hellip;]<\/p>\n","protected":false},"author":1,"featured_media":0,"parent":0,"menu_order":0,"comment_status":"closed","ping_status":"closed","template":"","meta":{"footnotes":""},"class_list":["post-552","page","type-page","status-publish","hentry"],"_links":{"self":[{"href":"https:\/\/daudt.com.br\/geb\/wp-json\/wp\/v2\/pages\/552","targetHints":{"allow":["GET"]}}],"collection":[{"href":"https:\/\/daudt.com.br\/geb\/wp-json\/wp\/v2\/pages"}],"about":[{"href":"https:\/\/daudt.com.br\/geb\/wp-json\/wp\/v2\/types\/page"}],"author":[{"embeddable":true,"href":"https:\/\/daudt.com.br\/geb\/wp-json\/wp\/v2\/users\/1"}],"replies":[{"embeddable":true,"href":"https:\/\/daudt.com.br\/geb\/wp-json\/wp\/v2\/comments?post=552"}],"version-history":[{"count":30,"href":"https:\/\/daudt.com.br\/geb\/wp-json\/wp\/v2\/pages\/552\/revisions"}],"predecessor-version":[{"id":1273,"href":"https:\/\/daudt.com.br\/geb\/wp-json\/wp\/v2\/pages\/552\/revisions\/1273"}],"wp:attachment":[{"href":"https:\/\/daudt.com.br\/geb\/wp-json\/wp\/v2\/media?parent=552"}],"curies":[{"name":"wp","href":"https:\/\/api.w.org\/{rel}","templated":true}]}}