{"id":438,"date":"2024-06-05T18:14:38","date_gmt":"2024-06-05T21:14:38","guid":{"rendered":"https:\/\/daudt.com.br\/geb\/?page_id=438"},"modified":"2024-10-16T03:16:44","modified_gmt":"2024-10-16T06:16:44","slug":"zita","status":"publish","type":"page","link":"https:\/\/daudt.com.br\/geb\/zita\/","title":{"rendered":"Zita"},"content":{"rendered":"\t\t<div data-elementor-type=\"wp-page\" data-elementor-id=\"438\" class=\"elementor elementor-438\">\n\t\t\t\t\t\t<section class=\"elementor-section elementor-top-section elementor-element elementor-element-e401fcc elementor-section-boxed elementor-section-height-default elementor-section-height-default\" data-id=\"e401fcc\" data-element_type=\"section\" data-e-type=\"section\">\n\t\t\t\t\t\t<div class=\"elementor-container elementor-column-gap-default\">\n\t\t\t\t\t<div class=\"elementor-column elementor-col-100 elementor-top-column elementor-element elementor-element-a71ef41\" data-id=\"a71ef41\" data-element_type=\"column\" data-e-type=\"column\">\n\t\t\t<div class=\"elementor-widget-wrap elementor-element-populated\">\n\t\t\t\t\t\t<div class=\"elementor-element elementor-element-75b67a6 elementor-widget elementor-widget-heading\" data-id=\"75b67a6\" data-element_type=\"widget\" data-e-type=\"widget\" data-widget_type=\"heading.default\">\n\t\t\t\t<div class=\"elementor-widget-container\">\n\t\t\t\t\t<h2 class=\"elementor-heading-title elementor-size-default\">Zita Ghilardi<\/h2>\t\t\t\t<\/div>\n\t\t\t\t<\/div>\n\t\t\t\t\t<\/div>\n\t\t<\/div>\n\t\t\t\t\t<\/div>\n\t\t<\/section>\n\t\t\t\t<section class=\"elementor-section elementor-top-section elementor-element elementor-element-6c39f82 elementor-section-boxed elementor-section-height-default elementor-section-height-default\" data-id=\"6c39f82\" data-element_type=\"section\" data-e-type=\"section\">\n\t\t\t\t\t\t<div class=\"elementor-container elementor-column-gap-default\">\n\t\t\t\t\t<div class=\"elementor-column elementor-col-33 elementor-top-column elementor-element elementor-element-0bbc6f4\" data-id=\"0bbc6f4\" data-element_type=\"column\" data-e-type=\"column\">\n\t\t\t<div class=\"elementor-widget-wrap elementor-element-populated\">\n\t\t\t\t\t\t<div class=\"elementor-element elementor-element-f36a283 elementor-widget elementor-widget-image\" data-id=\"f36a283\" data-element_type=\"widget\" data-e-type=\"widget\" data-widget_type=\"image.default\">\n\t\t\t\t<div class=\"elementor-widget-container\">\n\t\t\t\t\t\t\t\t\t\t\t\t\t\t\t<img fetchpriority=\"high\" decoding=\"async\" width=\"270\" height=\"400\" src=\"https:\/\/daudt.com.br\/geb\/wp-content\/uploads\/2024\/10\/zita1.jpeg\" class=\"attachment-medium_large size-medium_large wp-image-978\" alt=\"\" srcset=\"https:\/\/daudt.com.br\/geb\/wp-content\/uploads\/2024\/10\/zita1.jpeg 270w, https:\/\/daudt.com.br\/geb\/wp-content\/uploads\/2024\/10\/zita1-203x300.jpeg 203w\" sizes=\"(max-width: 270px) 100vw, 270px\" \/>\t\t\t\t\t\t\t\t\t\t\t\t\t\t\t<\/div>\n\t\t\t\t<\/div>\n\t\t\t\t\t<\/div>\n\t\t<\/div>\n\t\t\t\t<div class=\"elementor-column elementor-col-66 elementor-top-column elementor-element elementor-element-6ce86ae\" data-id=\"6ce86ae\" data-element_type=\"column\" data-e-type=\"column\">\n\t\t\t<div class=\"elementor-widget-wrap elementor-element-populated\">\n\t\t\t\t\t\t<div class=\"elementor-element elementor-element-625c130 elementor-widget elementor-widget-text-editor\" data-id=\"625c130\" data-element_type=\"widget\" data-e-type=\"widget\" data-widget_type=\"text-editor.default\">\n\t\t\t\t<div class=\"elementor-widget-container\">\n\t\t\t\t\t\t\t\t\t<p><strong>Zita Ghilardi<\/strong>\u00a0nasceu em S\u00e3o Paulo (SP), no dia 28 de setembro de 1926, e desencarnou na mesma cidade, no dia 5 de maio de 2013, ap\u00f3s 43 dias internada no Hospital Alvorada, deixando em nosso cora\u00e7\u00e3o um grande vazio e muita saudade.\u00a0<\/p>\n<p>Durante todo esse per\u00edodo, em nenhum momento a vimos reclamar da sua enfermidade. Tudo suportou com resigna\u00e7\u00e3o e paci\u00eancia. A Medicina fez o que p\u00f4de para mant\u00ea-la entre n\u00f3s, por\u00e9m, os des\u00edgnios de Deus s\u00e3o s\u00e1bios e falaram mais alto.\u00a0<\/p>\n<p>Especular sobre por que D. Zita passou todos esses dias em sofrimento, \u00e9 buscar uma resposta dif\u00edcil e que, se fosse poss\u00edvel obt\u00ea-la, n\u00e3o acrescentaria muita coisa ao que ela fez pela sua fam\u00edlia e pelo Grupo Esp\u00edrita Batu\u00edra.<\/p>\n<p>No vel\u00f3rio compareceram centenas de pessoas, entre parentes e amigos, que foram levar a ela seu carinho e amizade. O ambiente estava t\u00e3o leve que todos n\u00f3s resolvemos cantar sua m\u00fasica predileta: \u201cCan\u00e7\u00e3o da Alegria Crist\u00e3\u201d, de Leopoldo Machado.<\/p>\t\t\t\t\t\t\t\t<\/div>\n\t\t\t\t<\/div>\n\t\t\t\t\t<\/div>\n\t\t<\/div>\n\t\t\t\t\t<\/div>\n\t\t<\/section>\n\t\t\t\t<section class=\"elementor-section elementor-top-section elementor-element elementor-element-8ea5eb0 elementor-section-boxed elementor-section-height-default elementor-section-height-default\" data-id=\"8ea5eb0\" data-element_type=\"section\" data-e-type=\"section\">\n\t\t\t\t\t\t<div class=\"elementor-container elementor-column-gap-default\">\n\t\t\t\t\t<div class=\"elementor-column elementor-col-100 elementor-top-column elementor-element elementor-element-4c5c835\" data-id=\"4c5c835\" data-element_type=\"column\" data-e-type=\"column\">\n\t\t\t<div class=\"elementor-widget-wrap elementor-element-populated\">\n\t\t\t\t\t\t<div class=\"elementor-element elementor-element-52c2b81 elementor-widget elementor-widget-text-editor\" data-id=\"52c2b81\" data-element_type=\"widget\" data-e-type=\"widget\" data-widget_type=\"text-editor.default\">\n\t\t\t\t<div class=\"elementor-widget-container\">\n\t\t\t\t\t\t\t\t\t<p>O enterro do seu corpo f\u00edsico deu-se no Cemit\u00e9rio da Vila Mariana, \u00e0s 16h, do dia 5, no mesmo t\u00famulo, onde se encontra o do seu esposo, Spartaco Ghilardi, com quem conviveu durante quase seis d\u00e9cadas.<\/p>\n<p>D. Zita tinha aproximadamente 1m68cm de altura, cor branca, olhos azuis e cabelos castanhos lisos. Era uma pessoa am\u00e1vel, resignada e acolhedora. Diante da pergunta: \u201cComo vai, D. Zita?\u201d, ela respondia prontamente: \u201cMelhor agora, com voc\u00ea!\u201d. \u00a0<\/p>\n<p>Era filha de Galileu Calicchio e Waldemira Gallo Calicchio, ambos imigrantes italianos. Embora cat\u00f3lico, seu pai possu\u00eda de forma ostensiva o dom da mediunidade. Por vezes, entrava em transe medi\u00fanico na Igreja, deixando o sacerdote e seus auxiliares em situa\u00e7\u00e3o embara\u00e7osa. \u00c9 no Espiritismo que ele vai encontrar a resposta para seu problema espiritual. Depois funda um centro, onde ao lado de outros esp\u00edritas, estuda e pratica a mediunidade.\u00a0<\/p>\n<p>D. Zita disse certa vez que s\u00f3 lamentava n\u00e3o ter aproveitado os ensinos e as experi\u00eancias do seu pai. Por\u00e9m, com o transcurso do tempo, atrav\u00e9s do estudo da Doutrina Esp\u00edrita, ela se revela uma trabalhadora incans\u00e1vel na seara do Mestre.<\/p>\n<p>H\u00e1 um ditado popular que diz: \u201cPor detr\u00e1s de um grande homem h\u00e1 sempre uma grande mulher\u201d. Todo prov\u00e9rbio tem de certo modo um fundo de verdade. Por\u00e9m, precisamos reconhecer que D. Zita n\u00e3o esteve somente por detr\u00e1s do Sr. Spartaco, mas, em muitas situa\u00e7\u00f5es, n\u00f3s a vimos \u00e0 frente dele, abrindo caminhos, suportando press\u00f5es e dizendo \u201cn\u00e3o\u201d, quando necess\u00e1rio.\u00a0<\/p>\n<p>D. Zita dizia que pessoas mal informadas acerca da Doutrina Esp\u00edrita pensavam que o m\u00e9dium \u00e9 um adivinho, um ser dotado de poderes sobrenaturais, que tem respostas para tudo, inclusive a faculdade de conhecer passado, presente e futuro das pessoas, o que ela acertadamente n\u00e3o concordava.<\/p>\n<p>Declarou em outra oportunidade que o Grupo Esp\u00edrita Batu\u00edra foi durante muitos anos sua \u00fanica casa. As atividades doutrin\u00e1rias exigiam dela e do esposo presen\u00e7a constante naquele templo de ora\u00e7\u00e3o. Somente quando a sa\u00fade do Sr. Spartaco declinou, impondo-lhe a necessidade de ficar mais tempo em casa, ela se deu conta de que tinha um lar, uma fam\u00edlia.\u00a0<\/p>\n<p>No Grupo Esp\u00edrita Batu\u00edra, al\u00e9m de ter sido uma de suas fundadoras, D. Zita foi membro da diretoria executiva, desde a primeira gest\u00e3o, em 1964, ocupando sucessivamente os cargos de 2\u00aa vogal, 2\u00aa tesoureira, bibliotec\u00e1ria e, por fim, membro do conselho de administra\u00e7\u00e3o.\u00a0<\/p>\n<p>No campo doutrin\u00e1rio dirigia a reuni\u00e3o medi\u00fanica, nas tardes de segunda-feira. Nos \u00faltimos anos, devido ao seu estado prec\u00e1rio de sa\u00fade, havia sempre uma cuidadora do seu lado, dando-lhe a assist\u00eancia necess\u00e1ria. Mesmo doente D. Zita procurava, sempre que poss\u00edvel, ir \u00e0 reuni\u00e3o, mantendo-se serena e em prece. Nas suas ora\u00e7\u00f5es, ela tinha por h\u00e1bito evocar esta express\u00e3o de Jesus: Senhor! Fa\u00e7a-se a sua vontade e n\u00e3o a nossa!<\/p>\n<p>D. Zita sempre acompanhou o esposo, na sua gloriosa miss\u00e3o de orientar, espiritualmente, pessoas necessitadas. Foi sem d\u00favida, sua guardi\u00e3, confidente e fiel companheira. Jamais o deixou s\u00f3! O Sr. Spartaco, por sua vez, dizia que ela foi para ele um \u201cpresente de Deus\u201d.<\/p>\n<p style=\"box-sizing: border-box; margin-top: 0px; margin-bottom: 1rem; color: #7a7a7a; font-family: Roboto, sans-serif; font-size: 16px; font-style: normal; font-variant-ligatures: normal; font-variant-caps: normal; font-weight: 400; letter-spacing: normal; orphans: 2; text-align: left; text-indent: 0px; text-transform: none; widows: 2; word-spacing: 0px; -webkit-text-stroke-width: 0px; white-space: normal; background-color: #ffffff; text-decoration-thickness: initial; text-decoration-style: initial; text-decoration-color: initial;\">O casal deixa duas filhas: Rina e An\u00e1lia; genros, netos e bisnetos.<\/p>\t\t\t\t\t\t\t\t<\/div>\n\t\t\t\t<\/div>\n\t\t\t\t<div class=\"elementor-element elementor-element-e091372 elementor-widget-divider--view-line elementor-widget elementor-widget-divider\" data-id=\"e091372\" data-element_type=\"widget\" data-e-type=\"widget\" data-widget_type=\"divider.default\">\n\t\t\t\t<div class=\"elementor-widget-container\">\n\t\t\t\t\t\t\t<div class=\"elementor-divider\">\n\t\t\t<span class=\"elementor-divider-separator\">\n\t\t\t\t\t\t<\/span>\n\t\t<\/div>\n\t\t\t\t\t\t<\/div>\n\t\t\t\t<\/div>\n\t\t\t\t<div class=\"elementor-element elementor-element-dd0b09a elementor-widget elementor-widget-text-editor\" data-id=\"dd0b09a\" data-element_type=\"widget\" data-e-type=\"widget\" data-widget_type=\"text-editor.default\">\n\t\t\t\t<div class=\"elementor-widget-container\">\n\t\t\t\t\t\t\t\t\t<p><em>Texto: Geraldo Ribeiro<\/em><\/p>\n<p><em>Maio \/ 2014<\/em><\/p>\t\t\t\t\t\t\t\t<\/div>\n\t\t\t\t<\/div>\n\t\t\t\t\t<\/div>\n\t\t<\/div>\n\t\t\t\t\t<\/div>\n\t\t<\/section>\n\t\t\t\t<\/div>\n\t\t","protected":false},"excerpt":{"rendered":"<p>Zita Ghilardi Zita Ghilardi\u00a0nasceu em S\u00e3o Paulo (SP), no dia 28 de setembro de 1926, e desencarnou na mesma cidade, no dia 5 de maio de 2013, ap\u00f3s 43 dias internada no Hospital Alvorada, deixando em nosso cora\u00e7\u00e3o um grande vazio e muita saudade.\u00a0 Durante todo esse per\u00edodo, em nenhum momento a vimos reclamar da [&hellip;]<\/p>\n","protected":false},"author":1,"featured_media":0,"parent":0,"menu_order":0,"comment_status":"closed","ping_status":"closed","template":"","meta":{"footnotes":""},"class_list":["post-438","page","type-page","status-publish","hentry"],"_links":{"self":[{"href":"https:\/\/daudt.com.br\/geb\/wp-json\/wp\/v2\/pages\/438","targetHints":{"allow":["GET"]}}],"collection":[{"href":"https:\/\/daudt.com.br\/geb\/wp-json\/wp\/v2\/pages"}],"about":[{"href":"https:\/\/daudt.com.br\/geb\/wp-json\/wp\/v2\/types\/page"}],"author":[{"embeddable":true,"href":"https:\/\/daudt.com.br\/geb\/wp-json\/wp\/v2\/users\/1"}],"replies":[{"embeddable":true,"href":"https:\/\/daudt.com.br\/geb\/wp-json\/wp\/v2\/comments?post=438"}],"version-history":[{"count":19,"href":"https:\/\/daudt.com.br\/geb\/wp-json\/wp\/v2\/pages\/438\/revisions"}],"predecessor-version":[{"id":1288,"href":"https:\/\/daudt.com.br\/geb\/wp-json\/wp\/v2\/pages\/438\/revisions\/1288"}],"wp:attachment":[{"href":"https:\/\/daudt.com.br\/geb\/wp-json\/wp\/v2\/media?parent=438"}],"curies":[{"name":"wp","href":"https:\/\/api.w.org\/{rel}","templated":true}]}}