{"id":436,"date":"2024-06-05T18:14:29","date_gmt":"2024-06-05T21:14:29","guid":{"rendered":"https:\/\/daudt.com.br\/geb\/?page_id=436"},"modified":"2024-10-16T03:16:09","modified_gmt":"2024-10-16T06:16:09","slug":"spartaco","status":"publish","type":"page","link":"https:\/\/daudt.com.br\/geb\/spartaco\/","title":{"rendered":"Spartaco"},"content":{"rendered":"\t\t<div data-elementor-type=\"wp-page\" data-elementor-id=\"436\" class=\"elementor elementor-436\">\n\t\t\t\t\t\t<section class=\"elementor-section elementor-top-section elementor-element elementor-element-dda8ab1 elementor-section-boxed elementor-section-height-default elementor-section-height-default\" data-id=\"dda8ab1\" data-element_type=\"section\" data-e-type=\"section\">\n\t\t\t\t\t\t<div class=\"elementor-container elementor-column-gap-default\">\n\t\t\t\t\t<div class=\"elementor-column elementor-col-100 elementor-top-column elementor-element elementor-element-ed20f78\" data-id=\"ed20f78\" data-element_type=\"column\" data-e-type=\"column\">\n\t\t\t<div class=\"elementor-widget-wrap elementor-element-populated\">\n\t\t\t\t\t\t<div class=\"elementor-element elementor-element-d8ffa51 elementor-widget elementor-widget-heading\" data-id=\"d8ffa51\" data-element_type=\"widget\" data-e-type=\"widget\" data-widget_type=\"heading.default\">\n\t\t\t\t<div class=\"elementor-widget-container\">\n\t\t\t\t\t<h2 class=\"elementor-heading-title elementor-size-default\">Spartaco Ghilardi<\/h2>\t\t\t\t<\/div>\n\t\t\t\t<\/div>\n\t\t\t\t\t<\/div>\n\t\t<\/div>\n\t\t\t\t\t<\/div>\n\t\t<\/section>\n\t\t\t\t<section class=\"elementor-section elementor-top-section elementor-element elementor-element-329589a elementor-section-boxed elementor-section-height-default elementor-section-height-default\" data-id=\"329589a\" data-element_type=\"section\" data-e-type=\"section\">\n\t\t\t\t\t\t<div class=\"elementor-container elementor-column-gap-default\">\n\t\t\t\t\t<div class=\"elementor-column elementor-col-33 elementor-top-column elementor-element elementor-element-2a15c10\" data-id=\"2a15c10\" data-element_type=\"column\" data-e-type=\"column\">\n\t\t\t<div class=\"elementor-widget-wrap elementor-element-populated\">\n\t\t\t\t\t\t<div class=\"elementor-element elementor-element-178c974 elementor-widget elementor-widget-image\" data-id=\"178c974\" data-element_type=\"widget\" data-e-type=\"widget\" data-widget_type=\"image.default\">\n\t\t\t\t<div class=\"elementor-widget-container\">\n\t\t\t\t\t\t\t\t\t\t\t\t\t\t\t<img fetchpriority=\"high\" decoding=\"async\" width=\"276\" height=\"400\" src=\"https:\/\/daudt.com.br\/geb\/wp-content\/uploads\/2024\/10\/spartaco.jpeg\" class=\"attachment-large size-large wp-image-976\" alt=\"\" srcset=\"https:\/\/daudt.com.br\/geb\/wp-content\/uploads\/2024\/10\/spartaco.jpeg 276w, https:\/\/daudt.com.br\/geb\/wp-content\/uploads\/2024\/10\/spartaco-207x300.jpeg 207w\" sizes=\"(max-width: 276px) 100vw, 276px\" \/>\t\t\t\t\t\t\t\t\t\t\t\t\t\t\t<\/div>\n\t\t\t\t<\/div>\n\t\t\t\t\t<\/div>\n\t\t<\/div>\n\t\t\t\t<div class=\"elementor-column elementor-col-66 elementor-top-column elementor-element elementor-element-9069ff7\" data-id=\"9069ff7\" data-element_type=\"column\" data-e-type=\"column\">\n\t\t\t<div class=\"elementor-widget-wrap elementor-element-populated\">\n\t\t\t\t\t\t<div class=\"elementor-element elementor-element-51361c0 elementor-widget elementor-widget-text-editor\" data-id=\"51361c0\" data-element_type=\"widget\" data-e-type=\"widget\" data-widget_type=\"text-editor.default\">\n\t\t\t\t<div class=\"elementor-widget-container\">\n\t\t\t\t\t\t\t\t\t<p><span style=\"font-weight: bolder;\">Spartaco Ghilardi<\/span>\u00a0nasceu no dia 12 de maio de 1914, na prov\u00edncia de Viareggio, regi\u00e3o da Toscana, costa Atl\u00e2ntica, no sul da It\u00e1lia. Seus pais, Sr. Gino Ghilardi e D. Assunta Fioravante Ghilardi, nasceram na It\u00e1lia. Com onze\u00a0e oito anos de idade, respectivamente, migraram para o Brasil.<\/p>\n<p>Depois de casados, em 1914 retornaram \u00e0 sua terra natal, para visitar parentes e amigos. D. Assunta, na \u00e9poca, estava gr\u00e1vida. Com a eclos\u00e3o da Primeira Guerra Mundial, Spartaco terminou encarnando em solo europeu.<\/p>\n<p>Foi o \u00fanico filho, de um total de nove, a nascer na p\u00e1tria de origem de seus genitores.<\/p>\n<p>No per\u00edodo da inf\u00e2ncia, Spartaco s\u00f3 veio a falar com a idade de quatro anos. Quando mo\u00e7o, entre 10 e 15 anos, era son\u00e2mbulo. Esses dois fatos foram motivos de grandes preocupa\u00e7\u00f5es para seus pais, av\u00f3s e parentes.<\/p>\n<p>Aos 12 anos de idade, Spartaco come\u00e7ou a trabalhar, com seu pai, numa empresa de decora\u00e7\u00e3o e vendas de m\u00f3veis. Trabalhou, tamb\u00e9m, v\u00e1rios anos numa empresa alem\u00e3, na qual chegou a ocupar o cargo de Gerente Comercial. Depois, em sociedade com seus irm\u00e3os, montou uma empresa de decora\u00e7\u00f5es, que funcionou durante algumas d\u00e9cadas.<\/p>\t\t\t\t\t\t\t\t<\/div>\n\t\t\t\t<\/div>\n\t\t\t\t\t<\/div>\n\t\t<\/div>\n\t\t\t\t\t<\/div>\n\t\t<\/section>\n\t\t\t\t<section class=\"elementor-section elementor-top-section elementor-element elementor-element-3e6c38a elementor-section-boxed elementor-section-height-default elementor-section-height-default\" data-id=\"3e6c38a\" data-element_type=\"section\" data-e-type=\"section\">\n\t\t\t\t\t\t<div class=\"elementor-container elementor-column-gap-default\">\n\t\t\t\t\t<div class=\"elementor-column elementor-col-100 elementor-top-column elementor-element elementor-element-56e0b6b\" data-id=\"56e0b6b\" data-element_type=\"column\" data-e-type=\"column\">\n\t\t\t<div class=\"elementor-widget-wrap elementor-element-populated\">\n\t\t\t\t\t\t<div class=\"elementor-element elementor-element-c2dfa7b elementor-widget elementor-widget-text-editor\" data-id=\"c2dfa7b\" data-element_type=\"widget\" data-e-type=\"widget\" data-widget_type=\"text-editor.default\">\n\t\t\t\t<div class=\"elementor-widget-container\">\n\t\t\t\t\t\t\t\t\t<p>O primeiro contato do Spartaco com o Espiritismo deu-se atrav\u00e9s de reuni\u00f5es esp\u00edritas realizadas na casa dos pais de D. Zita Calicchio, na \u00e9poca sua namorada.<\/p>\n<p>Em 29 de novembro de 1945 contraiu n\u00fapcias com D. Zita, que passou a chamar-se Zita Ghilardi. O casal tem duas filhas, dois netos, quatro netas e duas bisnetas.<\/p>\n<p>Spartaco iniciou o desenvolvimento de sua mediunidade na Federa\u00e7\u00e3o Esp\u00edrita do Estado de S. Paulo \u2013 FEESP, na qual teve como sua principal orientadora, D. Nair Ambra Ferreira, senhora dotada de grandes faculdades medi\u00fanicas. Como m\u00e9dium, teve papel decisivo na funda\u00e7\u00e3o da Associa\u00e7\u00e3o M\u00e9dico-Esp\u00edrita de S\u00e3o Paulo e na funda\u00e7\u00e3o de v\u00e1rias institui\u00e7\u00f5es esp\u00edritas, entre as quais citamos as seguintes: Associa\u00e7\u00e3o Esp\u00edrita Domingos R\u00edmoli, Casa da Passagem, Casa Esp\u00edrita Ref\u00fagio de Paz, Centro Esp\u00edrita Batu\u00edra de Vinhedo, Centro Esp\u00edrita Jos\u00e9 de Andrade, Centro Esp\u00edrita Dr. Luiz Monteiro de Barros, Grupo Esp\u00edrita Batu\u00edra, Grupo Esp\u00edrita Batu\u00edra (Portugal), Grupo Esp\u00edrita Crist\u00e3o de Santos, Grupo Esp\u00edrita Ref\u00fagio de Paz, Institui\u00e7\u00e3o Beneficente Nosso Lar e Lar M\u00e3e Mariana.<\/p>\n<p>Na educa\u00e7\u00e3o de sua mediunidade, Spartaco disse ter contado com o aux\u00edlio de muitas m\u00e3os generosas, entre as quais sempre mencionou os nomes de D. Nair Ambra Ferreira, D. Rina Ghilardi, Dr. Luiz Monteiro de Barros, Dr. Hernani Guimar\u00e3es Andrade, Sr. Am\u00e9rico Montagnini, D. Maria Augusta Puhlmann e D. Quininha de Freitas.<\/p>\n<p>Um aspecto curioso da mediunidade de Spartaco \u00e9 que, em dados momentos, ele recebia instru\u00e7\u00f5es dos Benfeitores Espirituais, que lhe pediam para ir a determinado lugar visitar algu\u00e9m, em situa\u00e7\u00e3o aflitiva, que ele nem sempre conhecia. Ao chegar no local, se exprimia dessa forma: \u201cEu sou Spartaco, vim aqui para&#8230;\u201d E era sempre bem recebido!<\/p>\n<p>Na sua trajet\u00f3ria medi\u00fanica, costumava participar de reuni\u00f5es privativas em casas de amigos. Nessas reuni\u00f5es, quando inspirado pelos Benfeitores Espirituais, dava orienta\u00e7\u00e3o para fundar centros esp\u00edritas. Foi em uma reuni\u00e3o esp\u00edrita realizada, em sua casa, na Rua Rosa e Silva, em S. Paulo, que veio a orienta\u00e7\u00e3o da Espiritualidade Maior para que fosse edificada uma institui\u00e7\u00e3o esp\u00edrita, regularmente constitu\u00edda, pois a mesma j\u00e1 existia no mundo espiritual havia 80 anos. Nascia assim, em 15 de janeiro de 1964, o Grupo Esp\u00edrita Batu\u00edra, seu segundo lar, um lar no qual trabalham hoje mais de 800 volunt\u00e1rios em quatro unidades, a saber: a sede administrativa \/ doutrin\u00e1ria, situada na Rua Caiubi (Perdizes); o N\u00facleo Assistencial em Vila Brasil\u00e2ndia; o Espa\u00e7o Apinag\u00e9s (Perdizes), no qual funcionam os servi\u00e7os de doa\u00e7\u00e3o, recupera\u00e7\u00e3o de roupas, atelier e bazar; e a unidade mais recente, a Casa de Cuidados Lar Transit\u00f3rio Batu\u00edra (Bela Vista).<\/p>\n<p>Entre seus tipos de mediunidade, a que mais se destacou foi a de psicofonia; depois, surgiram espontaneamente as mediunidades de vid\u00eancia, clariaudi\u00eancia, receitista, cura, desdobramento e premoni\u00e7\u00e3o.<\/p>\n<p>Aos 90 anos de idade, Spartaco Ghilardi, um dos maiores m\u00e9diuns deste Pa\u00eds, retornou \u00e0 p\u00e1tria espiritual, deixando uma grande lacuna no meio esp\u00edrita e muita saudade entre aqueles que lhe compartilharam a presente encarna\u00e7\u00e3o.<\/p>\n<p>Sua desencarna\u00e7\u00e3o deu-se no dia 29 de outubro de 2004, \u00e0s 13h20, no Hospital Alem\u00e3o Oswaldo Cruz, onde se encontrava internado h\u00e1 mais de 10 dias. Seu corpo foi velado no Hospital Benefic\u00eancia Portuguesa diante de um p\u00fablico de cerca de 700 pessoas, n\u00e3o obstante um fim de semana de feriado prolongado. No vel\u00f3rio, v\u00e1rias pessoas representantes do movimento esp\u00edrita em nosso Pa\u00eds, deram seu testemunho ao m\u00e9dium, com sua presen\u00e7a, entre as quais citamos os nomes de Dra. Marlene Rossi Severino Nobre, diretora da Folha Esp\u00edrita e presidente da Associa\u00e7\u00e3o M\u00e9dico-Esp\u00edrita do Brasil, e o Prof. Altivo Ferreira, vice-presidente da Federa\u00e7\u00e3o Esp\u00edrita Brasileira.<\/p>\n<p>Na cerim\u00f4nia de despedida, familiares do m\u00e9dium e representantes de institui\u00e7\u00f5es esp\u00edritas, fizeram uso da palavra:<\/p>\n<p>D. Nedda Ghilardi (irm\u00e3 do m\u00e9dium), Dr. Dom\u00e9rio de Oliveira, D. Nancy Puhlmann, D. Nena Galves, Prof. Apolo Oliva Filho, Geraldo Ribeiro, Douglas Bellini, Ronaldo Martins Lopes e D. Zita Ghilardi (esposa do m\u00e9dium). Os quatro \u00faltimos pertencem \u00e0 Diretoria e Conselho do Grupo Esp\u00edrita Batu\u00edra.<\/p>\n<p>O seu corpo, j\u00e1 macerado de tanto sofrimento, foi inumado no Cemit\u00e9rio de Vila Mariana, \u00e0s 14 horas, do dia 30 de outubro, ante a presen\u00e7a de centena de amigos e de outros representantes do movimento esp\u00edrita em nosso Pa\u00eds. Destaque para as presen\u00e7as dos senhores Nestor Masotti, presidente da Federa\u00e7\u00e3o Esp\u00edrita Brasileira (FEB), At\u00edlio Campanini, presidente da Uni\u00e3o das Sociedades Esp\u00edritas do Estado de S\u00e3o Paulo (USE) e Avildo Fioravante, ex-presidente da Federa\u00e7\u00e3o Esp\u00edrita do Estado de S\u00e3o Paulo (FEESP).<\/p>\n<p>Spartaco, como m\u00e9dium, serviu a muitas causas. Participou, na d\u00e9cada de 50, ao lado do Sr. Jos\u00e9 Gon\u00e7alves Pereira, das reuni\u00f5es administrativas da USE, servindo de intermedi\u00e1rio dos bons Esp\u00edritos para que eles manifestassem sua palavra sobre a atua\u00e7\u00e3o e o futuro daquela entidade. Foi tamb\u00e9m o int\u00e9rprete dos Esp\u00edritos superiores para que fosse fundada a Associa\u00e7\u00e3o M\u00e9dico-Esp\u00edrita, hoje uma entidade de proje\u00e7\u00e3o mundial.<\/p>\n<p>No Grupo Esp\u00edrita Batu\u00edra, Spartaco nunca quis participar da diretoria executiva. O \u00fanico cargo que aceitou foi o de diretor do departamento de doutrina. S\u00f3 recentemente, com a cria\u00e7\u00e3o do Conselho de Administra\u00e7\u00e3o, \u00e9 que ele aceitou o cargo de membro do Conselho.<\/p>\n<p>Spartaco n\u00e3o era conhecido somente no Brasil, mas tamb\u00e9m no exterior. O Sr. Jorge B. Bustillo, da Col\u00f4mbia, o visitava quase todos os anos. Sra. Janet Duncan, da Inglaterra, foi sempre muito grata a ele e ao Grupo Esp\u00edrita Batu\u00edra, onde ela fez sua inicia\u00e7\u00e3o esp\u00edrita.<\/p>\n<p>Orlando Carvalho, ex-diretor do GEB, e que atualmente dirige o Grupo Esp\u00edrita Batu\u00edra de Lisboa, \u00e9 um dos divulgadores do nome do m\u00e9dium em Portugal. Podemos incluir nesta rela\u00e7\u00e3o, D. Maria Isabel Saraiva, tamb\u00e9m de Portugal e Ucho Gaeta, de Mil\u00e3o (It\u00e1lia).<\/p>\n<p>Spartaco foi disc\u00edpulo fiel de Francisco C\u00e2ndido Xavier, desde a \u00e9poca em que o m\u00e9dium mineiro morava em Pedro Leopoldo (MG). Sempre o visitava com certa regularidade, para &#8211; dizia ele &#8211; buscar energia, for\u00e7a e orienta\u00e7\u00e3o. Costumava dizer que Chico era seu mestre, seu grande amigo, seu referencial de vida e o maior exemplo de viv\u00eancia do Evangelho do Mestre Jesus. \u00c9 incont\u00e1vel o n\u00famero de pessoas encaminhadas pelo disc\u00edpulo de Emmanuel ao Grupo Esp\u00edrita Batu\u00edra para receberem orienta\u00e7\u00e3o espiritual e conforto, atrav\u00e9s do Spartaco!<\/p>\n<p>Os Esp\u00edritos Batu\u00edra, Dr. Bezerra de Menezes e Manec\u00e3o foram, ao longo da vida de Spartaco seus protetores e orientadores diretos. Fazemos esta afirma\u00e7\u00e3o porque eram eles que, nos momentos mais graves, lhe traziam o aconselhamento indispens\u00e1vel. Entretanto, v\u00e1rios outros Esp\u00edritos amigos se revezavam na ajuda diuturna ao m\u00e9dium que, como todos os mission\u00e1rios, lutam com sacrif\u00edcio.<\/p>\n<p>Spartaco, a exemplo de Chico Xavier, preferiu sair pela porta dos fundos. Chico Xavier nos deixou num dia em que o Brasil estava em festa, pela conquista do pentacampeonato de futebol. Spartaco se despediu de n\u00f3s numa v\u00e9spera de feriado prolongado, quando milhares de pessoas deslocavam-se para outros lugares.<\/p>\n<p>Do livro \u201cSpartaco: hist\u00f3ria de um m\u00e9dium\u201d, de nossa autoria, extra\u00edmos um poema muito significativo escrito por Dinorah Pastori, que reflete o carinho de que o m\u00e9dium Spartaco desfrutava junto aos seus seguidores.<\/p>\n<p><span style=\"font-weight: bolder;\"><em>Ao chegar no Batu\u00edra<\/em><\/span><br \/><span style=\"font-weight: bolder;\"><em>Que alegria senti<\/em><\/span><br \/><span style=\"font-weight: bolder;\"><em>Encontrei o tarefeiro<\/em><\/span><br \/><span style=\"font-weight: bolder;\"><em>Que jamais eu esqueci.<\/em><\/span><\/p>\n<p><span style=\"font-weight: bolder;\"><em>O seu nome \u00e9 Sr. Spartaco<\/em><\/span><br \/><span style=\"font-weight: bolder;\"><em>O seu lema \u00e9 trabalhar<\/em><\/span><br \/><span style=\"font-weight: bolder;\"><em>Com seus quase noventa anos<\/em><\/span><br \/><span style=\"font-weight: bolder;\"><em>A todos procura ajudar.<\/em><\/span><\/p>\t\t\t\t\t\t\t\t<\/div>\n\t\t\t\t<\/div>\n\t\t\t\t<div class=\"elementor-element elementor-element-aac784d elementor-widget-divider--view-line elementor-widget elementor-widget-divider\" data-id=\"aac784d\" data-element_type=\"widget\" data-e-type=\"widget\" data-widget_type=\"divider.default\">\n\t\t\t\t<div class=\"elementor-widget-container\">\n\t\t\t\t\t\t\t<div class=\"elementor-divider\">\n\t\t\t<span class=\"elementor-divider-separator\">\n\t\t\t\t\t\t<\/span>\n\t\t<\/div>\n\t\t\t\t\t\t<\/div>\n\t\t\t\t<\/div>\n\t\t\t\t\t<\/div>\n\t\t<\/div>\n\t\t\t\t\t<\/div>\n\t\t<\/section>\n\t\t\t\t<section class=\"elementor-section elementor-top-section elementor-element elementor-element-8650e0d elementor-section-boxed elementor-section-height-default elementor-section-height-default\" data-id=\"8650e0d\" data-element_type=\"section\" data-e-type=\"section\">\n\t\t\t\t\t\t<div class=\"elementor-container elementor-column-gap-default\">\n\t\t\t\t\t<div class=\"elementor-column elementor-col-100 elementor-top-column elementor-element elementor-element-4343325\" data-id=\"4343325\" data-element_type=\"column\" data-e-type=\"column\">\n\t\t\t<div class=\"elementor-widget-wrap elementor-element-populated\">\n\t\t\t\t\t\t<div class=\"elementor-element elementor-element-610337f elementor-widget elementor-widget-text-editor\" data-id=\"610337f\" data-element_type=\"widget\" data-e-type=\"widget\" data-widget_type=\"text-editor.default\">\n\t\t\t\t<div class=\"elementor-widget-container\">\n\t\t\t\t\t\t\t\t\t<p><em><strong>Texto de Geraldo Ribeiro da Silva<\/strong><\/em><br \/>Secret\u00e1rio e Diretor de Divulga\u00e7\u00e3o Esp\u00edrita do GEB<br \/>e-mail: ribeiro.geraldo@terra.com.br<\/p>\t\t\t\t\t\t\t\t<\/div>\n\t\t\t\t<\/div>\n\t\t\t\t\t<\/div>\n\t\t<\/div>\n\t\t\t\t\t<\/div>\n\t\t<\/section>\n\t\t\t\t<section class=\"elementor-section elementor-top-section elementor-element elementor-element-4c0ab492 elementor-section-boxed elementor-section-height-default elementor-section-height-default\" data-id=\"4c0ab492\" data-element_type=\"section\" data-e-type=\"section\">\n\t\t\t\t\t\t<div class=\"elementor-container elementor-column-gap-default\">\n\t\t\t\t\t<div class=\"elementor-column elementor-col-100 elementor-top-column elementor-element elementor-element-2a5837cd\" data-id=\"2a5837cd\" data-element_type=\"column\" data-e-type=\"column\">\n\t\t\t<div class=\"elementor-widget-wrap elementor-element-populated\">\n\t\t\t\t\t\t<div class=\"elementor-element elementor-element-4783f1a9 elementor-widget elementor-widget-text-editor\" data-id=\"4783f1a9\" data-element_type=\"widget\" data-e-type=\"widget\" data-widget_type=\"text-editor.default\">\n\t\t\t\t<div class=\"elementor-widget-container\">\n\t\t\t\t\t\t\t\t\t<p><\/p>\n<p><\/p>\n<p><\/p>\n<p><\/p>\n<p><\/p>\n<p><\/p>\n<p><\/p>\n<p><\/p>\n<p><\/p>\n<p><\/p>\n<p><\/p>\n<p><\/p>\n<ul class=\"wp-block-list\">\n<li style=\"list-style-type: none;\">\n<ul class=\"wp-block-list\"><\/ul>\n<\/li>\n<\/ul>\n<ul class=\"wp-block-list\">\n<li style=\"list-style-type: none;\">\n<ul class=\"wp-block-list\">\n<li>Para mais informa\u00e7\u00f5es consulte a edi\u00e7\u00e3o ANO VIII n.48, NOVEMBRO\/DEZEMBRO 2004 do BATU\u00cdRA JORNAL<\/li>\n<\/ul>\n<\/li>\n<\/ul>\n<p><\/p>\n<p><\/p>\n<p><\/p>\n<figure class=\"wp-block-table\">\n<table>\n<tbody>\n<tr>\n<th>Onde adquirir\/comprar os livros<\/th>\n<\/tr>\n<tr>\n<td>\u201cSpartaco: Hist\u00f3ria de um m\u00e9dium\u201d<\/td>\n<\/tr>\n<tr>\n<td>Ao Tarefeiro Esp\u00edrita<\/td>\n<\/tr>\n<\/tbody>\n<\/table>\n<\/figure>\n<p><\/p>\n<p><\/p>\n<figure class=\"wp-block-table\">\n<table>\n<tbody>\n<tr>\n<th>Conhe\u00e7a o segundo livro da cole\u00e7\u00e3o sobre o m\u00e9dium<\/th>\n<\/tr>\n<tr>\n<td>Spartaco: &#8220;MENSAGENS QUE RETRATAM A VIDA\u201d<\/td>\n<\/tr>\n<\/tbody>\n<\/table>\n<\/figure>\n<p><\/p>\n<p><\/p>\n<p><\/p>\t\t\t\t\t\t\t\t<\/div>\n\t\t\t\t<\/div>\n\t\t\t\t\t<\/div>\n\t\t<\/div>\n\t\t\t\t\t<\/div>\n\t\t<\/section>\n\t\t\t\t<section class=\"elementor-section elementor-top-section elementor-element elementor-element-3cb2be5 elementor-section-boxed elementor-section-height-default elementor-section-height-default\" data-id=\"3cb2be5\" data-element_type=\"section\" data-e-type=\"section\">\n\t\t\t\t\t\t<div class=\"elementor-container elementor-column-gap-default\">\n\t\t\t\t\t<div class=\"elementor-column elementor-col-100 elementor-top-column elementor-element elementor-element-95cbfe0\" data-id=\"95cbfe0\" data-element_type=\"column\" data-e-type=\"column\">\n\t\t\t<div class=\"elementor-widget-wrap elementor-element-populated\">\n\t\t\t\t\t\t<div class=\"elementor-element elementor-element-c2117d4 elementor-widget-divider--view-line elementor-widget elementor-widget-divider\" data-id=\"c2117d4\" data-element_type=\"widget\" data-e-type=\"widget\" data-widget_type=\"divider.default\">\n\t\t\t\t<div class=\"elementor-widget-container\">\n\t\t\t\t\t\t\t<div class=\"elementor-divider\">\n\t\t\t<span class=\"elementor-divider-separator\">\n\t\t\t\t\t\t<\/span>\n\t\t<\/div>\n\t\t\t\t\t\t<\/div>\n\t\t\t\t<\/div>\n\t\t\t\t<div class=\"elementor-element elementor-element-3f9550e elementor-widget elementor-widget-heading\" data-id=\"3f9550e\" data-element_type=\"widget\" data-e-type=\"widget\" data-widget_type=\"heading.default\">\n\t\t\t\t<div class=\"elementor-widget-container\">\n\t\t\t\t\t<h2 class=\"elementor-heading-title elementor-size-default\"><h1>Entrevista - Ano 1997<span style=\"font-family: var( --e-global-typography-primary-font-family ), Sans-serif;font-size: 32px;font-weight: var( --e-global-typography-primary-font-weight );letter-spacing: -0.05em\"><\/span><\/h1><\/h2>\t\t\t\t<\/div>\n\t\t\t\t<\/div>\n\t\t\t\t<div class=\"elementor-element elementor-element-29125d8 elementor-widget elementor-widget-text-editor\" data-id=\"29125d8\" data-element_type=\"widget\" data-e-type=\"widget\" data-widget_type=\"text-editor.default\">\n\t\t\t\t<div class=\"elementor-widget-container\">\n\t\t\t\t\t\t\t\t\t<p>Batu\u00edra Jornal foi lan\u00e7ado em 1997. Geraldo Ribeiro da Silva, respons\u00e1vel pelo lan\u00e7amento do jornal, entrevistou Spartaco Ghilardi, diretor do Departamento de Doutrina e o principal idealizador do Grupo Esp\u00edrita Batu\u00edra. Reproduzimos aqui a entrevista na \u00edntegra, publicada na edi\u00e7\u00e3o n\u00ba 01, de Janeiro-Fevereiro de 1997.<\/p>\n<p><a href=\"https:\/\/daudt.com.br\/geb\/espartaco-entrevista-ano-1997\/\" data-type=\"page\" data-id=\"562\">Clique aqui para ver a entrevista<\/a>.<\/p>\t\t\t\t\t\t\t\t<\/div>\n\t\t\t\t<\/div>\n\t\t\t\t\t<\/div>\n\t\t<\/div>\n\t\t\t\t\t<\/div>\n\t\t<\/section>\n\t\t\t\t<\/div>\n\t\t","protected":false},"excerpt":{"rendered":"<p>Spartaco Ghilardi Spartaco Ghilardi\u00a0nasceu no dia 12 de maio de 1914, na prov\u00edncia de Viareggio, regi\u00e3o da Toscana, costa Atl\u00e2ntica, no sul da It\u00e1lia. Seus pais, Sr. Gino Ghilardi e D. Assunta Fioravante Ghilardi, nasceram na It\u00e1lia. Com onze\u00a0e oito anos de idade, respectivamente, migraram para o Brasil. Depois de casados, em 1914 retornaram \u00e0 [&hellip;]<\/p>\n","protected":false},"author":1,"featured_media":0,"parent":0,"menu_order":0,"comment_status":"closed","ping_status":"closed","template":"","meta":{"footnotes":""},"class_list":["post-436","page","type-page","status-publish","hentry"],"_links":{"self":[{"href":"https:\/\/daudt.com.br\/geb\/wp-json\/wp\/v2\/pages\/436","targetHints":{"allow":["GET"]}}],"collection":[{"href":"https:\/\/daudt.com.br\/geb\/wp-json\/wp\/v2\/pages"}],"about":[{"href":"https:\/\/daudt.com.br\/geb\/wp-json\/wp\/v2\/types\/page"}],"author":[{"embeddable":true,"href":"https:\/\/daudt.com.br\/geb\/wp-json\/wp\/v2\/users\/1"}],"replies":[{"embeddable":true,"href":"https:\/\/daudt.com.br\/geb\/wp-json\/wp\/v2\/comments?post=436"}],"version-history":[{"count":16,"href":"https:\/\/daudt.com.br\/geb\/wp-json\/wp\/v2\/pages\/436\/revisions"}],"predecessor-version":[{"id":1285,"href":"https:\/\/daudt.com.br\/geb\/wp-json\/wp\/v2\/pages\/436\/revisions\/1285"}],"wp:attachment":[{"href":"https:\/\/daudt.com.br\/geb\/wp-json\/wp\/v2\/media?parent=436"}],"curies":[{"name":"wp","href":"https:\/\/api.w.org\/{rel}","templated":true}]}}