{"id":434,"date":"2024-06-05T18:14:17","date_gmt":"2024-06-05T21:14:17","guid":{"rendered":"https:\/\/daudt.com.br\/geb\/?page_id=434"},"modified":"2024-10-16T02:56:02","modified_gmt":"2024-10-16T05:56:02","slug":"batuira","status":"publish","type":"page","link":"https:\/\/daudt.com.br\/geb\/batuira\/","title":{"rendered":"Batu\u00edra"},"content":{"rendered":"\t\t<div data-elementor-type=\"wp-page\" data-elementor-id=\"434\" class=\"elementor elementor-434\">\n\t\t\t\t\t\t<section class=\"elementor-section elementor-top-section elementor-element elementor-element-c305af1 elementor-section-boxed elementor-section-height-default elementor-section-height-default\" data-id=\"c305af1\" data-element_type=\"section\" data-e-type=\"section\">\n\t\t\t\t\t\t<div class=\"elementor-container elementor-column-gap-default\">\n\t\t\t\t\t<div class=\"elementor-column elementor-col-100 elementor-top-column elementor-element elementor-element-cea6daf\" data-id=\"cea6daf\" data-element_type=\"column\" data-e-type=\"column\">\n\t\t\t<div class=\"elementor-widget-wrap elementor-element-populated\">\n\t\t\t\t\t\t<div class=\"elementor-element elementor-element-6a68a72 elementor-widget elementor-widget-heading\" data-id=\"6a68a72\" data-element_type=\"widget\" data-e-type=\"widget\" data-widget_type=\"heading.default\">\n\t\t\t\t<div class=\"elementor-widget-container\">\n\t\t\t\t\t<h2 class=\"elementor-heading-title elementor-size-default\">A vida surpreendente de Ant\u00f4nio Gon\u00e7alves da Silva \"Batu\u00edra\"<\/h2>\t\t\t\t<\/div>\n\t\t\t\t<\/div>\n\t\t\t\t\t<\/div>\n\t\t<\/div>\n\t\t\t\t\t<\/div>\n\t\t<\/section>\n\t\t\t\t<section class=\"elementor-section elementor-top-section elementor-element elementor-element-693dc6e elementor-section-boxed elementor-section-height-default elementor-section-height-default\" data-id=\"693dc6e\" data-element_type=\"section\" data-e-type=\"section\">\n\t\t\t\t\t\t<div class=\"elementor-container elementor-column-gap-default\">\n\t\t\t\t\t<div class=\"elementor-column elementor-col-33 elementor-top-column elementor-element elementor-element-80a3d8b\" data-id=\"80a3d8b\" data-element_type=\"column\" data-e-type=\"column\">\n\t\t\t<div class=\"elementor-widget-wrap elementor-element-populated\">\n\t\t\t\t\t\t<div class=\"elementor-element elementor-element-1c1b6a0 elementor-widget elementor-widget-image\" data-id=\"1c1b6a0\" data-element_type=\"widget\" data-e-type=\"widget\" data-widget_type=\"image.default\">\n\t\t\t\t<div class=\"elementor-widget-container\">\n\t\t\t\t\t\t\t\t\t\t\t\t\t\t\t<img fetchpriority=\"high\" decoding=\"async\" width=\"220\" height=\"310\" src=\"https:\/\/daudt.com.br\/geb\/wp-content\/uploads\/2024\/06\/pessoa-antonio-goncalves-da-silva-batuira-01.jpg\" class=\"attachment-medium_large size-medium_large wp-image-441\" alt=\"\" srcset=\"https:\/\/daudt.com.br\/geb\/wp-content\/uploads\/2024\/06\/pessoa-antonio-goncalves-da-silva-batuira-01.jpg 220w, https:\/\/daudt.com.br\/geb\/wp-content\/uploads\/2024\/06\/pessoa-antonio-goncalves-da-silva-batuira-01-213x300.jpg 213w\" sizes=\"(max-width: 220px) 100vw, 220px\" \/>\t\t\t\t\t\t\t\t\t\t\t\t\t\t\t<\/div>\n\t\t\t\t<\/div>\n\t\t\t\t\t<\/div>\n\t\t<\/div>\n\t\t\t\t<div class=\"elementor-column elementor-col-66 elementor-top-column elementor-element elementor-element-3133be8\" data-id=\"3133be8\" data-element_type=\"column\" data-e-type=\"column\">\n\t\t\t<div class=\"elementor-widget-wrap elementor-element-populated\">\n\t\t\t\t\t\t<div class=\"elementor-element elementor-element-38d0d0a elementor-widget elementor-widget-text-editor\" data-id=\"38d0d0a\" data-element_type=\"widget\" data-e-type=\"widget\" data-widget_type=\"text-editor.default\">\n\t\t\t\t<div class=\"elementor-widget-container\">\n\t\t\t\t\t\t\t\t\t<p><span style=\"font-weight: bolder;\">Ant\u00f4nio Gon\u00e7alves da Silva<\/span>\u00a0nasceu na Freguesia das \u00c1guas Santas (Portugal), em 19 de mar\u00e7o de 1839. Aos 11 anos, emigrou para o Brasil, vivendo tr\u00eas anos no Rio de Janeiro, transferindo-se depois para Campinas (S\u00e3o Paulo), onde trabalhou por alguns anos na lavoura.<\/p>\n<p>Mais tarde fixou resid\u00eancia na capital bandeirante, dedicando-se \u00e0 venda de jornais. Naquela \u00e9poca, S\u00e3o Paulo era uma cidade de 30 mil habitantes. Ele entregava jornais de casa em casa, conquistando, nessa profiss\u00e3o, a simpatia e a amizade dos seus fregueses. Muito ativo, correndo daqui para acol\u00e1 a gente da rua o apelidava &#8220;O BATU\u00cdRA&#8221; (nome que o povo dava \u00e0 narceja, ave pernalta muito ligeira, de v\u00f4o r\u00e1pido, que freq\u00fcentava os charcos, \u00e0 volta dos lagos).<\/p>\t\t\t\t\t\t\t\t<\/div>\n\t\t\t\t<\/div>\n\t\t\t\t\t<\/div>\n\t\t<\/div>\n\t\t\t\t\t<\/div>\n\t\t<\/section>\n\t\t\t\t<section class=\"elementor-section elementor-top-section elementor-element elementor-element-0b10df0 elementor-section-boxed elementor-section-height-default elementor-section-height-default\" data-id=\"0b10df0\" data-element_type=\"section\" data-e-type=\"section\">\n\t\t\t\t\t\t<div class=\"elementor-container elementor-column-gap-default\">\n\t\t\t\t\t<div class=\"elementor-column elementor-col-100 elementor-top-column elementor-element elementor-element-dc51d8d\" data-id=\"dc51d8d\" data-element_type=\"column\" data-e-type=\"column\">\n\t\t\t<div class=\"elementor-widget-wrap elementor-element-populated\">\n\t\t\t\t\t\t<div class=\"elementor-element elementor-element-4ef5872 elementor-widget elementor-widget-text-editor\" data-id=\"4ef5872\" data-element_type=\"widget\" data-e-type=\"widget\" data-widget_type=\"text-editor.default\">\n\t\t\t\t<div class=\"elementor-widget-container\">\n\t\t\t\t\t\t\t\t\t<p>Convivendo com os acad\u00eamicos de Direito do Largo de S\u00e3o Francisco, passou a se dedicar \u00e0 arte teatral: montou pequeno teatro \u00e0 rua Cruz Preta (depois denominada Senador Quintino Bocai\u00fava). Quando aparecia em cena, Batu\u00edra era aplaudido e os estudantes lhe dedicavam versos como estes: &#8220;Salve, grande Batu\u00edra\/ Com Teus dentes de tra\u00edra\/Com teus olhos de Safira\/Com tua arte que me inspira\/Nas cordas da minha lira\/Estes versos de mentira&#8221;.<\/p>\n<p id=\"_mcePaste\">\u00c0quela altura da sua vida, passou a fabricar charutos, o que fez prosperar suas finan\u00e7as. Abriu diversos lotes de terrenos no Lavap\u00e9s, onde construiu sua resid\u00eancia e, ao lado, uma Rua Particular de casas que alugava aos humildes e que hoje se chama Rua Esp\u00edrita.<\/p>\n<p id=\"_mcePaste\">De esp\u00edrito humanit\u00e1rio e idealista, aderiu, desde logo, \u00e0 Campanha Abolicionista, trabalhou denotadamente ao lado de Luiz Gama e Ant\u00f4nio Bento. Em sua casa, ele abrigava os escravos foragidos e s\u00f3 os deixava sair com a Carta de Alforria.<\/p>\n<p id=\"_mcePaste\">Despertado pela Doutrina Esp\u00edrita, exemplificou no mais alto grau os ensinamentos crist\u00e3os: praticava a caridade, consolava os aflitos, tratava os doentes com a Homeopatia e difundia os princ\u00edpios esp\u00edritas. Fundou o jornal &#8220;Verdade e Luz&#8221;, em 25 de maio de 1890, que chegou a ter tiragem de cinco mil exemplares. Abriu m\u00e3o de seus bens em favor dos necessitados.<\/p>\n<p id=\"_mcePaste\">A sua casa, no Lavap\u00e9s, era ao mesmo tempo hospital, farm\u00e1cia, albergue, escola e asilo. Ele a doou para a sede da Institui\u00e7\u00e3o Beneficente &#8220;Verdade e Luz&#8221;. Recolhia os doentes e os desamparados, infundindo-lhes a f\u00e9 necess\u00e1ria para poderem suportar suas provas terrenas. A prop\u00f3sito disso, dizia-se de Batu\u00edra: &#8220;um bando de aleijados vivia com ele&#8221;. Quem chegasse \u00e0 casa, fosse l\u00e1 quem fosse, tinha cama, mesa e cobertor.<\/p>\n<p id=\"_mcePaste\">De suas primeiras n\u00fapcias com dona Brandina Maria de Jesus, teve um filho, Joaquim Gon\u00e7alves Batu\u00edra, que veio a se casar com dona Flora Augusta Gon\u00e7alves Batu\u00edra. Das segundas n\u00fapcias, teve outro filho, que desencarnou aos 12 anos. Mas, apesar disso, Batu\u00edra era pai de quase toda gente. Exemplo disso foi o Zeca, que Batu\u00edra recebeu com poucos meses e criou como filho adotivo, o qual se tornou continuador de sua obra na institui\u00e7\u00e3o beneficente que ele fundara.<\/p>\n<p id=\"_mcePaste\">Eis alguns tra\u00e7os da personalidade de Batu\u00edra, pela pena do festejado escritor Afonso Schimidt. &#8220;Em 1873, por ocasi\u00e3o da terr\u00edvel epidemia de var\u00edola que assomou a capital da prov\u00edncia, ele serviu de m\u00e9dico, de enfermeiro, de pai para flagelados, deu-lhes n\u00e3o apenas o rem\u00e9dio e os desvelos, mas tamb\u00e9m o p\u00e3o, o teto e o agasalho. Da\u00ed a popularidade de sua figura. Era baixo, entroncado e usava longas barbas que lhe cobriam o peito amplo. Com o tempo, essa barba se fez branca e os amigos diziam que ele era t\u00e3o bom, que se parecia com o imperador&#8221;.<\/p>\n<p id=\"_mcePaste\">Batu\u00edra era t\u00e3o popular, que foi citado em obra como &#8220;Hist\u00f3ria e Tradi\u00e7\u00f5es de S\u00e3o Paulo&#8221;, de Ernani Silva Bueno, &#8220;A Academia de S\u00e3o Paulo &#8211; Tradi\u00e7\u00f5es e Reminisc\u00eancias &#8211; Estudantes, Estudant\u00f5es e Estudantadas&#8221;, de Almeida Nogueira, &#8220;A Cidade de S\u00e3o Paulo em 1900&#8221;, de Alfredo Moreira Pinto. Escreveram ainda sobre ele J.B. Chagas, Afonso Schimidt, Paulo Alves Godoy e Zeus Wantuil.<\/p>\n<p id=\"_mcePaste\">Batu\u00edra criou grupos esp\u00edritas em S\u00e3o Paulo, Minas Gerais e Estado do Rio. Proferiu confer\u00eancias esp\u00edritas por toda parte, criou a Livraria e Editora Esp\u00edrita, onde se fez impressor e tip\u00f3grafo.<\/p>\n<p id=\"_mcePaste\">Referindo-se ao seu desencarne, Afonso Schimidt escreveu: &#8220;Batu\u00edra faleceu a 22 de janeiro de 1909, S\u00e3o Paulo inteiro comoveu-se com seu desaparecimento. Que idade tinha? Nem ele mesmo sabia. Mas o seu nome ficou por a\u00ed, como um clar\u00e3o de bondade, de do\u00e7ura, de delicadeza do c\u00e9u, dessas que v\u00e3o fazendo cada vez mais raras num mundo velho, sem porteira&#8230;&#8221;.<\/p>\t\t\t\t\t\t\t\t<\/div>\n\t\t\t\t<\/div>\n\t\t\t\t<div class=\"elementor-element elementor-element-634d1b2 elementor-widget-divider--view-line elementor-widget elementor-widget-divider\" data-id=\"634d1b2\" data-element_type=\"widget\" data-e-type=\"widget\" data-widget_type=\"divider.default\">\n\t\t\t\t<div class=\"elementor-widget-container\">\n\t\t\t\t\t\t\t<div class=\"elementor-divider\">\n\t\t\t<span class=\"elementor-divider-separator\">\n\t\t\t\t\t\t<\/span>\n\t\t<\/div>\n\t\t\t\t\t\t<\/div>\n\t\t\t\t<\/div>\n\t\t\t\t<div class=\"elementor-element elementor-element-753c0b5 elementor-widget elementor-widget-text-editor\" data-id=\"753c0b5\" data-element_type=\"widget\" data-e-type=\"widget\" data-widget_type=\"text-editor.default\">\n\t\t\t\t<div class=\"elementor-widget-container\">\n\t\t\t\t\t\t\t\t\t<p><span style=\"font-weight: bolder;\"><em>Texto de\u00a0Apolo Oliva Filho.<\/em><\/span><\/p>\t\t\t\t\t\t\t\t<\/div>\n\t\t\t\t<\/div>\n\t\t\t\t\t<\/div>\n\t\t<\/div>\n\t\t\t\t\t<\/div>\n\t\t<\/section>\n\t\t\t\t<\/div>\n\t\t","protected":false},"excerpt":{"rendered":"<p>A vida surpreendente de Ant\u00f4nio Gon\u00e7alves da Silva &#8220;Batu\u00edra&#8221; Ant\u00f4nio Gon\u00e7alves da Silva\u00a0nasceu na Freguesia das \u00c1guas Santas (Portugal), em 19 de mar\u00e7o de 1839. Aos 11 anos, emigrou para o Brasil, vivendo tr\u00eas anos no Rio de Janeiro, transferindo-se depois para Campinas (S\u00e3o Paulo), onde trabalhou por alguns anos na lavoura. Mais tarde fixou [&hellip;]<\/p>\n","protected":false},"author":1,"featured_media":0,"parent":0,"menu_order":0,"comment_status":"closed","ping_status":"closed","template":"","meta":{"footnotes":""},"class_list":["post-434","page","type-page","status-publish","hentry"],"_links":{"self":[{"href":"https:\/\/daudt.com.br\/geb\/wp-json\/wp\/v2\/pages\/434","targetHints":{"allow":["GET"]}}],"collection":[{"href":"https:\/\/daudt.com.br\/geb\/wp-json\/wp\/v2\/pages"}],"about":[{"href":"https:\/\/daudt.com.br\/geb\/wp-json\/wp\/v2\/types\/page"}],"author":[{"embeddable":true,"href":"https:\/\/daudt.com.br\/geb\/wp-json\/wp\/v2\/users\/1"}],"replies":[{"embeddable":true,"href":"https:\/\/daudt.com.br\/geb\/wp-json\/wp\/v2\/comments?post=434"}],"version-history":[{"count":19,"href":"https:\/\/daudt.com.br\/geb\/wp-json\/wp\/v2\/pages\/434\/revisions"}],"predecessor-version":[{"id":1248,"href":"https:\/\/daudt.com.br\/geb\/wp-json\/wp\/v2\/pages\/434\/revisions\/1248"}],"wp:attachment":[{"href":"https:\/\/daudt.com.br\/geb\/wp-json\/wp\/v2\/media?parent=434"}],"curies":[{"name":"wp","href":"https:\/\/api.w.org\/{rel}","templated":true}]}}