{"id":392,"date":"2024-06-05T17:06:32","date_gmt":"2024-06-05T20:06:32","guid":{"rendered":"https:\/\/daudt.com.br\/geb\/?page_id=392"},"modified":"2024-06-05T17:20:36","modified_gmt":"2024-06-05T20:20:36","slug":"politica-de-cookies","status":"publish","type":"page","link":"https:\/\/daudt.com.br\/geb\/politica-de-cookies\/","title":{"rendered":"Pol\u00edtica de Cookies"},"content":{"rendered":"\n<p><strong>GRUPO ESP\u00cdRITA BATU\u00cdRA<\/strong> (\u201cGEB\u201d), associa\u00e7\u00e3o sem fins lucrativos e\/ou econ\u00f4micos, com sede na Rua Caiubi, 1.306, Perdizes, S\u00e3o Paulo, SP, CEP 05010-000, inscrita no CNPJ sob o n\u00ba 61.989.000\/0001-50 tem o compromisso de respeitar a sua privacidade e criou a presente \u201cPol\u00edtica de Cookies\u201d (\u201cPol\u00edtica\u201d), para explicar ao usu\u00e1rio e visitantes (\u201cUsu\u00e1rios\u201d) do website do GEB (\u201cPlataforma\u201d), de maneira simples, objetiva e transparente: (i) o conceito e a classifica\u00e7\u00e3o de cookies; (ii) quais cookies o GEB utiliza e para quais finalidades; e; (iii) como gerenciar os cookies, habilitando-os ou desabilitando-os.<\/p>\n\n\n\n<p>Al\u00e9m dessa Pol\u00edtica, \u00e9 necess\u00e1rio que voc\u00ea leia atentamente a Pol\u00edtica de Privacidade do GEB, dispon\u00edvel em <a href=\"https:\/\/daudt.com.br\/geb\/politica-de-privacidade\/\" data-type=\"page\" data-id=\"3\">www.daudt.com.br\/geb\/<\/a><a href=\"https:\/\/daudt.com.br\/geb\/politica-de-privacidade\/\" data-type=\"page\" data-id=\"3\" target=\"_blank\" rel=\"noreferrer noopener\">politica<\/a><a href=\"https:\/\/daudt.com.br\/geb\/politica-de-privacidade\/\" data-type=\"page\" data-id=\"3\">-de-privacidade<\/a>. A Pol\u00edtica de Privacidade demonstrar\u00e1, com transpar\u00eancia, quais informa\u00e7\u00f5es relacionadas a voc\u00ea (\u201cDados Pessoais\u201d) o GEB coleta e utiliza.<\/p>\n\n\n\n<h2 class=\"wp-block-heading\">O que s\u00e3o <em>Cookies<\/em>?<\/h2>\n\n\n\n<p>Os cookies s\u00e3o pequenos arquivos enviados para o computador ou dispositivo m\u00f3vel do Usu\u00e1rio, que permitem \u00e0 Plataforma armazenar identificadores no navegador do Usu\u00e1rio, visando melhorar a sua experi\u00eancia de navega\u00e7\u00e3o na Plataforma.<\/p>\n\n\n\n<p>Os cookies servem para permitir que o navegador do Usu\u00e1rio consiga \u201cse lembrar\u201d das a\u00e7\u00f5es do Usu\u00e1rio enquanto este navega na Plataforma, rastreando seus padr\u00f5es de tr\u00e1fego, determinando sua geolocaliza\u00e7\u00e3o e idioma preferidos, por exemplo, de maneira a permitir o oferecimento de servi\u00e7os de maneira mais r\u00e1pida e direcionada, de acordo com seus h\u00e1bitos e prefer\u00eancias.<\/p>\n\n\n\n<p>Os cookies tamb\u00e9m possibilitam identificar de onde o Usu\u00e1rio acessa a Plataforma, o dispositivo que o Usu\u00e1rio utilizou para se conectar, quanto tempo fica conectado na Plataforma, n\u00famero de cliques feitos, comportamento na Plataforma, bem como o momento em que o Usu\u00e1rio deixou de acessar a Plataforma, fornecendo ao GEB m\u00e9tricas de desempenho da Plataforma e a identifica\u00e7\u00e3o de problemas na sua utiliza\u00e7\u00e3o pelos Usu\u00e1rios.<\/p>\n\n\n\n<h2 class=\"wp-block-heading\">Classifica\u00e7\u00e3o dos <em>Cookies<\/em><\/h2>\n\n\n\n<p>Os cookies podem ser classificados da seguinte forma:<\/p>\n\n\n\n<p><strong>(i) Cookies de acordo com a entidade respons\u00e1vel pela sua gest\u00e3o:<\/strong><\/p>\n\n\n\n<p>a. Cookies pr\u00f3prios ou prim\u00e1rios: s\u00e3o cookies definidos diretamente pelo site que o titular est\u00e1 visitando. Esses cookies geralmente n\u00e3o podem ser usados para rastrear a atividade em outro site que n\u00e3o seja o original em que foi colocado.<br>b. Cookies de terceiros: s\u00e3o cookies criados por um dom\u00ednio diferente daquele que o titular est\u00e1 visitando, ou seja, decorrem de funcionalidades de outros dom\u00ednios que s\u00e3o incorporados a uma p\u00e1gina eletr\u00f4nica.<\/p>\n\n\n\n<p><strong>(ii) Cookies de acordo com a necessidade:<\/strong><\/p>\n\n\n\n<p>a. Cookies necess\u00e1rios: s\u00e3o cookies essenciais para o funcionamento da Plataforma, permitindo a navega\u00e7\u00e3o e a utiliza\u00e7\u00e3o de servi\u00e7os e funcionalidades pelo Usu\u00e1rio. Incluem funcionalidades como autentica\u00e7\u00e3o de login e prefer\u00eancias de cookies. Estes cookies s\u00e3o obrigat\u00f3rios, pois fornecem as funcionalidades b\u00e1sicas da Plataforma.<br>b. Cookies n\u00e3o necess\u00e1rios: s\u00e3o cookies que n\u00e3o se enquadram na defini\u00e7\u00e3o de cookies necess\u00e1rios, e cuja desabilita\u00e7\u00e3o n\u00e3o impede o funcionamento do site ou aplicativo, ou a utiliza\u00e7\u00e3o dos servi\u00e7os pelo usu\u00e1rio.<\/p>\n\n\n\n<p><strong>(iii) Cookies de acordo com a finalidade:<\/strong><\/p>\n\n\n\n<p>a. Cookies anal\u00edticos ou de desempenho: possibilitam coletar dados e informa\u00e7\u00f5es sobre como os usu\u00e1rios utilizam o site, quais p\u00e1ginas visitam com mais frequ\u00eancia e o pr\u00f3prio desempenho do site ou aplica\u00e7\u00e3o.<br>b. Cookies de funcionalidade: s\u00e3o usados para fornecer servi\u00e7os b\u00e1sicos solicitados pelo usu\u00e1rio e possibilitam lembrar prefer\u00eancias do site ou aplica\u00e7\u00e3o, como nome do usu\u00e1rio e idioma de prefer\u00eancia.<br>c. Cookies de direcionamento ou publicidade: s\u00e3o utilizados para coletar informa\u00e7\u00f5es do titular com a finalidade de exibir an\u00fancios. A partir da coleta de informa\u00e7\u00f5es relativas aos h\u00e1bitos de navega\u00e7\u00e3o do usu\u00e1rio, os cookies de publicidade permitem sua identifica\u00e7\u00e3o, a constru\u00e7\u00e3o de perfis e a exibi\u00e7\u00e3o de an\u00fancios.<\/p>\n\n\n\n<p><strong>(iv) Cookies de acordo com o per\u00edodo de reten\u00e7\u00e3o das informa\u00e7\u00f5es:<\/strong><\/p>\n\n\n\n<p>a. Cookies de sess\u00e3o: s\u00e3o cookies tempor\u00e1rios, que expiram depois que o Usu\u00e1rio fecha o navegador utilizado para acesso \u00e0 Plataforma.<br>b. Cookies permanentes: s\u00e3o cookies que ficam armazenados no dispositivo do Usu\u00e1rio, at\u00e9 seu prazo de expira\u00e7\u00e3o ou at\u00e9 que o Usu\u00e1rio os exclua.<\/p>\n\n\n\n<h2 class=\"wp-block-heading\">Quais <em>Cookies<\/em> utilizamos?<\/h2>\n\n\n\n<p>Quando o Usu\u00e1rio utiliza a Plataforma, site, aplicativo ou formul\u00e1rio, o GEB pode coletar determinadas informa\u00e7\u00f5es por meio dos cookies. Em nossa Plataforma, podemos usar as seguintes categorias de cookies:<\/p>\n\n\n\n<p>A. Cookies necess\u00e1rios. Esses cookies s\u00e3o essenciais para que voc\u00ea possa utilizar os nossos servi\u00e7os no geral.<br>B. Cookies de funcionalidade. Usamos esses cookies para lembrar as escolhas que voc\u00ea fez durante a sua navega\u00e7\u00e3o em nossa Plataforma, para que possamos fornecer a voc\u00ea recursos aprimorados e conte\u00fado personalizado.<br>C. Cookies anal\u00edticos ou de desempenho. Esses cookies coletam informa\u00e7\u00f5es sobre a sua utiliza\u00e7\u00e3o da Plataforma. Incluindo p\u00e1ginas da web visitadas e links nos quais voc\u00ea clica. Usamos esses cookies para proporcionar uma experi\u00eancia personalizada de nossa Plataforma.<br>D. Cookies de direcionamento ou publicidade. Esses cookies n\u00e3o s\u00e3o utilizados pela Plataforma.<\/p>\n\n\n\n<h2 class=\"wp-block-heading\">Como o usu\u00e1rio pode gerenciar suas prefer\u00eancias de <em>Cookies<\/em>?<\/h2>\n\n\n\n<p>O Usu\u00e1rio pode optar por habilitar ou desabilitar cookies, por meio da ferramenta \u201cPrefer\u00eancia de Cookies\u201d da Plataforma ou por meio das configura\u00e7\u00f5es de seu navegador. As configura\u00e7\u00f5es e formatos de gerenciamento de prefer\u00eancias dos cookies podem variar a depender do navegador utilizado. Portanto, o Usu\u00e1rio dever\u00e1 seguir as instru\u00e7\u00f5es do navegador utilizado para desabilitar os cookies.<\/p>\n\n\n\n<p>O Usu\u00e1rio est\u00e1 ciente de que, ao desabilitar cookies de seu navegador, nem todos os recursos da Plataforma poder\u00e3o funcionar da forma como pretendida. A desativa\u00e7\u00e3o de determinados cookies pode afetar a forma como determinadas funcionalidades da Plataforma s\u00e3o oferecidas ao Usu\u00e1rio.<\/p>\n\n\n\n<p>Caso o Usu\u00e1rio utilize diferentes dispositivos para acessar a Plataforma, dever\u00e1 configurar o navegador de cada um de seus dispositivos, para atender \u00e0s suas prefer\u00eancias de cookies. Demais informa\u00e7\u00f5es sobre outras tecnologias que podem ser utilizadas em nossa Plataforma podem ser acessadas atrav\u00e9s da nossa \u201cPol\u00edtica de Privacidade\u201d.<\/p>\n\n\n\n<h2 class=\"wp-block-heading\">Modifica\u00e7\u00f5es e atualiza\u00e7\u00f5es da Pol\u00edtica de <em>Cookies<\/em><\/h2>\n\n\n\n<p>Com o fim de conferir maior seguran\u00e7a e transpar\u00eancia aos Usu\u00e1rios, bem como acompanhar a evolu\u00e7\u00e3o tecnol\u00f3gica das funcionalidades utilizadas, a Plataforma e a presente Pol\u00edtica est\u00e3o sujeitas a um processo cont\u00ednuo de aprimoramento.<\/p>\n\n\n\n<p>O GEB poder\u00e1 alterar as disposi\u00e7\u00f5es desta Pol\u00edtica a seu crit\u00e9rio e a qualquer tempo. Quaisquer atualiza\u00e7\u00f5es relevantes desta Pol\u00edtica ser\u00e3o divulgadas em nossa Plataforma. Os Usu\u00e1rios dever\u00e3o verificar a Plataforma periodicamente para monitorar as altera\u00e7\u00f5es realizadas.<\/p>\n\n\n\n<p>Os Usu\u00e1rios reconhecem e aceitam que, assim que publicada eventual altera\u00e7\u00e3o da Pol\u00edtica na Plataforma, o uso da Plataforma passar\u00e1 a ser submetido \u00e0 \u201cPol\u00edtica de Cookies\u201d atualizada.<\/p>\n\n\n\n<h2 class=\"wp-block-heading\">Fale conosco<\/h2>\n\n\n\n<p>Caso o Usu\u00e1rio tenha quaisquer d\u00favidas, poder\u00e1 nos contatar atrav\u00e9s do e-mail <a href=\"mailto:privacidade@geb.org.br\">privacidade@geb.org.br<\/a>.<\/p>\n\n\n\n<p><\/p>\n\n\n\n<p><strong>ENCERRAMENTO \u2013 Encerra-se o presente instrumento, contendo 06 (seis) itens.<\/strong><\/p>\n\n\n\n<p><\/p>\n\n\n\n<p><em>LGPD \u2013 GEB \u2013 Vers\u00e3o atualizada em 21.05.2024<\/em><\/p>\n","protected":false},"excerpt":{"rendered":"<p>GRUPO ESP\u00cdRITA BATU\u00cdRA (\u201cGEB\u201d), associa\u00e7\u00e3o sem fins lucrativos e\/ou econ\u00f4micos, com sede na Rua Caiubi, 1.306, Perdizes, S\u00e3o Paulo, SP, CEP 05010-000, inscrita no CNPJ sob o n\u00ba 61.989.000\/0001-50 tem o compromisso de respeitar a sua privacidade e criou a presente \u201cPol\u00edtica de Cookies\u201d (\u201cPol\u00edtica\u201d), para explicar ao usu\u00e1rio e visitantes (\u201cUsu\u00e1rios\u201d) do website do [&hellip;]<\/p>\n","protected":false},"author":1,"featured_media":0,"parent":0,"menu_order":0,"comment_status":"closed","ping_status":"closed","template":"","meta":{"footnotes":""},"class_list":["post-392","page","type-page","status-publish","hentry"],"_links":{"self":[{"href":"https:\/\/daudt.com.br\/geb\/wp-json\/wp\/v2\/pages\/392","targetHints":{"allow":["GET"]}}],"collection":[{"href":"https:\/\/daudt.com.br\/geb\/wp-json\/wp\/v2\/pages"}],"about":[{"href":"https:\/\/daudt.com.br\/geb\/wp-json\/wp\/v2\/types\/page"}],"author":[{"embeddable":true,"href":"https:\/\/daudt.com.br\/geb\/wp-json\/wp\/v2\/users\/1"}],"replies":[{"embeddable":true,"href":"https:\/\/daudt.com.br\/geb\/wp-json\/wp\/v2\/comments?post=392"}],"version-history":[{"count":6,"href":"https:\/\/daudt.com.br\/geb\/wp-json\/wp\/v2\/pages\/392\/revisions"}],"predecessor-version":[{"id":403,"href":"https:\/\/daudt.com.br\/geb\/wp-json\/wp\/v2\/pages\/392\/revisions\/403"}],"wp:attachment":[{"href":"https:\/\/daudt.com.br\/geb\/wp-json\/wp\/v2\/media?parent=392"}],"curies":[{"name":"wp","href":"https:\/\/api.w.org\/{rel}","templated":true}]}}