{"id":3,"date":"2022-09-21T19:01:06","date_gmt":"2022-09-21T22:01:06","guid":{"rendered":"https:\/\/daudt.com.br\/geb\/?page_id=3"},"modified":"2024-06-05T17:22:31","modified_gmt":"2024-06-05T20:22:31","slug":"politica-de-privacidade","status":"publish","type":"page","link":"https:\/\/daudt.com.br\/geb\/politica-de-privacidade\/","title":{"rendered":"Pol\u00edtica de Privacidade"},"content":{"rendered":"\n<h2 class=\"wp-block-heading\">Quem somos<\/h2>\n\n\n\n<p>Ol\u00e1! N\u00f3s somos o GRUPO ESP\u00cdRITA BATU\u00cdRA (\u201cGEB\u201d, \u201cn\u00f3s, \u201cnosso\u201d ou \u201cnossos\u201d), uma associa\u00e7\u00e3o sem fins lucrativos e\/ou econ\u00f4micos, com sede na Rua Caiubi, 1.306, Perdizes, S\u00e3o Paulo\/SP, CEP 05010-000, inscrita no CNPJ sob o n\u00ba 61.989.000\/0001-50, e esta \u00e9 a \u201cPol\u00edtica de Privacidade\u201d (\u201cPol\u00edtica\u201d) de nosso website <a href=\"https:\/\/www.geb.org.br\" target=\"_blank\" rel=\"noreferrer noopener\">https:\/\/www.geb.org.br<\/a> (\u201cWebsite\u201d) e dos demais meios de contato com o nosso p\u00fablico.<\/p>\n\n\n\n<p>A presente Pol\u00edtica explica como o GEB coleta, utiliza e trata dados pessoais de usu\u00e1rios que visitam e navegam em nosso Website (\u201cVisitante\u201d, \u201cVisitantes\u201d ou \u201cVoc\u00ea), que realizam doa\u00e7\u00f5es ao GEB pelo nosso Website (\u201cDoador\u201d ou \u201cDoadores\u201d), que realizam cadastro e mant\u00e9m a qualidade de associado (\u201cAssociado\u201d ou \u201cAssociados\u201d), que se inscrevem em nosso processo seletivo (\u201cVolunt\u00e1rio\u201d ou \u201cVolunt\u00e1rios\u201d) (em conjunto, \u201cUsu\u00e1rios\u201d ou \u201cVoc\u00ea\u201d) e\/ou que se aplicam em finalidades institucionais, al\u00e9m de indicar com quem eles podem ser compartilhados.<\/p>\n\n\n\n<p>Por favor, leia atentamente esta Pol\u00edtica para entender como utilizamos os dados e informa\u00e7\u00f5es fornecidos por, e relacionados a, Voc\u00ea (\u201cDados Pessoais\u201d) em nosso Website.<\/p>\n\n\n\n<p>Para facilitar sua leitura, organizamos esta Pol\u00edtica nos seguintes itens:<\/p>\n\n\n\n<ol class=\"wp-block-list\">\n<li>Informa\u00e7\u00f5es Gerais<\/li>\n\n\n\n<li>Dados Pessoais de menores de 18 anos<\/li>\n\n\n\n<li>Quais Dados Pessoais coletamos e tratamos e por qu\u00ea?<\/li>\n\n\n\n<li>Quando exclu\u00edmos os Dados Pessoais?<\/li>\n\n\n\n<li>Quem mais ter\u00e1 acesso aos Dados Pessoais e por qual(is) motivo(s)?<\/li>\n\n\n\n<li>Quais os seus direitos com rela\u00e7\u00e3o aos seus Dados Pessoais<\/li>\n\n\n\n<li>Como armazenamos e protegemos os seus Dados Pessoais<\/li>\n\n\n\n<li>Seguran\u00e7a da Internet<\/li>\n\n\n\n<li>Altera\u00e7\u00f5es \u00e0 esta Pol\u00edtica<\/li>\n<\/ol>\n\n\n\n<h2 class=\"wp-block-heading\">Informa\u00e7\u00f5es Gerais<\/h2>\n\n\n\n<p><strong>Sede do GEB<\/strong> \u2013 Rua Caiubi, 1.306, Perdizes, S\u00e3o Paulo\/SP, CEP 05010-000.<\/p>\n\n\n\n<p>A\/C respons\u00e1vel pelo controle da LGPD<\/p>\n\n\n\n<h2 class=\"wp-block-heading\">Dados Pessoais de menores de 18 anos<\/h2>\n\n\n\n<p>O artigo 14 da LGPD estabelece que \u201co tratamento de dados pessoais de crian\u00e7as e de adolescentes dever\u00e1 ser realizado em seu melhor interesse\u201d.<\/p>\n\n\n\n<p>Em suas atividades, apenas quando necess\u00e1rio, o GEB pode tratar Dados Pessoais de indiv\u00edduos entre 12 e 18 anos. N\u00e3o coletamos ou conscientemente solicitamos Dados Pessoais de Usu\u00e1rios menores de 12 anos (crian\u00e7as) em nosso Website. Usu\u00e1rios menores de 12 anos n\u00e3o devem tentar nos enviar qualquer Dado Pessoal. Se tomarmos conhecimento de que foram coletadas informa\u00e7\u00f5es de um indiv\u00edduo menor de 12 anos, tais Dados Pessoais ser\u00e3o imediatamente exclu\u00eddos.<\/p>\n\n\n\n<p>O tratamento de Dados Pessoais pertencentes a crian\u00e7as (pessoas at\u00e9 12 anos de idade) dever\u00e1 ser realizado com consentimento espec\u00edfico e em destaque dado por pelo menos um dos pais ou pelo respons\u00e1vel legal. Por essa raz\u00e3o, o GEB orienta aos titulares de dados como participantes que tenham cadastrado os Dados Pessoais de seus dependentes menores, que atualizem as informa\u00e7\u00f5es, a fim de fornecer o consentimento expresso para o tratamento dos Dados Pessoais de crian\u00e7as, por meio de manifesta\u00e7\u00e3o clara e objetiva, em cumprimento da LGPD.<\/p>\n\n\n\n<p>Os Dados Pessoais de crian\u00e7as e adolescentes poder\u00e3o ser coletados sem o consentimento, quando for necess\u00e1rio para sua prote\u00e7\u00e3o ou para contatar os pais ou o respons\u00e1vel legal, sendo utilizados e armazenados somente para controle das atividades de Evangeliza\u00e7\u00e3o da \u201cEscola de Moral Crist\u00e3\u201d. Sem consentimento, em nenhum caso, poder\u00e3o ser repassados a terceiros.<\/p>\n\n\n\n<h2 class=\"wp-block-heading\">Quais Dados Pessoais coletamos e tratamos e por qu\u00ea?<\/h2>\n\n\n\n<p>Coletamos Dados Pessoais para oferecer e administrar nossos servi\u00e7os e atividades, bem como melhorar o conte\u00fado do nosso website, tornando a sua visita mais produtiva e agrad\u00e1vel poss\u00edvel.<\/p>\n\n\n\n<p>Os Dados Pessoais coletados depender\u00e3o do tipo de acesso: (i) Visitante; (ii) Doador; ou (iii) Volunt\u00e1rio.<\/p>\n\n\n\n<p><strong>3.1. Visitantes<\/strong><\/p>\n\n\n\n<p>Quando Voc\u00ea utiliza o website como Visitante, o GEB poder\u00e1 coletar os seguintes Dados Pessoais:<\/p>\n\n\n\n<ul class=\"wp-block-list\">\n<li>Nome completo;<\/li>\n\n\n\n<li>E-mail.<\/li>\n<\/ul>\n\n\n\n<p>O GEB coleta os Dados Pessoais acima, na hip\u00f3tese de Voc\u00ea optar por receber as not\u00edcias e informes do GEB. Nesse caso, Voc\u00ea poder\u00e1 descadastrar seu e-mail por meio de link enviado na comunica\u00e7\u00e3o por meio do e-mail privacidade@geb.org.br, se n\u00e3o concordar com a coleta.<\/p>\n\n\n\n<p><strong>3.2. Doadores<\/strong><\/p>\n\n\n\n<p>Quando voc\u00ea utiliza a Plataforma como Doador, o GEB poder\u00e1 coletar os seguintes Dados Pessoais, que poder\u00e3o ser utilizados para possibilitar a comunica\u00e7\u00e3o com os Doadores, enviarmos boletos ou outra forma de pagamento das contribui\u00e7\u00f5es, emitirmos recibos de doa\u00e7\u00e3o, informarmos novas a\u00e7\u00f5es do GEB, apresentarmos nossos resultados ou possibilidade de voluntariado, dentre outras informa\u00e7\u00f5es relevantes sobre as atividades do GEB:<\/p>\n\n\n\n<ul class=\"wp-block-list\">\n<li>Nome completo;<\/li>\n\n\n\n<li>E-mail;<\/li>\n\n\n\n<li>CPF\/CNPJ;<\/li>\n\n\n\n<li>Telefone celular;<\/li>\n\n\n\n<li>Endere\u00e7o (rua, n\u00famero, estado e cidade);<\/li>\n\n\n\n<li>CEP.<\/li>\n<\/ul>\n\n\n\n<p>Al\u00e9m dos Dados Pessoais dos Doadores, tamb\u00e9m ser\u00e3o coletadas as seguintes informa\u00e7\u00f5es a respeito da transa\u00e7\u00e3o:<\/p>\n\n\n\n<ul class=\"wp-block-list\">\n<li>Valor da doa\u00e7\u00e3o;<\/li>\n\n\n\n<li>Status do pagamento (pago ou n\u00e3o pago);<\/li>\n\n\n\n<li>Forma de pagamento;<\/li>\n\n\n\n<li>Data de registro da transa\u00e7\u00e3o;<\/li>\n\n\n\n<li>Data de pagamento;<\/li>\n\n\n\n<li>Data de vencimento do pagamento.<\/li>\n<\/ul>\n\n\n\n<p>Tais Dados Pessoais ser\u00e3o objeto de tratamento se o Doador clicar no bot\u00e3o \u201cDoar\u201d disponibilizado na interface de nosso website, formul\u00e1rio de (re)cadastramento ou aplicativo.<\/p>\n\n\n\n<p><strong>3.3. Associados<\/strong><\/p>\n\n\n\n<p>Quando voc\u00ea se torna Associado, o GEB poder\u00e1 coletar os seguintes Dados Pessoais atrav\u00e9s de formul\u00e1rio encaminhado aos Associados:<\/p>\n\n\n\n<ul class=\"wp-block-list\">\n<li>Nome completo;<\/li>\n\n\n\n<li>E-mail;<\/li>\n\n\n\n<li>CPF\/CNPJ;<\/li>\n\n\n\n<li>Telefone celular e residencial;<\/li>\n\n\n\n<li>Endere\u00e7o completo (logradouro, n\u00famero, estado e cidade, CEP).<\/li>\n<\/ul>\n\n\n\n<p><strong>3.4. Volunt\u00e1rios<\/strong><\/p>\n\n\n\n<p>Quando Voc\u00ea se inscreve e participa de nosso processo seletivo de Volunt\u00e1rios, o GEB poder\u00e1 tratar os seguintes Dados Pessoais atrav\u00e9s de formul\u00e1rio encaminhado aos Volunt\u00e1rios:<\/p>\n\n\n\n<ul class=\"wp-block-list\">\n<li>Nome completo;<\/li>\n\n\n\n<li>E-mail;<\/li>\n\n\n\n<li>Telefone celular e residencial;<\/li>\n\n\n\n<li>Sexo biol\u00f3gico;<\/li>\n\n\n\n<li>Idade;<\/li>\n\n\n\n<li>Endere\u00e7o residencial completo;<\/li>\n\n\n\n<li>Exist\u00eancia de defici\u00eancia f\u00edsica ou condi\u00e7\u00e3o m\u00e9dica relevante, se aplic\u00e1vel.<\/li>\n<\/ul>\n\n\n\n<p>Caso o Volunt\u00e1rio seja menor de idade (pessoa at\u00e9 18 anos), al\u00e9m dos seus Dados Pessoais, tamb\u00e9m devem ser coletados tratados os Dados Pessoais de pelo menos um dos seus pais ou do respons\u00e1vel legal, com a ressalva de que: (i) atividade n\u00e3o pode ter car\u00e1ter insalubre ou perigosa; (ii) um dos pais ou o respons\u00e1vel legal deve: a) concordar com o trabalho a ser promovido pelo menor de 18 anos, e visitar a institui\u00e7\u00e3o onde as atividades ser\u00e3o desempenhadas, em caso de trabalho presencial; b) assinar termo de consentimento ao trabalho volunt\u00e1rio.<\/p>\n\n\n\n<p><strong>DADOS SENS\u00cdVEIS<\/strong>. ADICIONALMENTE, PODEREMOS TRATAR DADOS SENS\u00cdVEIS DOS VOLUNT\u00c1RIOS, COM BASE NO SEU CONSENTIMENTO, PARA FINS DE AN\u00c1LISE NO PROCESSO SELETIVO. O TRATAMENTO DE DADOS PESSOAIS SENS\u00cdVEIS OBSERVAR\u00c1 PROTE\u00c7\u00c3O E CUIDADO ESPECIAL PELO GEB (ART. 11 LGPD), BEM COMO A POL\u00cdTICA DE PRIVACIDADE APLIC\u00c1VEL DA PLATAFORMA \u201cGOOGLE\u201d.<\/p>\n\n\n\n<h2 class=\"wp-block-heading\">Quando exclu\u00edmos os Dados Pessoais?<\/h2>\n\n\n\n<p>O GEB estrutura suas opera\u00e7\u00f5es para que os seus Dados Pessoais n\u00e3o sejam mantidos por mais tempo do que o necess\u00e1rio. Assim, n\u00f3s mantemos os Dados Pessoais dos Usu\u00e1rios somente durante o per\u00edodo em que eles s\u00e3o necess\u00e1rios para: (i) as finalidades descritas nesta Pol\u00edtica, (ii) se formos obrigados por Lei, ou; (iii) se tivermos alguma outra raz\u00e3o leg\u00edtima para mant\u00ea-los.<\/p>\n\n\n\n<p>Pode ainda o GEB manter os seus Dados Pessoais, entre outras raz\u00f5es, para: (iv) defesa em a\u00e7\u00f5es judiciais e\/ou administrativas, e; (v) combate \u00e0 fraude.<\/p>\n\n\n\n<h2 class=\"wp-block-heading\">Quem mais ter\u00e1 acesso aos Dados e por qual(is) motivo(s)?<\/h2>\n\n\n\n<p>Para manter a comunica\u00e7\u00e3o com os Doadores, os Dados Pessoais poder\u00e3o ser tratados e processados em cadastro no sistema de gest\u00e3o financeira utilizado pelo GEB.<\/p>\n\n\n\n<h2 class=\"wp-block-heading\">Transfer\u00eancias Internacionais<\/h2>\n\n\n\n<p>Se os seus Dados Pessoais forem transferidos para outro pa\u00eds durante a opera\u00e7\u00e3o do GEB ou pelos terceiros acima descritos, n\u00f3s (e os terceiros, quando aplic\u00e1vel) adotaremos as medidas exigidas por lei para assegurar que seus Dados Pessoais estar\u00e3o protegidos, e que a transfer\u00eancia internacional seja realizada de acordo com um dos mecanismos previstos na <strong>LGPD<\/strong>.<\/p>\n\n\n\n<h2 class=\"wp-block-heading\">Direitos dos Titulares dos Dados Pessoais<\/h2>\n\n\n\n<p>O Usu\u00e1rio, como titular de Dados Pessoais, pode exercer seus direitos com rela\u00e7\u00e3o aos seus Dados Pessoais. Os seus direitos incluem:<\/p>\n\n\n\n<ol class=\"wp-block-list\">\n<li><strong>Obter confirma\u00e7\u00e3o de que realizamos o tratamento dos seus Dados Pessoais.<\/strong> Em atendimento a essa solicita\u00e7\u00e3o, iremos inform\u00e1-lo se realizamos tratamento de seus Dados Pessoais ou n\u00e3o. Note que, caso voc\u00ea se enquadre como Usu\u00e1rio, n\u00f3s necessariamente realizamos o tratamento de seus Dados Pessoais, conforme explicado nessa Pol\u00edtica.<\/li>\n\n\n\n<li><strong>Acessar seus Dados Pessoais.<\/strong> Caso tenha interesse, voc\u00ea pode receber um relat\u00f3rio no qual apresentamos os Dados Pessoais de sua titularidade tratados por n\u00f3s.<\/li>\n\n\n\n<li><strong>Corrigir Dados Pessoais que estejam incompletos, inexatos ou desatualizados.<\/strong> Caso voc\u00ea entenda que seus Dados Pessoais est\u00e3o incorretos, incompletos e\/ou desatualizados, voc\u00ea pode solicitar a devida corre\u00e7\u00e3o desses dados, indicando justificadamente o que precisa ser alterado. \u00c9 poss\u00edvel que solicitemos algum comprovante para realizar a altera\u00e7\u00e3o.<\/li>\n\n\n\n<li><strong>Solicitar anonimiza\u00e7\u00e3o, bloqueio ou elimina\u00e7\u00e3o de Dados Pessoais desnecess\u00e1rios, excessivos ou tratados em desconformidade com o disposto na LGPD.<\/strong> Caso voc\u00ea entenda que estamos tratando seus Dados Pessoais de forma desnecess\u00e1ria, excessiva e\/ou em desconformidade com a LGPD, pode solicitar que os Dados Pessoais sejam anonimizados, bloqueados e\/ou eliminados.<\/li>\n\n\n\n<li><strong>Solicitar a portabilidade dos seus Dados Pessoais a outra entidade, observados os nossos sigilos.<\/strong> Voc\u00ea \u00e9 o titular de seus pr\u00f3prios Dados Pessoais. Portanto, voc\u00ea pode requerer que esses Dados Pessoais sejam transferidos, desde que sejam respeitados segredos e sigilos do GEB.<\/li>\n\n\n\n<li><strong>Revogar seu consentimento para o tratamento dos seus Dados Pessoais.<\/strong> Caso haja tratamento de seus Dados Pessoais realizado com base em seu consentimento, voc\u00ea pode revogar esse consentimento. Com isso, qualquer tratamento de seus Dados Pessoais que esteja sendo feito com base no consentimento revogado ser\u00e1 interrompido.<\/li>\n\n\n\n<li><strong>Solicitar a elimina\u00e7\u00e3o dos Dados Pessoais tratados com base no seu consentimento, exceto nas hip\u00f3teses de conserva\u00e7\u00e3o de Dados Pessoais previstas em Lei.<\/strong> Caso haja tratamento de seus Dados Pessoais com base em consentimento, voc\u00ea pode solicitar a elimina\u00e7\u00e3o desses dados. No entanto, a LGPD autoriza a conserva\u00e7\u00e3o de dados para fins de: (i) cumprimento de obriga\u00e7\u00e3o legal ou regulat\u00f3ria; (ii) estudo por \u00f3rg\u00e3o de pesquisa, garantida, se poss\u00edvel, a anonimiza\u00e7\u00e3o; (iii) transfer\u00eancia a terceiro e uso exclusivo do controlador, desde que anonimizados.<\/li>\n\n\n\n<li><strong>Obter informa\u00e7\u00e3o sobre com quem compartilhamos seus Dados Pessoais.<\/strong> Voc\u00ea pode solicitar que informemos com quais entidades n\u00f3s compartilhamos os seus Dados Pessoais.<\/li>\n\n\n\n<li><strong>Obter informa\u00e7\u00e3o sobre a possibilidade de n\u00e3o fornecer o seu consentimento e as respectivas consequ\u00eancias.<\/strong> Quando o consentimento for utilizado como base legal para o tratamento de Dados Pessoais, voc\u00ea tem o direito de ser informado sobre a possibilidade de n\u00e3o fornecer consentimento e as consequ\u00eancias da negativa.<\/li>\n\n\n\n<li><strong>Opor-se a tratamento que viole a LGPD.<\/strong> Caso voc\u00ea entenda que estamos tratando seus Dados Pessoais de maneira contr\u00e1ria \u00e0 LGPD, voc\u00ea pode opor-se a esse tratamento. A solicita\u00e7\u00e3o ser\u00e1 analisada com bastante cuidado e, caso concordemos, o tratamento de seus Dados Pessoais que estiver em desconformidade com a LGPD ser\u00e1 interrompido.<\/li>\n\n\n\n<li><strong>Solicitar a revis\u00e3o de decis\u00f5es tomadas unicamente com base em tratamento automatizado de seus Dados Pessoais.<\/strong> Caso sejam tomadas decis\u00f5es baseadas no tratamento automatizado de seus Dados Pessoais, voc\u00ea poder\u00e1 solicitar a revis\u00e3o dessas decis\u00f5es.<\/li>\n\n\n\n<li><strong>Peticionar em rela\u00e7\u00e3o aos seus Dados Pessoais perante a Autoridade Nacional de Prote\u00e7\u00e3o de Dados.<\/strong> Caso entenda necess\u00e1rio, voc\u00ea pode peticionar em rela\u00e7\u00e3o a seus Dados Pessoais perante a ANPD (Autoridade Nacional de Prote\u00e7\u00e3o de Dados).<\/li>\n<\/ol>\n\n\n\n<p>Voc\u00ea pode exercer quaisquer dos direitos acima enviando um e-mail para <a href=\"mailto:privacidade@geb.org.br\">privacidade@geb.org.br<\/a>.<\/p>\n\n\n\n<h2 class=\"wp-block-heading\">Seguran\u00e7a da Informa\u00e7\u00e3o<\/h2>\n\n\n\n<p>Os Dados Pessoais coletados pelo GEB ser\u00e3o armazenados em bancos de dados seguros, dentro das melhores pr\u00e1ticas, com acesso restrito apenas a colaboradores com as devidas credenciais, os quais s\u00e3o obrigados a manter a confidencialidade das informa\u00e7\u00f5es e n\u00e3o as utilizar inadequadamente.<\/p>\n\n\n\n<p>O GEB se esfor\u00e7a para proteger os Dados Pessoais dos Usu\u00e1rios. Em caso de incidente de seguran\u00e7a que possa acarretar risco ou dano relevante ao titular, o GEB adotar\u00e1 a\u00e7\u00f5es de resposta com o objetivo de mitigar impactos e informar, caso aplic\u00e1vel, de maneira tempestiva, a ANPD e os titulares afetados.<\/p>\n\n\n\n<h2 class=\"wp-block-heading\">Altera\u00e7\u00f5es nesta Pol\u00edtica<\/h2>\n\n\n\n<p>O GEB se reserva o direito de, a qualquer momento, alterar esta \u201cPol\u00edtica de Privacidade\u201d, atualizando seu conte\u00fado conforme as necessidades de aperfei\u00e7oamento tecnol\u00f3gico ou de suas funcionalidades.<\/p>\n\n\n\n<p>Quando houver altera\u00e7\u00e3o na \u201cPol\u00edtica de Privacidade\u201d, o GEB comunicar\u00e1 os seus Usu\u00e1rios por meio do e-mail cadastrado, ou, se aplic\u00e1vel, em publica\u00e7\u00e3o no website, formul\u00e1rio de re(cadastramento), aplicativo, ou na forma exigida por Lei.<\/p>\n\n\n\n<p><strong>ENCERRAMENTO \u2013 Encerra-se o presente instrumento, contendo 09 (nove) itens.<\/strong><\/p>\n\n\n\n<p><br><\/p>\n","protected":false},"excerpt":{"rendered":"<p>Quem somos Ol\u00e1! N\u00f3s somos o GRUPO ESP\u00cdRITA BATU\u00cdRA (\u201cGEB\u201d, \u201cn\u00f3s, \u201cnosso\u201d ou \u201cnossos\u201d), uma associa\u00e7\u00e3o sem fins lucrativos e\/ou econ\u00f4micos, com sede na Rua Caiubi, 1.306, Perdizes, S\u00e3o Paulo\/SP, CEP 05010-000, inscrita no CNPJ sob o n\u00ba 61.989.000\/0001-50, e esta \u00e9 a \u201cPol\u00edtica de Privacidade\u201d (\u201cPol\u00edtica\u201d) de nosso website https:\/\/www.geb.org.br (\u201cWebsite\u201d) e dos demais [&hellip;]<\/p>\n","protected":false},"author":1,"featured_media":0,"parent":0,"menu_order":0,"comment_status":"closed","ping_status":"open","template":"","meta":{"footnotes":""},"class_list":["post-3","page","type-page","status-publish","hentry"],"_links":{"self":[{"href":"https:\/\/daudt.com.br\/geb\/wp-json\/wp\/v2\/pages\/3","targetHints":{"allow":["GET"]}}],"collection":[{"href":"https:\/\/daudt.com.br\/geb\/wp-json\/wp\/v2\/pages"}],"about":[{"href":"https:\/\/daudt.com.br\/geb\/wp-json\/wp\/v2\/types\/page"}],"author":[{"embeddable":true,"href":"https:\/\/daudt.com.br\/geb\/wp-json\/wp\/v2\/users\/1"}],"replies":[{"embeddable":true,"href":"https:\/\/daudt.com.br\/geb\/wp-json\/wp\/v2\/comments?post=3"}],"version-history":[{"count":4,"href":"https:\/\/daudt.com.br\/geb\/wp-json\/wp\/v2\/pages\/3\/revisions"}],"predecessor-version":[{"id":404,"href":"https:\/\/daudt.com.br\/geb\/wp-json\/wp\/v2\/pages\/3\/revisions\/404"}],"wp:attachment":[{"href":"https:\/\/daudt.com.br\/geb\/wp-json\/wp\/v2\/media?parent=3"}],"curies":[{"name":"wp","href":"https:\/\/api.w.org\/{rel}","templated":true}]}}