{"id":2276,"date":"2025-09-03T19:40:50","date_gmt":"2025-09-03T22:40:50","guid":{"rendered":"https:\/\/daudt.com.br\/geb\/?page_id=2276"},"modified":"2025-09-03T19:55:28","modified_gmt":"2025-09-03T22:55:28","slug":"educacao-espirita-infantojuvenil","status":"publish","type":"page","link":"https:\/\/daudt.com.br\/geb\/educacao-espirita-infantojuvenil\/","title":{"rendered":"Educa\u00e7\u00e3o Esp\u00edrita Infantojuvenil"},"content":{"rendered":"\t\t<div data-elementor-type=\"wp-page\" data-elementor-id=\"2276\" class=\"elementor elementor-2276\">\n\t\t\t\t<div class=\"elementor-element elementor-element-4ec280b e-flex e-con-boxed e-con e-parent\" data-id=\"4ec280b\" data-element_type=\"container\" data-e-type=\"container\">\n\t\t\t\t\t<div class=\"e-con-inner\">\n\t\t\t\t<div class=\"elementor-element elementor-element-4323dc0 elementor-widget elementor-widget-image\" data-id=\"4323dc0\" data-element_type=\"widget\" data-e-type=\"widget\" data-widget_type=\"image.default\">\n\t\t\t\t<div class=\"elementor-widget-container\">\n\t\t\t\t\t\t\t\t\t\t\t\t\t\t\t<img fetchpriority=\"high\" decoding=\"async\" width=\"640\" height=\"909\" src=\"https:\/\/daudt.com.br\/geb\/wp-content\/uploads\/2025\/09\/cartaz_eeij-721x1024.jpeg\" class=\"attachment-large size-large wp-image-2278\" alt=\"\" srcset=\"https:\/\/daudt.com.br\/geb\/wp-content\/uploads\/2025\/09\/cartaz_eeij-721x1024.jpeg 721w, https:\/\/daudt.com.br\/geb\/wp-content\/uploads\/2025\/09\/cartaz_eeij-211x300.jpeg 211w, https:\/\/daudt.com.br\/geb\/wp-content\/uploads\/2025\/09\/cartaz_eeij-768x1090.jpeg 768w, https:\/\/daudt.com.br\/geb\/wp-content\/uploads\/2025\/09\/cartaz_eeij-1082x1536.jpeg 1082w, https:\/\/daudt.com.br\/geb\/wp-content\/uploads\/2025\/09\/cartaz_eeij.jpeg 1127w\" sizes=\"(max-width: 640px) 100vw, 640px\" \/>\t\t\t\t\t\t\t\t\t\t\t\t\t\t\t<\/div>\n\t\t\t\t<\/div>\n\t\t\t\t<div class=\"elementor-element elementor-element-06aea4b elementor-widget elementor-widget-text-editor\" data-id=\"06aea4b\" data-element_type=\"widget\" data-e-type=\"widget\" data-widget_type=\"text-editor.default\">\n\t\t\t\t<div class=\"elementor-widget-container\">\n\t\t\t\t\t\t\t\t\t<p>Para participar <strong><a href=\"https:\/\/forms.gle\/pQ5L6uxYzYSvYaqJ6\" target=\"_blank\" rel=\"noopener\">clique aqui<\/a><\/strong>.<\/p>\t\t\t\t\t\t\t\t<\/div>\n\t\t\t\t<\/div>\n\t\t\t\t\t<\/div>\n\t\t\t\t<\/div>\n\t\t<div class=\"elementor-element elementor-element-e5f48b2 e-flex e-con-boxed e-con e-parent\" data-id=\"e5f48b2\" data-element_type=\"container\" data-e-type=\"container\">\n\t\t\t\t\t<div class=\"e-con-inner\">\n\t\t\t\t<div class=\"elementor-element elementor-element-16ed3cc elementor-arrows-position-inside elementor-pagination-position-outside elementor-widget elementor-widget-image-carousel\" data-id=\"16ed3cc\" data-element_type=\"widget\" data-e-type=\"widget\" data-settings=\"{&quot;navigation&quot;:&quot;both&quot;,&quot;autoplay&quot;:&quot;yes&quot;,&quot;pause_on_hover&quot;:&quot;yes&quot;,&quot;pause_on_interaction&quot;:&quot;yes&quot;,&quot;autoplay_speed&quot;:5000,&quot;infinite&quot;:&quot;yes&quot;,&quot;speed&quot;:500}\" data-widget_type=\"image-carousel.default\">\n\t\t\t\t<div class=\"elementor-widget-container\">\n\t\t\t\t\t\t\t<div class=\"elementor-image-carousel-wrapper swiper\" role=\"region\" aria-roledescription=\"carousel\" aria-label=\"Carrossel de imagens\" dir=\"ltr\">\n\t\t\t<div class=\"elementor-image-carousel swiper-wrapper\" aria-live=\"off\">\n\t\t\t\t\t\t\t\t<div class=\"swiper-slide\" role=\"group\" aria-roledescription=\"slide\" aria-label=\"1 de 6\"><figure class=\"swiper-slide-inner\"><img decoding=\"async\" class=\"swiper-slide-image\" src=\"https:\/\/daudt.com.br\/geb\/wp-content\/uploads\/2025\/09\/foto_eeij_1-225x300.jpeg\" alt=\"foto_eeij_1\" \/><\/figure><\/div><div class=\"swiper-slide\" role=\"group\" aria-roledescription=\"slide\" aria-label=\"2 de 6\"><figure class=\"swiper-slide-inner\"><img decoding=\"async\" class=\"swiper-slide-image\" src=\"https:\/\/daudt.com.br\/geb\/wp-content\/uploads\/2025\/09\/foto_eeij_2-225x300.jpeg\" alt=\"foto_eeij_2\" \/><\/figure><\/div><div class=\"swiper-slide\" role=\"group\" aria-roledescription=\"slide\" aria-label=\"3 de 6\"><figure class=\"swiper-slide-inner\"><img decoding=\"async\" class=\"swiper-slide-image\" src=\"https:\/\/daudt.com.br\/geb\/wp-content\/uploads\/2025\/09\/foto_eeij_3-225x300.jpeg\" alt=\"foto_eeij_3\" \/><\/figure><\/div><div class=\"swiper-slide\" role=\"group\" aria-roledescription=\"slide\" aria-label=\"4 de 6\"><figure class=\"swiper-slide-inner\"><img decoding=\"async\" class=\"swiper-slide-image\" src=\"https:\/\/daudt.com.br\/geb\/wp-content\/uploads\/2025\/09\/foto_eeij_4-225x300.jpeg\" alt=\"foto_eeij_4\" \/><\/figure><\/div><div class=\"swiper-slide\" role=\"group\" aria-roledescription=\"slide\" aria-label=\"5 de 6\"><figure class=\"swiper-slide-inner\"><img decoding=\"async\" class=\"swiper-slide-image\" src=\"https:\/\/daudt.com.br\/geb\/wp-content\/uploads\/2025\/09\/foto_eeij_5-225x300.jpeg\" alt=\"foto_eeij_5\" \/><\/figure><\/div><div class=\"swiper-slide\" role=\"group\" aria-roledescription=\"slide\" aria-label=\"6 de 6\"><figure class=\"swiper-slide-inner\"><img decoding=\"async\" class=\"swiper-slide-image\" src=\"https:\/\/daudt.com.br\/geb\/wp-content\/uploads\/2025\/09\/foto_eeij_6-300x225.jpeg\" alt=\"foto_eeij_6\" \/><\/figure><\/div>\t\t\t<\/div>\n\t\t\t\t\t\t\t\t\t\t\t\t<div class=\"elementor-swiper-button elementor-swiper-button-prev\" role=\"button\" tabindex=\"0\">\n\t\t\t\t\t\t<i aria-hidden=\"true\" class=\"eicon-chevron-left\"><\/i>\t\t\t\t\t<\/div>\n\t\t\t\t\t<div class=\"elementor-swiper-button elementor-swiper-button-next\" role=\"button\" tabindex=\"0\">\n\t\t\t\t\t\t<i aria-hidden=\"true\" class=\"eicon-chevron-right\"><\/i>\t\t\t\t\t<\/div>\n\t\t\t\t\n\t\t\t\t\t\t\t\t\t<div class=\"swiper-pagination\"><\/div>\n\t\t\t\t\t\t\t\t\t<\/div>\n\t\t\t\t\t\t<\/div>\n\t\t\t\t<\/div>\n\t\t\t\t\t<\/div>\n\t\t\t\t<\/div>\n\t\t\t\t<\/div>\n\t\t","protected":false},"excerpt":{"rendered":"<p>Para participar clique aqui.<\/p>\n","protected":false},"author":1,"featured_media":0,"parent":0,"menu_order":0,"comment_status":"closed","ping_status":"closed","template":"","meta":{"footnotes":""},"class_list":["post-2276","page","type-page","status-publish","hentry"],"_links":{"self":[{"href":"https:\/\/daudt.com.br\/geb\/wp-json\/wp\/v2\/pages\/2276","targetHints":{"allow":["GET"]}}],"collection":[{"href":"https:\/\/daudt.com.br\/geb\/wp-json\/wp\/v2\/pages"}],"about":[{"href":"https:\/\/daudt.com.br\/geb\/wp-json\/wp\/v2\/types\/page"}],"author":[{"embeddable":true,"href":"https:\/\/daudt.com.br\/geb\/wp-json\/wp\/v2\/users\/1"}],"replies":[{"embeddable":true,"href":"https:\/\/daudt.com.br\/geb\/wp-json\/wp\/v2\/comments?post=2276"}],"version-history":[{"count":10,"href":"https:\/\/daudt.com.br\/geb\/wp-json\/wp\/v2\/pages\/2276\/revisions"}],"predecessor-version":[{"id":2297,"href":"https:\/\/daudt.com.br\/geb\/wp-json\/wp\/v2\/pages\/2276\/revisions\/2297"}],"wp:attachment":[{"href":"https:\/\/daudt.com.br\/geb\/wp-json\/wp\/v2\/media?parent=2276"}],"curies":[{"name":"wp","href":"https:\/\/api.w.org\/{rel}","templated":true}]}}