{"id":1732,"date":"2024-10-16T23:37:50","date_gmt":"2024-10-17T02:37:50","guid":{"rendered":"https:\/\/daudt.com.br\/geb\/?page_id=1732"},"modified":"2025-02-03T21:32:37","modified_gmt":"2025-02-04T00:32:37","slug":"palestras","status":"publish","type":"page","link":"https:\/\/daudt.com.br\/geb\/palestras\/","title":{"rendered":"Palestras"},"content":{"rendered":"\t\t<div data-elementor-type=\"wp-page\" data-elementor-id=\"1732\" class=\"elementor elementor-1732\">\n\t\t\t\t<div class=\"elementor-element elementor-element-bb945ac e-flex e-con-boxed e-con e-parent\" data-id=\"bb945ac\" data-element_type=\"container\" data-e-type=\"container\">\n\t\t\t\t\t<div class=\"e-con-inner\">\n\t\t\t\t<div class=\"elementor-element elementor-element-9070bfd elementor-widget elementor-widget-heading\" data-id=\"9070bfd\" data-element_type=\"widget\" data-e-type=\"widget\" data-widget_type=\"heading.default\">\n\t\t\t\t<div class=\"elementor-widget-container\">\n\t\t\t\t\t<h2 class=\"elementor-heading-title elementor-size-default\">Palestras em fevereiro de 2025<\/h2>\t\t\t\t<\/div>\n\t\t\t\t<\/div>\n\t\t\t\t<div class=\"elementor-element elementor-element-a526471 elementor-widget elementor-widget-text-editor\" data-id=\"a526471\" data-element_type=\"widget\" data-e-type=\"widget\" data-widget_type=\"text-editor.default\">\n\t\t\t\t<div class=\"elementor-widget-container\">\n\t\t\t\t\t\t\t\t\t<p>O GEB mant\u00e9m uma programa\u00e7\u00e3o p\u00fablica de palestras apresentada por volunt\u00e1rios e convidados envolvendo temas que abordam a Doutrina Esp\u00edrita, o Evangelho de Jesus e outros assuntos ligados \u00e0 sa\u00fade espiritual, a fam\u00edlia, etc.<\/p>\t\t\t\t\t\t\t\t<\/div>\n\t\t\t\t<\/div>\n\t\t\t\t<div class=\"elementor-element elementor-element-7089028 elementor-widget elementor-widget-heading\" data-id=\"7089028\" data-element_type=\"widget\" data-e-type=\"widget\" data-widget_type=\"heading.default\">\n\t\t\t\t<div class=\"elementor-widget-container\">\n\t\t\t\t\t<h3 class=\"elementor-heading-title elementor-size-default\">N\u00facleo Spartaco<\/h3>\t\t\t\t<\/div>\n\t\t\t\t<\/div>\n\t\t\t\t<div class=\"elementor-element elementor-element-6f47cf7 elementor-widget elementor-widget-text-editor\" data-id=\"6f47cf7\" data-element_type=\"widget\" data-e-type=\"widget\" data-widget_type=\"text-editor.default\">\n\t\t\t\t<div class=\"elementor-widget-container\">\n\t\t\t\t\t\t\t\t\t<p>Rua Caiubi n\u00ba 1306 &#8211; Bairro de Perdizes<\/p>\t\t\t\t\t\t\t\t<\/div>\n\t\t\t\t<\/div>\n\t\t\t\t\t<\/div>\n\t\t\t\t<\/div>\n\t\t<div class=\"elementor-element elementor-element-46d7e417 e-flex e-con-boxed e-con e-parent\" data-id=\"46d7e417\" data-element_type=\"container\" data-e-type=\"container\">\n\t\t\t\t\t<div class=\"e-con-inner\">\n\t\t\t\t<div class=\"elementor-element elementor-element-93b3ce5 elementor-widget elementor-widget-text-editor\" data-id=\"93b3ce5\" data-element_type=\"widget\" data-e-type=\"widget\" data-widget_type=\"text-editor.default\">\n\t\t\t\t<div class=\"elementor-widget-container\">\n\t\t\t\t\t\t\t\t\t<figure class=\"wp-block-table\">\n<table>\n<tbody>\n<tr>\n<th>Dia<\/th>\n<th>Hor\u00e1rio<\/th>\n<th>Tema<\/th>\n<th>Expositor (a)<\/th>\n<\/tr>\n<tr>\n<td>02 de\u00a0fevereiro,\u00a0domingo<\/td>\n<td>10h00<\/td>\n<td>O valor da vontade<\/td>\n<td>Marco Antonio Santos<\/td>\n<\/tr>\n<tr>\n<td>05 de\u00a0fevereiro,\u00a04\u00aa feira<\/td>\n<td>14h30<\/td>\n<td>O di\u00e1logo de Jesus com Nicodemos<\/td>\n<td>Ricardo Hage<\/td>\n<\/tr>\n<tr>\n<td>05 de\u00a0fevereiro,\u00a04\u00aa feira<\/td>\n<td>20h00<\/td>\n<td>Renova\u00e7\u00e3o \u00edntima<\/td>\n<td>Maria Luiza Ferreira<\/td>\n<\/tr>\n<tr>\n<td>07 de\u00a0fevereiro,\u00a06\u00aa feira<\/td>\n<td>14h30<\/td>\n<td>O Cristo Consolador<\/td>\n<td>L\u00edgia Gomes<\/td>\n<\/tr>\n<tr>\n<td>09 de\u00a0fevereiro\u00a0domingo<\/td>\n<td>10h00<\/td>\n<td>Alian\u00e7a da Ci\u00eancia com a Religi\u00e3o<\/td>\n<td>Silvio Gonzales<\/td>\n<\/tr>\n<tr>\n<td>12 de\u00a0fevereiro,\u00a04\u00aa feira<\/td>\n<td>14h30<\/td>\n<td>Atributos da Divindade<\/td>\n<td>Rog\u00e9rio Siqueira<\/td>\n<\/tr>\n<tr>\n<td>12 de\u00a0fevereiro,\u00a04\u00aa feira<\/td>\n<td>20h00<\/td>\n<td>Esquecimento do Passado<\/td>\n<td>Marina Macorin<\/td>\n<\/tr>\n<tr>\n<td>14 de\u00a0fevereiro,\u00a06\u00aa feira<\/td>\n<td>14h30<\/td>\n<td>O verdadeiro crist\u00e3o<\/td>\n<td>Vera L\u00facia Perassi<\/td>\n<\/tr>\n<tr>\n<td>16 de\u00a0fevereiro,\u00a0domingo<\/td>\n<td>10h00<\/td>\n<td>Provid\u00eancia Divina\u00a0<\/td>\n<td>Simone Queiroz<\/td>\n<\/tr>\n<tr>\n<td>19 de\u00a0fevereiro,\u00a04\u00aa feira<\/td>\n<td>14h30<\/td>\n<td>Justi\u00e7a e causas das afli\u00e7\u00f5es<\/td>\n<td>Ricardo Pastori<\/td>\n<\/tr>\n<tr>\n<td>19 de\u00a0fevereiro,\u00a04\u00aa feira<\/td>\n<td>20h00<\/td>\n<td>Lei de Liberdade<\/td>\n<td>Jos\u00e9 Carlos Zaninotti<\/td>\n<\/tr>\n<tr>\n<td>21 de\u00a0fevereiro,\u00a06\u00aa feira<\/td>\n<td>14h30<\/td>\n<td>O Evangelho e a Terceira Revela\u00e7\u00e3o\u00a0<\/td>\n<td>Valdirene Canhestro<\/td>\n<\/tr>\n<tr>\n<td>23 de\u00a0fevereiro,\u00a0domingo<\/td>\n<td>10h00<\/td>\n<td>A necessidade da Encarna\u00e7\u00e3o<\/td>\n<td>Robson Ferreira<\/td>\n<\/tr>\n<tr>\n<td>26 de\u00a0fevereiro,\u00a04\u00aa feira<\/td>\n<td>14h30<\/td>\n<td>C\u00e1ritas: um convite para a caridade<\/td>\n<td>Rosely Marotta<\/td>\n<\/tr>\n<tr>\n<td>26 de\u00a0fevereiro,\u00a04\u00aa feira<\/td>\n<td>20h00<\/td>\n<td>Simplicidade de cora\u00e7\u00e3o e humildade de esp\u00edrito<\/td>\n<td>Ronaldo Lopes<\/td>\n<\/tr>\n<tr>\n<td>28 de\u00a0fevereiro,\u00a06\u00aa feira<\/td>\n<td>14h30<\/td>\n<td>\u201cN\u00e3o por a candeia debaixo do alqueire\u201d<\/td>\n<td>Sandra Gema<\/td>\n<\/tr>\n<\/tbody>\n<\/table>\n<\/figure>\t\t\t\t\t\t\t\t<\/div>\n\t\t\t\t<\/div>\n\t\t\t\t\t<\/div>\n\t\t\t\t<\/div>\n\t\t<div class=\"elementor-element elementor-element-fa39995 e-flex e-con-boxed e-con e-parent\" data-id=\"fa39995\" data-element_type=\"container\" data-e-type=\"container\">\n\t\t\t\t\t<div class=\"e-con-inner\">\n\t\t\t\t<div class=\"elementor-element elementor-element-4912e04 elementor-widget elementor-widget-heading\" data-id=\"4912e04\" data-element_type=\"widget\" data-e-type=\"widget\" data-widget_type=\"heading.default\">\n\t\t\t\t<div class=\"elementor-widget-container\">\n\t\t\t\t\t<h3 class=\"elementor-heading-title elementor-size-default\">N\u00facleo D. Aninha<\/h3>\t\t\t\t<\/div>\n\t\t\t\t<\/div>\n\t\t\t\t<div class=\"elementor-element elementor-element-bc6924c elementor-widget elementor-widget-text-editor\" data-id=\"bc6924c\" data-element_type=\"widget\" data-e-type=\"widget\" data-widget_type=\"text-editor.default\">\n\t\t\t\t<div class=\"elementor-widget-container\">\n\t\t\t\t\t\t\t\t\t<p>Jorge Pires Ramalho n\u00ba 34\/70 &#8211; Vila Brasil\u00e2ndia<\/p>\t\t\t\t\t\t\t\t<\/div>\n\t\t\t\t<\/div>\n\t\t\t\t<div class=\"elementor-element elementor-element-3f72df1 elementor-widget elementor-widget-text-editor\" data-id=\"3f72df1\" data-element_type=\"widget\" data-e-type=\"widget\" data-widget_type=\"text-editor.default\">\n\t\t\t\t<div class=\"elementor-widget-container\">\n\t\t\t\t\t\t\t\t\t<table class=\"grid listing\">\n<tbody>\n<tr>\n<th>Dia<\/th>\n<th>Hor\u00e1rio<\/th>\n<\/tr>\n<tr>\n<td>Domingo<\/td>\n<td>Das 10h \u00e0s 11h<\/td>\n<\/tr>\n<\/tbody>\n<\/table>\t\t\t\t\t\t\t\t<\/div>\n\t\t\t\t<\/div>\n\t\t\t\t<div class=\"elementor-element elementor-element-2ecd5c8 elementor-widget-divider--view-line elementor-widget elementor-widget-divider\" data-id=\"2ecd5c8\" data-element_type=\"widget\" data-e-type=\"widget\" data-widget_type=\"divider.default\">\n\t\t\t\t<div class=\"elementor-widget-container\">\n\t\t\t\t\t\t\t<div class=\"elementor-divider\">\n\t\t\t<span class=\"elementor-divider-separator\">\n\t\t\t\t\t\t<\/span>\n\t\t<\/div>\n\t\t\t\t\t\t<\/div>\n\t\t\t\t<\/div>\n\t\t\t\t<div class=\"elementor-element elementor-element-72485e7 elementor-widget elementor-widget-text-editor\" data-id=\"72485e7\" data-element_type=\"widget\" data-e-type=\"widget\" data-widget_type=\"text-editor.default\">\n\t\t\t\t<div class=\"elementor-widget-container\">\n\t\t\t\t\t\t\t\t\t<p><strong>TODAS AS PALESTRAS P\u00daBLICAS DE FEVEREIRO SER\u00c3O REALIZADAS PRESENCIALMENTE.<\/strong><\/p>\n<p><strong>AOS DOMINGOS HAVER\u00c1 TRANSMISS\u00c3O SIMULT\u00c2NEA PELO <a href=\"https:\/\/www.youtube.com\/channel\/UCarTetS00u-Cj4MI2jNp1uA\">Canal do GEB no YouTube<\/a>.<\/strong><\/p>\n<p><strong>FLUIDOTERAPIA \u00c0S SEGUNDAS, QUARTAS E QUINTAS-FEIRAS \u00c0S 18H.<\/strong><\/p>\t\t\t\t\t\t\t\t<\/div>\n\t\t\t\t<\/div>\n\t\t\t\t\t<\/div>\n\t\t\t\t<\/div>\n\t\t\t\t<\/div>\n\t\t","protected":false},"excerpt":{"rendered":"<p>Palestras em fevereiro de 2025 O GEB mant\u00e9m uma programa\u00e7\u00e3o p\u00fablica de palestras apresentada por volunt\u00e1rios e convidados envolvendo temas que abordam a Doutrina Esp\u00edrita, o Evangelho de Jesus e outros assuntos ligados \u00e0 sa\u00fade espiritual, a fam\u00edlia, etc. N\u00facleo Spartaco Rua Caiubi n\u00ba 1306 &#8211; Bairro de Perdizes Dia Hor\u00e1rio Tema Expositor (a) 02 [&hellip;]<\/p>\n","protected":false},"author":1,"featured_media":0,"parent":0,"menu_order":0,"comment_status":"closed","ping_status":"closed","template":"","meta":{"footnotes":""},"class_list":["post-1732","page","type-page","status-publish","hentry"],"_links":{"self":[{"href":"https:\/\/daudt.com.br\/geb\/wp-json\/wp\/v2\/pages\/1732","targetHints":{"allow":["GET"]}}],"collection":[{"href":"https:\/\/daudt.com.br\/geb\/wp-json\/wp\/v2\/pages"}],"about":[{"href":"https:\/\/daudt.com.br\/geb\/wp-json\/wp\/v2\/types\/page"}],"author":[{"embeddable":true,"href":"https:\/\/daudt.com.br\/geb\/wp-json\/wp\/v2\/users\/1"}],"replies":[{"embeddable":true,"href":"https:\/\/daudt.com.br\/geb\/wp-json\/wp\/v2\/comments?post=1732"}],"version-history":[{"count":65,"href":"https:\/\/daudt.com.br\/geb\/wp-json\/wp\/v2\/pages\/1732\/revisions"}],"predecessor-version":[{"id":2238,"href":"https:\/\/daudt.com.br\/geb\/wp-json\/wp\/v2\/pages\/1732\/revisions\/2238"}],"wp:attachment":[{"href":"https:\/\/daudt.com.br\/geb\/wp-json\/wp\/v2\/media?parent=1732"}],"curies":[{"name":"wp","href":"https:\/\/api.w.org\/{rel}","templated":true}]}}