{"id":1379,"date":"2024-10-16T13:45:02","date_gmt":"2024-10-16T16:45:02","guid":{"rendered":"https:\/\/daudt.com.br\/geb\/?page_id=1379"},"modified":"2024-10-16T13:47:19","modified_gmt":"2024-10-16T16:47:19","slug":"fluidoterapia","status":"publish","type":"page","link":"https:\/\/daudt.com.br\/geb\/fluidoterapia\/","title":{"rendered":"Fluidoterapia"},"content":{"rendered":"\t\t<div data-elementor-type=\"wp-page\" data-elementor-id=\"1379\" class=\"elementor elementor-1379\">\n\t\t\t\t\t\t<section class=\"elementor-section elementor-top-section elementor-element elementor-element-408b20b elementor-section-boxed elementor-section-height-default elementor-section-height-default\" data-id=\"408b20b\" data-element_type=\"section\" data-e-type=\"section\">\n\t\t\t\t\t\t<div class=\"elementor-container elementor-column-gap-default\">\n\t\t\t\t\t<div class=\"elementor-column elementor-col-100 elementor-top-column elementor-element elementor-element-8c758b2\" data-id=\"8c758b2\" data-element_type=\"column\" data-e-type=\"column\">\n\t\t\t<div class=\"elementor-widget-wrap elementor-element-populated\">\n\t\t\t\t\t\t<div class=\"elementor-element elementor-element-026a4ad elementor-widget elementor-widget-text-editor\" data-id=\"026a4ad\" data-element_type=\"widget\" data-e-type=\"widget\" data-widget_type=\"text-editor.default\">\n\t\t\t\t<div class=\"elementor-widget-container\">\n\t\t\t\t\t\t\t\t\t<p><strong>A atividade de Fluidoterapia proporciona ao seu frequentador al\u00edvio f\u00edsico e espiritual, por meio de mini palestras doutrin\u00e1rias e evang\u00e9licas e o servi\u00e7o de passe e \u00e1gua fluidificada.<\/strong><\/p>\t\t\t\t\t\t\t\t<\/div>\n\t\t\t\t<\/div>\n\t\t\t\t\t<\/div>\n\t\t<\/div>\n\t\t\t\t\t<\/div>\n\t\t<\/section>\n\t\t\t\t<section class=\"elementor-section elementor-top-section elementor-element elementor-element-de35614 elementor-section-boxed elementor-section-height-default elementor-section-height-default\" data-id=\"de35614\" data-element_type=\"section\" data-e-type=\"section\">\n\t\t\t\t\t\t<div class=\"elementor-container elementor-column-gap-default\">\n\t\t\t\t\t<div class=\"elementor-column elementor-col-100 elementor-top-column elementor-element elementor-element-325cdb6\" data-id=\"325cdb6\" data-element_type=\"column\" data-e-type=\"column\">\n\t\t\t<div class=\"elementor-widget-wrap elementor-element-populated\">\n\t\t\t\t\t\t<div class=\"elementor-element elementor-element-687a84f elementor-widget elementor-widget-text-editor\" data-id=\"687a84f\" data-element_type=\"widget\" data-e-type=\"widget\" data-widget_type=\"text-editor.default\">\n\t\t\t\t<div class=\"elementor-widget-container\">\n\t\t\t\t\t\t\t\t\t<p>\u00c9 uma atividade aberta ao p\u00fablico, que objetiva proporcionar al\u00edvio f\u00edsico e espiritual atrav\u00e9s de passes e exposi\u00e7\u00f5es doutrin\u00e1rias e evang\u00e9licas.<\/p><p>O trabalho de Fluidoterapia consiste de duas mini palestras e passes (com \u00e1gua fluidificada) realizadas 3 (tr\u00eas) vezes por semana, no per\u00edodo da noite, na unidade Caiubi e uma vez por semana, aos s\u00e1bados \u00e0 tarde, na unidade Brasil\u00e2ndia e nas quartas-feiras, tamb\u00e9m \u00e0 noite, na unidade Lar Transit\u00f3rio, esta exclusiva para seus internos e volunt\u00e1rios.<\/p><p>O trabalho re\u00fane uma equipe composta de mais de 150 volunt\u00e1rios, dos quais em torno de 65 pessoas exercem a fun\u00e7\u00e3o de expositores que ministram as palestras.<\/p>\t\t\t\t\t\t\t\t<\/div>\n\t\t\t\t<\/div>\n\t\t\t\t\t<\/div>\n\t\t<\/div>\n\t\t\t\t\t<\/div>\n\t\t<\/section>\n\t\t\t\t<section class=\"elementor-section elementor-top-section elementor-element elementor-element-e6a5db4 elementor-section-boxed elementor-section-height-default elementor-section-height-default\" data-id=\"e6a5db4\" data-element_type=\"section\" data-e-type=\"section\">\n\t\t\t\t\t\t<div class=\"elementor-container elementor-column-gap-default\">\n\t\t\t\t\t<div class=\"elementor-column elementor-col-100 elementor-top-column elementor-element elementor-element-0eec628\" data-id=\"0eec628\" data-element_type=\"column\" data-e-type=\"column\">\n\t\t\t<div class=\"elementor-widget-wrap elementor-element-populated\">\n\t\t\t\t\t\t<div class=\"elementor-element elementor-element-a6b9171 elementor-widget elementor-widget-heading\" data-id=\"a6b9171\" data-element_type=\"widget\" data-e-type=\"widget\" data-widget_type=\"heading.default\">\n\t\t\t\t<div class=\"elementor-widget-container\">\n\t\t\t\t\t<h3 class=\"elementor-heading-title elementor-size-default\">Hor\u00e1rio das reuni\u00f5es de Fluidoterapia (abertas ao p\u00fablico):<\/h3>\t\t\t\t<\/div>\n\t\t\t\t<\/div>\n\t\t\t\t<div class=\"elementor-element elementor-element-419d51d elementor-widget elementor-widget-text-editor\" data-id=\"419d51d\" data-element_type=\"widget\" data-e-type=\"widget\" data-widget_type=\"text-editor.default\">\n\t\t\t\t<div class=\"elementor-widget-container\">\n\t\t\t\t\t\t\t\t\t<table class=\"grid listing\">\n<tbody>\n<tr>\n<th>UNIDADE CAIUBI (Rua Caiubi n\u00ba 1306\/Perdizes)<\/th><th>Hor\u00e1rio<\/th>\n<\/tr>\n<tr>\n<td>Segundas, Quartas e Quintas-Feiras<\/td>\n<td>Das 18h00 \u00e0s 19h00.<\/td>\n<\/tr>\n<\/tbody>\n<\/table>\n<table class=\"grid listing\">\n<tbody>\n<tr>\n<th>UNIDADE BRASIL\u00c2NDIA (Rua Jorge Pires Ramalho n\u00ba 70 \u2013 Vila Brasil\u00e2ndia)<\/th><th>Hor\u00e1rio<\/th>\n<\/tr>\n<tr>\n<td>S\u00e1bados<\/td>\n<td>Das 16h00 \u00e0s 17h00<\/td>\n<\/tr>\n<\/tbody>\n<\/table>\t\t\t\t\t\t\t\t<\/div>\n\t\t\t\t<\/div>\n\t\t\t\t\t<\/div>\n\t\t<\/div>\n\t\t\t\t\t<\/div>\n\t\t<\/section>\n\t\t\t\t<\/div>\n\t\t","protected":false},"excerpt":{"rendered":"<p>A atividade de Fluidoterapia proporciona ao seu frequentador al\u00edvio f\u00edsico e espiritual, por meio de mini palestras doutrin\u00e1rias e evang\u00e9licas e o servi\u00e7o de passe e \u00e1gua fluidificada. \u00c9 uma atividade aberta ao p\u00fablico, que objetiva proporcionar al\u00edvio f\u00edsico e espiritual atrav\u00e9s de passes e exposi\u00e7\u00f5es doutrin\u00e1rias e evang\u00e9licas. O trabalho de Fluidoterapia consiste de [&hellip;]<\/p>\n","protected":false},"author":1,"featured_media":0,"parent":0,"menu_order":0,"comment_status":"closed","ping_status":"closed","template":"","meta":{"footnotes":""},"class_list":["post-1379","page","type-page","status-publish","hentry"],"_links":{"self":[{"href":"https:\/\/daudt.com.br\/geb\/wp-json\/wp\/v2\/pages\/1379","targetHints":{"allow":["GET"]}}],"collection":[{"href":"https:\/\/daudt.com.br\/geb\/wp-json\/wp\/v2\/pages"}],"about":[{"href":"https:\/\/daudt.com.br\/geb\/wp-json\/wp\/v2\/types\/page"}],"author":[{"embeddable":true,"href":"https:\/\/daudt.com.br\/geb\/wp-json\/wp\/v2\/users\/1"}],"replies":[{"embeddable":true,"href":"https:\/\/daudt.com.br\/geb\/wp-json\/wp\/v2\/comments?post=1379"}],"version-history":[{"count":4,"href":"https:\/\/daudt.com.br\/geb\/wp-json\/wp\/v2\/pages\/1379\/revisions"}],"predecessor-version":[{"id":1383,"href":"https:\/\/daudt.com.br\/geb\/wp-json\/wp\/v2\/pages\/1379\/revisions\/1383"}],"wp:attachment":[{"href":"https:\/\/daudt.com.br\/geb\/wp-json\/wp\/v2\/media?parent=1379"}],"curies":[{"name":"wp","href":"https:\/\/api.w.org\/{rel}","templated":true}]}}