{"id":1368,"date":"2024-10-16T13:39:01","date_gmt":"2024-10-16T16:39:01","guid":{"rendered":"https:\/\/daudt.com.br\/geb\/?page_id=1368"},"modified":"2024-10-16T13:43:53","modified_gmt":"2024-10-16T16:43:53","slug":"orientacao-fraterna","status":"publish","type":"page","link":"https:\/\/daudt.com.br\/geb\/orientacao-fraterna\/","title":{"rendered":"Orienta\u00e7\u00e3o Fraterna"},"content":{"rendered":"\t\t<div data-elementor-type=\"wp-page\" data-elementor-id=\"1368\" class=\"elementor elementor-1368\">\n\t\t\t\t\t\t<section class=\"elementor-section elementor-top-section elementor-element elementor-element-49b225b elementor-section-boxed elementor-section-height-default elementor-section-height-default\" data-id=\"49b225b\" data-element_type=\"section\" data-e-type=\"section\">\n\t\t\t\t\t\t<div class=\"elementor-container elementor-column-gap-default\">\n\t\t\t\t\t<div class=\"elementor-column elementor-col-100 elementor-top-column elementor-element elementor-element-7933152\" data-id=\"7933152\" data-element_type=\"column\" data-e-type=\"column\">\n\t\t\t<div class=\"elementor-widget-wrap elementor-element-populated\">\n\t\t\t\t\t\t<div class=\"elementor-element elementor-element-971d86a elementor-widget elementor-widget-text-editor\" data-id=\"971d86a\" data-element_type=\"widget\" data-e-type=\"widget\" data-widget_type=\"text-editor.default\">\n\t\t\t\t<div class=\"elementor-widget-container\">\n\t\t\t\t\t\t\t\t\t<p><strong>Sob a luz da Doutrina Esp\u00edrita, volunt\u00e1rios acolhem e orientam pessoas com dificuldades espirituais ou prova\u00e7\u00f5es existenciais, auxiliando-as fraternalmente a utilizar suas pr\u00f3prias for\u00e7as para encontrar o caminho mais construtivo que estiver ao seu alcance.<\/strong><\/p>\t\t\t\t\t\t\t\t<\/div>\n\t\t\t\t<\/div>\n\t\t\t\t\t<\/div>\n\t\t<\/div>\n\t\t\t\t\t<\/div>\n\t\t<\/section>\n\t\t\t\t<section class=\"elementor-section elementor-top-section elementor-element elementor-element-77e584e elementor-section-boxed elementor-section-height-default elementor-section-height-default\" data-id=\"77e584e\" data-element_type=\"section\" data-e-type=\"section\">\n\t\t\t\t\t\t<div class=\"elementor-container elementor-column-gap-default\">\n\t\t\t\t\t<div class=\"elementor-column elementor-col-100 elementor-top-column elementor-element elementor-element-249ed22\" data-id=\"249ed22\" data-element_type=\"column\" data-e-type=\"column\">\n\t\t\t<div class=\"elementor-widget-wrap elementor-element-populated\">\n\t\t\t\t\t\t<div class=\"elementor-element elementor-element-73a0635 elementor-widget elementor-widget-text-editor\" data-id=\"73a0635\" data-element_type=\"widget\" data-e-type=\"widget\" data-widget_type=\"text-editor.default\">\n\t\t\t\t<div class=\"elementor-widget-container\">\n\t\t\t\t\t\t\t\t\t<p>A Orienta\u00e7\u00e3o Fraterna \u00e9 um servi\u00e7o de atendimento individual, composto de uma equipe de volunt\u00e1rios, que \u00e0 luz dos princ\u00edpios do Espiritismo e do Evangelho de Jesus, tem como objetivos:<\/p><ul><li>acolher aqueles que est\u00e3o chegando ao Grupo Esp\u00edrita Batu\u00edra, principalmente pela primeira vez, esclarecendo sobre o funcionamento da Casa e favorecendo o encaminhamento para as suas diversas atividades;<\/li><li>acolher e apoiar pessoas que est\u00e3o passando por afli\u00e7\u00f5es ou desajustes espirituais, conflitos familiares, favorecendo o reequil\u00edbrio e o conforto espiritual que a Casa oferece;<\/li><li>dar suporte fraternal aos volunt\u00e1rios trabalhadores da Casa, propiciando sempre que necess\u00e1rio, acolhimento e apoio espiritual, assim como, orienta\u00e7\u00e3o e encaminhamento \u00e0s tarefas espec\u00edficas do GEB.<\/li><\/ul>\t\t\t\t\t\t\t\t<\/div>\n\t\t\t\t<\/div>\n\t\t\t\t\t<\/div>\n\t\t<\/div>\n\t\t\t\t\t<\/div>\n\t\t<\/section>\n\t\t\t\t<section class=\"elementor-section elementor-top-section elementor-element elementor-element-780d877 elementor-section-boxed elementor-section-height-default elementor-section-height-default\" data-id=\"780d877\" data-element_type=\"section\" data-e-type=\"section\">\n\t\t\t\t\t\t<div class=\"elementor-container elementor-column-gap-default\">\n\t\t\t\t\t<div class=\"elementor-column elementor-col-100 elementor-top-column elementor-element elementor-element-aa6e3db\" data-id=\"aa6e3db\" data-element_type=\"column\" data-e-type=\"column\">\n\t\t\t<div class=\"elementor-widget-wrap elementor-element-populated\">\n\t\t\t\t\t\t<div class=\"elementor-element elementor-element-2284e9a elementor-widget elementor-widget-heading\" data-id=\"2284e9a\" data-element_type=\"widget\" data-e-type=\"widget\" data-widget_type=\"heading.default\">\n\t\t\t\t<div class=\"elementor-widget-container\">\n\t\t\t\t\t<h3 class=\"elementor-heading-title elementor-size-default\">Atendimento da Orienta\u00e7\u00e3o Fraterna<\/h3>\t\t\t\t<\/div>\n\t\t\t\t<\/div>\n\t\t\t\t<div class=\"elementor-element elementor-element-b4a91a2 elementor-widget elementor-widget-text-editor\" data-id=\"b4a91a2\" data-element_type=\"widget\" data-e-type=\"widget\" data-widget_type=\"text-editor.default\">\n\t\t\t\t<div class=\"elementor-widget-container\">\n\t\t\t\t\t\t\t\t\t<p>Unidade Doutrin\u00e1ria Spartaco Ghilardi &#8211; Rua Caiubi n\u00ba 1306 &#8211; Perdizes<\/p>\t\t\t\t\t\t\t\t<\/div>\n\t\t\t\t<\/div>\n\t\t\t\t<div class=\"elementor-element elementor-element-c06cb0f elementor-widget elementor-widget-text-editor\" data-id=\"c06cb0f\" data-element_type=\"widget\" data-e-type=\"widget\" data-widget_type=\"text-editor.default\">\n\t\t\t\t<div class=\"elementor-widget-container\">\n\t\t\t\t\t\t\t\t\t<table class=\"grid listing\">\n<tbody>\n<tr><th>Dias\/Hor\u00e1rios<\/th><th>   Agendamento<\/th><th>Atendimento <\/th><\/tr>\n<tr>\n<td>Segundas, Quartas e Sextas-Feiras<\/td>\n<td> Das 14h30 \u00e0s 15h<\/td>\n<td><span style=\"text-align: left; \">Das 15h \u00e0s 17h<\/span><\/td>\n<\/tr>\n<tr>\n<td>Ter\u00e7as-Feiras<\/td>\n<td> Das 16h30 \u00e0s 17h<\/td>\n<td><span style=\"text-align: left; \">Das 17h \u00e0s 19h<\/span><\/td>\n<\/tr>\n<tr>\n<td>Quintas-Feiras<\/td>\n<td> Das 17h30 \u00e0s 18h<\/td>\n<td>Das 18h \u00e0s 19h30<\/td>\n<\/tr>\n<\/tbody>\n<\/table>\t\t\t\t\t\t\t\t<\/div>\n\t\t\t\t<\/div>\n\t\t\t\t\t<\/div>\n\t\t<\/div>\n\t\t\t\t\t<\/div>\n\t\t<\/section>\n\t\t\t\t<section class=\"elementor-section elementor-top-section elementor-element elementor-element-789f68a elementor-section-boxed elementor-section-height-default elementor-section-height-default\" data-id=\"789f68a\" data-element_type=\"section\" data-e-type=\"section\">\n\t\t\t\t\t\t<div class=\"elementor-container elementor-column-gap-default\">\n\t\t\t\t\t<div class=\"elementor-column elementor-col-100 elementor-top-column elementor-element elementor-element-e870a65\" data-id=\"e870a65\" data-element_type=\"column\" data-e-type=\"column\">\n\t\t\t<div class=\"elementor-widget-wrap elementor-element-populated\">\n\t\t\t\t\t\t<div class=\"elementor-element elementor-element-c9dc938 elementor-widget elementor-widget-heading\" data-id=\"c9dc938\" data-element_type=\"widget\" data-e-type=\"widget\" data-widget_type=\"heading.default\">\n\t\t\t\t<div class=\"elementor-widget-container\">\n\t\t\t\t\t<h3 class=\"elementor-heading-title elementor-size-default\">Agendamentos<\/h3>\t\t\t\t<\/div>\n\t\t\t\t<\/div>\n\t\t\t\t<div class=\"elementor-element elementor-element-cc98da2 elementor-widget elementor-widget-text-editor\" data-id=\"cc98da2\" data-element_type=\"widget\" data-e-type=\"widget\" data-widget_type=\"text-editor.default\">\n\t\t\t\t<div class=\"elementor-widget-container\">\n\t\t\t\t\t\t\t\t\t<p>Somente presencial, por ordem de chegada, meia hora antes do in\u00edcio dos atendimentos, conforme hor\u00e1rios acima descritos, em nossa Unidade da Caiubi. N\u00e3o fazemos agendamento e\/ou atendimento por telefone ou e-mail.<\/p>\t\t\t\t\t\t\t\t<\/div>\n\t\t\t\t<\/div>\n\t\t\t\t\t<\/div>\n\t\t<\/div>\n\t\t\t\t\t<\/div>\n\t\t<\/section>\n\t\t\t\t<\/div>\n\t\t","protected":false},"excerpt":{"rendered":"<p>Sob a luz da Doutrina Esp\u00edrita, volunt\u00e1rios acolhem e orientam pessoas com dificuldades espirituais ou prova\u00e7\u00f5es existenciais, auxiliando-as fraternalmente a utilizar suas pr\u00f3prias for\u00e7as para encontrar o caminho mais construtivo que estiver ao seu alcance. A Orienta\u00e7\u00e3o Fraterna \u00e9 um servi\u00e7o de atendimento individual, composto de uma equipe de volunt\u00e1rios, que \u00e0 luz dos princ\u00edpios [&hellip;]<\/p>\n","protected":false},"author":1,"featured_media":0,"parent":0,"menu_order":0,"comment_status":"closed","ping_status":"closed","template":"","meta":{"footnotes":""},"class_list":["post-1368","page","type-page","status-publish","hentry"],"_links":{"self":[{"href":"https:\/\/daudt.com.br\/geb\/wp-json\/wp\/v2\/pages\/1368","targetHints":{"allow":["GET"]}}],"collection":[{"href":"https:\/\/daudt.com.br\/geb\/wp-json\/wp\/v2\/pages"}],"about":[{"href":"https:\/\/daudt.com.br\/geb\/wp-json\/wp\/v2\/types\/page"}],"author":[{"embeddable":true,"href":"https:\/\/daudt.com.br\/geb\/wp-json\/wp\/v2\/users\/1"}],"replies":[{"embeddable":true,"href":"https:\/\/daudt.com.br\/geb\/wp-json\/wp\/v2\/comments?post=1368"}],"version-history":[{"count":7,"href":"https:\/\/daudt.com.br\/geb\/wp-json\/wp\/v2\/pages\/1368\/revisions"}],"predecessor-version":[{"id":1375,"href":"https:\/\/daudt.com.br\/geb\/wp-json\/wp\/v2\/pages\/1368\/revisions\/1375"}],"wp:attachment":[{"href":"https:\/\/daudt.com.br\/geb\/wp-json\/wp\/v2\/media?parent=1368"}],"curies":[{"name":"wp","href":"https:\/\/api.w.org\/{rel}","templated":true}]}}