{"id":1357,"date":"2024-10-16T13:33:37","date_gmt":"2024-10-16T16:33:37","guid":{"rendered":"https:\/\/daudt.com.br\/geb\/?page_id=1357"},"modified":"2024-10-16T13:36:04","modified_gmt":"2024-10-16T16:36:04","slug":"grupos-de-estudos","status":"publish","type":"page","link":"https:\/\/daudt.com.br\/geb\/grupos-de-estudos\/","title":{"rendered":"Grupos de Estudos"},"content":{"rendered":"\t\t<div data-elementor-type=\"wp-page\" data-elementor-id=\"1357\" class=\"elementor elementor-1357\">\n\t\t\t\t\t\t<section class=\"elementor-section elementor-top-section elementor-element elementor-element-c94e2a3 elementor-section-boxed elementor-section-height-default elementor-section-height-default\" data-id=\"c94e2a3\" data-element_type=\"section\" data-e-type=\"section\">\n\t\t\t\t\t\t<div class=\"elementor-container elementor-column-gap-default\">\n\t\t\t\t\t<div class=\"elementor-column elementor-col-100 elementor-top-column elementor-element elementor-element-37af597\" data-id=\"37af597\" data-element_type=\"column\" data-e-type=\"column\">\n\t\t\t<div class=\"elementor-widget-wrap elementor-element-populated\">\n\t\t\t\t\t\t<div class=\"elementor-element elementor-element-a2beec0 elementor-widget elementor-widget-heading\" data-id=\"a2beec0\" data-element_type=\"widget\" data-e-type=\"widget\" data-widget_type=\"heading.default\">\n\t\t\t\t<div class=\"elementor-widget-container\">\n\t\t\t\t\t<h2 class=\"elementor-heading-title elementor-size-default\">Grupos de Estudos Allan Kardec - GEAK<\/h2>\t\t\t\t<\/div>\n\t\t\t\t<\/div>\n\t\t\t\t\t<\/div>\n\t\t<\/div>\n\t\t\t\t\t<\/div>\n\t\t<\/section>\n\t\t\t\t<section class=\"elementor-section elementor-top-section elementor-element elementor-element-47bdb11 elementor-section-boxed elementor-section-height-default elementor-section-height-default\" data-id=\"47bdb11\" data-element_type=\"section\" data-e-type=\"section\">\n\t\t\t\t\t\t<div class=\"elementor-container elementor-column-gap-default\">\n\t\t\t\t\t<div class=\"elementor-column elementor-col-100 elementor-top-column elementor-element elementor-element-1610a72\" data-id=\"1610a72\" data-element_type=\"column\" data-e-type=\"column\">\n\t\t\t<div class=\"elementor-widget-wrap elementor-element-populated\">\n\t\t\t\t\t\t<div class=\"elementor-element elementor-element-c78aa06 elementor-widget elementor-widget-text-editor\" data-id=\"c78aa06\" data-element_type=\"widget\" data-e-type=\"widget\" data-widget_type=\"text-editor.default\">\n\t\t\t\t<div class=\"elementor-widget-container\">\n\t\t\t\t\t\t\t\t\t<p><strong>O GEB promove o estudo sequencial de livros da codifica\u00e7\u00e3o e da literatura da Doutrina Esp\u00edrita, tais como: Evangelho segundo o Espiritismo, A G\u00eanese, O Livro dos Esp\u00edritos, obras de Andr\u00e9 Luiz e Emmanuel.<\/strong><\/p>\t\t\t\t\t\t\t\t<\/div>\n\t\t\t\t<\/div>\n\t\t\t\t\t<\/div>\n\t\t<\/div>\n\t\t\t\t\t<\/div>\n\t\t<\/section>\n\t\t\t\t<section class=\"elementor-section elementor-top-section elementor-element elementor-element-040efeb elementor-section-boxed elementor-section-height-default elementor-section-height-default\" data-id=\"040efeb\" data-element_type=\"section\" data-e-type=\"section\">\n\t\t\t\t\t\t<div class=\"elementor-container elementor-column-gap-default\">\n\t\t\t\t\t<div class=\"elementor-column elementor-col-100 elementor-top-column elementor-element elementor-element-dfa9839\" data-id=\"dfa9839\" data-element_type=\"column\" data-e-type=\"column\">\n\t\t\t<div class=\"elementor-widget-wrap elementor-element-populated\">\n\t\t\t\t\t\t<div class=\"elementor-element elementor-element-d668fd7 elementor-widget elementor-widget-heading\" data-id=\"d668fd7\" data-element_type=\"widget\" data-e-type=\"widget\" data-widget_type=\"heading.default\">\n\t\t\t\t<div class=\"elementor-widget-container\">\n\t\t\t\t\t<h2 class=\"elementor-heading-title elementor-size-default\">Objetivo<\/h2>\t\t\t\t<\/div>\n\t\t\t\t<\/div>\n\t\t\t\t<div class=\"elementor-element elementor-element-9828994 elementor-widget elementor-widget-text-editor\" data-id=\"9828994\" data-element_type=\"widget\" data-e-type=\"widget\" data-widget_type=\"text-editor.default\">\n\t\t\t\t<div class=\"elementor-widget-container\">\n\t\t\t\t\t\t\t\t\t<p>O Grupo Esp\u00edrita Batu\u00edra oferece estudo sistem\u00e1tico sobre as obras esp\u00edritas codificadas por Allan Kardec, utilizando-se como metodologia o formato de grupos de estudos.<\/p><p>Objetiva-se n\u00e3o s\u00f3 uma vis\u00e3o da estrutura geral da sua obra, mas o aprendizado, discuss\u00e3o e aprofundamento nos detalhes dos cap\u00edtulos integrantes de cada um dos livros da Codifica\u00e7\u00e3o, de uma forma did\u00e1tica, com as vantagens da troca de experi\u00eancias e conhecimentos do estudo em grupo.<\/p><p>Este modelo adotado tem apresentado resultados muito positivos, pois permite uma interatividade entre os participantes e absor\u00e7\u00e3o dos ensinos dos Esp\u00edritos contidos nas obras de Kardec.<\/p>\t\t\t\t\t\t\t\t<\/div>\n\t\t\t\t<\/div>\n\t\t\t\t\t<\/div>\n\t\t<\/div>\n\t\t\t\t\t<\/div>\n\t\t<\/section>\n\t\t\t\t<section class=\"elementor-section elementor-top-section elementor-element elementor-element-877dfb6 elementor-section-boxed elementor-section-height-default elementor-section-height-default\" data-id=\"877dfb6\" data-element_type=\"section\" data-e-type=\"section\">\n\t\t\t\t\t\t<div class=\"elementor-container elementor-column-gap-default\">\n\t\t\t\t\t<div class=\"elementor-column elementor-col-100 elementor-top-column elementor-element elementor-element-0739bae\" data-id=\"0739bae\" data-element_type=\"column\" data-e-type=\"column\">\n\t\t\t<div class=\"elementor-widget-wrap elementor-element-populated\">\n\t\t\t\t\t\t<div class=\"elementor-element elementor-element-7c9c2a9 elementor-widget elementor-widget-heading\" data-id=\"7c9c2a9\" data-element_type=\"widget\" data-e-type=\"widget\" data-widget_type=\"heading.default\">\n\t\t\t\t<div class=\"elementor-widget-container\">\n\t\t\t\t\t<h2 class=\"elementor-heading-title elementor-size-default\">Formata\u00e7\u00e3o dos Grupos de Estudos<\/h2>\t\t\t\t<\/div>\n\t\t\t\t<\/div>\n\t\t\t\t<div class=\"elementor-element elementor-element-26b5a58 elementor-widget elementor-widget-text-editor\" data-id=\"26b5a58\" data-element_type=\"widget\" data-e-type=\"widget\" data-widget_type=\"text-editor.default\">\n\t\t\t\t<div class=\"elementor-widget-container\">\n\t\t\t\t\t\t\t\t\t<p>Reuni\u00f5es semanais, com a dura\u00e7\u00e3o de uma hora e meia at\u00e9 no m\u00e1ximo 2 horas, em grupos de 10 a 15 participantes, sob a coordena\u00e7\u00e3o de facilitadores volunt\u00e1rios.<\/p><p>Neste formato de grupos de estudos, os livros s\u00e3o lidos em sua totalidade e comentados entre os participantes, sob orienta\u00e7\u00e3o de facilitadores volunt\u00e1rios, familiarizados com as obras estudadas, sendo, inclusive, poss\u00edvel utilizar-se de bibliografia auxiliar.<\/p><p>Os grupos de estudos s\u00e3o formados a partir de inscri\u00e7\u00f5es e renovados em per\u00edodos de 1 ou 2 anos, dando assim oportunidade de v\u00e1rias pessoas se familiarizarem com as obras de Allan Kardec.<\/p><p>O calend\u00e1rio estabelecido pelo GEB permite o funcionamento de grupos durante todo o ano. A cada dois meses, em m\u00e9dia, sempre h\u00e1 algum dos grupos com inscri\u00e7\u00f5es abertas, o que permite aos interessados iniciar ou reciclar os estudos sobre os mais variados aspectos e \u00e2ngulos doutrin\u00e1rios apresentados pelos livros da codifica\u00e7\u00e3o Esp\u00edrita.<\/p>\t\t\t\t\t\t\t\t<\/div>\n\t\t\t\t<\/div>\n\t\t\t\t\t<\/div>\n\t\t<\/div>\n\t\t\t\t\t<\/div>\n\t\t<\/section>\n\t\t\t\t<section class=\"elementor-section elementor-top-section elementor-element elementor-element-b2fc173 elementor-section-boxed elementor-section-height-default elementor-section-height-default\" data-id=\"b2fc173\" data-element_type=\"section\" data-e-type=\"section\">\n\t\t\t\t\t\t<div class=\"elementor-container elementor-column-gap-default\">\n\t\t\t\t\t<div class=\"elementor-column elementor-col-100 elementor-top-column elementor-element elementor-element-4eb616f\" data-id=\"4eb616f\" data-element_type=\"column\" data-e-type=\"column\">\n\t\t\t<div class=\"elementor-widget-wrap elementor-element-populated\">\n\t\t\t\t\t\t<div class=\"elementor-element elementor-element-7047b3d elementor-widget elementor-widget-heading\" data-id=\"7047b3d\" data-element_type=\"widget\" data-e-type=\"widget\" data-widget_type=\"heading.default\">\n\t\t\t\t<div class=\"elementor-widget-container\">\n\t\t\t\t\t<h2 class=\"elementor-heading-title elementor-size-default\">Quem pode participar<\/h2>\t\t\t\t<\/div>\n\t\t\t\t<\/div>\n\t\t\t\t<div class=\"elementor-element elementor-element-11ecac0 elementor-widget elementor-widget-text-editor\" data-id=\"11ecac0\" data-element_type=\"widget\" data-e-type=\"widget\" data-widget_type=\"text-editor.default\">\n\t\t\t\t<div class=\"elementor-widget-container\">\n\t\t\t\t\t\t\t\t\t<p>Para fazer parte dos grupos de estudos n\u00e3o \u00e9 necess\u00e1rio ser Esp\u00edrita ou mesmo frequentador da Casa. Basta ter a vontade expressa de conhecer e estudar a Doutrina. As inscri\u00e7\u00f5es, quando abertas, podem ser feitas online, no site do GEB, ou na recep\u00e7\u00e3o do Unidade Doutrin\u00e1ria Spartaco Ghilardi, Rua Caiubi n\u00ba 1360.<\/p>\t\t\t\t\t\t\t\t<\/div>\n\t\t\t\t<\/div>\n\t\t\t\t\t<\/div>\n\t\t<\/div>\n\t\t\t\t\t<\/div>\n\t\t<\/section>\n\t\t\t\t<\/div>\n\t\t","protected":false},"excerpt":{"rendered":"<p>Grupos de Estudos Allan Kardec &#8211; GEAK O GEB promove o estudo sequencial de livros da codifica\u00e7\u00e3o e da literatura da Doutrina Esp\u00edrita, tais como: Evangelho segundo o Espiritismo, A G\u00eanese, O Livro dos Esp\u00edritos, obras de Andr\u00e9 Luiz e Emmanuel. Objetivo O Grupo Esp\u00edrita Batu\u00edra oferece estudo sistem\u00e1tico sobre as obras esp\u00edritas codificadas por [&hellip;]<\/p>\n","protected":false},"author":1,"featured_media":0,"parent":0,"menu_order":0,"comment_status":"closed","ping_status":"closed","template":"","meta":{"footnotes":""},"class_list":["post-1357","page","type-page","status-publish","hentry"],"_links":{"self":[{"href":"https:\/\/daudt.com.br\/geb\/wp-json\/wp\/v2\/pages\/1357","targetHints":{"allow":["GET"]}}],"collection":[{"href":"https:\/\/daudt.com.br\/geb\/wp-json\/wp\/v2\/pages"}],"about":[{"href":"https:\/\/daudt.com.br\/geb\/wp-json\/wp\/v2\/types\/page"}],"author":[{"embeddable":true,"href":"https:\/\/daudt.com.br\/geb\/wp-json\/wp\/v2\/users\/1"}],"replies":[{"embeddable":true,"href":"https:\/\/daudt.com.br\/geb\/wp-json\/wp\/v2\/comments?post=1357"}],"version-history":[{"count":4,"href":"https:\/\/daudt.com.br\/geb\/wp-json\/wp\/v2\/pages\/1357\/revisions"}],"predecessor-version":[{"id":1361,"href":"https:\/\/daudt.com.br\/geb\/wp-json\/wp\/v2\/pages\/1357\/revisions\/1361"}],"wp:attachment":[{"href":"https:\/\/daudt.com.br\/geb\/wp-json\/wp\/v2\/media?parent=1357"}],"curies":[{"name":"wp","href":"https:\/\/api.w.org\/{rel}","templated":true}]}}