{"id":1097,"date":"2024-10-16T01:37:46","date_gmt":"2024-10-16T04:37:46","guid":{"rendered":"https:\/\/daudt.com.br\/geb\/?page_id=1097"},"modified":"2024-10-17T16:47:18","modified_gmt":"2024-10-17T19:47:18","slug":"saude","status":"publish","type":"page","link":"https:\/\/daudt.com.br\/geb\/saude\/","title":{"rendered":"Sa\u00fade"},"content":{"rendered":"\t\t<div data-elementor-type=\"wp-page\" data-elementor-id=\"1097\" class=\"elementor elementor-1097\">\n\t\t\t\t<div class=\"elementor-element elementor-element-adf86ec e-flex e-con-boxed e-con e-parent\" data-id=\"adf86ec\" data-element_type=\"container\" data-e-type=\"container\">\n\t\t\t\t\t<div class=\"e-con-inner\">\n\t\t\t\t<div class=\"elementor-element elementor-element-7de7ac3 elementor-widget elementor-widget-heading\" data-id=\"7de7ac3\" data-element_type=\"widget\" data-e-type=\"widget\" data-widget_type=\"heading.default\">\n\t\t\t\t<div class=\"elementor-widget-container\">\n\t\t\t\t\t<h3 class=\"elementor-heading-title elementor-size-default\">AME - Ambulat\u00f3rio M\u00e9dico Esp\u00edrita<\/h3>\t\t\t\t<\/div>\n\t\t\t\t<\/div>\n\t\t\t\t<div class=\"elementor-element elementor-element-f6b4ec4 elementor-widget elementor-widget-text-editor\" data-id=\"f6b4ec4\" data-element_type=\"widget\" data-e-type=\"widget\" data-widget_type=\"text-editor.default\">\n\t\t\t\t<div class=\"elementor-widget-container\">\n\t\t\t\t\t\t\t\t\t<p>Uma equipe de especialistas formada por m\u00e9dicos, odontologistas e prot\u00e9ticos identificam as necessidades dos assistidos e encaminham para o tratamento adequado.<\/p>\t\t\t\t\t\t\t\t<\/div>\n\t\t\t\t<\/div>\n\t\t\t\t<div class=\"elementor-element elementor-element-49f9698 elementor-widget elementor-widget-heading\" data-id=\"49f9698\" data-element_type=\"widget\" data-e-type=\"widget\" data-widget_type=\"heading.default\">\n\t\t\t\t<div class=\"elementor-widget-container\">\n\t\t\t\t\t<h3 class=\"elementor-heading-title elementor-size-default\">Sa\u00fade para quem Precisa<\/h3>\t\t\t\t<\/div>\n\t\t\t\t<\/div>\n\t\t\t\t<div class=\"elementor-element elementor-element-ed5d02a elementor-widget elementor-widget-text-editor\" data-id=\"ed5d02a\" data-element_type=\"widget\" data-e-type=\"widget\" data-widget_type=\"text-editor.default\">\n\t\t\t\t<div class=\"elementor-widget-container\">\n\t\t\t\t\t\t\t\t\t<p><img fetchpriority=\"high\" decoding=\"async\" class=\"size-medium wp-image-2079 alignright\" src=\"https:\/\/daudt.com.br\/geb\/wp-content\/uploads\/2024\/10\/ame-300x200.jpeg\" alt=\"\" width=\"300\" height=\"200\" srcset=\"https:\/\/daudt.com.br\/geb\/wp-content\/uploads\/2024\/10\/ame-300x200.jpeg 300w, https:\/\/daudt.com.br\/geb\/wp-content\/uploads\/2024\/10\/ame.jpeg 400w\" sizes=\"(max-width: 300px) 100vw, 300px\" \/>Realizados gratuitamente por profissionais especializados, todos eles volunt\u00e1rios, os atendimentos t\u00eam a finalidade de atender a pacientes com problemas de sa\u00fade.<\/p>\n<p><!-- \/wp:paragraph --><!-- wp:paragraph --><\/p>\n<p>Em casos mais graves, orientam e encaminham os pacientes para os hospitais municipais ou postos de sa\u00fade da rede p\u00fablica.<\/p>\n<p><!-- \/wp:paragraph --><!-- wp:heading {\"level\":4} --><\/p>\t\t\t\t\t\t\t\t<\/div>\n\t\t\t\t<\/div>\n\t\t\t\t<div class=\"elementor-element elementor-element-73d0bfa elementor-widget elementor-widget-heading\" data-id=\"73d0bfa\" data-element_type=\"widget\" data-e-type=\"widget\" data-widget_type=\"heading.default\">\n\t\t\t\t<div class=\"elementor-widget-container\">\n\t\t\t\t\t<h4 class=\"elementor-heading-title elementor-size-default\">Local:<\/h4>\t\t\t\t<\/div>\n\t\t\t\t<\/div>\n\t\t\t\t<div class=\"elementor-element elementor-element-4b856fa elementor-widget elementor-widget-text-editor\" data-id=\"4b856fa\" data-element_type=\"widget\" data-e-type=\"widget\" data-widget_type=\"text-editor.default\">\n\t\t\t\t<div class=\"elementor-widget-container\">\n\t\t\t\t\t\t\t\t\t<figure class=\"wp-block-table\">\n<table class=\"has-fixed-layout\">\n<tbody>\n<tr>\n<td><strong>UNIDADE BRASIL\u00c2NDIA (Rua Jorge Pires Ramalho n\u00ba 70 \u2013 Vila Brasil\u00e2ndia)<\/strong><\/td>\n<\/tr>\n<\/tbody>\n<\/table>\n<\/figure>\n<p><!-- \/wp:table --><!-- wp:table --><\/p>\n<figure class=\"wp-block-table\">\n<table class=\"has-fixed-layout\">\n<tbody>\n<tr>\n<td><strong>ATENDIMENTO M\u00c9DICO ASSISTENCIAL \u2013 AME<\/strong><\/td>\n<td><strong>Hor\u00e1rio<\/strong><\/td>\n<td><strong>Observa\u00e7\u00f5es<\/strong><\/td>\n<\/tr>\n<tr>\n<td><strong>S\u00e1bado<\/strong><\/td>\n<td><strong>Das 8h \u00e0s 11h<\/strong><\/td>\n<td><strong>Atendimento com cl\u00ednico geral e pediatra<\/strong><\/td>\n<\/tr>\n<\/tbody>\n<\/table>\n<\/figure>\t\t\t\t\t\t\t\t<\/div>\n\t\t\t\t<\/div>\n\t\t\t\t<div class=\"elementor-element elementor-element-cd64b5e elementor-widget elementor-widget-heading\" data-id=\"cd64b5e\" data-element_type=\"widget\" data-e-type=\"widget\" data-widget_type=\"heading.default\">\n\t\t\t\t<div class=\"elementor-widget-container\">\n\t\t\t\t\t<h3 class=\"elementor-heading-title elementor-size-default\">Atendimento Odontol\u00f3gico<\/h3>\t\t\t\t<\/div>\n\t\t\t\t<\/div>\n\t\t\t\t<div class=\"elementor-element elementor-element-335cab6 elementor-widget elementor-widget-text-editor\" data-id=\"335cab6\" data-element_type=\"widget\" data-e-type=\"widget\" data-widget_type=\"text-editor.default\">\n\t\t\t\t<div class=\"elementor-widget-container\">\n\t\t\t\t\t\t\t\t\t<p><img decoding=\"async\" class=\"size-medium wp-image-2077 alignright\" src=\"https:\/\/daudt.com.br\/geb\/wp-content\/uploads\/2024\/10\/Atendimento-odontologico--300x200.jpeg\" alt=\"\" width=\"300\" height=\"200\" srcset=\"https:\/\/daudt.com.br\/geb\/wp-content\/uploads\/2024\/10\/Atendimento-odontologico--300x200.jpeg 300w, https:\/\/daudt.com.br\/geb\/wp-content\/uploads\/2024\/10\/Atendimento-odontologico--1024x683.jpeg 1024w, https:\/\/daudt.com.br\/geb\/wp-content\/uploads\/2024\/10\/Atendimento-odontologico--768x512.jpeg 768w, https:\/\/daudt.com.br\/geb\/wp-content\/uploads\/2024\/10\/Atendimento-odontologico--1536x1024.jpeg 1536w, https:\/\/daudt.com.br\/geb\/wp-content\/uploads\/2024\/10\/Atendimento-odontologico--2048x1365.jpeg 2048w\" sizes=\"(max-width: 300px) 100vw, 300px\" \/>O objetivo \u00e9 oferecer tratamento a pacientes da comunidade de entorno de Vila Brasil\u00e2ndia, com dificuldade de acesso aos servi\u00e7os de assist\u00eancia \u00e0 sa\u00fade p\u00fablica ou privada na \u00e1rea de odontologia e pr\u00f3tese dent\u00e1rias. \u00c9 realizado por profissionais especializados, todos eles volunt\u00e1rios, que, se encaminham os assistidos para outros locais de atendimento mais especializado.<\/p>\n<p><!-- \/wp:paragraph --><!-- wp:paragraph --><\/p>\n<p><strong>Local de Atendimento: Rua Jorge Pires Ramalho n\u00ba 70 \u2013 Vila Brasil\u00e2ndia<\/strong><\/p>\n<p><!-- \/wp:paragraph --><!-- wp:paragraph --><\/p>\n<p><strong>Para ter acesso ao atendimento, \u00e9 preciso preencher ficha, que se encontra dispon\u00edvel na postaria da unidade. A volunt\u00e1ria da \u00e1rea entrar\u00e1 em contato para realizar o agendamento.<\/strong><\/p>\n<p><!-- \/wp:paragraph --><!-- wp:table --><\/p>\n<figure class=\"wp-block-table\">\n<table class=\"has-fixed-layout\">\n<tbody>\n<tr>\n<td><strong>ATENDIMENTO ODONTOL\u00d3GICO E PR\u00d3TESES DENT\u00c1RIAS<\/strong><\/td>\n<td><strong>Hor\u00e1rio<\/strong><\/td>\n<td><strong>Observa\u00e7\u00f5es<\/strong><\/td>\n<\/tr>\n<tr>\n<td><strong>2as. , 4as. E 6as feiras<\/strong><\/td>\n<td><strong>Das 8h \u00e0s 11h<\/strong><\/td>\n<td><strong>Consulta<\/strong><\/td>\n<\/tr>\n<tr>\n<td><strong>4as. e 5as. feiras<\/strong><\/td>\n<td><strong>13h30h \u00e0s 16h<\/strong><\/td>\n<td><strong>Consulta<\/strong><\/td>\n<\/tr>\n<tr>\n<td><strong>S\u00e1bados<\/strong><\/td>\n<td><strong>8h \u00e0s 11h<\/strong><\/td>\n<td><strong>Consulta<\/strong><\/td>\n<\/tr>\n<\/tbody>\n<\/table>\n<\/figure>\t\t\t\t\t\t\t\t<\/div>\n\t\t\t\t<\/div>\n\t\t\t\t\t<\/div>\n\t\t\t\t<\/div>\n\t\t\t\t<\/div>\n\t\t","protected":false},"excerpt":{"rendered":"<p>AME &#8211; Ambulat\u00f3rio M\u00e9dico Esp\u00edrita Uma equipe de especialistas formada por m\u00e9dicos, odontologistas e prot\u00e9ticos identificam as necessidades dos assistidos e encaminham para o tratamento adequado. Sa\u00fade para quem Precisa Realizados gratuitamente por profissionais especializados, todos eles volunt\u00e1rios, os atendimentos t\u00eam a finalidade de atender a pacientes com problemas de sa\u00fade. Em casos mais graves, [&hellip;]<\/p>\n","protected":false},"author":1,"featured_media":0,"parent":0,"menu_order":0,"comment_status":"closed","ping_status":"closed","template":"","meta":{"footnotes":""},"class_list":["post-1097","page","type-page","status-publish","hentry"],"_links":{"self":[{"href":"https:\/\/daudt.com.br\/geb\/wp-json\/wp\/v2\/pages\/1097","targetHints":{"allow":["GET"]}}],"collection":[{"href":"https:\/\/daudt.com.br\/geb\/wp-json\/wp\/v2\/pages"}],"about":[{"href":"https:\/\/daudt.com.br\/geb\/wp-json\/wp\/v2\/types\/page"}],"author":[{"embeddable":true,"href":"https:\/\/daudt.com.br\/geb\/wp-json\/wp\/v2\/users\/1"}],"replies":[{"embeddable":true,"href":"https:\/\/daudt.com.br\/geb\/wp-json\/wp\/v2\/comments?post=1097"}],"version-history":[{"count":14,"href":"https:\/\/daudt.com.br\/geb\/wp-json\/wp\/v2\/pages\/1097\/revisions"}],"predecessor-version":[{"id":2085,"href":"https:\/\/daudt.com.br\/geb\/wp-json\/wp\/v2\/pages\/1097\/revisions\/2085"}],"wp:attachment":[{"href":"https:\/\/daudt.com.br\/geb\/wp-json\/wp\/v2\/media?parent=1097"}],"curies":[{"name":"wp","href":"https:\/\/api.w.org\/{rel}","templated":true}]}}