{"id":1095,"date":"2024-10-16T01:36:06","date_gmt":"2024-10-16T04:36:06","guid":{"rendered":"https:\/\/daudt.com.br\/geb\/?page_id=1095"},"modified":"2024-10-17T16:43:46","modified_gmt":"2024-10-17T19:43:46","slug":"cultura-e-arte","status":"publish","type":"page","link":"https:\/\/daudt.com.br\/geb\/cultura-e-arte\/","title":{"rendered":"Cultura e Arte"},"content":{"rendered":"\t\t<div data-elementor-type=\"wp-page\" data-elementor-id=\"1095\" class=\"elementor elementor-1095\">\n\t\t\t\t<div class=\"elementor-element elementor-element-42a4fce e-flex e-con-boxed e-con e-parent\" data-id=\"42a4fce\" data-element_type=\"container\" data-e-type=\"container\">\n\t\t\t\t\t<div class=\"e-con-inner\">\n\t\t<div class=\"elementor-element elementor-element-7f17ec5 e-con-full e-flex e-con e-child\" data-id=\"7f17ec5\" data-element_type=\"container\" data-e-type=\"container\">\n\t\t\t\t<div class=\"elementor-element elementor-element-d04068d elementor-widget elementor-widget-image\" data-id=\"d04068d\" data-element_type=\"widget\" data-e-type=\"widget\" data-widget_type=\"image.default\">\n\t\t\t\t<div class=\"elementor-widget-container\">\n\t\t\t\t\t\t\t\t\t\t\t\t\t\t\t<img fetchpriority=\"high\" decoding=\"async\" width=\"400\" height=\"253\" src=\"https:\/\/daudt.com.br\/geb\/wp-content\/uploads\/2024\/10\/coral_interludio.jpeg\" class=\"attachment-large size-large wp-image-2073\" alt=\"\" srcset=\"https:\/\/daudt.com.br\/geb\/wp-content\/uploads\/2024\/10\/coral_interludio.jpeg 400w, https:\/\/daudt.com.br\/geb\/wp-content\/uploads\/2024\/10\/coral_interludio-300x190.jpeg 300w\" sizes=\"(max-width: 400px) 100vw, 400px\" \/>\t\t\t\t\t\t\t\t\t\t\t\t\t\t\t<\/div>\n\t\t\t\t<\/div>\n\t\t\t\t<\/div>\n\t\t<div class=\"elementor-element elementor-element-d42cb5d e-con-full e-flex e-con e-child\" data-id=\"d42cb5d\" data-element_type=\"container\" data-e-type=\"container\">\n\t\t\t\t<div class=\"elementor-element elementor-element-7dd208e elementor-widget elementor-widget-text-editor\" data-id=\"7dd208e\" data-element_type=\"widget\" data-e-type=\"widget\" data-widget_type=\"text-editor.default\">\n\t\t\t\t<div class=\"elementor-widget-container\">\n\t\t\t\t\t\t\t\t\t\n<h3 class=\"wp-block-heading\">Coral Interl\u00fadio<\/h3>\n\n\n\n<p>Formado por volunt\u00e1rios e frequentadores do Grupo Esp\u00edrita Batu\u00edra, o Coral Interl\u00fadio \u00e9 regido por Eliana Corazza Galassi.<\/p>\n\n\n\n<p><a href=\"\/geb\/espaco-apinages\/\">Consulte em Unidades \/ Espa\u00e7o Apinag\u00e9s &gt;&gt;&gt;<\/a><\/p>\n\n\n\n<p>&nbsp;<\/p>\n\t\t\t\t\t\t\t\t<\/div>\n\t\t\t\t<\/div>\n\t\t\t\t<\/div>\n\t\t\t\t\t<\/div>\n\t\t\t\t<\/div>\n\t\t\t\t<\/div>\n\t\t","protected":false},"excerpt":{"rendered":"<p>Coral Interl\u00fadio Formado por volunt\u00e1rios e frequentadores do Grupo Esp\u00edrita Batu\u00edra, o Coral Interl\u00fadio \u00e9 regido por Eliana Corazza Galassi. Consulte em Unidades \/ Espa\u00e7o Apinag\u00e9s &gt;&gt;&gt; &nbsp;<\/p>\n","protected":false},"author":1,"featured_media":0,"parent":0,"menu_order":0,"comment_status":"closed","ping_status":"closed","template":"","meta":{"footnotes":""},"class_list":["post-1095","page","type-page","status-publish","hentry"],"_links":{"self":[{"href":"https:\/\/daudt.com.br\/geb\/wp-json\/wp\/v2\/pages\/1095","targetHints":{"allow":["GET"]}}],"collection":[{"href":"https:\/\/daudt.com.br\/geb\/wp-json\/wp\/v2\/pages"}],"about":[{"href":"https:\/\/daudt.com.br\/geb\/wp-json\/wp\/v2\/types\/page"}],"author":[{"embeddable":true,"href":"https:\/\/daudt.com.br\/geb\/wp-json\/wp\/v2\/users\/1"}],"replies":[{"embeddable":true,"href":"https:\/\/daudt.com.br\/geb\/wp-json\/wp\/v2\/comments?post=1095"}],"version-history":[{"count":8,"href":"https:\/\/daudt.com.br\/geb\/wp-json\/wp\/v2\/pages\/1095\/revisions"}],"predecessor-version":[{"id":2076,"href":"https:\/\/daudt.com.br\/geb\/wp-json\/wp\/v2\/pages\/1095\/revisions\/2076"}],"wp:attachment":[{"href":"https:\/\/daudt.com.br\/geb\/wp-json\/wp\/v2\/media?parent=1095"}],"curies":[{"name":"wp","href":"https:\/\/api.w.org\/{rel}","templated":true}]}}