{"id":1093,"date":"2024-10-16T01:33:39","date_gmt":"2024-10-16T04:33:39","guid":{"rendered":"https:\/\/daudt.com.br\/geb\/?page_id=1093"},"modified":"2024-10-17T23:46:39","modified_gmt":"2024-10-18T02:46:39","slug":"cursos-profissionalizantes","status":"publish","type":"page","link":"https:\/\/daudt.com.br\/geb\/cursos-profissionalizantes\/","title":{"rendered":"Cursos Profissionalizantes"},"content":{"rendered":"\t\t<div data-elementor-type=\"wp-page\" data-elementor-id=\"1093\" class=\"elementor elementor-1093\">\n\t\t\t\t<div class=\"elementor-element elementor-element-5eeed50 e-flex e-con-boxed e-con e-parent\" data-id=\"5eeed50\" data-element_type=\"container\" data-e-type=\"container\">\n\t\t\t\t\t<div class=\"e-con-inner\">\n\t\t\t\t<div class=\"elementor-element elementor-element-48bfc3a elementor-widget elementor-widget-text-editor\" data-id=\"48bfc3a\" data-element_type=\"widget\" data-e-type=\"widget\" data-widget_type=\"text-editor.default\">\n\t\t\t\t<div class=\"elementor-widget-container\">\n\t\t\t\t\t\t\t\t\t<p>O GEB oferece \u00e0 comunidade e aos membros das fam\u00edlias assistidas cursos de forma\u00e7\u00e3o profissional e oficinas de trabalhos manuais, com o objetivo de preparar jovens e adultos carentes para o mercado de trabalho.<\/p>\t\t\t\t\t\t\t\t<\/div>\n\t\t\t\t<\/div>\n\t\t\t\t<div class=\"elementor-element elementor-element-49072ab elementor-widget elementor-widget-heading\" data-id=\"49072ab\" data-element_type=\"widget\" data-e-type=\"widget\" data-widget_type=\"heading.default\">\n\t\t\t\t<div class=\"elementor-widget-container\">\n\t\t\t\t\t<h2 class=\"elementor-heading-title elementor-size-default\">Parcerias e trabalho volunt\u00e1rio que d\u00e3o resultado<\/h2>\t\t\t\t<\/div>\n\t\t\t\t<\/div>\n\t\t\t\t<div class=\"elementor-element elementor-element-81944f0 elementor-widget elementor-widget-text-editor\" data-id=\"81944f0\" data-element_type=\"widget\" data-e-type=\"widget\" data-widget_type=\"text-editor.default\">\n\t\t\t\t<div class=\"elementor-widget-container\">\n\t\t\t\t\t\t\t\t\t<p>Gra\u00e7as ao empenho de volunt\u00e1rios e \u00e0s parcerias o GEB conta com cursos e oficinas para treinamento e prepara\u00e7\u00e3o de jovens e adultos.<\/p>\t\t\t\t\t\t\t\t<\/div>\n\t\t\t\t<\/div>\n\t\t\t\t<div class=\"elementor-element elementor-element-cfd82c0 elementor-widget elementor-widget-heading\" data-id=\"cfd82c0\" data-element_type=\"widget\" data-e-type=\"widget\" data-widget_type=\"heading.default\">\n\t\t\t\t<div class=\"elementor-widget-container\">\n\t\t\t\t\t<h2 class=\"elementor-heading-title elementor-size-default\">Curso de Panifica\u00e7\u00e3o \/ Confeitaria<\/h2>\t\t\t\t<\/div>\n\t\t\t\t<\/div>\n\t\t\t\t<div class=\"elementor-element elementor-element-60a50c5 elementor-widget elementor-widget-text-editor\" data-id=\"60a50c5\" data-element_type=\"widget\" data-e-type=\"widget\" data-widget_type=\"text-editor.default\">\n\t\t\t\t<div class=\"elementor-widget-container\">\n\t\t\t\t\t\t\t\t\t<p><img fetchpriority=\"high\" decoding=\"async\" class=\"size-medium wp-image-2027 alignright\" src=\"https:\/\/daudt.com.br\/geb\/wp-content\/uploads\/2024\/10\/Padaria-300x200.jpeg\" alt=\"\" width=\"300\" height=\"200\" srcset=\"https:\/\/daudt.com.br\/geb\/wp-content\/uploads\/2024\/10\/Padaria-300x200.jpeg 300w, https:\/\/daudt.com.br\/geb\/wp-content\/uploads\/2024\/10\/Padaria-1024x683.jpeg 1024w, https:\/\/daudt.com.br\/geb\/wp-content\/uploads\/2024\/10\/Padaria-768x512.jpeg 768w, https:\/\/daudt.com.br\/geb\/wp-content\/uploads\/2024\/10\/Padaria-1536x1024.jpeg 1536w, https:\/\/daudt.com.br\/geb\/wp-content\/uploads\/2024\/10\/Padaria-2048x1365.jpeg 2048w\" sizes=\"(max-width: 300px) 100vw, 300px\" \/>Em quarenta dias de aula e treinamento, este curso prepara os alunos para serem profissionais aptos a entrar no mercado de trabalho.<\/p>\n<p><!-- \/wp:paragraph --><!-- wp:paragraph --><\/p>\n<p>Os produtos produzidos em nossa Padaria s\u00e3o servidos gratuitamente tanto nos lanches aos alunos de Vila Brasil\u00e2ndia, como na sopa fraterna e nos demais eventos da Casa de Batu\u00edra.<\/p>\n<p><!-- \/wp:paragraph --><!-- wp:paragraph --><\/p>\n<p><strong><em>Saiba como se inscrever aqui &gt;&gt;&gt;<\/em><\/strong><\/p>\n<p><!-- \/wp:paragraph --><!-- wp:heading {\"level\":3} --><\/p>\t\t\t\t\t\t\t\t<\/div>\n\t\t\t\t<\/div>\n\t\t\t\t<div class=\"elementor-element elementor-element-e5228e9 elementor-widget elementor-widget-heading\" data-id=\"e5228e9\" data-element_type=\"widget\" data-e-type=\"widget\" data-widget_type=\"heading.default\">\n\t\t\t\t<div class=\"elementor-widget-container\">\n\t\t\t\t\t<h2 class=\"elementor-heading-title elementor-size-default\">Curso de Costureira(o) de M\u00e1quina Reta e Overloque<\/h2>\t\t\t\t<\/div>\n\t\t\t\t<\/div>\n\t\t\t\t<div class=\"elementor-element elementor-element-9e45ec3 elementor-widget elementor-widget-text-editor\" data-id=\"9e45ec3\" data-element_type=\"widget\" data-e-type=\"widget\" data-widget_type=\"text-editor.default\">\n\t\t\t\t<div class=\"elementor-widget-container\">\n\t\t\t\t\t\t\t\t\t<p>Prepara profissionais para entrar no mercado de trabalho e garantir seu pr\u00f3prio sustento e de sua fam\u00edlia. S\u00e3o realizados tr\u00eas cursos por ano.<\/p>\t\t\t\t\t\t\t\t<\/div>\n\t\t\t\t<\/div>\n\t\t\t\t<div class=\"elementor-element elementor-element-71a0fa1 elementor-widget elementor-widget-heading\" data-id=\"71a0fa1\" data-element_type=\"widget\" data-e-type=\"widget\" data-widget_type=\"heading.default\">\n\t\t\t\t<div class=\"elementor-widget-container\">\n\t\t\t\t\t<h2 class=\"elementor-heading-title elementor-size-default\">Curso de Modelista de Roupas<\/h2>\t\t\t\t<\/div>\n\t\t\t\t<\/div>\n\t\t\t\t<div class=\"elementor-element elementor-element-a1c8c49 elementor-widget elementor-widget-text-editor\" data-id=\"a1c8c49\" data-element_type=\"widget\" data-e-type=\"widget\" data-widget_type=\"text-editor.default\">\n\t\t\t\t<div class=\"elementor-widget-container\">\n\t\t\t\t\t\t\t\t\t<p>Em conv\u00eanio com o SENAI, o curso visa capacitar os alunos que j\u00e1 fizeram o Curso de Costureira(o) de M\u00e1quina Reta e Overloque ou que comprovadamente saibam costurar, preparando-os para ingresso no mercado de trabalho de forma mais especializada.<\/p>\n<p><!-- \/wp:paragraph --><!-- wp:heading {\"level\":3} --><\/p>\t\t\t\t\t\t\t\t<\/div>\n\t\t\t\t<\/div>\n\t\t\t\t<div class=\"elementor-element elementor-element-5bc56b1 elementor-widget elementor-widget-heading\" data-id=\"5bc56b1\" data-element_type=\"widget\" data-e-type=\"widget\" data-widget_type=\"heading.default\">\n\t\t\t\t<div class=\"elementor-widget-container\">\n\t\t\t\t\t<h2 class=\"elementor-heading-title elementor-size-default\">Oficina de Corte e Costura<\/h2>\t\t\t\t<\/div>\n\t\t\t\t<\/div>\n\t\t\t\t<div class=\"elementor-element elementor-element-0cffc1e elementor-widget elementor-widget-text-editor\" data-id=\"0cffc1e\" data-element_type=\"widget\" data-e-type=\"widget\" data-widget_type=\"text-editor.default\">\n\t\t\t\t<div class=\"elementor-widget-container\">\n\t\t\t\t\t\t\t\t\t<p>Trata-se de um espa\u00e7o de aprendizagem com o formato de um curso de corte e costura, que ensina toda a t\u00e9cnica para a confec\u00e7\u00e3o de todos os tipos de roupas para adultos e crian\u00e7as.<\/p>\n<p><!-- \/wp:paragraph --><!-- wp:paragraph --><\/p>\n<p>Visa a capacitar os frequentadores para a confec\u00e7\u00e3o do vestu\u00e1rio da sua pr\u00f3pria fam\u00edlia e preparo de roupas sob medida, reparos em roupas j\u00e1 prontas, ampliando a possibilidade de obter renda para ajudar na manuten\u00e7\u00e3o da fam\u00edlia.<\/p>\n<p><!-- \/wp:paragraph --><!-- wp:paragraph --><\/p>\n<p><strong><em>Saiba como se inscrever aqui &gt;&gt;&gt;<br \/><\/em><\/strong><\/p>\n<p><!-- \/wp:paragraph --><!-- wp:paragraph --><\/p>\t\t\t\t\t\t\t\t<\/div>\n\t\t\t\t<\/div>\n\t\t\t\t<div class=\"elementor-element elementor-element-8bfe1e3 elementor-widget-divider--view-line elementor-widget elementor-widget-divider\" data-id=\"8bfe1e3\" data-element_type=\"widget\" data-e-type=\"widget\" data-widget_type=\"divider.default\">\n\t\t\t\t<div class=\"elementor-widget-container\">\n\t\t\t\t\t\t\t<div class=\"elementor-divider\">\n\t\t\t<span class=\"elementor-divider-separator\">\n\t\t\t\t\t\t<\/span>\n\t\t<\/div>\n\t\t\t\t\t\t<\/div>\n\t\t\t\t<\/div>\n\t\t\t\t<div class=\"elementor-element elementor-element-de492f0 elementor-widget elementor-widget-text-editor\" data-id=\"de492f0\" data-element_type=\"widget\" data-e-type=\"widget\" data-widget_type=\"text-editor.default\">\n\t\t\t\t<div class=\"elementor-widget-container\">\n\t\t\t\t\t\t\t\t\t<p><strong>Informa\u00e7\u00f5es e Local de funcionamento dos cursos e oficinas:<\/strong><\/p>\n<table class=\"vertical listing\">\n<tbody>\n<tr>\n<th>\n<ul>\n<li>UNIDADE BRASIL\u00c2NDIA (Rua Jorge Pires Ramalho n\u00ba 70 \u2013 Vila Brasil\u00e2ndia)<\/li>\n<\/ul>\n<\/th>\n<\/tr>\n<\/tbody>\n<\/table>\t\t\t\t\t\t\t\t<\/div>\n\t\t\t\t<\/div>\n\t\t\t\t\t<\/div>\n\t\t\t\t<\/div>\n\t\t\t\t<\/div>\n\t\t","protected":false},"excerpt":{"rendered":"<p>O GEB oferece \u00e0 comunidade e aos membros das fam\u00edlias assistidas cursos de forma\u00e7\u00e3o profissional e oficinas de trabalhos manuais, com o objetivo de preparar jovens e adultos carentes para o mercado de trabalho. Parcerias e trabalho volunt\u00e1rio que d\u00e3o resultado Gra\u00e7as ao empenho de volunt\u00e1rios e \u00e0s parcerias o GEB conta com cursos e [&hellip;]<\/p>\n","protected":false},"author":1,"featured_media":0,"parent":0,"menu_order":0,"comment_status":"closed","ping_status":"closed","template":"","meta":{"footnotes":""},"class_list":["post-1093","page","type-page","status-publish","hentry"],"_links":{"self":[{"href":"https:\/\/daudt.com.br\/geb\/wp-json\/wp\/v2\/pages\/1093","targetHints":{"allow":["GET"]}}],"collection":[{"href":"https:\/\/daudt.com.br\/geb\/wp-json\/wp\/v2\/pages"}],"about":[{"href":"https:\/\/daudt.com.br\/geb\/wp-json\/wp\/v2\/types\/page"}],"author":[{"embeddable":true,"href":"https:\/\/daudt.com.br\/geb\/wp-json\/wp\/v2\/users\/1"}],"replies":[{"embeddable":true,"href":"https:\/\/daudt.com.br\/geb\/wp-json\/wp\/v2\/comments?post=1093"}],"version-history":[{"count":14,"href":"https:\/\/daudt.com.br\/geb\/wp-json\/wp\/v2\/pages\/1093\/revisions"}],"predecessor-version":[{"id":2166,"href":"https:\/\/daudt.com.br\/geb\/wp-json\/wp\/v2\/pages\/1093\/revisions\/2166"}],"wp:attachment":[{"href":"https:\/\/daudt.com.br\/geb\/wp-json\/wp\/v2\/media?parent=1093"}],"curies":[{"name":"wp","href":"https:\/\/api.w.org\/{rel}","templated":true}]}}