{"id":1091,"date":"2024-10-16T01:29:49","date_gmt":"2024-10-16T04:29:49","guid":{"rendered":"https:\/\/daudt.com.br\/geb\/?page_id=1091"},"modified":"2024-10-16T19:04:39","modified_gmt":"2024-10-16T22:04:39","slug":"orientacao-juridica","status":"publish","type":"page","link":"https:\/\/daudt.com.br\/geb\/orientacao-juridica\/","title":{"rendered":"Orienta\u00e7\u00e3o Jur\u00eddica"},"content":{"rendered":"\t\t<div data-elementor-type=\"wp-page\" data-elementor-id=\"1091\" class=\"elementor elementor-1091\">\n\t\t\t\t<div class=\"elementor-element elementor-element-a0e86d2 e-flex e-con-boxed e-con e-parent\" data-id=\"a0e86d2\" data-element_type=\"container\" data-e-type=\"container\">\n\t\t\t\t\t<div class=\"e-con-inner\">\n\t\t\t\t<div class=\"elementor-element elementor-element-96d9d73 elementor-widget elementor-widget-text-editor\" data-id=\"96d9d73\" data-element_type=\"widget\" data-e-type=\"widget\" data-widget_type=\"text-editor.default\">\n\t\t\t\t<div class=\"elementor-widget-container\">\n\t\t\t\t\t\t\t\t\t<p>O grupo de orienta\u00e7\u00e3o jur\u00eddico-fraterna tem como valores a inclus\u00e3o social, o resgate da dignidade e da cidadania por meio da conscientiza\u00e7\u00e3o e educa\u00e7\u00e3o com fraternidade. Auxilia e orienta as fam\u00edlias assistidas pelo GEB em assuntos diversos como: documenta\u00e7\u00e3o (RG, CPF, Certid\u00e3o de nascimento, etc), INSS-LOAS, reconhecimento de paternidade e pens\u00e3o de alimentos, vagas em escolas p\u00fablicas e outros encaminhamentos.<\/p>\n<p><!-- \/wp:paragraph --><!-- wp:paragraph --><\/p>\n<p>A atividade de atendimento jur\u00eddico-fraterno \u00e9\u00a0realizada por profissionais especializados em advocacia.<\/p>\n<p><!-- \/wp:paragraph --><!-- wp:heading {\"level\":3} --><\/p>\t\t\t\t\t\t\t\t<\/div>\n\t\t\t\t<\/div>\n\t\t\t\t<div class=\"elementor-element elementor-element-3f72621 elementor-widget elementor-widget-heading\" data-id=\"3f72621\" data-element_type=\"widget\" data-e-type=\"widget\" data-widget_type=\"heading.default\">\n\t\t\t\t<div class=\"elementor-widget-container\">\n\t\t\t\t\t<h2 class=\"elementor-heading-title elementor-size-default\">Orienta\u00e7\u00e3o obedece \u00e0s normas da OAB<\/h2>\t\t\t\t<\/div>\n\t\t\t\t<\/div>\n\t\t\t\t<div class=\"elementor-element elementor-element-0e9ef94 elementor-widget elementor-widget-text-editor\" data-id=\"0e9ef94\" data-element_type=\"widget\" data-e-type=\"widget\" data-widget_type=\"text-editor.default\">\n\t\t\t\t<div class=\"elementor-widget-container\">\n\t\t\t\t\t\t\t\t\t<p>Denomina-se o servi\u00e7o como sendo de Orienta\u00e7\u00e3o Jur\u00eddica e Encaminhamento, em cumprimento \u00e0s normas vigentes do Conselho Federal da OAB e da OAB-SP, onde os atendimentos restringem-se somente a um esclarecimento e orienta\u00e7\u00e3o; em havendo a necessidade de um aprofundamento jur\u00eddico da quest\u00e3o identificada, ou seja, representa\u00e7\u00e3o em ju\u00edzo, os assistidos s\u00e3o encaminhados a \u00f3rg\u00e3os autorizados a realizar tais atendimentos.<\/p>\n<p><!-- \/wp:paragraph --><!-- wp:paragraph --><\/p>\n<p>Na entrevista inicial com os interessados s\u00e3o analisados detalhadamente os seguintes quesitos que poder\u00e3o dar ensejo aos objetivos de trabalho desse atendimento jur\u00eddico-fraterno.<\/p>\n<p><!-- \/wp:paragraph --><!-- wp:list --><\/p>\n<ul class=\"wp-block-list\"><!-- wp:list-item -->\n<li><strong>Situa\u00e7\u00e3o do casal e dos filhos: temas relacionados a direito de Fam\u00edlia.<\/strong><\/li>\n<!-- \/wp:list-item --><!-- wp:list-item -->\n<li><strong>Situa\u00e7\u00e3o da moradia: quest\u00f5es relacionadas a saneamento b\u00e1sico obrigat\u00f3rio, despejo e zonas de risco e tamb\u00e9m resolu\u00e7\u00e3o de conflitos entre vizinhos.<\/strong><\/li>\n<!-- \/wp:list-item --><!-- wp:list-item -->\n<li><strong>Educa\u00e7\u00e3o: Identifica\u00e7\u00e3o da necessidade de inser\u00e7\u00e3o das crian\u00e7as em escola com regime de urg\u00eancia.<\/strong><\/li>\n<!-- \/wp:list-item --><!-- wp:list-item -->\n<li><strong>Atendimento m\u00e9dico: necessidade e aus\u00eancia de algum agendamento\/atendimento em \u00f3rg\u00e3o p\u00fablico de sa\u00fade.<\/strong><\/li>\n<!-- \/wp:list-item --><!-- wp:list-item -->\n<li><strong>Drogas: exist\u00eancia de problemas relacionados ao uso de drogas, manuseio e outros relacionados, para eventual encaminhamento.<\/strong><\/li>\n<!-- \/wp:list-item --><!-- wp:list-item -->\n<li><strong>Benef\u00edcios recebidos: mapeamento de benef\u00edcios do governo recebidos e que possivelmente poder\u00e3o ser concedidos.<\/strong><\/li>\n<!-- \/wp:list-item --><!-- wp:list-item -->\n<li><strong>A\u00e7\u00f5es judiciais pendentes: mapeamento e compreens\u00e3o de eventuais a\u00e7\u00f5es j\u00e1 existentes e em andamento como autor ou r\u00e9u.<\/strong><\/li>\n<!-- \/wp:list-item --><!-- wp:list-item -->\n<li><strong>D\u00edvidas: quest\u00f5es relacionadas a d\u00edvidas financeiras pendentes e eventual negocia\u00e7\u00e3o de pagamento;<\/strong><\/li>\n<!-- \/wp:list-item --><!-- wp:list-item -->\n<li><strong>Outras quest\u00f5es que possam ser objeto de media\u00e7\u00f5es e concilia\u00e7\u00f5es.<\/strong><\/li>\n<!-- \/wp:list-item --><\/ul>\n<p><!-- \/wp:list --><!-- wp:paragraph --><\/p>\t\t\t\t\t\t\t\t<\/div>\n\t\t\t\t<\/div>\n\t\t\t\t<div class=\"elementor-element elementor-element-90d62d4 elementor-widget elementor-widget-n-accordion\" data-id=\"90d62d4\" data-element_type=\"widget\" data-e-type=\"widget\" data-settings=\"{&quot;default_state&quot;:&quot;all_collapsed&quot;,&quot;max_items_expended&quot;:&quot;one&quot;,&quot;n_accordion_animation_duration&quot;:{&quot;unit&quot;:&quot;ms&quot;,&quot;size&quot;:400,&quot;sizes&quot;:[]}}\" data-widget_type=\"nested-accordion.default\">\n\t\t\t\t<div class=\"elementor-widget-container\">\n\t\t\t\t\t\t\t<div class=\"e-n-accordion\" aria-label=\"Accordion. Open links with Enter or Space, close with Escape, and navigate with Arrow Keys\">\n\t\t\t\t\t\t<details id=\"e-n-accordion-item-1510\" class=\"e-n-accordion-item\" >\n\t\t\t\t<summary class=\"e-n-accordion-item-title\" data-accordion-index=\"1\" tabindex=\"0\" aria-expanded=\"false\" aria-controls=\"e-n-accordion-item-1510\" >\n\t\t\t\t\t<span class='e-n-accordion-item-title-header'><div class=\"e-n-accordion-item-title-text\"> Consulte os hor\u00e1rios de atendimento aqui <\/div><\/span>\n\t\t\t\t\t\t\t<span class='e-n-accordion-item-title-icon'>\n\t\t\t<span class='e-opened' ><i aria-hidden=\"true\" class=\"fas fa-minus\"><\/i><\/span>\n\t\t\t<span class='e-closed'><i aria-hidden=\"true\" class=\"fas fa-plus\"><\/i><\/span>\n\t\t<\/span>\n\n\t\t\t\t\t\t<\/summary>\n\t\t\t\t<div role=\"region\" aria-labelledby=\"e-n-accordion-item-1510\" class=\"elementor-element elementor-element-6d986be e-con-full e-flex e-con e-child\" data-id=\"6d986be\" data-element_type=\"container\" data-e-type=\"container\">\n\t\t\t\t<div class=\"elementor-element elementor-element-1e2cb74 elementor-widget elementor-widget-heading\" data-id=\"1e2cb74\" data-element_type=\"widget\" data-e-type=\"widget\" data-widget_type=\"heading.default\">\n\t\t\t\t<div class=\"elementor-widget-container\">\n\t\t\t\t\t<h4 class=\"elementor-heading-title elementor-size-default\">Local e Hor\u00e1rio de Atendimento:<\/h4>\t\t\t\t<\/div>\n\t\t\t\t<\/div>\n\t\t\t\t<div class=\"elementor-element elementor-element-55c0714 elementor-widget elementor-widget-text-editor\" data-id=\"55c0714\" data-element_type=\"widget\" data-e-type=\"widget\" data-widget_type=\"text-editor.default\">\n\t\t\t\t<div class=\"elementor-widget-container\">\n\t\t\t\t\t\t\t\t\t<table class=\"grid listing\">\n<tbody>\n<tr>\n<th> \n<ul>\n<li>UNIDADE BRASIL\u00c2NDIA (Rua Jorge Pires Ramalho n\u00ba 70 \u2013 Vila Brasil\u00e2ndia)<\/li>\n<\/ul>\n<\/th>\n<\/tr>\n<\/tbody>\n<\/table>\n<table class=\"grid listing\">\n<tbody>\n<tr>\n<th>ORIENTA\u00c7\u00c3O JUR\u00cdDICO-FRATERNA<\/th><th>Hor\u00e1rio<\/th><th>Observa\u00e7\u00e3o para Atendimento<\/th>\n<\/tr>\n<tr>\n<td>S\u00e1bados &#8211; Quinzenal<\/td>\n<td>9h15 \u00e0s 12h15<\/td>\n<td>O atendimento \u00e9 dividido em uma hora e quinze minutos para consultas de pessoas em geral da comunidade e, cerca de duas horas para atendimentos \u00e0s fam\u00edlias assistidas.<\/td>\n<\/tr>\n<\/tbody>\n<\/table>\t\t\t\t\t\t\t\t<\/div>\n\t\t\t\t<\/div>\n\t\t\t\t<\/div>\n\t\t\t\t\t<\/details>\n\t\t\t\t\t<\/div>\n\t\t\t\t\t\t<\/div>\n\t\t\t\t<\/div>\n\t\t\t\t\t<\/div>\n\t\t\t\t<\/div>\n\t\t\t\t<\/div>\n\t\t","protected":false},"excerpt":{"rendered":"<p>O grupo de orienta\u00e7\u00e3o jur\u00eddico-fraterna tem como valores a inclus\u00e3o social, o resgate da dignidade e da cidadania por meio da conscientiza\u00e7\u00e3o e educa\u00e7\u00e3o com fraternidade. Auxilia e orienta as fam\u00edlias assistidas pelo GEB em assuntos diversos como: documenta\u00e7\u00e3o (RG, CPF, Certid\u00e3o de nascimento, etc), INSS-LOAS, reconhecimento de paternidade e pens\u00e3o de alimentos, vagas em [&hellip;]<\/p>\n","protected":false},"author":1,"featured_media":0,"parent":0,"menu_order":0,"comment_status":"closed","ping_status":"closed","template":"","meta":{"footnotes":""},"class_list":["post-1091","page","type-page","status-publish","hentry"],"_links":{"self":[{"href":"https:\/\/daudt.com.br\/geb\/wp-json\/wp\/v2\/pages\/1091","targetHints":{"allow":["GET"]}}],"collection":[{"href":"https:\/\/daudt.com.br\/geb\/wp-json\/wp\/v2\/pages"}],"about":[{"href":"https:\/\/daudt.com.br\/geb\/wp-json\/wp\/v2\/types\/page"}],"author":[{"embeddable":true,"href":"https:\/\/daudt.com.br\/geb\/wp-json\/wp\/v2\/users\/1"}],"replies":[{"embeddable":true,"href":"https:\/\/daudt.com.br\/geb\/wp-json\/wp\/v2\/comments?post=1091"}],"version-history":[{"count":8,"href":"https:\/\/daudt.com.br\/geb\/wp-json\/wp\/v2\/pages\/1091\/revisions"}],"predecessor-version":[{"id":1680,"href":"https:\/\/daudt.com.br\/geb\/wp-json\/wp\/v2\/pages\/1091\/revisions\/1680"}],"wp:attachment":[{"href":"https:\/\/daudt.com.br\/geb\/wp-json\/wp\/v2\/media?parent=1091"}],"curies":[{"name":"wp","href":"https:\/\/api.w.org\/{rel}","templated":true}]}}