{"id":1089,"date":"2024-10-16T01:28:59","date_gmt":"2024-10-16T04:28:59","guid":{"rendered":"https:\/\/daudt.com.br\/geb\/?page_id=1089"},"modified":"2024-10-17T16:25:41","modified_gmt":"2024-10-17T19:25:41","slug":"curso-de-orientacao-maternal","status":"publish","type":"page","link":"https:\/\/daudt.com.br\/geb\/curso-de-orientacao-maternal\/","title":{"rendered":"Curso de Orienta\u00e7\u00e3o Maternal"},"content":{"rendered":"\t\t<div data-elementor-type=\"wp-page\" data-elementor-id=\"1089\" class=\"elementor elementor-1089\">\n\t\t\t\t<div class=\"elementor-element elementor-element-d4a299a e-flex e-con-boxed e-con e-parent\" data-id=\"d4a299a\" data-element_type=\"container\" data-e-type=\"container\">\n\t\t\t\t\t<div class=\"e-con-inner\">\n\t\t<div class=\"elementor-element elementor-element-b594932 e-con-full e-flex e-con e-child\" data-id=\"b594932\" data-element_type=\"container\" data-e-type=\"container\">\n\t\t\t\t<div class=\"elementor-element elementor-element-82ec949 elementor-widget elementor-widget-image\" data-id=\"82ec949\" data-element_type=\"widget\" data-e-type=\"widget\" data-widget_type=\"image.default\">\n\t\t\t\t<div class=\"elementor-widget-container\">\n\t\t\t\t\t\t\t\t\t\t\t\t\t\t\t<img fetchpriority=\"high\" decoding=\"async\" width=\"640\" height=\"853\" src=\"https:\/\/daudt.com.br\/geb\/wp-content\/uploads\/2024\/10\/Gestantes-768x1024.jpeg\" class=\"attachment-medium_large size-medium_large wp-image-2046\" alt=\"\" srcset=\"https:\/\/daudt.com.br\/geb\/wp-content\/uploads\/2024\/10\/Gestantes-768x1024.jpeg 768w, https:\/\/daudt.com.br\/geb\/wp-content\/uploads\/2024\/10\/Gestantes-225x300.jpeg 225w, https:\/\/daudt.com.br\/geb\/wp-content\/uploads\/2024\/10\/Gestantes-1152x1536.jpeg 1152w, https:\/\/daudt.com.br\/geb\/wp-content\/uploads\/2024\/10\/Gestantes-1536x2048.jpeg 1536w, https:\/\/daudt.com.br\/geb\/wp-content\/uploads\/2024\/10\/Gestantes-scaled.jpeg 1920w\" sizes=\"(max-width: 640px) 100vw, 640px\" \/>\t\t\t\t\t\t\t\t\t\t\t\t\t\t\t<\/div>\n\t\t\t\t<\/div>\n\t\t\t\t<\/div>\n\t\t<div class=\"elementor-element elementor-element-0f4b10d e-con-full e-flex e-con e-child\" data-id=\"0f4b10d\" data-element_type=\"container\" data-e-type=\"container\">\n\t\t\t\t<div class=\"elementor-element elementor-element-f4ca9d7 elementor-widget elementor-widget-text-editor\" data-id=\"f4ca9d7\" data-element_type=\"widget\" data-e-type=\"widget\" data-widget_type=\"text-editor.default\">\n\t\t\t\t<div class=\"elementor-widget-container\">\n\t\t\t\t\t\t\t\t\t<p>O curso de Orienta\u00e7\u00e3o Maternal oferece \u00e0s futuras m\u00e3es informa\u00e7\u00f5es e esclarecimentos sobre puericultura, higiene e cuidados ginecol\u00f3gicos.<\/p>\n<p><!-- \/wp:paragraph --><!-- wp:paragraph --><\/p>\n<p>O objetivo \u00e9 orientar as gestantes da comunidade, principalmente as jovens e adolescentes, quanto aos cuidados na gesta\u00e7\u00e3o, e depois de seus beb\u00eas. S\u00e3o dadas aulas te\u00f3ricas e pr\u00e1ticas, e ainda no\u00e7\u00f5es de corte e costura, tric\u00f4 e artesanato.<\/p>\n<p><!-- \/wp:paragraph --><!-- wp:paragraph --><\/p>\n<p>Enquanto as aulas s\u00e3o desenvolvidas por uma equipe de monitoras volunt\u00e1rias, outras integrantes preparam e distribuem lanches e cuidam das crian\u00e7as que acompanham suas m\u00e3es.<\/p>\n<p><!-- \/wp:paragraph --><!-- wp:paragraph --><\/p>\n<p>Ao t\u00e9rmino do curso, cada m\u00e3e recebe um enxoval completo para o beb\u00ea e um kit de higiene para uso pessoal (esta entrega est\u00e1 vinculada ao compromisso das gestantes fazerem o pr\u00e9-natal, inclusive com checagem dos cart\u00f5es).<\/p>\t\t\t\t\t\t\t\t<\/div>\n\t\t\t\t<\/div>\n\t\t\t\t<\/div>\n\t\t\t\t\t<\/div>\n\t\t\t\t<\/div>\n\t\t\t\t<section class=\"elementor-section elementor-top-section elementor-element elementor-element-499f45fa elementor-section-boxed elementor-section-height-default elementor-section-height-default\" data-id=\"499f45fa\" data-element_type=\"section\" data-e-type=\"section\">\n\t\t\t\t\t\t<div class=\"elementor-container elementor-column-gap-default\">\n\t\t\t\t\t<div class=\"elementor-column elementor-col-100 elementor-top-column elementor-element elementor-element-1ca4fb62\" data-id=\"1ca4fb62\" data-element_type=\"column\" data-e-type=\"column\">\n\t\t\t<div class=\"elementor-widget-wrap elementor-element-populated\">\n\t\t\t\t\t\t<div class=\"elementor-element elementor-element-dac39e5 elementor-widget elementor-widget-n-accordion\" data-id=\"dac39e5\" data-element_type=\"widget\" data-e-type=\"widget\" data-settings=\"{&quot;default_state&quot;:&quot;all_collapsed&quot;,&quot;max_items_expended&quot;:&quot;one&quot;,&quot;n_accordion_animation_duration&quot;:{&quot;unit&quot;:&quot;ms&quot;,&quot;size&quot;:400,&quot;sizes&quot;:[]}}\" data-widget_type=\"nested-accordion.default\">\n\t\t\t\t<div class=\"elementor-widget-container\">\n\t\t\t\t\t\t\t<div class=\"e-n-accordion\" aria-label=\"Accordion. Open links with Enter or Space, close with Escape, and navigate with Arrow Keys\">\n\t\t\t\t\t\t<details id=\"e-n-accordion-item-2290\" class=\"e-n-accordion-item\" >\n\t\t\t\t<summary class=\"e-n-accordion-item-title\" data-accordion-index=\"1\" tabindex=\"0\" aria-expanded=\"false\" aria-controls=\"e-n-accordion-item-2290\" >\n\t\t\t\t\t<span class='e-n-accordion-item-title-header'><div class=\"e-n-accordion-item-title-text\"> Consultar os hor\u00e1rios aqui <\/div><\/span>\n\t\t\t\t\t\t\t<span class='e-n-accordion-item-title-icon'>\n\t\t\t<span class='e-opened' ><i aria-hidden=\"true\" class=\"fas fa-minus\"><\/i><\/span>\n\t\t\t<span class='e-closed'><i aria-hidden=\"true\" class=\"fas fa-plus\"><\/i><\/span>\n\t\t<\/span>\n\n\t\t\t\t\t\t<\/summary>\n\t\t\t\t<div role=\"region\" aria-labelledby=\"e-n-accordion-item-2290\" class=\"elementor-element elementor-element-e5830df e-con-full e-flex e-con e-child\" data-id=\"e5830df\" data-element_type=\"container\" data-e-type=\"container\">\n\t\t\t\t<div class=\"elementor-element elementor-element-b95f879 elementor-widget elementor-widget-heading\" data-id=\"b95f879\" data-element_type=\"widget\" data-e-type=\"widget\" data-widget_type=\"heading.default\">\n\t\t\t\t<div class=\"elementor-widget-container\">\n\t\t\t\t\t<h4 class=\"elementor-heading-title elementor-size-default\">Local e hor\u00e1rio:<\/h4>\t\t\t\t<\/div>\n\t\t\t\t<\/div>\n\t\t\t\t<div class=\"elementor-element elementor-element-07d9125 elementor-widget elementor-widget-text-editor\" data-id=\"07d9125\" data-element_type=\"widget\" data-e-type=\"widget\" data-widget_type=\"text-editor.default\">\n\t\t\t\t<div class=\"elementor-widget-container\">\n\t\t\t\t\t\t\t\t\t<table class=\"grid listing\">\n<tbody>\n<tr>\n<th> \n<ul>\n<li>UNIDADE BRASIL\u00c2NDIA (Rua Jorge Pires Ramalho n\u00ba 70)<\/li>\n<\/ul>\n<\/th><th>Hor\u00e1rio<\/th>\n<\/tr>\n<tr>\n<td>Segundas e Quartas-Feiras<\/td>\n<td>das 14h00 \u00e0s 16h00<\/td>\n<\/tr>\n<\/tbody>\n<\/table>\t\t\t\t\t\t\t\t<\/div>\n\t\t\t\t<\/div>\n\t\t\t\t<\/div>\n\t\t\t\t\t<\/details>\n\t\t\t\t\t<\/div>\n\t\t\t\t\t\t<\/div>\n\t\t\t\t<\/div>\n\t\t\t\t\t<\/div>\n\t\t<\/div>\n\t\t\t\t\t<\/div>\n\t\t<\/section>\n\t\t\t\t<\/div>\n\t\t","protected":false},"excerpt":{"rendered":"<p>O curso de Orienta\u00e7\u00e3o Maternal oferece \u00e0s futuras m\u00e3es informa\u00e7\u00f5es e esclarecimentos sobre puericultura, higiene e cuidados ginecol\u00f3gicos. O objetivo \u00e9 orientar as gestantes da comunidade, principalmente as jovens e adolescentes, quanto aos cuidados na gesta\u00e7\u00e3o, e depois de seus beb\u00eas. S\u00e3o dadas aulas te\u00f3ricas e pr\u00e1ticas, e ainda no\u00e7\u00f5es de corte e costura, tric\u00f4 [&hellip;]<\/p>\n","protected":false},"author":1,"featured_media":0,"parent":0,"menu_order":0,"comment_status":"closed","ping_status":"closed","template":"","meta":{"footnotes":""},"class_list":["post-1089","page","type-page","status-publish","hentry"],"_links":{"self":[{"href":"https:\/\/daudt.com.br\/geb\/wp-json\/wp\/v2\/pages\/1089","targetHints":{"allow":["GET"]}}],"collection":[{"href":"https:\/\/daudt.com.br\/geb\/wp-json\/wp\/v2\/pages"}],"about":[{"href":"https:\/\/daudt.com.br\/geb\/wp-json\/wp\/v2\/types\/page"}],"author":[{"embeddable":true,"href":"https:\/\/daudt.com.br\/geb\/wp-json\/wp\/v2\/users\/1"}],"replies":[{"embeddable":true,"href":"https:\/\/daudt.com.br\/geb\/wp-json\/wp\/v2\/comments?post=1089"}],"version-history":[{"count":13,"href":"https:\/\/daudt.com.br\/geb\/wp-json\/wp\/v2\/pages\/1089\/revisions"}],"predecessor-version":[{"id":2049,"href":"https:\/\/daudt.com.br\/geb\/wp-json\/wp\/v2\/pages\/1089\/revisions\/2049"}],"wp:attachment":[{"href":"https:\/\/daudt.com.br\/geb\/wp-json\/wp\/v2\/media?parent=1089"}],"curies":[{"name":"wp","href":"https:\/\/api.w.org\/{rel}","templated":true}]}}