{"id":1087,"date":"2024-10-16T01:28:23","date_gmt":"2024-10-16T04:28:23","guid":{"rendered":"https:\/\/daudt.com.br\/geb\/?page_id=1087"},"modified":"2024-10-16T18:57:24","modified_gmt":"2024-10-16T21:57:24","slug":"corte-de-cabelo","status":"publish","type":"page","link":"https:\/\/daudt.com.br\/geb\/corte-de-cabelo\/","title":{"rendered":"Corte de Cabelo"},"content":{"rendered":"\t\t<div data-elementor-type=\"wp-page\" data-elementor-id=\"1087\" class=\"elementor elementor-1087\">\n\t\t\t\t\t\t<section class=\"elementor-section elementor-top-section elementor-element elementor-element-1d721027 elementor-section-boxed elementor-section-height-default elementor-section-height-default\" data-id=\"1d721027\" data-element_type=\"section\" data-e-type=\"section\">\n\t\t\t\t\t\t<div class=\"elementor-container elementor-column-gap-default\">\n\t\t\t\t\t<div class=\"elementor-column elementor-col-100 elementor-top-column elementor-element elementor-element-133f564d\" data-id=\"133f564d\" data-element_type=\"column\" data-e-type=\"column\">\n\t\t\t<div class=\"elementor-widget-wrap elementor-element-populated\">\n\t\t\t\t\t\t<div class=\"elementor-element elementor-element-11532723 elementor-widget elementor-widget-text-editor\" data-id=\"11532723\" data-element_type=\"widget\" data-e-type=\"widget\" data-widget_type=\"text-editor.default\">\n\t\t\t\t<div class=\"elementor-widget-container\">\n\t\t\t\t\t\t\t\t\t\n<p>A atividade \u00e9 totalmente gratuita ao p\u00fablico da comunidade local e, em paralelo, \u00e9 dado treinamento informal a jovens que queiram se desenvolver neste segmento de trabalho.<\/p>\n\t\t\t\t\t\t\t\t<\/div>\n\t\t\t\t<\/div>\n\t\t\t\t<div class=\"elementor-element elementor-element-ef524fa elementor-widget elementor-widget-n-accordion\" data-id=\"ef524fa\" data-element_type=\"widget\" data-e-type=\"widget\" data-settings=\"{&quot;default_state&quot;:&quot;all_collapsed&quot;,&quot;max_items_expended&quot;:&quot;one&quot;,&quot;n_accordion_animation_duration&quot;:{&quot;unit&quot;:&quot;ms&quot;,&quot;size&quot;:400,&quot;sizes&quot;:[]}}\" data-widget_type=\"nested-accordion.default\">\n\t\t\t\t<div class=\"elementor-widget-container\">\n\t\t\t\t\t\t\t<div class=\"e-n-accordion\" aria-label=\"Accordion. Open links with Enter or Space, close with Escape, and navigate with Arrow Keys\">\n\t\t\t\t\t\t<details id=\"e-n-accordion-item-2500\" class=\"e-n-accordion-item\" >\n\t\t\t\t<summary class=\"e-n-accordion-item-title\" data-accordion-index=\"1\" tabindex=\"0\" aria-expanded=\"false\" aria-controls=\"e-n-accordion-item-2500\" >\n\t\t\t\t\t<span class='e-n-accordion-item-title-header'><div class=\"e-n-accordion-item-title-text\"> Consultar os hor\u00e1rios aqui <\/div><\/span>\n\t\t\t\t\t\t\t<span class='e-n-accordion-item-title-icon'>\n\t\t\t<span class='e-opened' ><i aria-hidden=\"true\" class=\"fas fa-minus\"><\/i><\/span>\n\t\t\t<span class='e-closed'><i aria-hidden=\"true\" class=\"fas fa-plus\"><\/i><\/span>\n\t\t<\/span>\n\n\t\t\t\t\t\t<\/summary>\n\t\t\t\t<div role=\"region\" aria-labelledby=\"e-n-accordion-item-2500\" class=\"elementor-element elementor-element-282a53e e-con-full e-flex e-con e-child\" data-id=\"282a53e\" data-element_type=\"container\" data-e-type=\"container\">\n\t\t\t\t<div class=\"elementor-element elementor-element-e6a45a7 elementor-widget elementor-widget-heading\" data-id=\"e6a45a7\" data-element_type=\"widget\" data-e-type=\"widget\" data-widget_type=\"heading.default\">\n\t\t\t\t<div class=\"elementor-widget-container\">\n\t\t\t\t\t<h4 class=\"elementor-heading-title elementor-size-default\">Local e hor\u00e1rio:<\/h4>\t\t\t\t<\/div>\n\t\t\t\t<\/div>\n\t\t\t\t<div class=\"elementor-element elementor-element-30e61fd elementor-widget elementor-widget-text-editor\" data-id=\"30e61fd\" data-element_type=\"widget\" data-e-type=\"widget\" data-widget_type=\"text-editor.default\">\n\t\t\t\t<div class=\"elementor-widget-container\">\n\t\t\t\t\t\t\t\t\t<table class=\"grid listing\">\n<tbody>\n<tr>\n<th> \n<ul>\n<li>UNIDADE BRASIL\u00c2NDIA (Rua Jorge Pires Ramalho n\u00ba 70)<\/li>\n<\/ul>\n<\/th><th>Hor\u00e1rio<\/th>\n<\/tr>\n<tr>\n<td>S\u00e1bados<\/td>\n<td>Das 8h00 \u00e0s 12h30<\/td>\n<\/tr>\n<\/tbody>\n<\/table>\t\t\t\t\t\t\t\t<\/div>\n\t\t\t\t<\/div>\n\t\t\t\t<\/div>\n\t\t\t\t\t<\/details>\n\t\t\t\t\t<\/div>\n\t\t\t\t\t\t<\/div>\n\t\t\t\t<\/div>\n\t\t\t\t\t<\/div>\n\t\t<\/div>\n\t\t\t\t\t<\/div>\n\t\t<\/section>\n\t\t\t\t<\/div>\n\t\t","protected":false},"excerpt":{"rendered":"<p>A atividade \u00e9 totalmente gratuita ao p\u00fablico da comunidade local e, em paralelo, \u00e9 dado treinamento informal a jovens que queiram se desenvolver neste segmento de trabalho. Consultar os hor\u00e1rios aqui Local e hor\u00e1rio: UNIDADE BRASIL\u00c2NDIA (Rua Jorge Pires Ramalho n\u00ba 70) Hor\u00e1rio S\u00e1bados Das 8h00 \u00e0s 12h30 Local e hor\u00e1rio: UNIDADE BRASIL\u00c2NDIA (Rua Jorge [&hellip;]<\/p>\n","protected":false},"author":1,"featured_media":0,"parent":0,"menu_order":0,"comment_status":"closed","ping_status":"closed","template":"","meta":{"footnotes":""},"class_list":["post-1087","page","type-page","status-publish","hentry"],"_links":{"self":[{"href":"https:\/\/daudt.com.br\/geb\/wp-json\/wp\/v2\/pages\/1087","targetHints":{"allow":["GET"]}}],"collection":[{"href":"https:\/\/daudt.com.br\/geb\/wp-json\/wp\/v2\/pages"}],"about":[{"href":"https:\/\/daudt.com.br\/geb\/wp-json\/wp\/v2\/types\/page"}],"author":[{"embeddable":true,"href":"https:\/\/daudt.com.br\/geb\/wp-json\/wp\/v2\/users\/1"}],"replies":[{"embeddable":true,"href":"https:\/\/daudt.com.br\/geb\/wp-json\/wp\/v2\/comments?post=1087"}],"version-history":[{"count":7,"href":"https:\/\/daudt.com.br\/geb\/wp-json\/wp\/v2\/pages\/1087\/revisions"}],"predecessor-version":[{"id":1671,"href":"https:\/\/daudt.com.br\/geb\/wp-json\/wp\/v2\/pages\/1087\/revisions\/1671"}],"wp:attachment":[{"href":"https:\/\/daudt.com.br\/geb\/wp-json\/wp\/v2\/media?parent=1087"}],"curies":[{"name":"wp","href":"https:\/\/api.w.org\/{rel}","templated":true}]}}