{"id":1085,"date":"2024-10-16T01:27:57","date_gmt":"2024-10-16T04:27:57","guid":{"rendered":"https:\/\/daudt.com.br\/geb\/?page_id=1085"},"modified":"2024-10-17T16:48:45","modified_gmt":"2024-10-17T19:48:45","slug":"aula-de-artesanato","status":"publish","type":"page","link":"https:\/\/daudt.com.br\/geb\/aula-de-artesanato\/","title":{"rendered":"Aula de Artesanato"},"content":{"rendered":"\t\t<div data-elementor-type=\"wp-page\" data-elementor-id=\"1085\" class=\"elementor elementor-1085\">\n\t\t\t\t<div class=\"elementor-element elementor-element-0f827ce e-flex e-con-boxed e-con e-parent\" data-id=\"0f827ce\" data-element_type=\"container\" data-e-type=\"container\">\n\t\t\t\t\t<div class=\"e-con-inner\">\n\t\t<div class=\"elementor-element elementor-element-2d20446 e-con-full e-flex e-con e-child\" data-id=\"2d20446\" data-element_type=\"container\" data-e-type=\"container\">\n\t\t\t\t<div class=\"elementor-element elementor-element-6e4815d elementor-widget elementor-widget-image\" data-id=\"6e4815d\" data-element_type=\"widget\" data-e-type=\"widget\" data-widget_type=\"image.default\">\n\t\t\t\t<div class=\"elementor-widget-container\">\n\t\t\t\t\t\t\t\t\t\t\t\t\t\t\t<img fetchpriority=\"high\" decoding=\"async\" width=\"400\" height=\"266\" src=\"https:\/\/daudt.com.br\/geb\/wp-content\/uploads\/2024\/10\/aula_artesanato.jpeg\" class=\"attachment-large size-large wp-image-2086\" alt=\"\" srcset=\"https:\/\/daudt.com.br\/geb\/wp-content\/uploads\/2024\/10\/aula_artesanato.jpeg 400w, https:\/\/daudt.com.br\/geb\/wp-content\/uploads\/2024\/10\/aula_artesanato-300x200.jpeg 300w\" sizes=\"(max-width: 400px) 100vw, 400px\" \/>\t\t\t\t\t\t\t\t\t\t\t\t\t\t\t<\/div>\n\t\t\t\t<\/div>\n\t\t\t\t<\/div>\n\t\t<div class=\"elementor-element elementor-element-0333cc4 e-con-full e-flex e-con e-child\" data-id=\"0333cc4\" data-element_type=\"container\" data-e-type=\"container\">\n\t\t\t\t<div class=\"elementor-element elementor-element-4082e9f elementor-widget elementor-widget-text-editor\" data-id=\"4082e9f\" data-element_type=\"widget\" data-e-type=\"widget\" data-widget_type=\"text-editor.default\">\n\t\t\t\t<div class=\"elementor-widget-container\">\n\t\t\t\t\t\t\t\t\t<p>Desenvolvida por volunt\u00e1rios, a Oficina de Artesanato ensina jovens e adultos de Vila Brasil\u00e2ndia a fazer croch\u00ea, tric\u00f4, pintura em tecido e confec\u00e7\u00e3o de bijuterias, o que possibilita aumentar a renda familiar e melhor atender suas necessidades materiais.<\/p>\t\t\t\t\t\t\t\t<\/div>\n\t\t\t\t<\/div>\n\t\t\t\t<\/div>\n\t\t\t\t\t<\/div>\n\t\t\t\t<\/div>\n\t\t\t\t<\/div>\n\t\t","protected":false},"excerpt":{"rendered":"<p>Desenvolvida por volunt\u00e1rios, a Oficina de Artesanato ensina jovens e adultos de Vila Brasil\u00e2ndia a fazer croch\u00ea, tric\u00f4, pintura em tecido e confec\u00e7\u00e3o de bijuterias, o que possibilita aumentar a renda familiar e melhor atender suas necessidades materiais.<\/p>\n","protected":false},"author":1,"featured_media":0,"parent":0,"menu_order":0,"comment_status":"closed","ping_status":"closed","template":"","meta":{"footnotes":""},"class_list":["post-1085","page","type-page","status-publish","hentry"],"_links":{"self":[{"href":"https:\/\/daudt.com.br\/geb\/wp-json\/wp\/v2\/pages\/1085","targetHints":{"allow":["GET"]}}],"collection":[{"href":"https:\/\/daudt.com.br\/geb\/wp-json\/wp\/v2\/pages"}],"about":[{"href":"https:\/\/daudt.com.br\/geb\/wp-json\/wp\/v2\/types\/page"}],"author":[{"embeddable":true,"href":"https:\/\/daudt.com.br\/geb\/wp-json\/wp\/v2\/users\/1"}],"replies":[{"embeddable":true,"href":"https:\/\/daudt.com.br\/geb\/wp-json\/wp\/v2\/comments?post=1085"}],"version-history":[{"count":7,"href":"https:\/\/daudt.com.br\/geb\/wp-json\/wp\/v2\/pages\/1085\/revisions"}],"predecessor-version":[{"id":2089,"href":"https:\/\/daudt.com.br\/geb\/wp-json\/wp\/v2\/pages\/1085\/revisions\/2089"}],"wp:attachment":[{"href":"https:\/\/daudt.com.br\/geb\/wp-json\/wp\/v2\/media?parent=1085"}],"curies":[{"name":"wp","href":"https:\/\/api.w.org\/{rel}","templated":true}]}}