{"id":1081,"date":"2024-10-16T01:24:36","date_gmt":"2024-10-16T04:24:36","guid":{"rendered":"https:\/\/daudt.com.br\/geb\/?page_id=1081"},"modified":"2024-10-17T23:26:43","modified_gmt":"2024-10-18T02:26:43","slug":"distribuicao-semestral","status":"publish","type":"page","link":"https:\/\/daudt.com.br\/geb\/distribuicao-semestral\/","title":{"rendered":"Distribui\u00e7\u00e3o Semestral"},"content":{"rendered":"\t\t<div data-elementor-type=\"wp-page\" data-elementor-id=\"1081\" class=\"elementor elementor-1081\">\n\t\t\t\t<div class=\"elementor-element elementor-element-421dc2f e-flex e-con-boxed e-con e-parent\" data-id=\"421dc2f\" data-element_type=\"container\" data-e-type=\"container\">\n\t\t\t\t\t<div class=\"e-con-inner\">\n\t\t<div class=\"elementor-element elementor-element-4b4386e e-con-full e-flex e-con e-child\" data-id=\"4b4386e\" data-element_type=\"container\" data-e-type=\"container\">\n\t\t\t\t<div class=\"elementor-element elementor-element-0ffb645 elementor-widget elementor-widget-image\" data-id=\"0ffb645\" data-element_type=\"widget\" data-e-type=\"widget\" data-widget_type=\"image.default\">\n\t\t\t\t<div class=\"elementor-widget-container\">\n\t\t\t\t\t\t\t\t\t\t\t\t\t\t\t<img fetchpriority=\"high\" decoding=\"async\" width=\"640\" height=\"1014\" src=\"https:\/\/daudt.com.br\/geb\/wp-content\/uploads\/2024\/10\/Distribuicao-646x1024.jpg\" class=\"attachment-large size-large wp-image-2035\" alt=\"\" srcset=\"https:\/\/daudt.com.br\/geb\/wp-content\/uploads\/2024\/10\/Distribuicao-646x1024.jpg 646w, https:\/\/daudt.com.br\/geb\/wp-content\/uploads\/2024\/10\/Distribuicao-189x300.jpg 189w, https:\/\/daudt.com.br\/geb\/wp-content\/uploads\/2024\/10\/Distribuicao-768x1218.jpg 768w, https:\/\/daudt.com.br\/geb\/wp-content\/uploads\/2024\/10\/Distribuicao-969x1536.jpg 969w, https:\/\/daudt.com.br\/geb\/wp-content\/uploads\/2024\/10\/Distribuicao.jpg 1170w\" sizes=\"(max-width: 640px) 100vw, 640px\" \/>\t\t\t\t\t\t\t\t\t\t\t\t\t\t\t<\/div>\n\t\t\t\t<\/div>\n\t\t\t\t<\/div>\n\t\t<div class=\"elementor-element elementor-element-7bc3f4e e-con-full e-flex e-con e-child\" data-id=\"7bc3f4e\" data-element_type=\"container\" data-e-type=\"container\">\n\t\t\t\t<div class=\"elementor-element elementor-element-0c79557 elementor-widget elementor-widget-text-editor\" data-id=\"0c79557\" data-element_type=\"widget\" data-e-type=\"widget\" data-widget_type=\"text-editor.default\">\n\t\t\t\t<div class=\"elementor-widget-container\">\n\t\t\t\t\t\t\t\t\t<p><!-- \/wp:paragraph --><!-- wp:paragraph --><\/p>\n<p>Desde 1964, sem nenhuma interrup\u00e7\u00e3o, as distribui\u00e7\u00f5es s\u00e3o realizadas, de forma planejada, continuada e totalmente gratuita: uma no segundo domingo do m\u00eas de junho e outra no segundo domingo do m\u00eas de dezembro.<\/p>\n<p><!-- \/wp:paragraph --><!-- wp:paragraph --><\/p>\n<p>Anualmente s\u00e3o distribu\u00eddos \u00e0s fam\u00edlias carentes cerca de vinte toneladas de alimentos e quarenta e cinco mil pe\u00e7as de roupas.<\/p>\n<p><!-- \/wp:paragraph --><!-- wp:paragraph --><\/p>\n<p>Na distribui\u00e7\u00e3o de junho, devido ao per\u00edodo de inverno, s\u00e3o efetuados refor\u00e7os nas necessidades de agasalhos e cobertores, e g\u00eaneros aliment\u00edcios de primeira necessidade.<\/p>\n<p><!-- \/wp:paragraph --><!-- wp:paragraph --><\/p>\n<p>Fam\u00edlias que sobrevivem com o m\u00ednimo necess\u00e1rio encontram na Distribui\u00e7\u00e3o Semestral refor\u00e7o para a satisfa\u00e7\u00e3o de suas necessidades. Duas vezes por ano recebem um kit composto de alimentos, roupas, cal\u00e7ados, artigos de higiene pessoal, brinquedos e cobertores.<\/p>\n<p>Em dezembro, al\u00e9m dos g\u00eaneros aliment\u00edcios, a \u00eanfase \u00e9 para roupas leves, incluindo brinquedos para as crian\u00e7as em fun\u00e7\u00e3o do Natal.<\/p>\n<p>A sele\u00e7\u00e3o das fam\u00edlias contempladas na Distribui\u00e7\u00e3o Semestral \u00e9 feita pelas equipes de acompanhamento externo da Fam\u00edlia Assistida.<\/p>\t\t\t\t\t\t\t\t<\/div>\n\t\t\t\t<\/div>\n\t\t\t\t<\/div>\n\t\t\t\t\t<\/div>\n\t\t\t\t<\/div>\n\t\t<div class=\"elementor-element elementor-element-fa25688 e-flex e-con-boxed e-con e-parent\" data-id=\"fa25688\" data-element_type=\"container\" data-e-type=\"container\">\n\t\t\t\t\t<div class=\"e-con-inner\">\n\t\t\t\t<div class=\"elementor-element elementor-element-7980a17 elementor-widget elementor-widget-text-editor\" data-id=\"7980a17\" data-element_type=\"widget\" data-e-type=\"widget\" data-widget_type=\"text-editor.default\">\n\t\t\t\t<div class=\"elementor-widget-container\">\n\t\t\t\t\t\t\t\t\t<p>S\u00e3o atendidas em torno 300 fam\u00edlias por semestre (o que equivale a cerca de mil e quinhentas pessoas\/semestre).<br \/><br \/>Doe roupas, alimentos e cobertores diretamente na <a href=\"https:\/\/daudt.com.br\/geb\/unidade-doutrinaria-spartaco\/\">Unidade Doutrin\u00e1ria Spartaco Ghilardi<\/a>.<\/p>\t\t\t\t\t\t\t\t<\/div>\n\t\t\t\t<\/div>\n\t\t\t\t<div class=\"elementor-element elementor-element-a9720e5 elementor-widget elementor-widget-heading\" data-id=\"a9720e5\" data-element_type=\"widget\" data-e-type=\"widget\" data-widget_type=\"heading.default\">\n\t\t\t\t<div class=\"elementor-widget-container\">\n\t\t\t\t\t<h3 class=\"elementor-heading-title elementor-size-default\">Trabalho Volunt\u00e1rio por Excel\u00eancias!<\/h3>\t\t\t\t<\/div>\n\t\t\t\t<\/div>\n\t\t\t\t\t<\/div>\n\t\t\t\t<\/div>\n\t\t<div class=\"elementor-element elementor-element-9cd7229 e-flex e-con-boxed e-con e-parent\" data-id=\"9cd7229\" data-element_type=\"container\" data-e-type=\"container\">\n\t\t\t\t\t<div class=\"e-con-inner\">\n\t\t<div class=\"elementor-element elementor-element-cc69fff e-con-full e-flex e-con e-child\" data-id=\"cc69fff\" data-element_type=\"container\" data-e-type=\"container\">\n\t\t\t\t<div class=\"elementor-element elementor-element-4beab52 elementor-widget elementor-widget-text-editor\" data-id=\"4beab52\" data-element_type=\"widget\" data-e-type=\"widget\" data-widget_type=\"text-editor.default\">\n\t\t\t\t<div class=\"elementor-widget-container\">\n\t\t\t\t\t\t\t\t\t<p>\u00c9 uma verdadeira festa de solidariedade.<\/p>\n<p><!-- \/wp:paragraph --><!-- wp:paragraph --><\/p>\n<p>Al\u00e9m do esfor\u00e7o das\u00a0equipes externas de volunt\u00e1rios da Fam\u00edlia Assistida que fazem o trabalho de visita\u00e7\u00e3o, cadastramento e triagem das fam\u00edlias que receber\u00e3o a Distribui\u00e7\u00e3o Semestral, um enorme contingente de volunt\u00e1rios comparece \u00e0 Unidade de Vila Brasil\u00e2ndia.<\/p>\n<p><!-- \/wp:paragraph --><!-- wp:paragraph --><\/p>\n<p>No s\u00e1bado anterior, \u00e9 o dia da organiza\u00e7\u00e3o e no domingo da Distribui\u00e7\u00e3o, os volunt\u00e1rios ficam encarregados de carregar os sacos reunindo as doa\u00e7\u00f5es de cada fam\u00edlia. S\u00e3o mais de 130 volunt\u00e1rios envolvidos nesta tarefa de fraternidade e solidariedade.<\/p>\t\t\t\t\t\t\t\t<\/div>\n\t\t\t\t<\/div>\n\t\t\t\t<\/div>\n\t\t<div class=\"elementor-element elementor-element-c9a4e73 e-con-full e-flex e-con e-child\" data-id=\"c9a4e73\" data-element_type=\"container\" data-e-type=\"container\">\n\t\t\t\t<div class=\"elementor-element elementor-element-fa09a97 elementor-widget elementor-widget-image\" data-id=\"fa09a97\" data-element_type=\"widget\" data-e-type=\"widget\" data-widget_type=\"image.default\">\n\t\t\t\t<div class=\"elementor-widget-container\">\n\t\t\t\t\t\t\t\t\t\t\t\t\t\t\t<img decoding=\"async\" width=\"225\" height=\"300\" src=\"https:\/\/daudt.com.br\/geb\/wp-content\/uploads\/2024\/10\/Distribuicao-semestral-225x300.jpg\" class=\"attachment-medium size-medium wp-image-2036\" alt=\"\" srcset=\"https:\/\/daudt.com.br\/geb\/wp-content\/uploads\/2024\/10\/Distribuicao-semestral-225x300.jpg 225w, https:\/\/daudt.com.br\/geb\/wp-content\/uploads\/2024\/10\/Distribuicao-semestral-768x1024.jpg 768w, https:\/\/daudt.com.br\/geb\/wp-content\/uploads\/2024\/10\/Distribuicao-semestral-1152x1536.jpg 1152w, https:\/\/daudt.com.br\/geb\/wp-content\/uploads\/2024\/10\/Distribuicao-semestral-1536x2048.jpg 1536w, https:\/\/daudt.com.br\/geb\/wp-content\/uploads\/2024\/10\/Distribuicao-semestral-scaled.jpg 1920w\" sizes=\"(max-width: 225px) 100vw, 225px\" \/>\t\t\t\t\t\t\t\t\t\t\t\t\t\t\t<\/div>\n\t\t\t\t<\/div>\n\t\t\t\t<\/div>\n\t\t\t\t\t<\/div>\n\t\t\t\t<\/div>\n\t\t<div class=\"elementor-element elementor-element-32d49c6 e-flex e-con-boxed e-con e-parent\" data-id=\"32d49c6\" data-element_type=\"container\" data-e-type=\"container\">\n\t\t\t\t\t<div class=\"e-con-inner\">\n\t\t\t\t<div class=\"elementor-element elementor-element-b96f2d3 elementor-widget elementor-widget-heading\" data-id=\"b96f2d3\" data-element_type=\"widget\" data-e-type=\"widget\" data-widget_type=\"heading.default\">\n\t\t\t\t<div class=\"elementor-widget-container\">\n\t\t\t\t\t<h4 class=\"elementor-heading-title elementor-size-default\">Local e Hor\u00e1rios:<\/h4>\t\t\t\t<\/div>\n\t\t\t\t<\/div>\n\t\t\t\t<div class=\"elementor-element elementor-element-28e3c8e elementor-widget elementor-widget-text-editor\" data-id=\"28e3c8e\" data-element_type=\"widget\" data-e-type=\"widget\" data-widget_type=\"text-editor.default\">\n\t\t\t\t<div class=\"elementor-widget-container\">\n\t\t\t\t\t\t\t\t\t<table class=\"has-fixed-layout\">\n<tbody>\n<tr>\n<td><strong>UNIDADE BRASIL\u00c2NDIA (Rua Jorge Pires Ramalho n\u00ba 70)<\/strong><\/td>\n<td><strong>Hor\u00e1rio<\/strong><\/td>\n<td><strong>Observa\u00e7\u00e3o<\/strong><\/td>\n<\/tr>\n<tr>\n<td>Domingo<\/td>\n<td>8h \u00e0s 12h<\/td>\n<td>Segundo domingo do m\u00eas de junho<\/td>\n<\/tr>\n<tr>\n<td>Domingo<\/td>\n<td>8h \u00e0s 12h<\/td>\n<td>Segundo domingo do m\u00eas de dezembro<\/td>\n<\/tr>\n<\/tbody>\n<\/table>\t\t\t\t\t\t\t\t<\/div>\n\t\t\t\t<\/div>\n\t\t\t\t\t<\/div>\n\t\t\t\t<\/div>\n\t\t\t\t<\/div>\n\t\t","protected":false},"excerpt":{"rendered":"<p>Desde 1964, sem nenhuma interrup\u00e7\u00e3o, as distribui\u00e7\u00f5es s\u00e3o realizadas, de forma planejada, continuada e totalmente gratuita: uma no segundo domingo do m\u00eas de junho e outra no segundo domingo do m\u00eas de dezembro. Anualmente s\u00e3o distribu\u00eddos \u00e0s fam\u00edlias carentes cerca de vinte toneladas de alimentos e quarenta e cinco mil pe\u00e7as de roupas. Na distribui\u00e7\u00e3o [&hellip;]<\/p>\n","protected":false},"author":1,"featured_media":0,"parent":0,"menu_order":0,"comment_status":"closed","ping_status":"closed","template":"","meta":{"footnotes":""},"class_list":["post-1081","page","type-page","status-publish","hentry"],"_links":{"self":[{"href":"https:\/\/daudt.com.br\/geb\/wp-json\/wp\/v2\/pages\/1081","targetHints":{"allow":["GET"]}}],"collection":[{"href":"https:\/\/daudt.com.br\/geb\/wp-json\/wp\/v2\/pages"}],"about":[{"href":"https:\/\/daudt.com.br\/geb\/wp-json\/wp\/v2\/types\/page"}],"author":[{"embeddable":true,"href":"https:\/\/daudt.com.br\/geb\/wp-json\/wp\/v2\/users\/1"}],"replies":[{"embeddable":true,"href":"https:\/\/daudt.com.br\/geb\/wp-json\/wp\/v2\/comments?post=1081"}],"version-history":[{"count":23,"href":"https:\/\/daudt.com.br\/geb\/wp-json\/wp\/v2\/pages\/1081\/revisions"}],"predecessor-version":[{"id":2163,"href":"https:\/\/daudt.com.br\/geb\/wp-json\/wp\/v2\/pages\/1081\/revisions\/2163"}],"wp:attachment":[{"href":"https:\/\/daudt.com.br\/geb\/wp-json\/wp\/v2\/media?parent=1081"}],"curies":[{"name":"wp","href":"https:\/\/api.w.org\/{rel}","templated":true}]}}