{"id":1079,"date":"2024-10-16T01:23:26","date_gmt":"2024-10-16T04:23:26","guid":{"rendered":"https:\/\/daudt.com.br\/geb\/?page_id=1079"},"modified":"2024-10-17T13:49:57","modified_gmt":"2024-10-17T16:49:57","slug":"ronda-noturna","status":"publish","type":"page","link":"https:\/\/daudt.com.br\/geb\/ronda-noturna\/","title":{"rendered":"Ronda Noturna"},"content":{"rendered":"\t\t<div data-elementor-type=\"wp-page\" data-elementor-id=\"1079\" class=\"elementor elementor-1079\">\n\t\t\t\t\t\t<section class=\"elementor-section elementor-top-section elementor-element elementor-element-3b17dcec elementor-section-boxed elementor-section-height-default elementor-section-height-default\" data-id=\"3b17dcec\" data-element_type=\"section\" data-e-type=\"section\">\n\t\t\t\t\t\t<div class=\"elementor-container elementor-column-gap-default\">\n\t\t\t\t\t<div class=\"elementor-column elementor-col-100 elementor-top-column elementor-element elementor-element-5e1221a\" data-id=\"5e1221a\" data-element_type=\"column\" data-e-type=\"column\">\n\t\t\t<div class=\"elementor-widget-wrap elementor-element-populated\">\n\t\t\t\t\t\t<div class=\"elementor-element elementor-element-29e5937a elementor-widget elementor-widget-text-editor\" data-id=\"29e5937a\" data-element_type=\"widget\" data-e-type=\"widget\" data-widget_type=\"text-editor.default\">\n\t\t\t\t<div class=\"elementor-widget-container\">\n\t\t\t\t\t\t\t\t\t\n<p><img fetchpriority=\"high\" decoding=\"async\" class=\"size-medium wp-image-2031 alignright\" src=\"https:\/\/daudt.com.br\/geb\/wp-content\/uploads\/2024\/10\/ronda1-300x194.jpeg\" alt=\"\" width=\"300\" height=\"194\" srcset=\"https:\/\/daudt.com.br\/geb\/wp-content\/uploads\/2024\/10\/ronda1-300x194.jpeg 300w, https:\/\/daudt.com.br\/geb\/wp-content\/uploads\/2024\/10\/ronda1.jpeg 400w\" sizes=\"(max-width: 300px) 100vw, 300px\" \/>O programa Ronda Noturna ampara moradores em situa\u00e7\u00e3o de rua o ano inteiro. Equipes de volunt\u00e1rios se deslocam pela cidade distribuindo roupas, cobertores, cal\u00e7ados, lanches, chocolate quente e, o mais importante, uma palavra amiga!<\/p>\n\n<p>Esta atividade assistencial \u00e9 organizada por volunt\u00e1rios da Unidade Unidade Spartaco Ghilardi, em Perdizes, de onde saem para o atendimento, sobretudo nas \u00e1reas centrais de S\u00e3o Paulo, regi\u00e3o essa onde se concentra uma grande quantidade de pessoas em situa\u00e7\u00e3o de rua.<\/p>\n\n<p><strong><em>Como participar &gt;&gt;&gt;<\/em><\/strong><\/p>\n\n<p>\u00a0<\/p>\n\t\t\t\t\t\t\t\t<\/div>\n\t\t\t\t<\/div>\n\t\t\t\t\t<\/div>\n\t\t<\/div>\n\t\t\t\t\t<\/div>\n\t\t<\/section>\n\t\t\t\t<\/div>\n\t\t","protected":false},"excerpt":{"rendered":"<p>O programa Ronda Noturna ampara moradores em situa\u00e7\u00e3o de rua o ano inteiro. Equipes de volunt\u00e1rios se deslocam pela cidade distribuindo roupas, cobertores, cal\u00e7ados, lanches, chocolate quente e, o mais importante, uma palavra amiga! Esta atividade assistencial \u00e9 organizada por volunt\u00e1rios da Unidade Unidade Spartaco Ghilardi, em Perdizes, de onde saem para o atendimento, sobretudo [&hellip;]<\/p>\n","protected":false},"author":1,"featured_media":0,"parent":0,"menu_order":0,"comment_status":"closed","ping_status":"closed","template":"","meta":{"footnotes":""},"class_list":["post-1079","page","type-page","status-publish","hentry"],"_links":{"self":[{"href":"https:\/\/daudt.com.br\/geb\/wp-json\/wp\/v2\/pages\/1079","targetHints":{"allow":["GET"]}}],"collection":[{"href":"https:\/\/daudt.com.br\/geb\/wp-json\/wp\/v2\/pages"}],"about":[{"href":"https:\/\/daudt.com.br\/geb\/wp-json\/wp\/v2\/types\/page"}],"author":[{"embeddable":true,"href":"https:\/\/daudt.com.br\/geb\/wp-json\/wp\/v2\/users\/1"}],"replies":[{"embeddable":true,"href":"https:\/\/daudt.com.br\/geb\/wp-json\/wp\/v2\/comments?post=1079"}],"version-history":[{"count":7,"href":"https:\/\/daudt.com.br\/geb\/wp-json\/wp\/v2\/pages\/1079\/revisions"}],"predecessor-version":[{"id":2034,"href":"https:\/\/daudt.com.br\/geb\/wp-json\/wp\/v2\/pages\/1079\/revisions\/2034"}],"wp:attachment":[{"href":"https:\/\/daudt.com.br\/geb\/wp-json\/wp\/v2\/media?parent=1079"}],"curies":[{"name":"wp","href":"https:\/\/api.w.org\/{rel}","templated":true}]}}