{"id":1077,"date":"2024-10-16T01:22:37","date_gmt":"2024-10-16T04:22:37","guid":{"rendered":"https:\/\/daudt.com.br\/geb\/?page_id=1077"},"modified":"2024-10-17T13:21:05","modified_gmt":"2024-10-17T16:21:05","slug":"sopa-fraterna","status":"publish","type":"page","link":"https:\/\/daudt.com.br\/geb\/sopa-fraterna\/","title":{"rendered":"Sopa Fraterna"},"content":{"rendered":"\t\t<div data-elementor-type=\"wp-page\" data-elementor-id=\"1077\" class=\"elementor elementor-1077\">\n\t\t\t\t<div class=\"elementor-element elementor-element-83845fb e-flex e-con-boxed e-con e-parent\" data-id=\"83845fb\" data-element_type=\"container\" data-e-type=\"container\">\n\t\t\t\t\t<div class=\"e-con-inner\">\n\t\t<div class=\"elementor-element elementor-element-19eeb99 e-con-full e-flex e-con e-child\" data-id=\"19eeb99\" data-element_type=\"container\" data-e-type=\"container\">\n\t\t\t\t<div class=\"elementor-element elementor-element-76f7ff3 elementor-widget__width-initial elementor-widget elementor-widget-image\" data-id=\"76f7ff3\" data-element_type=\"widget\" data-e-type=\"widget\" data-widget_type=\"image.default\">\n\t\t\t\t<div class=\"elementor-widget-container\">\n\t\t\t\t\t\t\t\t\t\t\t\t\t\t\t<img fetchpriority=\"high\" decoding=\"async\" width=\"640\" height=\"377\" src=\"https:\/\/daudt.com.br\/geb\/wp-content\/uploads\/2024\/10\/Sopa-Fraterna1-1024x603.jpeg\" class=\"attachment-large size-large wp-image-1650\" alt=\"\" srcset=\"https:\/\/daudt.com.br\/geb\/wp-content\/uploads\/2024\/10\/Sopa-Fraterna1-1024x603.jpeg 1024w, https:\/\/daudt.com.br\/geb\/wp-content\/uploads\/2024\/10\/Sopa-Fraterna1-300x177.jpeg 300w, https:\/\/daudt.com.br\/geb\/wp-content\/uploads\/2024\/10\/Sopa-Fraterna1-768x452.jpeg 768w, https:\/\/daudt.com.br\/geb\/wp-content\/uploads\/2024\/10\/Sopa-Fraterna1.jpeg 1170w\" sizes=\"(max-width: 640px) 100vw, 640px\" \/>\t\t\t\t\t\t\t\t\t\t\t\t\t\t\t<\/div>\n\t\t\t\t<\/div>\n\t\t\t\t<\/div>\n\t\t<div class=\"elementor-element elementor-element-41274db e-con-full e-flex e-con e-child\" data-id=\"41274db\" data-element_type=\"container\" data-e-type=\"container\">\n\t\t\t\t<div class=\"elementor-element elementor-element-47c0c2f elementor-widget elementor-widget-text-editor\" data-id=\"47c0c2f\" data-element_type=\"widget\" data-e-type=\"widget\" data-widget_type=\"text-editor.default\">\n\t\t\t\t<div class=\"elementor-widget-container\">\n\t\t\t\t\t\t\t\t\t<p>Para muitas crian\u00e7as, adolescentes e adultos de Vila Brasil\u00e2ndia e de seu entorno, a sopa servida no refeit\u00f3rio da Unidade Dona Aninha \u00e9 a \u00fanica refei\u00e7\u00e3o do dia, um prato rico em nutrientes, sabor e respeito.<\/p>\n<p><!-- \/wp:paragraph --><!-- wp:paragraph --><\/p>\n<p>\u00a0O objetivo \u00e9 atender, do ponto de vista nutricional, \u00e0 popula\u00e7\u00e3o carente da regi\u00e3o de entorno \u00e0 nossa unidade de Vila Brasil\u00e2ndia, de forma planejada, continuada e totalmente gratuita.<\/p>\t\t\t\t\t\t\t\t<\/div>\n\t\t\t\t<\/div>\n\t\t\t\t<\/div>\n\t\t\t\t\t<\/div>\n\t\t\t\t<\/div>\n\t\t<div class=\"elementor-element elementor-element-fc13d7d e-flex e-con-boxed e-con e-parent\" data-id=\"fc13d7d\" data-element_type=\"container\" data-e-type=\"container\">\n\t\t\t\t\t<div class=\"e-con-inner\">\n\t\t\t\t<div class=\"elementor-element elementor-element-16e008a elementor-widget elementor-widget-text-editor\" data-id=\"16e008a\" data-element_type=\"widget\" data-e-type=\"widget\" data-widget_type=\"text-editor.default\">\n\t\t\t\t<div class=\"elementor-widget-container\">\n\t\t\t\t\t\t\t\t\t<p><strong>O acolhimento dos assistidos na Sopa Fraterna inicia as 11 horas e se encerra as 12h30.<\/strong><\/p>\n<p><!-- \/wp:paragraph --><!-- wp:heading {\"level\":3} --><\/p>\t\t\t\t\t\t\t\t<\/div>\n\t\t\t\t<\/div>\n\t\t\t\t<div class=\"elementor-element elementor-element-fc94222 elementor-widget elementor-widget-heading\" data-id=\"fc94222\" data-element_type=\"widget\" data-e-type=\"widget\" data-widget_type=\"heading.default\">\n\t\t\t\t<div class=\"elementor-widget-container\">\n\t\t\t\t\t<h2 class=\"elementor-heading-title elementor-size-default\">Alimente uma fam\u00edlia carente<\/h2>\t\t\t\t<\/div>\n\t\t\t\t<\/div>\n\t\t\t\t<div class=\"elementor-element elementor-element-cf2fb04 elementor-widget elementor-widget-text-editor\" data-id=\"cf2fb04\" data-element_type=\"widget\" data-e-type=\"widget\" data-widget_type=\"text-editor.default\">\n\t\t\t\t<div class=\"elementor-widget-container\">\n\t\t\t\t\t\t\t\t\t<p><img decoding=\"async\" class=\"alignright wp-image-1979\" src=\"https:\/\/daudt.com.br\/geb\/wp-content\/uploads\/2024\/10\/Sopa-boa-foto-1024x683.jpeg\" alt=\"\" width=\"530\" height=\"353\" srcset=\"https:\/\/daudt.com.br\/geb\/wp-content\/uploads\/2024\/10\/Sopa-boa-foto-1024x683.jpeg 1024w, https:\/\/daudt.com.br\/geb\/wp-content\/uploads\/2024\/10\/Sopa-boa-foto-300x200.jpeg 300w, https:\/\/daudt.com.br\/geb\/wp-content\/uploads\/2024\/10\/Sopa-boa-foto-768x512.jpeg 768w, https:\/\/daudt.com.br\/geb\/wp-content\/uploads\/2024\/10\/Sopa-boa-foto-1536x1024.jpeg 1536w, https:\/\/daudt.com.br\/geb\/wp-content\/uploads\/2024\/10\/Sopa-boa-foto-2048x1365.jpeg 2048w\" sizes=\"(max-width: 530px) 100vw, 530px\" \/><\/p>\n<p><!-- \/wp:paragraph -->\n\n<!-- wp:paragraph --><\/p>\n<p>O GEB fornece, desde 1966, de segunda-feira a s\u00e1bado, em seu refeit\u00f3rio, na Unidade Assistencial Dona Aninha, em Vila Brasil\u00e2ndia, sopa acompanhada de p\u00e3ezinhos, atendendo, por dia, pelo menos 200.<\/p>\n<p>S\u00e3o atendidas pessoas de todas as idades, que n\u00e3o t\u00eam recursos para compra de alimentos.<\/p>\n<p><!-- \/wp:paragraph -->\n\n<!-- wp:paragraph --><\/p>\n<p>Aos domingos, a cozinha da Sopa se ocupa na confec\u00e7\u00e3o de lanches e sucos para as crian\u00e7as e jovens que participam das atividades pedag\u00f3gicas.<\/p>\n<p><!-- \/wp:paragraph -->\n\n<!-- wp:paragraph --><\/p>\n<p>S\u00e3o consumidas quatro toneladas semanais de alimentos. A prepara\u00e7\u00e3o fica a cargo de uma equipe de volunt\u00e1rios, com muito amor e dedica\u00e7\u00e3o, sempre com o acompanhamento de nutricionistas.<\/p>\n<p><!-- \/wp:paragraph -->\n\n<!-- wp:paragraph --><\/p>\n<p>Os alimentos perec\u00edveis, em sua maioria, s\u00e3o doados, semanalmente, por comerciantes da CEAGESP ( Companhia de Entrepostos e Armaz\u00e9ns Gerais de S\u00e3o Paulo) , sendo retirados por nosso caminh\u00e3o com equipe de volunt\u00e1rios.<\/p>\n<p><!-- \/wp:paragraph -->\n\n<!-- wp:heading {\"level\":3} --><\/p>\t\t\t\t\t\t\t\t<\/div>\n\t\t\t\t<\/div>\n\t\t\t\t<div class=\"elementor-element elementor-element-0951b87 elementor-widget elementor-widget-heading\" data-id=\"0951b87\" data-element_type=\"widget\" data-e-type=\"widget\" data-widget_type=\"heading.default\">\n\t\t\t\t<div class=\"elementor-widget-container\">\n\t\t\t\t\t<h2 class=\"elementor-heading-title elementor-size-default\">Apanha de Alimentos: volunt\u00e1rios de for\u00e7a e alegria!<\/h2>\t\t\t\t<\/div>\n\t\t\t\t<\/div>\n\t\t\t\t<div class=\"elementor-element elementor-element-9ce300b elementor-widget elementor-widget-text-editor\" data-id=\"9ce300b\" data-element_type=\"widget\" data-e-type=\"widget\" data-widget_type=\"text-editor.default\">\n\t\t\t\t<div class=\"elementor-widget-container\">\n\t\t\t\t\t\t\t\t\t<p>Uma vez por semana a equipe formada por oito volunt\u00e1rios se reveza na tarefa de recolher frutas, legumes e verduras doadas pela generosidade de comerciantes da CEAGESP.<\/p>\n<p><!-- \/wp:paragraph --><!-- wp:paragraph --><\/p>\n<p>Estes alimentos perec\u00edveis v\u00e3o para a Sopa Fraterna que alimenta todos que batem \u00e0 nossa porta, assim como as crian\u00e7as do Centro de Educa\u00e7\u00e3o Infantil \u2013 CEI Batu\u00edra.<\/p>\n<p><!-- \/wp:paragraph --><!-- wp:heading {\"level\":3} --><\/p>\t\t\t\t\t\t\t\t<\/div>\n\t\t\t\t<\/div>\n\t\t\t\t<div class=\"elementor-element elementor-element-711605c elementor-widget elementor-widget-heading\" data-id=\"711605c\" data-element_type=\"widget\" data-e-type=\"widget\" data-widget_type=\"heading.default\">\n\t\t\t\t<div class=\"elementor-widget-container\">\n\t\t\t\t\t<h2 class=\"elementor-heading-title elementor-size-default\">Sopa Fraterna: tarefa realizada por voluntariado!<\/h2>\t\t\t\t<\/div>\n\t\t\t\t<\/div>\n\t\t\t\t<div class=\"elementor-element elementor-element-0da7c9c elementor-widget elementor-widget-text-editor\" data-id=\"0da7c9c\" data-element_type=\"widget\" data-e-type=\"widget\" data-widget_type=\"text-editor.default\">\n\t\t\t\t<div class=\"elementor-widget-container\">\n\t\t\t\t\t\t\t\t\t<p>Seis equipes compostas de oito volunt\u00e1rios diariamente se revezam para cumprir esta importante tarefa.<\/p>\n<p><img decoding=\"async\" class=\"wp-image-1969 size-medium alignleft\" src=\"https:\/\/daudt.com.br\/geb\/wp-content\/uploads\/2024\/10\/Sopa_voluntarios-300x200.jpeg\" alt=\"\" width=\"300\" height=\"200\" srcset=\"https:\/\/daudt.com.br\/geb\/wp-content\/uploads\/2024\/10\/Sopa_voluntarios-300x200.jpeg 300w, https:\/\/daudt.com.br\/geb\/wp-content\/uploads\/2024\/10\/Sopa_voluntarios-1024x683.jpeg 1024w, https:\/\/daudt.com.br\/geb\/wp-content\/uploads\/2024\/10\/Sopa_voluntarios-768x512.jpeg 768w, https:\/\/daudt.com.br\/geb\/wp-content\/uploads\/2024\/10\/Sopa_voluntarios-1536x1024.jpeg 1536w, https:\/\/daudt.com.br\/geb\/wp-content\/uploads\/2024\/10\/Sopa_voluntarios-2048x1365.jpeg 2048w\" sizes=\"(max-width: 300px) 100vw, 300px\" \/><\/p>\n<p>\u00a0<\/p>\t\t\t\t\t\t\t\t<\/div>\n\t\t\t\t<\/div>\n\t\t\t\t\t<\/div>\n\t\t\t\t<\/div>\n\t\t\t\t<\/div>\n\t\t","protected":false},"excerpt":{"rendered":"<p>Para muitas crian\u00e7as, adolescentes e adultos de Vila Brasil\u00e2ndia e de seu entorno, a sopa servida no refeit\u00f3rio da Unidade Dona Aninha \u00e9 a \u00fanica refei\u00e7\u00e3o do dia, um prato rico em nutrientes, sabor e respeito. \u00a0O objetivo \u00e9 atender, do ponto de vista nutricional, \u00e0 popula\u00e7\u00e3o carente da regi\u00e3o de entorno \u00e0 nossa unidade [&hellip;]<\/p>\n","protected":false},"author":1,"featured_media":0,"parent":0,"menu_order":0,"comment_status":"closed","ping_status":"closed","template":"","meta":{"footnotes":""},"class_list":["post-1077","page","type-page","status-publish","hentry"],"_links":{"self":[{"href":"https:\/\/daudt.com.br\/geb\/wp-json\/wp\/v2\/pages\/1077","targetHints":{"allow":["GET"]}}],"collection":[{"href":"https:\/\/daudt.com.br\/geb\/wp-json\/wp\/v2\/pages"}],"about":[{"href":"https:\/\/daudt.com.br\/geb\/wp-json\/wp\/v2\/types\/page"}],"author":[{"embeddable":true,"href":"https:\/\/daudt.com.br\/geb\/wp-json\/wp\/v2\/users\/1"}],"replies":[{"embeddable":true,"href":"https:\/\/daudt.com.br\/geb\/wp-json\/wp\/v2\/comments?post=1077"}],"version-history":[{"count":26,"href":"https:\/\/daudt.com.br\/geb\/wp-json\/wp\/v2\/pages\/1077\/revisions"}],"predecessor-version":[{"id":1982,"href":"https:\/\/daudt.com.br\/geb\/wp-json\/wp\/v2\/pages\/1077\/revisions\/1982"}],"wp:attachment":[{"href":"https:\/\/daudt.com.br\/geb\/wp-json\/wp\/v2\/media?parent=1077"}],"curies":[{"name":"wp","href":"https:\/\/api.w.org\/{rel}","templated":true}]}}