{"id":1072,"date":"2024-10-16T01:19:12","date_gmt":"2024-10-16T04:19:12","guid":{"rendered":"https:\/\/daudt.com.br\/geb\/?page_id=1072"},"modified":"2024-10-16T02:00:14","modified_gmt":"2024-10-16T05:00:14","slug":"biblioteca-espirita","status":"publish","type":"page","link":"https:\/\/daudt.com.br\/geb\/biblioteca-espirita\/","title":{"rendered":"Biblioteca Esp\u00edrita"},"content":{"rendered":"\t\t<div data-elementor-type=\"wp-page\" data-elementor-id=\"1072\" class=\"elementor elementor-1072\">\n\t\t\t\t\t\t<section class=\"elementor-section elementor-top-section elementor-element elementor-element-71e83c61 elementor-section-boxed elementor-section-height-default elementor-section-height-default\" data-id=\"71e83c61\" data-element_type=\"section\" data-e-type=\"section\">\n\t\t\t\t\t\t<div class=\"elementor-container elementor-column-gap-default\">\n\t\t\t\t\t<div class=\"elementor-column elementor-col-100 elementor-top-column elementor-element elementor-element-1ada26ea\" data-id=\"1ada26ea\" data-element_type=\"column\" data-e-type=\"column\">\n\t\t\t<div class=\"elementor-widget-wrap elementor-element-populated\">\n\t\t\t\t\t\t<div class=\"elementor-element elementor-element-366cf380 elementor-widget elementor-widget-text-editor\" data-id=\"366cf380\" data-element_type=\"widget\" data-e-type=\"widget\" data-widget_type=\"text-editor.default\">\n\t\t\t\t<div class=\"elementor-widget-container\">\n\t\t\t\t\t\t\t\t\t\n<p>Na\u00a0Unidade\u00a0Assistencial D. Aninha, em Vila Brasil\u00e2ndia, o GEB disp\u00f5e de uma biblioteca circulante de livros esp\u00edritas, cujas obras s\u00e3o emprestadas gratuitamente para os moradores da comunidade local, interessados no estudo e no conhecimento da Doutrina Esp\u00edrita.<\/p>\n\n\n\n<p><strong>Atendimento:<\/strong><\/p>\n\n\n\n<p>S\u00e1bado: das 15h45 \u00e0s 17h<\/p>\n\n\n\n<p><\/p>\n\t\t\t\t\t\t\t\t<\/div>\n\t\t\t\t<\/div>\n\t\t\t\t\t<\/div>\n\t\t<\/div>\n\t\t\t\t\t<\/div>\n\t\t<\/section>\n\t\t\t\t<\/div>\n\t\t","protected":false},"excerpt":{"rendered":"<p>Na\u00a0Unidade\u00a0Assistencial D. Aninha, em Vila Brasil\u00e2ndia, o GEB disp\u00f5e de uma biblioteca circulante de livros esp\u00edritas, cujas obras s\u00e3o emprestadas gratuitamente para os moradores da comunidade local, interessados no estudo e no conhecimento da Doutrina Esp\u00edrita. Atendimento: S\u00e1bado: das 15h45 \u00e0s 17h<\/p>\n","protected":false},"author":1,"featured_media":0,"parent":0,"menu_order":0,"comment_status":"closed","ping_status":"closed","template":"","meta":{"footnotes":""},"class_list":["post-1072","page","type-page","status-publish","hentry"],"_links":{"self":[{"href":"https:\/\/daudt.com.br\/geb\/wp-json\/wp\/v2\/pages\/1072","targetHints":{"allow":["GET"]}}],"collection":[{"href":"https:\/\/daudt.com.br\/geb\/wp-json\/wp\/v2\/pages"}],"about":[{"href":"https:\/\/daudt.com.br\/geb\/wp-json\/wp\/v2\/types\/page"}],"author":[{"embeddable":true,"href":"https:\/\/daudt.com.br\/geb\/wp-json\/wp\/v2\/users\/1"}],"replies":[{"embeddable":true,"href":"https:\/\/daudt.com.br\/geb\/wp-json\/wp\/v2\/comments?post=1072"}],"version-history":[{"count":4,"href":"https:\/\/daudt.com.br\/geb\/wp-json\/wp\/v2\/pages\/1072\/revisions"}],"predecessor-version":[{"id":1145,"href":"https:\/\/daudt.com.br\/geb\/wp-json\/wp\/v2\/pages\/1072\/revisions\/1145"}],"wp:attachment":[{"href":"https:\/\/daudt.com.br\/geb\/wp-json\/wp\/v2\/media?parent=1072"}],"curies":[{"name":"wp","href":"https:\/\/api.w.org\/{rel}","templated":true}]}}