{"id":1070,"date":"2024-10-16T01:18:12","date_gmt":"2024-10-16T04:18:12","guid":{"rendered":"https:\/\/daudt.com.br\/geb\/?page_id=1070"},"modified":"2024-10-16T18:35:52","modified_gmt":"2024-10-16T21:35:52","slug":"livraria-espirita","status":"publish","type":"page","link":"https:\/\/daudt.com.br\/geb\/livraria-espirita\/","title":{"rendered":"Livraria Esp\u00edrita"},"content":{"rendered":"\t\t<div data-elementor-type=\"wp-page\" data-elementor-id=\"1070\" class=\"elementor elementor-1070\">\n\t\t\t\t\t\t<section class=\"elementor-section elementor-top-section elementor-element elementor-element-6be35a6c elementor-section-boxed elementor-section-height-default elementor-section-height-default\" data-id=\"6be35a6c\" data-element_type=\"section\" data-e-type=\"section\">\n\t\t\t\t\t\t<div class=\"elementor-container elementor-column-gap-default\">\n\t\t\t\t\t<div class=\"elementor-column elementor-col-100 elementor-top-column elementor-element elementor-element-604c83d2\" data-id=\"604c83d2\" data-element_type=\"column\" data-e-type=\"column\">\n\t\t\t<div class=\"elementor-widget-wrap elementor-element-populated\">\n\t\t\t\t\t\t<div class=\"elementor-element elementor-element-76515445 elementor-widget elementor-widget-text-editor\" data-id=\"76515445\" data-element_type=\"widget\" data-e-type=\"widget\" data-widget_type=\"text-editor.default\">\n\t\t\t\t<div class=\"elementor-widget-container\">\n\t\t\t\t\t\t\t\t\t\n<p>A Livraria oferece ao p\u00fablico frequentador diversas op\u00e7\u00f5es de livros que abordam temas e autores de obras da Doutrina Esp\u00edrita. Fica no sagu\u00e3o de entrada da Unidade Doutrin\u00e1ria Spartaco Ghilardi.<\/p>\n\t\t\t\t\t\t\t\t<\/div>\n\t\t\t\t<\/div>\n\t\t\t\t<div class=\"elementor-element elementor-element-7e2b2ec elementor-widget elementor-widget-n-accordion\" data-id=\"7e2b2ec\" data-element_type=\"widget\" data-e-type=\"widget\" data-settings=\"{&quot;default_state&quot;:&quot;all_collapsed&quot;,&quot;max_items_expended&quot;:&quot;one&quot;,&quot;n_accordion_animation_duration&quot;:{&quot;unit&quot;:&quot;ms&quot;,&quot;size&quot;:400,&quot;sizes&quot;:[]}}\" data-widget_type=\"nested-accordion.default\">\n\t\t\t\t<div class=\"elementor-widget-container\">\n\t\t\t\t\t\t\t<div class=\"e-n-accordion\" aria-label=\"Accordion. Open links with Enter or Space, close with Escape, and navigate with Arrow Keys\">\n\t\t\t\t\t\t<details id=\"e-n-accordion-item-1320\" class=\"e-n-accordion-item\" >\n\t\t\t\t<summary class=\"e-n-accordion-item-title\" data-accordion-index=\"1\" tabindex=\"0\" aria-expanded=\"false\" aria-controls=\"e-n-accordion-item-1320\" >\n\t\t\t\t\t<span class='e-n-accordion-item-title-header'><div class=\"e-n-accordion-item-title-text\"> Acesse aqui os hor\u00e1rios de funcionamento <\/div><\/span>\n\t\t\t\t\t\t\t<span class='e-n-accordion-item-title-icon'>\n\t\t\t<span class='e-opened' ><i aria-hidden=\"true\" class=\"fas fa-minus\"><\/i><\/span>\n\t\t\t<span class='e-closed'><i aria-hidden=\"true\" class=\"fas fa-plus\"><\/i><\/span>\n\t\t<\/span>\n\n\t\t\t\t\t\t<\/summary>\n\t\t\t\t<div role=\"region\" aria-labelledby=\"e-n-accordion-item-1320\" class=\"elementor-element elementor-element-abf5a69 e-con-full e-flex e-con e-child\" data-id=\"abf5a69\" data-element_type=\"container\" data-e-type=\"container\">\n\t\t\t\t<div class=\"elementor-element elementor-element-ccc4b51 elementor-widget elementor-widget-heading\" data-id=\"ccc4b51\" data-element_type=\"widget\" data-e-type=\"widget\" data-widget_type=\"heading.default\">\n\t\t\t\t<div class=\"elementor-widget-container\">\n\t\t\t\t\t<h4 class=\"elementor-heading-title elementor-size-default\">Local de Atendimento e Hor\u00e1rios:<\/h4>\t\t\t\t<\/div>\n\t\t\t\t<\/div>\n\t\t\t\t<div class=\"elementor-element elementor-element-bbf7ac8 elementor-widget elementor-widget-text-editor\" data-id=\"bbf7ac8\" data-element_type=\"widget\" data-e-type=\"widget\" data-widget_type=\"text-editor.default\">\n\t\t\t\t<div class=\"elementor-widget-container\">\n\t\t\t\t\t\t\t\t\t<table class=\"grid listing\">\n<tbody>\n<tr>\n<th> \n<ul>\n<li>UNIDADE CAIUBI (Rua Caiubi n\u00ba 1306 &#8211; Perdizes)<\/li>\n<\/ul>\n<\/th><th>Hor\u00e1rios<\/th>\n<\/tr>\n<tr>\n<td>Segundas, Ter\u00e7as e Quartas-Feiras<\/td>\n<td>13h30 \u00e0s 20h00<\/td>\n<\/tr>\n<tr>\n<td>Quintas-Feiras<\/td>\n<td>14h00 \u00e0s 20h00<\/td>\n<\/tr>\n<tr>\n<td>Sextas-Feiras<\/td>\n<td>15h00 \u00e0s 19h00<\/td>\n<\/tr>\n<tr>\n<td>S\u00e1bados<\/td>\n<td>8h00 \u00e0s 10h30<\/td>\n<\/tr>\n<tr>\n<td>Domingos<\/td>\n<td>8h30 \u00e0s 11h00<\/td>\n<\/tr>\n<\/tbody>\n<\/table>\t\t\t\t\t\t\t\t<\/div>\n\t\t\t\t<\/div>\n\t\t\t\t<\/div>\n\t\t\t\t\t<\/details>\n\t\t\t\t\t<\/div>\n\t\t\t\t\t\t<\/div>\n\t\t\t\t<\/div>\n\t\t\t\t\t<\/div>\n\t\t<\/div>\n\t\t\t\t\t<\/div>\n\t\t<\/section>\n\t\t\t\t<\/div>\n\t\t","protected":false},"excerpt":{"rendered":"<p>A Livraria oferece ao p\u00fablico frequentador diversas op\u00e7\u00f5es de livros que abordam temas e autores de obras da Doutrina Esp\u00edrita. Fica no sagu\u00e3o de entrada da Unidade Doutrin\u00e1ria Spartaco Ghilardi. Acesse aqui os hor\u00e1rios de funcionamento Local de Atendimento e Hor\u00e1rios: UNIDADE CAIUBI (Rua Caiubi n\u00ba 1306 &#8211; Perdizes) Hor\u00e1rios Segundas, Ter\u00e7as e Quartas-Feiras 13h30 [&hellip;]<\/p>\n","protected":false},"author":1,"featured_media":0,"parent":0,"menu_order":0,"comment_status":"closed","ping_status":"closed","template":"","meta":{"footnotes":""},"class_list":["post-1070","page","type-page","status-publish","hentry"],"_links":{"self":[{"href":"https:\/\/daudt.com.br\/geb\/wp-json\/wp\/v2\/pages\/1070","targetHints":{"allow":["GET"]}}],"collection":[{"href":"https:\/\/daudt.com.br\/geb\/wp-json\/wp\/v2\/pages"}],"about":[{"href":"https:\/\/daudt.com.br\/geb\/wp-json\/wp\/v2\/types\/page"}],"author":[{"embeddable":true,"href":"https:\/\/daudt.com.br\/geb\/wp-json\/wp\/v2\/users\/1"}],"replies":[{"embeddable":true,"href":"https:\/\/daudt.com.br\/geb\/wp-json\/wp\/v2\/comments?post=1070"}],"version-history":[{"count":10,"href":"https:\/\/daudt.com.br\/geb\/wp-json\/wp\/v2\/pages\/1070\/revisions"}],"predecessor-version":[{"id":1646,"href":"https:\/\/daudt.com.br\/geb\/wp-json\/wp\/v2\/pages\/1070\/revisions\/1646"}],"wp:attachment":[{"href":"https:\/\/daudt.com.br\/geb\/wp-json\/wp\/v2\/media?parent=1070"}],"curies":[{"name":"wp","href":"https:\/\/api.w.org\/{rel}","templated":true}]}}