{"id":1066,"date":"2024-10-16T01:15:43","date_gmt":"2024-10-16T04:15:43","guid":{"rendered":"https:\/\/daudt.com.br\/geb\/?page_id=1066"},"modified":"2025-09-03T19:44:08","modified_gmt":"2025-09-03T22:44:08","slug":"estudo-da-doutrina-espirita","status":"publish","type":"page","link":"https:\/\/daudt.com.br\/geb\/estudo-da-doutrina-espirita\/","title":{"rendered":"Estudo da Doutrina Esp\u00edrita"},"content":{"rendered":"\t\t<div data-elementor-type=\"wp-page\" data-elementor-id=\"1066\" class=\"elementor elementor-1066\">\n\t\t\t\t<div class=\"elementor-element elementor-element-af85315 e-flex e-con-boxed e-con e-parent\" data-id=\"af85315\" data-element_type=\"container\" data-e-type=\"container\">\n\t\t\t\t\t<div class=\"e-con-inner\">\n\t\t\t\t<div class=\"elementor-element elementor-element-f441445 elementor-widget elementor-widget-heading\" data-id=\"f441445\" data-element_type=\"widget\" data-e-type=\"widget\" data-widget_type=\"heading.default\">\n\t\t\t\t<div class=\"elementor-widget-container\">\n\t\t\t\t\t<h2 class=\"elementor-heading-title elementor-size-default\">Palestras<\/h2>\t\t\t\t<\/div>\n\t\t\t\t<\/div>\n\t\t\t\t<div class=\"elementor-element elementor-element-d772231 elementor-widget elementor-widget-text-editor\" data-id=\"d772231\" data-element_type=\"widget\" data-e-type=\"widget\" data-widget_type=\"text-editor.default\">\n\t\t\t\t<div class=\"elementor-widget-container\">\n\t\t\t\t\t\t\t\t\t<p>O GEB mant\u00e9m uma programa\u00e7\u00e3o p\u00fablica de palestras apresentada por volunt\u00e1rios e convidados envolvendo temas que abordam a Doutrina Esp\u00edrita, o Evangelho de Jesus e outros assuntos ligados \u00e0 sa\u00fade espiritual, a fam\u00edlia entre outros.<\/p>\n<p><!-- \/wp:paragraph --><!-- wp:paragraph --><\/p>\n<p><a href=\"https:\/\/daudt.com.br\/geb\/palestras\/\"><strong><em>Veja a programa\u00e7\u00e3o das palestras &gt;&gt;&gt;<\/em><\/strong><\/a><\/p>\n<p><!-- \/wp:paragraph --><!-- wp:heading --><\/p>\t\t\t\t\t\t\t\t<\/div>\n\t\t\t\t<\/div>\n\t\t\t\t<div class=\"elementor-element elementor-element-0380cc4 elementor-widget elementor-widget-heading\" data-id=\"0380cc4\" data-element_type=\"widget\" data-e-type=\"widget\" data-widget_type=\"heading.default\">\n\t\t\t\t<div class=\"elementor-widget-container\">\n\t\t\t\t\t<h2 class=\"elementor-heading-title elementor-size-default\">Curso B\u00e1scio de Espiritismo<\/h2>\t\t\t\t<\/div>\n\t\t\t\t<\/div>\n\t\t\t\t<div class=\"elementor-element elementor-element-05da15a elementor-widget elementor-widget-text-editor\" data-id=\"05da15a\" data-element_type=\"widget\" data-e-type=\"widget\" data-widget_type=\"text-editor.default\">\n\t\t\t\t<div class=\"elementor-widget-container\">\n\t\t\t\t\t\t\t\t\t<p>Curso com dura\u00e7\u00e3o de quarenta semanas, de mar\u00e7o a novembro, que permite uma vis\u00e3o geral dos livros da Codifica\u00e7\u00e3o Esp\u00edrita elaborada por Allan Kardec.<\/p>\n<p><!-- \/wp:paragraph --><!-- wp:paragraph --><\/p>\n<p><strong><em>Como participar &gt;&gt;&gt;<\/em><\/strong><\/p>\n<p><!-- \/wp:paragraph --><!-- wp:heading --><\/p>\t\t\t\t\t\t\t\t<\/div>\n\t\t\t\t<\/div>\n\t\t\t\t<div class=\"elementor-element elementor-element-cfa3819 elementor-widget elementor-widget-heading\" data-id=\"cfa3819\" data-element_type=\"widget\" data-e-type=\"widget\" data-widget_type=\"heading.default\">\n\t\t\t\t<div class=\"elementor-widget-container\">\n\t\t\t\t\t<h2 class=\"elementor-heading-title elementor-size-default\">Grupos de Estudos<\/h2>\t\t\t\t<\/div>\n\t\t\t\t<\/div>\n\t\t\t\t<div class=\"elementor-element elementor-element-75f1857 elementor-widget elementor-widget-text-editor\" data-id=\"75f1857\" data-element_type=\"widget\" data-e-type=\"widget\" data-widget_type=\"text-editor.default\">\n\t\t\t\t<div class=\"elementor-widget-container\">\n\t\t\t\t\t\t\t\t\t<p>O GEB promove o estudo sequencial de livros da codifica\u00e7\u00e3o e da literatura da Doutrina Esp\u00edrita, tais como: O Evangelho segundo o Espiritismo, A G\u00eanese, O Livro dos Esp\u00edritos, e ainda obras de Andr\u00e9 Luiz e Emmanuel.<\/p>\n<p><!-- \/wp:paragraph --><!-- wp:paragraph --><\/p>\n<p><a href=\"https:\/\/daudt.com.br\/geb\/grupos-de-estudos\/\"><strong><em>Veja como participar &gt;&gt;&gt;<\/em><\/strong><\/a><\/p>\n<p><!-- \/wp:paragraph --><!-- wp:heading --><\/p>\t\t\t\t\t\t\t\t<\/div>\n\t\t\t\t<\/div>\n\t\t\t\t<div class=\"elementor-element elementor-element-991e704 elementor-widget elementor-widget-heading\" data-id=\"991e704\" data-element_type=\"widget\" data-e-type=\"widget\" data-widget_type=\"heading.default\">\n\t\t\t\t<div class=\"elementor-widget-container\">\n\t\t\t\t\t<h2 class=\"elementor-heading-title elementor-size-default\">COEEM<\/h2>\t\t\t\t<\/div>\n\t\t\t\t<\/div>\n\t\t\t\t<div class=\"elementor-element elementor-element-b297cab elementor-widget elementor-widget-text-editor\" data-id=\"b297cab\" data-element_type=\"widget\" data-e-type=\"widget\" data-widget_type=\"text-editor.default\">\n\t\t\t\t<div class=\"elementor-widget-container\">\n\t\t\t\t\t\t\t\t\t<p>O Centro de Orienta\u00e7\u00e3o, Estudos e Educa\u00e7\u00e3o Medi\u00fanica &#8211; COEEM &#8211; proporciona conhecimento te\u00f3rico-pr\u00e1tico amplo da Mediunidade \u00e0 luz da Doutrina Esp\u00edrita.<\/p>\n<p><!-- \/wp:paragraph --><!-- wp:paragraph --><\/p>\n<p><strong><em>Como participar &gt;&gt;&gt;<\/em><\/strong><\/p>\n<p><!-- \/wp:paragraph --><!-- wp:heading --><\/p>\t\t\t\t\t\t\t\t<\/div>\n\t\t\t\t<\/div>\n\t\t\t\t<div class=\"elementor-element elementor-element-6f76f28 elementor-widget elementor-widget-heading\" data-id=\"6f76f28\" data-element_type=\"widget\" data-e-type=\"widget\" data-widget_type=\"heading.default\">\n\t\t\t\t<div class=\"elementor-widget-container\">\n\t\t\t\t\t<h2 class=\"elementor-heading-title elementor-size-default\">EEIJ<\/h2>\t\t\t\t<\/div>\n\t\t\t\t<\/div>\n\t\t\t\t<div class=\"elementor-element elementor-element-72d0ab5 elementor-widget elementor-widget-text-editor\" data-id=\"72d0ab5\" data-element_type=\"widget\" data-e-type=\"widget\" data-widget_type=\"text-editor.default\">\n\t\t\t\t<div class=\"elementor-widget-container\">\n\t\t\t\t\t\t\t\t\t<p>Educa\u00e7\u00e3o Esp\u00edrita Infanto-Juvenil proporciona aos educandos uma perspectiva filos\u00f3fica de amplitude espiritual, aproximando-os do Evangelho e abrindo caminho para a evolu\u00e7\u00e3o.<\/p>\n<p><!-- \/wp:paragraph --><!-- wp:paragraph --><\/p>\n<p><a href=\"https:\/\/daudt.com.br\/geb\/educacao-espirita-infantojuvenil\/\"><strong><em>Saiba mais &gt;&gt;&gt;<\/em><\/strong><\/a><\/p>\n<p><!-- \/wp:paragraph --><!-- wp:heading --><\/p>\t\t\t\t\t\t\t\t<\/div>\n\t\t\t\t<\/div>\n\t\t\t\t<div class=\"elementor-element elementor-element-29e2646 elementor-widget elementor-widget-heading\" data-id=\"29e2646\" data-element_type=\"widget\" data-e-type=\"widget\" data-widget_type=\"heading.default\">\n\t\t\t\t<div class=\"elementor-widget-container\">\n\t\t\t\t\t<h2 class=\"elementor-heading-title elementor-size-default\">Mocidade<\/h2>\t\t\t\t<\/div>\n\t\t\t\t<\/div>\n\t\t\t\t<div class=\"elementor-element elementor-element-8b4949a elementor-widget elementor-widget-text-editor\" data-id=\"8b4949a\" data-element_type=\"widget\" data-e-type=\"widget\" data-widget_type=\"text-editor.default\">\n\t\t\t\t<div class=\"elementor-widget-container\">\n\t\t\t\t\t\t\t\t\t<p>Reuni\u00f5es semanais para jovens, a partir dos 17 (dezessete) anos, para estudo de temas da Doutrina Esp\u00edrita e do Evangelho de Jesus, al\u00e9m de temas atuais de interesse desta faixa et\u00e1ria.<\/p>\n<p><!-- \/wp:paragraph --><!-- wp:paragraph --><\/p>\n<p><strong><em>Como participar &gt;&gt;&gt;<\/em><\/strong><\/p>\t\t\t\t\t\t\t\t<\/div>\n\t\t\t\t<\/div>\n\t\t\t\t<div class=\"elementor-element elementor-element-bf85e23 elementor-widget elementor-widget-heading\" data-id=\"bf85e23\" data-element_type=\"widget\" data-e-type=\"widget\" data-widget_type=\"heading.default\">\n\t\t\t\t<div class=\"elementor-widget-container\">\n\t\t\t\t\t<h2 class=\"elementor-heading-title elementor-size-default\">Grupo de Pais<\/h2>\t\t\t\t<\/div>\n\t\t\t\t<\/div>\n\t\t\t\t<div class=\"elementor-element elementor-element-5cb24cd elementor-widget elementor-widget-text-editor\" data-id=\"5cb24cd\" data-element_type=\"widget\" data-e-type=\"widget\" data-widget_type=\"text-editor.default\">\n\t\t\t\t<div class=\"elementor-widget-container\">\n\t\t\t\t\t\t\t\t\t<p>Sensibilizando os pais para o seu papel de educadores.<\/p>\t\t\t\t\t\t\t\t<\/div>\n\t\t\t\t<\/div>\n\t\t\t\t\t<\/div>\n\t\t\t\t<\/div>\n\t\t\t\t<\/div>\n\t\t","protected":false},"excerpt":{"rendered":"<p>Palestras O GEB mant\u00e9m uma programa\u00e7\u00e3o p\u00fablica de palestras apresentada por volunt\u00e1rios e convidados envolvendo temas que abordam a Doutrina Esp\u00edrita, o Evangelho de Jesus e outros assuntos ligados \u00e0 sa\u00fade espiritual, a fam\u00edlia entre outros. Veja a programa\u00e7\u00e3o das palestras &gt;&gt;&gt; Curso B\u00e1scio de Espiritismo Curso com dura\u00e7\u00e3o de quarenta semanas, de mar\u00e7o a [&hellip;]<\/p>\n","protected":false},"author":1,"featured_media":0,"parent":0,"menu_order":0,"comment_status":"closed","ping_status":"closed","template":"","meta":{"footnotes":""},"class_list":["post-1066","page","type-page","status-publish","hentry"],"_links":{"self":[{"href":"https:\/\/daudt.com.br\/geb\/wp-json\/wp\/v2\/pages\/1066","targetHints":{"allow":["GET"]}}],"collection":[{"href":"https:\/\/daudt.com.br\/geb\/wp-json\/wp\/v2\/pages"}],"about":[{"href":"https:\/\/daudt.com.br\/geb\/wp-json\/wp\/v2\/types\/page"}],"author":[{"embeddable":true,"href":"https:\/\/daudt.com.br\/geb\/wp-json\/wp\/v2\/users\/1"}],"replies":[{"embeddable":true,"href":"https:\/\/daudt.com.br\/geb\/wp-json\/wp\/v2\/comments?post=1066"}],"version-history":[{"count":13,"href":"https:\/\/daudt.com.br\/geb\/wp-json\/wp\/v2\/pages\/1066\/revisions"}],"predecessor-version":[{"id":2284,"href":"https:\/\/daudt.com.br\/geb\/wp-json\/wp\/v2\/pages\/1066\/revisions\/2284"}],"wp:attachment":[{"href":"https:\/\/daudt.com.br\/geb\/wp-json\/wp\/v2\/media?parent=1066"}],"curies":[{"name":"wp","href":"https:\/\/api.w.org\/{rel}","templated":true}]}}