{"id":1059,"date":"2024-10-16T01:09:41","date_gmt":"2024-10-16T04:09:41","guid":{"rendered":"https:\/\/daudt.com.br\/geb\/?page_id=1059"},"modified":"2024-10-16T18:24:12","modified_gmt":"2024-10-16T21:24:12","slug":"tratamento-e-atendimento-espiritual","status":"publish","type":"page","link":"https:\/\/daudt.com.br\/geb\/tratamento-e-atendimento-espiritual\/","title":{"rendered":"Tratamento e Atendimento Espiritual"},"content":{"rendered":"\t\t<div data-elementor-type=\"wp-page\" data-elementor-id=\"1059\" class=\"elementor elementor-1059\">\n\t\t\t\t<div class=\"elementor-element elementor-element-c1b8951 e-flex e-con-boxed e-con e-parent\" data-id=\"c1b8951\" data-element_type=\"container\" data-e-type=\"container\">\n\t\t\t\t\t<div class=\"e-con-inner\">\n\t\t\t\t<div class=\"elementor-element elementor-element-2924d8a elementor-widget elementor-widget-heading\" data-id=\"2924d8a\" data-element_type=\"widget\" data-e-type=\"widget\" data-widget_type=\"heading.default\">\n\t\t\t\t<div class=\"elementor-widget-container\">\n\t\t\t\t\t<h3 class=\"elementor-heading-title elementor-size-default\">Orienta\u00e7\u00e3o Fraterna<\/h3>\t\t\t\t<\/div>\n\t\t\t\t<\/div>\n\t\t\t\t<div class=\"elementor-element elementor-element-4fe6174 elementor-widget elementor-widget-text-editor\" data-id=\"4fe6174\" data-element_type=\"widget\" data-e-type=\"widget\" data-widget_type=\"text-editor.default\">\n\t\t\t\t<div class=\"elementor-widget-container\">\n\t\t\t\t\t\t\t\t\t<p>Volunt\u00e1rios, sob a luz da Doutrina Esp\u00edrita, acolhem, orientam e consolam pessoas com dificuldades espirituais ou prova\u00e7\u00f5es existenciais, auxiliando-as a utilizar suas pr\u00f3prias for\u00e7as para encontrar o caminho da luz.<\/p>\n<p><!-- \/wp:paragraph --><!-- wp:paragraph --><\/p>\t\t\t\t\t\t\t\t<\/div>\n\t\t\t\t<\/div>\n\t\t\t\t<div class=\"elementor-element elementor-element-8620627 elementor-widget elementor-widget-n-accordion\" data-id=\"8620627\" data-element_type=\"widget\" data-e-type=\"widget\" data-settings=\"{&quot;default_state&quot;:&quot;all_collapsed&quot;,&quot;max_items_expended&quot;:&quot;one&quot;,&quot;n_accordion_animation_duration&quot;:{&quot;unit&quot;:&quot;ms&quot;,&quot;size&quot;:400,&quot;sizes&quot;:[]}}\" data-widget_type=\"nested-accordion.default\">\n\t\t\t\t<div class=\"elementor-widget-container\">\n\t\t\t\t\t\t\t<div class=\"e-n-accordion\" aria-label=\"Accordion. Open links with Enter or Space, close with Escape, and navigate with Arrow Keys\">\n\t\t\t\t\t\t<details id=\"e-n-accordion-item-1400\" class=\"e-n-accordion-item\" >\n\t\t\t\t<summary class=\"e-n-accordion-item-title\" data-accordion-index=\"1\" tabindex=\"0\" aria-expanded=\"false\" aria-controls=\"e-n-accordion-item-1400\" >\n\t\t\t\t\t<span class='e-n-accordion-item-title-header'><div class=\"e-n-accordion-item-title-text\"> Clique aqui para ver os hor\u00e1rios <\/div><\/span>\n\t\t\t\t\t\t\t<span class='e-n-accordion-item-title-icon'>\n\t\t\t<span class='e-opened' ><i aria-hidden=\"true\" class=\"fas fa-minus\"><\/i><\/span>\n\t\t\t<span class='e-closed'><i aria-hidden=\"true\" class=\"fas fa-plus\"><\/i><\/span>\n\t\t<\/span>\n\n\t\t\t\t\t\t<\/summary>\n\t\t\t\t<div role=\"region\" aria-labelledby=\"e-n-accordion-item-1400\" class=\"elementor-element elementor-element-3568d79 e-con-full e-flex e-con e-child\" data-id=\"3568d79\" data-element_type=\"container\" data-e-type=\"container\">\n\t\t\t\t<div class=\"elementor-element elementor-element-4f5a1c6 elementor-widget elementor-widget-heading\" data-id=\"4f5a1c6\" data-element_type=\"widget\" data-e-type=\"widget\" data-widget_type=\"heading.default\">\n\t\t\t\t<div class=\"elementor-widget-container\">\n\t\t\t\t\t<h4 class=\"elementor-heading-title elementor-size-default\">Atendimento da Orienta\u00e7\u00e3o Fraterna<\/h4>\t\t\t\t<\/div>\n\t\t\t\t<\/div>\n\t\t\t\t<div class=\"elementor-element elementor-element-9b595ca elementor-widget elementor-widget-text-editor\" data-id=\"9b595ca\" data-element_type=\"widget\" data-e-type=\"widget\" data-widget_type=\"text-editor.default\">\n\t\t\t\t<div class=\"elementor-widget-container\">\n\t\t\t\t\t\t\t\t\t<p><strong>Unidade Doutrin\u00e1ria Spartaco Ghilardi &#8211; Rua Caiubi n\u00ba 1306 &#8211; Perdizes<\/strong><\/p>\n<table class=\"grid listing\">\n<tbody>\n<tr><th>Dias\/Hor\u00e1rios<\/th><th>   Agendamento<\/th><th>Atendimento <\/th><\/tr>\n<tr>\n<td>Segundas, Quartas e Sextas-Feiras<\/td>\n<td> Das 14h30 \u00e0s 15h<\/td>\n<td><span style=\"text-align: left; \">Das 15h \u00e0s 17h<\/span><\/td>\n<\/tr>\n<tr>\n<td>Ter\u00e7as-Feiras<\/td>\n<td> Das 16h30 \u00e0s 17h<\/td>\n<td><span style=\"text-align: left; \">Das 17h \u00e0s 19h<\/span><\/td>\n<\/tr>\n<tr>\n<td>Quintas-Feiras<\/td>\n<td> Das 17h30 \u00e0s 18h<\/td>\n<td>Das 18h \u00e0s 19h30<\/td>\n<\/tr>\n<\/tbody>\n<\/table>\t\t\t\t\t\t\t\t<\/div>\n\t\t\t\t<\/div>\n\t\t\t\t<\/div>\n\t\t\t\t\t<\/details>\n\t\t\t\t\t<\/div>\n\t\t\t\t\t\t<\/div>\n\t\t\t\t<\/div>\n\t\t\t\t<div class=\"elementor-element elementor-element-4d952c5 elementor-widget elementor-widget-heading\" data-id=\"4d952c5\" data-element_type=\"widget\" data-e-type=\"widget\" data-widget_type=\"heading.default\">\n\t\t\t\t<div class=\"elementor-widget-container\">\n\t\t\t\t\t<h3 class=\"elementor-heading-title elementor-size-default\">Fluidoterapia<\/h3>\t\t\t\t<\/div>\n\t\t\t\t<\/div>\n\t\t\t\t<div class=\"elementor-element elementor-element-b2fded6 elementor-widget elementor-widget-text-editor\" data-id=\"b2fded6\" data-element_type=\"widget\" data-e-type=\"widget\" data-widget_type=\"text-editor.default\">\n\t\t\t\t<div class=\"elementor-widget-container\">\n\t\t\t\t\t\t\t\t\t<p>A atividade de Fluidoterapia proporciona ao frequentador al\u00edvio f\u00edsico e espiritual, por meio de mini palestras com temas doutrin\u00e1rios e evang\u00e9licos, passe e oferta da \u00e1gua fluidificada. Visa promover o reconforto f\u00edsico, ps\u00edquico, perispiritual e espiritual.<\/p>\n<p><!-- \/wp:paragraph --><!-- wp:paragraph --><\/p>\t\t\t\t\t\t\t\t<\/div>\n\t\t\t\t<\/div>\n\t\t\t\t<div class=\"elementor-element elementor-element-4a708a9 elementor-widget elementor-widget-n-accordion\" data-id=\"4a708a9\" data-element_type=\"widget\" data-e-type=\"widget\" data-settings=\"{&quot;default_state&quot;:&quot;all_collapsed&quot;,&quot;max_items_expended&quot;:&quot;one&quot;,&quot;n_accordion_animation_duration&quot;:{&quot;unit&quot;:&quot;ms&quot;,&quot;size&quot;:400,&quot;sizes&quot;:[]}}\" data-widget_type=\"nested-accordion.default\">\n\t\t\t\t<div class=\"elementor-widget-container\">\n\t\t\t\t\t\t\t<div class=\"e-n-accordion\" aria-label=\"Accordion. Open links with Enter or Space, close with Escape, and navigate with Arrow Keys\">\n\t\t\t\t\t\t<details id=\"e-n-accordion-item-7800\" class=\"e-n-accordion-item\" >\n\t\t\t\t<summary class=\"e-n-accordion-item-title\" data-accordion-index=\"1\" tabindex=\"0\" aria-expanded=\"false\" aria-controls=\"e-n-accordion-item-7800\" >\n\t\t\t\t\t<span class='e-n-accordion-item-title-header'><div class=\"e-n-accordion-item-title-text\"> Clique aqui para ver os hor\u00e1rios <\/div><\/span>\n\t\t\t\t\t\t\t<span class='e-n-accordion-item-title-icon'>\n\t\t\t<span class='e-opened' ><i aria-hidden=\"true\" class=\"fas fa-minus\"><\/i><\/span>\n\t\t\t<span class='e-closed'><i aria-hidden=\"true\" class=\"fas fa-plus\"><\/i><\/span>\n\t\t<\/span>\n\n\t\t\t\t\t\t<\/summary>\n\t\t\t\t<div role=\"region\" aria-labelledby=\"e-n-accordion-item-7800\" class=\"elementor-element elementor-element-0edcbdd e-con-full e-flex e-con e-child\" data-id=\"0edcbdd\" data-element_type=\"container\" data-e-type=\"container\">\n\t\t\t\t<div class=\"elementor-element elementor-element-10f3f30 elementor-widget elementor-widget-heading\" data-id=\"10f3f30\" data-element_type=\"widget\" data-e-type=\"widget\" data-widget_type=\"heading.default\">\n\t\t\t\t<div class=\"elementor-widget-container\">\n\t\t\t\t\t<h4 class=\"elementor-heading-title elementor-size-default\">Hor\u00e1rio das reuni\u00f5es de Fluidoterapia (abertas ao p\u00fablico):<\/h4>\t\t\t\t<\/div>\n\t\t\t\t<\/div>\n\t\t\t\t<div class=\"elementor-element elementor-element-1ac6f71 elementor-widget elementor-widget-text-editor\" data-id=\"1ac6f71\" data-element_type=\"widget\" data-e-type=\"widget\" data-widget_type=\"text-editor.default\">\n\t\t\t\t<div class=\"elementor-widget-container\">\n\t\t\t\t\t\t\t\t\t<table class=\"grid listing\">\n<tbody>\n<tr>\n<th>UNIDADE CAIUBI (Rua Caiubi n\u00ba 1306\/Perdizes)<\/th><th>Hor\u00e1rio<\/th>\n<\/tr>\n<tr>\n<td>Segundas, Quartas e Quintas-Feiras<\/td>\n<td>Das 18h00 \u00e0s 19h00.<\/td>\n<\/tr>\n<\/tbody>\n<\/table>\n<table class=\"grid listing\">\n<tbody>\n<tr>\n<th>UNIDADE BRASIL\u00c2NDIA (Rua Jorge Pires Ramalho n\u00ba 70 \u2013 Vila Brasil\u00e2ndia)<\/th><th>Hor\u00e1rio<\/th>\n<\/tr>\n<tr>\n<td>S\u00e1bados<\/td>\n<td>Das 16h00 \u00e0s 17h00<\/td>\n<\/tr>\n<\/tbody>\n<\/table>\t\t\t\t\t\t\t\t<\/div>\n\t\t\t\t<\/div>\n\t\t\t\t<\/div>\n\t\t\t\t\t<\/details>\n\t\t\t\t\t<\/div>\n\t\t\t\t\t\t<\/div>\n\t\t\t\t<\/div>\n\t\t\t\t<div class=\"elementor-element elementor-element-5c656f4 elementor-widget elementor-widget-heading\" data-id=\"5c656f4\" data-element_type=\"widget\" data-e-type=\"widget\" data-widget_type=\"heading.default\">\n\t\t\t\t<div class=\"elementor-widget-container\">\n\t\t\t\t\t<h3 class=\"elementor-heading-title elementor-size-default\">Passes<\/h3>\t\t\t\t<\/div>\n\t\t\t\t<\/div>\n\t\t\t\t<div class=\"elementor-element elementor-element-750d413 elementor-widget elementor-widget-text-editor\" data-id=\"750d413\" data-element_type=\"widget\" data-e-type=\"widget\" data-widget_type=\"text-editor.default\">\n\t\t\t\t<div class=\"elementor-widget-container\">\n\t\t\t\t\t\t\t\t\t<p>O servi\u00e7o de passe magn\u00e9tico busca reequilibrar os lados emocional e espiritual das pessoas atrav\u00e9s da renova\u00e7\u00e3o de energias. \u00c9 realizado pelos m\u00e9diuns volunt\u00e1rios em um ambiente privado.<\/p>\n<p><!-- \/wp:paragraph --><!-- wp:paragraph --><\/p>\t\t\t\t\t\t\t\t<\/div>\n\t\t\t\t<\/div>\n\t\t\t\t<div class=\"elementor-element elementor-element-acb8b3b elementor-widget elementor-widget-n-accordion\" data-id=\"acb8b3b\" data-element_type=\"widget\" data-e-type=\"widget\" data-settings=\"{&quot;default_state&quot;:&quot;all_collapsed&quot;,&quot;max_items_expended&quot;:&quot;one&quot;,&quot;n_accordion_animation_duration&quot;:{&quot;unit&quot;:&quot;ms&quot;,&quot;size&quot;:400,&quot;sizes&quot;:[]}}\" data-widget_type=\"nested-accordion.default\">\n\t\t\t\t<div class=\"elementor-widget-container\">\n\t\t\t\t\t\t\t<div class=\"e-n-accordion\" aria-label=\"Accordion. Open links with Enter or Space, close with Escape, and navigate with Arrow Keys\">\n\t\t\t\t\t\t<details id=\"e-n-accordion-item-1810\" class=\"e-n-accordion-item\" >\n\t\t\t\t<summary class=\"e-n-accordion-item-title\" data-accordion-index=\"1\" tabindex=\"0\" aria-expanded=\"false\" aria-controls=\"e-n-accordion-item-1810\" >\n\t\t\t\t\t<span class='e-n-accordion-item-title-header'><div class=\"e-n-accordion-item-title-text\"> Clique aqui para ver os hor\u00e1rios <\/div><\/span>\n\t\t\t\t\t\t\t<span class='e-n-accordion-item-title-icon'>\n\t\t\t<span class='e-opened' ><i aria-hidden=\"true\" class=\"fas fa-minus\"><\/i><\/span>\n\t\t\t<span class='e-closed'><i aria-hidden=\"true\" class=\"fas fa-plus\"><\/i><\/span>\n\t\t<\/span>\n\n\t\t\t\t\t\t<\/summary>\n\t\t\t\t<div role=\"region\" aria-labelledby=\"e-n-accordion-item-1810\" class=\"elementor-element elementor-element-831856f e-con-full e-flex e-con e-child\" data-id=\"831856f\" data-element_type=\"container\" data-e-type=\"container\">\n\t\t\t\t<div class=\"elementor-element elementor-element-2ec3775 elementor-widget elementor-widget-heading\" data-id=\"2ec3775\" data-element_type=\"widget\" data-e-type=\"widget\" data-widget_type=\"heading.default\">\n\t\t\t\t<div class=\"elementor-widget-container\">\n\t\t\t\t\t<h4 class=\"elementor-heading-title elementor-size-default\">Hor\u00e1rios de Passes - Atividade Aberta ao P\u00fablico<\/h4>\t\t\t\t<\/div>\n\t\t\t\t<\/div>\n\t\t\t\t<div class=\"elementor-element elementor-element-ef12b91 elementor-widget elementor-widget-text-editor\" data-id=\"ef12b91\" data-element_type=\"widget\" data-e-type=\"widget\" data-widget_type=\"text-editor.default\">\n\t\t\t\t<div class=\"elementor-widget-container\">\n\t\t\t\t\t\t\t\t\t<table class=\"grid listing\">\n<tbody>\n<tr><th>Unidade Caiubi (Rua Caiubi n\u00ba 1306\/Perdizes)<\/th><th>Hor\u00e1rio<\/th><\/tr>\n<tr>\n<td>Segunda a Quinta-feira<\/td>\n<td>Das 16h00 \u00e0s 19h45<\/td>\n<\/tr>\n<tr>\n<td>Sexta-feira<\/td>\n<td>Das 15h00 \u00e0s 19h00<\/td>\n<\/tr>\n<tr>\n<td>Domingo<\/td>\n<td>Das 9h00 \u00e0s 9h50<\/td>\n<\/tr>\n<\/tbody>\n<\/table>\n<table class=\"grid listing\">\n<tbody>\n<tr><th>Unidade Brasil\u00e2ndia (Rua Jorge Pires Ramalho n\u00ba 70 \u2013 Vila Brasil\u00e2ndia)<\/th><th>Hor\u00e1rio<\/th><\/tr>\n<tr>\n<td>S\u00e1bado<\/td>\n<td>Das 11h00 \u00e0s 12h00<\/td>\n<\/tr>\n<tr>\n<td>Domingo<\/td>\n<td>Das 8h30 \u00e0s 9h25<\/td>\n<\/tr>\n<\/tbody>\n<\/table>\t\t\t\t\t\t\t\t<\/div>\n\t\t\t\t<\/div>\n\t\t\t\t<\/div>\n\t\t\t\t\t<\/details>\n\t\t\t\t\t<\/div>\n\t\t\t\t\t\t<\/div>\n\t\t\t\t<\/div>\n\t\t\t\t<div class=\"elementor-element elementor-element-8af0814 elementor-widget elementor-widget-heading\" data-id=\"8af0814\" data-element_type=\"widget\" data-e-type=\"widget\" data-widget_type=\"heading.default\">\n\t\t\t\t<div class=\"elementor-widget-container\">\n\t\t\t\t\t<h3 class=\"elementor-heading-title elementor-size-default\">Samaritanos<\/h3>\t\t\t\t<\/div>\n\t\t\t\t<\/div>\n\t\t\t\t<div class=\"elementor-element elementor-element-5887cb4 elementor-widget elementor-widget-text-editor\" data-id=\"5887cb4\" data-element_type=\"widget\" data-e-type=\"widget\" data-widget_type=\"text-editor.default\">\n\t\t\t\t<div class=\"elementor-widget-container\">\n\t\t\t\t\t\t\t\t\t<p>Grupo de volunt\u00e1rios que promove prece individual com o objetivo de reequilibrar os lados emocional e espiritual das pessoas que est\u00e3o impossibilitadas de frequentar o Centro Esp\u00edrita, seja por doen\u00e7a ou idade avan\u00e7ada.<\/p>\t\t\t\t\t\t\t\t<\/div>\n\t\t\t\t<\/div>\n\t\t\t\t\t<\/div>\n\t\t\t\t<\/div>\n\t\t\t\t<\/div>\n\t\t","protected":false},"excerpt":{"rendered":"<p>Orienta\u00e7\u00e3o Fraterna Volunt\u00e1rios, sob a luz da Doutrina Esp\u00edrita, acolhem, orientam e consolam pessoas com dificuldades espirituais ou prova\u00e7\u00f5es existenciais, auxiliando-as a utilizar suas pr\u00f3prias for\u00e7as para encontrar o caminho da luz. Clique aqui para ver os hor\u00e1rios Atendimento da Orienta\u00e7\u00e3o Fraterna Unidade Doutrin\u00e1ria Spartaco Ghilardi &#8211; Rua Caiubi n\u00ba 1306 &#8211; Perdizes Dias\/Hor\u00e1rios Agendamento [&hellip;]<\/p>\n","protected":false},"author":1,"featured_media":0,"parent":0,"menu_order":0,"comment_status":"closed","ping_status":"closed","template":"","meta":{"footnotes":""},"class_list":["post-1059","page","type-page","status-publish","hentry"],"_links":{"self":[{"href":"https:\/\/daudt.com.br\/geb\/wp-json\/wp\/v2\/pages\/1059","targetHints":{"allow":["GET"]}}],"collection":[{"href":"https:\/\/daudt.com.br\/geb\/wp-json\/wp\/v2\/pages"}],"about":[{"href":"https:\/\/daudt.com.br\/geb\/wp-json\/wp\/v2\/types\/page"}],"author":[{"embeddable":true,"href":"https:\/\/daudt.com.br\/geb\/wp-json\/wp\/v2\/users\/1"}],"replies":[{"embeddable":true,"href":"https:\/\/daudt.com.br\/geb\/wp-json\/wp\/v2\/comments?post=1059"}],"version-history":[{"count":10,"href":"https:\/\/daudt.com.br\/geb\/wp-json\/wp\/v2\/pages\/1059\/revisions"}],"predecessor-version":[{"id":1634,"href":"https:\/\/daudt.com.br\/geb\/wp-json\/wp\/v2\/pages\/1059\/revisions\/1634"}],"wp:attachment":[{"href":"https:\/\/daudt.com.br\/geb\/wp-json\/wp\/v2\/media?parent=1059"}],"curies":[{"name":"wp","href":"https:\/\/api.w.org\/{rel}","templated":true}]}}